{"id":10949,"date":"2025-08-01T03:17:13","date_gmt":"2025-08-01T03:17:13","guid":{"rendered":"https:\/\/sinoextrud.com\/product\/aluminum-vapor-chamber-heat-sink-for-electronics\/"},"modified":"2025-08-01T03:17:13","modified_gmt":"2025-08-01T03:17:13","slug":"alumiini-hoyrykammion-jaahdytyselementti-elektroniikkaan","status":"publish","type":"product","link":"https:\/\/sinoextrud.com\/fi\/product\/aluminum-vapor-chamber-heat-sink-for-electronics\/","title":{"rendered":"Alumiini h\u00f6yrykammion j\u00e4\u00e4hdytyselementti elektroniikkaan"},"content":{"rendered":"<h2>Tuotteiden tiedot<\/h2>\n<div class=\"product-table\">\n<div class=\"row\">\n<div class=\"cell label\">CNC-ty\u00f6st\u00f6 vai ei<\/div>\n<div class=\"cell value\">Cnc-ty\u00f6st\u00f6<\/div>\n<\/div>\n<div class=\"row\">\n<div class=\"cell label\">Materiaalivalmiudet<\/div>\n<div class=\"cell value\">Alumiini, messinki, pronssi, kupari, karkaistut metallit, jalometallit, ruostumaton ter\u00e4s, ter\u00e4ssulatot, titaani CNC<\/div>\n<\/div>\n<div class=\"row\">\n<div class=\"cell label\">Tyyppi<\/div>\n<div class=\"cell value\">Jyrsint\u00e4, Laserty\u00f6st\u00f6, Laserty\u00f6st\u00f6, Jyrsint\u00e4, Poraaminen, Sy\u00f6vytys \/ kemiallinen ty\u00f6st\u00f6, Muut ty\u00f6st\u00f6palvelut, Sorvaus, Langankorjaus, Nopea prototyyppien rakentaminen, Puristus<\/div>\n<\/div>\n<div class=\"row\">\n<div class=\"cell label\">Mikrokoneistus vai ei<\/div>\n<div class=\"cell value\">Mikrokoneistus<\/div>\n<\/div>\n<div class=\"row\">\n<div class=\"cell label\">Tuotteen nimi<\/div>\n<div class=\"cell value\">J\u00e4\u00e4hdytyslevyn ty\u00f6st\u00f6<\/div>\n<\/div>\n<div class=\"row\">\n<div class=\"cell label\">Suvaitsevaisuus<\/div>\n<div class=\"cell value\">0.002mm<\/div>\n<\/div>\n<div class=\"row\">\n<div class=\"cell label\">OEM\/ODM<\/div>\n<div class=\"cell value\">Accepptable<\/div>\n<\/div>\n<div class=\"row\">\n<div class=\"cell label\">Prosessi<\/div>\n<div class=\"cell value\">CNC-ty\u00f6st\u00f6 + purseenpoisto<\/div>\n<\/div>\n<div class=\"row\">\n<div class=\"cell label\">Piirustusmuoto<\/div>\n<div class=\"cell value\">DWG, STP<\/div>\n<\/div>\n<div class=\"row\">\n<div class=\"cell label\">Logo<\/div>\n<div class=\"cell value\">Asiakkaan logo<\/div>\n<\/div>\n<div class=\"row\">\n<div class=\"cell label\">Pintak\u00e4sittely<\/div>\n<div class=\"cell value\">Pyynn\u00f6n mukaan<\/div>\n<\/div>\n<div class=\"row\">\n<div class=\"cell label\">Pakkaus<\/div>\n<div class=\"cell value\">Poly Bag + Inner Box + Carton<\/div>\n<\/div>\n<div class=\"row\">\n<div class=\"cell label\">Sertifiointi<\/div>\n<div class=\"cell value\">ISO9001:2018\/ROSH<\/div>\n<\/div>\n<div class=\"row\">\n<div class=\"cell label\">MOQ<\/div>\n<div class=\"cell value\">1PCS<\/div>\n<\/div>\n<div class=\"row\">\n<div class=\"cell label\">Myyntiyksik\u00f6t<\/div>\n<div class=\"cell value\">Yksitt\u00e4inen tuote<\/div>\n<\/div>\n<div class=\"row\">\n<div class=\"cell label\">Yhden pakkauksen koko<\/div>\n<div class=\"cell value\">35X25X25 cm<\/div>\n<\/div>\n<div class=\"row\">\n<div class=\"cell label\">Yksitt\u00e4inen bruttopaino<\/div>\n<div class=\"cell value\">1.000 KG<\/div>\n<\/div>\n<\/div>\n<p><\/p>\n<h2>Tuotantopohjamme<\/h2>\n<h3>Tehtaan panoraama<\/h3>\n<p><img decoding=\"async\" src=\"\/wp-content\/uploads\/factory-01.webp\"\/><\/p>\n<h3>Alumiini Bar Manufacturing Workshop<\/h3>\n<p><img decoding=\"async\" src=\"\/wp-content\/uploads\/factory-02.webp\"\/><\/p>\n<p><img decoding=\"async\" src=\"\/wp-content\/uploads\/factory-03.webp\"\/><\/p>\n<h3>Muotin varastointi Varasto<\/h3>\n<p><img decoding=\"async\" src=\"\/wp-content\/uploads\/factory-04.webp\"\/><\/p>\n<h3>43 alumiinin ekstruusiolinjat (500-5500 tonnia)<\/h3>\n<p><img decoding=\"async\" src=\"\/wp-content\/uploads\/factory-05.webp\"\/><\/p>\n<p><img decoding=\"async\" src=\"\/wp-content\/uploads\/factory-06.webp\"\/><\/p>\n<p><img decoding=\"async\" src=\"\/wp-content\/uploads\/factory-07.webp\"\/><\/p>\n<h3>Jauhemaalaus ty\u00f6paja<\/h3>\n<p><img decoding=\"async\" src=\"\/wp-content\/uploads\/factory-09.webp\"\/><\/p>\n<h3>Anodisointi ty\u00f6paja<\/h3>\n<p><img decoding=\"async\" src=\"\/wp-content\/uploads\/factory-10.webp\"\/><\/p>\n<h3>Syv\u00e4k\u00e4sittelyn ty\u00f6paja<\/h3>\n<p><img decoding=\"async\" src=\"\/wp-content\/uploads\/factory-11.webp\"\/><\/p>\n<h3>CNC-tarkkuuskoneistus ty\u00f6paja<\/h3>\n<p><img decoding=\"async\" src=\"\/wp-content\/uploads\/factory-11.5.webp\"\/><\/p>\n<h3>Valmiiden tuotteiden ja vientivarasto<\/h3>\n<p><img decoding=\"async\" src=\"\/wp-content\/uploads\/factory-12.webp\"\/><\/p>\n<p><img decoding=\"async\" src=\"\/wp-content\/uploads\/factory-13.webp\"\/><\/p>\n<p><img decoding=\"async\" src=\"\/wp-content\/uploads\/factory-14.webp\"\/><\/p>\n<h2>FAQ<\/h2>\n<p><strong>1. Mit\u00e4 materiaaleja k\u00e4ytet\u00e4\u00e4n alumiinisessa h\u00f6yrykammiol\u00e4mm\u00f6nsiirtimess\u00e4?<\/strong><br \/>J\u00e4\u00e4hdytyselementti on valmistettu korkealaatuisesta alumiinista optimaalisen l\u00e4mm\u00f6nsiirron varmistamiseksi.<\/p>\n<p><strong>2. Voidaanko alumiininen h\u00f6yrykammion j\u00e4\u00e4hdytyselementti r\u00e4\u00e4t\u00e4l\u00f6id\u00e4 tiettyj\u00e4 sovelluksia varten?<\/strong><br \/>Kyll\u00e4, se voidaan r\u00e4\u00e4t\u00e4l\u00f6id\u00e4 kooltaan ja muodoltaan laitteen erityistarpeiden mukaan.<\/p>\n<p><strong>3. Miten h\u00f6yrykammiotekniikka parantaa j\u00e4\u00e4hdytyst\u00e4?<\/strong><br \/>H\u00f6yrykammio levitt\u00e4\u00e4 l\u00e4mp\u00f6\u00e4 tehokkaasti ja tarjoaa perinteisi\u00e4 ratkaisuja paremman l\u00e4mm\u00f6nhallinnan.<\/p>\n<p><strong>4. Soveltuuko t\u00e4m\u00e4 j\u00e4\u00e4hdytyselementti korkean suorituskyvyn elektroniikkaan?<\/strong><br \/>Kyll\u00e4, se on suunniteltu vastaamaan korkean suorituskyvyn elektroniikkakomponenttien j\u00e4\u00e4hdytysvaatimuksia.<\/p>\n<p><strong>5. Mitk\u00e4 teollisuudenalat voivat hy\u00f6ty\u00e4 alumiinisen h\u00f6yrykammion j\u00e4\u00e4hdytyslevyn k\u00e4yt\u00f6st\u00e4?<\/strong><br \/>T\u00e4m\u00e4 tuote on ihanteellinen televiestint\u00e4-, tietotekniikka- ja kulutuselektroniikkateollisuudelle.<\/p>\n<p><strong>6. Onko t\u00e4h\u00e4n tuotteeseen liittyvi\u00e4 ymp\u00e4rist\u00f6n\u00e4k\u00f6kohtia?<\/strong><br \/>Kyll\u00e4, alumiinirakenne on kierr\u00e4tett\u00e4v\u00e4 ja ymp\u00e4rist\u00f6yst\u00e4v\u00e4llinen.<\/p>\n<p><strong>7. Tarjoatteko teknist\u00e4 tukea laitteisiin integrointia varten?<\/strong><br \/>Kyll\u00e4, tarjoamme kattavaa teknist\u00e4 tukea j\u00e4\u00e4hdytyselementin integroimiseksi tuotteisiisi.<\/p>\n<p><\/p>","protected":false},"featured_media":10776,"template":"","categories":[72],"class_list":["post-10949","product","type-product","status-publish","has-post-thumbnail","hentry","category-extruded-aluminum-heatsink"],"meta_box":{"hilight_text_group":[{"product_hilight_text":"<li>Ensures efficient heat dissipation in electronic devices<\/li>\n<li>Lightweight aluminum construction for reduced load<\/li>\n<li>Customizable dimensions to fit various device configurations<\/li>\n<li>High thermal conductivity for enhanced cooling performance<\/li>\n<li>Supports integration in both consumer and industrial electronics<\/li>"}],"feature_list":[]},"_links":{"self":[{"href":"https:\/\/sinoextrud.com\/fi\/wp-json\/wp\/v2\/product\/10949","targetHints":{"allow":["GET"]}}],"collection":[{"href":"https:\/\/sinoextrud.com\/fi\/wp-json\/wp\/v2\/product"}],"about":[{"href":"https:\/\/sinoextrud.com\/fi\/wp-json\/wp\/v2\/types\/product"}],"wp:featuredmedia":[{"embeddable":true,"href":"https:\/\/sinoextrud.com\/fi\/wp-json\/wp\/v2\/media\/10776"}],"wp:attachment":[{"href":"https:\/\/sinoextrud.com\/fi\/wp-json\/wp\/v2\/media?parent=10949"}],"wp:term":[{"taxonomy":"category","embeddable":true,"href":"https:\/\/sinoextrud.com\/fi\/wp-json\/wp\/v2\/categories?post=10949"}],"curies":[{"name":"wp","href":"https:\/\/api.w.org\/{rel}","templated":true}]}}