{"id":10948,"date":"2025-08-01T03:17:11","date_gmt":"2025-08-01T03:17:11","guid":{"rendered":"https:\/\/sinoextrud.com\/product\/anodized-aluminum-bluetooth-casing\/"},"modified":"2025-08-01T03:17:11","modified_gmt":"2025-08-01T03:17:11","slug":"anodisoitu-alumiininen-bluetooth-kotelo","status":"publish","type":"product","link":"https:\/\/sinoextrud.com\/fi\/product\/anodized-aluminum-bluetooth-casing\/","title":{"rendered":"Anodisoitu alumiininen Bluetooth-kotelo"},"content":{"rendered":"<h2>Tuotteiden tiedot<\/h2>\n<div class=\"product-table\">\n<div class=\"row\">\n<div class=\"cell label\">CNC-ty\u00f6st\u00f6 vai ei<\/div>\n<div class=\"cell value\">Cnc-ty\u00f6st\u00f6<\/div>\n<\/div>\n<div class=\"row\">\n<div class=\"cell label\">Materiaalivalmiudet<\/div>\n<div class=\"cell value\">Alumiini, Messinki, Pronssi, Kupari, Karkaistut metallit, Jalometallit, Ruostumaton ter\u00e4s, Ter\u00e4sseokset, Ter\u00e4sseokset<\/div>\n<\/div>\n<div class=\"row\">\n<div class=\"cell label\">Tyyppi<\/div>\n<div class=\"cell value\">Jyrsint\u00e4, Laserty\u00f6st\u00f6, Laserty\u00f6st\u00f6, Jyrsint\u00e4, Poraaminen, Sy\u00f6vytys \/ kemiallinen ty\u00f6st\u00f6, Muut ty\u00f6st\u00f6palvelut, Sorvaus, Langankorjaus, Nopea prototyyppien rakentaminen, Puristus<\/div>\n<\/div>\n<div class=\"row\">\n<div class=\"cell label\">Mikrokoneistus vai ei<\/div>\n<div class=\"cell value\">Ei mikrokoneistus<\/div>\n<\/div>\n<div class=\"row\">\n<div class=\"cell label\">Materiaali<\/div>\n<div class=\"cell value\">Alumiuminum<\/div>\n<\/div>\n<div class=\"row\">\n<div class=\"cell label\">Prosessi<\/div>\n<div class=\"cell value\">CNC-koneistettu<\/div>\n<\/div>\n<div class=\"row\">\n<div class=\"cell label\">Avainsana<\/div>\n<div class=\"cell value\">CNC-koneistus Custom OEM-palvelu<\/div>\n<\/div>\n<div class=\"row\">\n<div class=\"cell label\">Tuotteen nimi<\/div>\n<div class=\"cell value\">Cnc Maching osat<\/div>\n<\/div>\n<div class=\"row\">\n<div class=\"cell label\">V\u00e4ri<\/div>\n<div class=\"cell value\">R\u00e4\u00e4t\u00e4l\u00f6ity v\u00e4ri<\/div>\n<\/div>\n<div class=\"row\">\n<div class=\"cell label\">Pakkaus<\/div>\n<div class=\"cell value\">R\u00e4\u00e4t\u00e4l\u00f6ity pakkaus<\/div>\n<\/div>\n<div class=\"row\">\n<div class=\"cell label\">MOQ<\/div>\n<div class=\"cell value\">Pienet tilaukset hyv\u00e4ksyt\u00e4\u00e4n<\/div>\n<\/div>\n<div class=\"row\">\n<div class=\"cell label\">N\u00e4yte<\/div>\n<div class=\"cell value\">Hyv\u00e4ksy n\u00e4ytetilaukset<\/div>\n<\/div>\n<div class=\"row\">\n<div class=\"cell label\">Myyntiyksik\u00f6t<\/div>\n<div class=\"cell value\">Yksitt\u00e4inen tuote<\/div>\n<\/div>\n<div class=\"row\">\n<div class=\"cell label\">Yhden pakkauksen koko<\/div>\n<div class=\"cell value\">10X8X10 cm<\/div>\n<\/div>\n<div class=\"row\">\n<div class=\"cell label\">Yksitt\u00e4inen bruttopaino<\/div>\n<div class=\"cell value\">0,100 KG<\/div>\n<\/div>\n<\/div>\n<p><\/p>\n<h2>Tuotantopohjamme<\/h2>\n<h3>Tehtaan panoraama<\/h3>\n<p><img decoding=\"async\" src=\"\/wp-content\/uploads\/factory-01.webp\"\/><\/p>\n<h3>Alumiini Bar Manufacturing Workshop<\/h3>\n<p><img decoding=\"async\" src=\"\/wp-content\/uploads\/factory-02.webp\"\/><\/p>\n<p><img decoding=\"async\" src=\"\/wp-content\/uploads\/factory-03.webp\"\/><\/p>\n<h3>Muotin varastointi Varasto<\/h3>\n<p><img decoding=\"async\" src=\"\/wp-content\/uploads\/factory-04.webp\"\/><\/p>\n<h3>43 alumiinin ekstruusiolinjat (500-5500 tonnia)<\/h3>\n<p><img decoding=\"async\" src=\"\/wp-content\/uploads\/factory-05.webp\"\/><\/p>\n<p><img decoding=\"async\" src=\"\/wp-content\/uploads\/factory-06.webp\"\/><\/p>\n<p><img decoding=\"async\" src=\"\/wp-content\/uploads\/factory-07.webp\"\/><\/p>\n<h3>Jauhemaalaus ty\u00f6paja<\/h3>\n<p><img decoding=\"async\" src=\"\/wp-content\/uploads\/factory-09.webp\"\/><\/p>\n<h3>Anodisointi ty\u00f6paja<\/h3>\n<p><img decoding=\"async\" src=\"\/wp-content\/uploads\/factory-10.webp\"\/><\/p>\n<h3>Syv\u00e4k\u00e4sittelyn ty\u00f6paja<\/h3>\n<p><img decoding=\"async\" src=\"\/wp-content\/uploads\/factory-11.webp\"\/><\/p>\n<h3>CNC-tarkkuuskoneistus ty\u00f6paja<\/h3>\n<p><img decoding=\"async\" src=\"\/wp-content\/uploads\/factory-11.5.webp\"\/><\/p>\n<h3>Valmiiden tuotteiden ja vientivarasto<\/h3>\n<p><img decoding=\"async\" src=\"\/wp-content\/uploads\/factory-12.webp\"\/><\/p>\n<p><img decoding=\"async\" src=\"\/wp-content\/uploads\/factory-13.webp\"\/><\/p>\n<p><img decoding=\"async\" src=\"\/wp-content\/uploads\/factory-14.webp\"\/><\/p>\n<h2>FAQ<\/h2>\n<p><strong>1. Onko t\u00e4m\u00e4 anodisoitu alumiininen Bluetooth-kotelo muokattavissa?<\/strong><br \/>Kyll\u00e4, tarjoamme r\u00e4\u00e4t\u00e4l\u00f6intivaihtoehtoja, mukaan lukien v\u00e4ri- ja logomerkint\u00e4.<\/p>\n<p><strong>2. Tukeeko kotelo eri Bluetooth-laitemalleja?<\/strong><br \/>Kotelo on suunniteltu yhteensopivaksi useiden Bluetooth-laitemallien kanssa.<\/p>\n<p><strong>3. Mitk\u00e4 ovat anodisoidun alumiinin edut t\u00e4ss\u00e4 kotelossa?<\/strong><br \/>Anodisoitu alumiini kest\u00e4\u00e4 erinomaisesti naarmuja ja korroosiota, mik\u00e4 takaa pitk\u00e4aikaisen suojan.<\/p>\n<p><strong>4. Kest\u00e4\u00e4k\u00f6 kotelo iskuja ja kovaa k\u00e4ytt\u00f6\u00e4?<\/strong><br \/>Kyll\u00e4, kotelo on rakennettu kest\u00e4v\u00e4ksi ja iskunkest\u00e4v\u00e4ksi.<\/p>\n<p><strong>5. Miten anodisointi parantaa kotelon ulkon\u00e4k\u00f6\u00e4?<\/strong><br \/>Anodisointi antaa tyylikk\u00e4\u00e4n, v\u00e4rillisen viimeistelyn s\u00e4ilytt\u00e4en samalla metallin luonnollisen rakenteen.<\/p>\n<p><strong>6. Onko kansainv\u00e4linen toimitus saatavilla irtotilauksille?<\/strong><br \/>Kyll\u00e4, tarjoamme kansainv\u00e4list\u00e4 toimitusta ja tukea tarvittavassa logistiikassa ja dokumentoinnissa.<\/p>\n<p><strong>7. Mik\u00e4 on r\u00e4\u00e4t\u00e4l\u00f6ityjen merkkikoteloiden v\u00e4himm\u00e4istilausm\u00e4\u00e4r\u00e4?<\/strong><br \/>Minimitilausm\u00e4\u00e4r\u00e4 r\u00e4\u00e4t\u00e4l\u00f6inti\u00e4 varten alkaa yleens\u00e4 300 kappaleesta, riippuen erityisvaatimuksista.<\/p>\n<p><\/p>","protected":false},"featured_media":10834,"template":"","categories":[68],"class_list":["post-10948","product","type-product","status-publish","has-post-thumbnail","hentry","category-cnc-machining-aluminum-profile"],"meta_box":{"hilight_text_group":[{"product_hilight_text":"<li>Provides enhanced protection for Bluetooth devices<\/li>\n<li>Lightweight yet durable anodized aluminum construction<\/li>\n<li>Custom-fit design ensures compatibility with various Bluetooth models<\/li>\n<li>Resistant to scratches and corrosion for long-lasting use<\/li>\n<li>Available in a variety of colors to match your brand identity<\/li>"}],"feature_list":[]},"_links":{"self":[{"href":"https:\/\/sinoextrud.com\/fi\/wp-json\/wp\/v2\/product\/10948","targetHints":{"allow":["GET"]}}],"collection":[{"href":"https:\/\/sinoextrud.com\/fi\/wp-json\/wp\/v2\/product"}],"about":[{"href":"https:\/\/sinoextrud.com\/fi\/wp-json\/wp\/v2\/types\/product"}],"wp:featuredmedia":[{"embeddable":true,"href":"https:\/\/sinoextrud.com\/fi\/wp-json\/wp\/v2\/media\/10834"}],"wp:attachment":[{"href":"https:\/\/sinoextrud.com\/fi\/wp-json\/wp\/v2\/media?parent=10948"}],"wp:term":[{"taxonomy":"category","embeddable":true,"href":"https:\/\/sinoextrud.com\/fi\/wp-json\/wp\/v2\/categories?post=10948"}],"curies":[{"name":"wp","href":"https:\/\/api.w.org\/{rel}","templated":true}]}}