{"id":10947,"date":"2025-08-01T03:17:09","date_gmt":"2025-08-01T03:17:09","guid":{"rendered":"https:\/\/sinoextrud.com\/product\/anodizing-aluminum-cable-trunking-for-wiring-systems\/"},"modified":"2025-08-01T03:17:09","modified_gmt":"2025-08-01T03:17:09","slug":"anodisointi-alumiini-kaapelikouru-johdotusjarjestelmia-varten","status":"publish","type":"product","link":"https:\/\/sinoextrud.com\/fi\/product\/anodizing-aluminum-cable-trunking-for-wiring-systems\/","title":{"rendered":"Anodisointi alumiini kaapelikouru johdotusj\u00e4rjestelmi\u00e4 varten"},"content":{"rendered":"<h2>Tuotteiden tiedot<\/h2>\n<div class=\"product-table\">\n<div class=\"row\">\n<div class=\"cell label\">Tyyppi<\/div>\n<div class=\"cell value\">Muut<\/div>\n<\/div>\n<div class=\"row\">\n<div class=\"cell label\">Tyyli<\/div>\n<div class=\"cell value\">Kaapelikanavat<\/div>\n<\/div>\n<div class=\"row\">\n<div class=\"cell label\">Pinnan viimeistely<\/div>\n<div class=\"cell value\">alumiini<\/div>\n<\/div>\n<div class=\"row\">\n<div class=\"cell label\">V\u00e4ri<\/div>\n<div class=\"cell value\">R\u00e4\u00e4t\u00e4l\u00f6ity<\/div>\n<\/div>\n<div class=\"row\">\n<div class=\"cell label\">N\u00e4yte<\/div>\n<div class=\"cell value\">Vapaa<\/div>\n<\/div>\n<div class=\"row\">\n<div class=\"cell label\">R\u00e4\u00e4t\u00e4l\u00f6ity<\/div>\n<div class=\"cell value\">Asiakkaiden eritelmien mukaan<\/div>\n<\/div>\n<div class=\"row\">\n<div class=\"cell label\">Liiketoiminnan tyyppi<\/div>\n<div class=\"cell value\">kauppa ja valmistus<\/div>\n<\/div>\n<div class=\"row\">\n<div class=\"cell label\">Yritystyyppi<\/div>\n<div class=\"cell value\">Valmistaja<\/div>\n<\/div>\n<div class=\"row\">\n<div class=\"cell label\">Paksuus<\/div>\n<div class=\"cell value\">0.8-3.0mm<\/div>\n<\/div>\n<div class=\"row\">\n<div class=\"cell label\">Ominaisuus<\/div>\n<div class=\"cell value\">Korroosionkest\u00e4vyys<\/div>\n<\/div>\n<div class=\"row\">\n<div class=\"cell label\">MOQ<\/div>\n<div class=\"cell value\">2 metri\u00e4<\/div>\n<\/div>\n<div class=\"row\">\n<div class=\"cell label\">Pakkaustiedot<\/div>\n<div class=\"cell value\">Pakkauslaatikko tai muut pakkausmenetelm\u00e4t alumiinikiskolle.<\/div>\n<\/div>\n<div class=\"row\">\n<div class=\"cell label\">L\u00e4hetyssatama<\/div>\n<div class=\"cell value\">SHANGHAI<\/div>\n<\/div>\n<div class=\"row\">\n<div class=\"cell label\">Myyntiyksik\u00f6t<\/div>\n<div class=\"cell value\">Yksitt\u00e4inen tuote<\/div>\n<\/div>\n<div class=\"row\">\n<div class=\"cell label\">Yhden pakkauksen koko<\/div>\n<div class=\"cell value\">50X5X5 cm<\/div>\n<\/div>\n<div class=\"row\">\n<div class=\"cell label\">Yksitt\u00e4inen bruttopaino<\/div>\n<div class=\"cell value\">2.000 KG<\/div>\n<\/div>\n<div class=\"row\">\n<div class=\"cell label\">Toimituskyky<\/div>\n<div class=\"cell value\">1000 metri\u00e4 p\u00e4iv\u00e4ss\u00e4<\/div>\n<\/div>\n<\/div>\n<p><\/p>\n<h2>Tuotantopohjamme<\/h2>\n<h3>Tehtaan panoraama<\/h3>\n<p><img decoding=\"async\" src=\"\/wp-content\/uploads\/factory-01.webp\"\/><\/p>\n<h3>Alumiini Bar Manufacturing Workshop<\/h3>\n<p><img decoding=\"async\" src=\"\/wp-content\/uploads\/factory-02.webp\"\/><\/p>\n<p><img decoding=\"async\" src=\"\/wp-content\/uploads\/factory-03.webp\"\/><\/p>\n<h3>Muotin varastointi Varasto<\/h3>\n<p><img decoding=\"async\" src=\"\/wp-content\/uploads\/factory-04.webp\"\/><\/p>\n<h3>43 alumiinin ekstruusiolinjat (500-5500 tonnia)<\/h3>\n<p><img decoding=\"async\" src=\"\/wp-content\/uploads\/factory-05.webp\"\/><\/p>\n<p><img decoding=\"async\" src=\"\/wp-content\/uploads\/factory-06.webp\"\/><\/p>\n<p><img decoding=\"async\" src=\"\/wp-content\/uploads\/factory-07.webp\"\/><\/p>\n<h3>Jauhemaalaus ty\u00f6paja<\/h3>\n<p><img decoding=\"async\" src=\"\/wp-content\/uploads\/factory-09.webp\"\/><\/p>\n<h3>Anodisointi ty\u00f6paja<\/h3>\n<p><img decoding=\"async\" src=\"\/wp-content\/uploads\/factory-10.webp\"\/><\/p>\n<h3>Syv\u00e4k\u00e4sittelyn ty\u00f6paja<\/h3>\n<p><img decoding=\"async\" src=\"\/wp-content\/uploads\/factory-11.webp\"\/><\/p>\n<h3>CNC-tarkkuuskoneistus ty\u00f6paja<\/h3>\n<p><img decoding=\"async\" src=\"\/wp-content\/uploads\/factory-11.5.webp\"\/><\/p>\n<h3>Valmiiden tuotteiden ja vientivarasto<\/h3>\n<p><img decoding=\"async\" src=\"\/wp-content\/uploads\/factory-12.webp\"\/><\/p>\n<p><img decoding=\"async\" src=\"\/wp-content\/uploads\/factory-13.webp\"\/><\/p>\n<p><img decoding=\"async\" src=\"\/wp-content\/uploads\/factory-14.webp\"\/><\/p>\n<h2>FAQ<\/h2>\n<p><strong>1. Mit\u00e4 on anodisointi alumiinikaapelikanavissa?<\/strong><br \/>Anodisointi on s\u00e4hk\u00f6kemiallinen prosessi, joka lis\u00e4\u00e4 alumiinipintojen kest\u00e4vyytt\u00e4 ja ehk\u00e4isee korroosiota.<\/p>\n<p><strong>2. Voimmeko mukauttaa kaapelikourun kokoa?<\/strong><br \/>Kyll\u00e4, alumiiniset kaapelikanavamme voidaan r\u00e4\u00e4t\u00e4l\u00f6id\u00e4 juuri sinun kokovaatimuksiisi sopiviksi.<\/p>\n<p><strong>3. Soveltuvatko anodisoidut alumiiniset kaapelikanavat ulkok\u00e4ytt\u00f6\u00f6n?<\/strong><br \/>Kyll\u00e4, sen korroosionkest\u00e4v\u00e4t ominaisuudet tekev\u00e4t siit\u00e4 ihanteellisen ulkok\u00e4ytt\u00f6\u00f6n.<\/p>\n<p><strong>4. Miten kevyt rakenne hy\u00f6dytt\u00e4\u00e4 asennusta?<\/strong><br \/>Kevyt luonne helpottaa k\u00e4sittely\u00e4 ja asennusta, mik\u00e4 v\u00e4hent\u00e4\u00e4 ty\u00f6voimakustannuksia.<\/p>\n<p><strong>5. Voiko viimeistely\u00e4 muokata?<\/strong><br \/>Kyll\u00e4, saatavilla on erilaisia pintak\u00e4sittelyj\u00e4, jotka vastaavat esteettisi\u00e4 ja toiminnallisia tarpeitasi.<\/p>\n<p><strong>6. Onko alumiinimateriaali ymp\u00e4rist\u00f6yst\u00e4v\u00e4llist\u00e4?<\/strong><br \/>Kyll\u00e4, alumiini on kierr\u00e4tett\u00e4v\u00e4 materiaali, joten se on kest\u00e4v\u00e4 valinta kaapelikanaviin.<\/p>\n<p><strong>7. Tarjoatteko kaapelikanavien kansainv\u00e4list\u00e4 toimitusta?<\/strong><br \/>Kyll\u00e4, tarjoamme kattavia kansainv\u00e4lisi\u00e4 kuljetusratkaisuja tarpeisiisi.<\/p>\n<p><\/p>","protected":false},"featured_media":10835,"template":"","categories":[55],"class_list":["post-10947","product","type-product","status-publish","has-post-thumbnail","hentry","category-extruded-aluminum-profiles"],"meta_box":{"hilight_text_group":[{"product_hilight_text":"<li>Made from high-strength anodized aluminum for enhanced durability<\/li>\n<li>Customizable dimensions and finishes to suit specific B2B needs<\/li>\n<li>Lightweight design for easy installation and maintenance<\/li>\n<li>Corrosion-resistant for both indoor and outdoor applications<\/li>\n<li>Supports large-scale OEM and ODM production<\/li>"}],"feature_list":[]},"_links":{"self":[{"href":"https:\/\/sinoextrud.com\/fi\/wp-json\/wp\/v2\/product\/10947","targetHints":{"allow":["GET"]}}],"collection":[{"href":"https:\/\/sinoextrud.com\/fi\/wp-json\/wp\/v2\/product"}],"about":[{"href":"https:\/\/sinoextrud.com\/fi\/wp-json\/wp\/v2\/types\/product"}],"wp:featuredmedia":[{"embeddable":true,"href":"https:\/\/sinoextrud.com\/fi\/wp-json\/wp\/v2\/media\/10835"}],"wp:attachment":[{"href":"https:\/\/sinoextrud.com\/fi\/wp-json\/wp\/v2\/media?parent=10947"}],"wp:term":[{"taxonomy":"category","embeddable":true,"href":"https:\/\/sinoextrud.com\/fi\/wp-json\/wp\/v2\/categories?post=10947"}],"curies":[{"name":"wp","href":"https:\/\/api.w.org\/{rel}","templated":true}]}}