{"id":10946,"date":"2025-08-01T03:17:08","date_gmt":"2025-08-01T03:17:08","guid":{"rendered":"https:\/\/sinoextrud.com\/product\/aluminum-terminal-for-electronic-assemblies\/"},"modified":"2025-08-01T03:17:08","modified_gmt":"2025-08-01T03:17:08","slug":"alumiiniliitin-elektronisia-kokoonpanoja-varten","status":"publish","type":"product","link":"https:\/\/sinoextrud.com\/fi\/product\/aluminum-terminal-for-electronic-assemblies\/","title":{"rendered":"Alumiiniliitin elektroniikkakokoonpanoja varten"},"content":{"rendered":"<h2>Tuotteiden tiedot<\/h2>\n<div class=\"product-table\">\n<div class=\"row\">\n<div class=\"cell label\">Tuotteen nimi<\/div>\n<div class=\"cell value\">Terminaalin leimauksen osat<\/div>\n<\/div>\n<div class=\"row\">\n<div class=\"cell label\">Materiaali<\/div>\n<div class=\"cell value\">Ruostumaton ter\u00e4s\/hiiliter\u00e4s\/alumiini\/metalli\/kupari\/titaani jne.<\/div>\n<\/div>\n<div class=\"row\">\n<div class=\"cell label\">Pintak\u00e4sittely<\/div>\n<div class=\"cell value\">Anodisointi\/ pinnoitus\/ tehopinnoitus\/l\u00e4mp\u00f6k\u00e4sittely\/oksidi\/kiillotus\/ jne.<\/div>\n<\/div>\n<div class=\"row\">\n<div class=\"cell label\">Palvelu<\/div>\n<div class=\"cell value\">OEM R\u00e4\u00e4t\u00e4l\u00f6idyt palvelut<\/div>\n<\/div>\n<div class=\"row\">\n<div class=\"cell label\">Koko<\/div>\n<div class=\"cell value\">Mukautettu koko<\/div>\n<\/div>\n<div class=\"row\">\n<div class=\"cell label\">V\u00e4ri<\/div>\n<div class=\"cell value\">R\u00e4\u00e4t\u00e4l\u00f6ity v\u00e4ri<\/div>\n<\/div>\n<div class=\"row\">\n<div class=\"cell label\">Logo<\/div>\n<div class=\"cell value\">Hyv\u00e4ksy r\u00e4\u00e4t\u00e4l\u00f6ity logo<\/div>\n<\/div>\n<div class=\"row\">\n<div class=\"cell label\">Standardi<\/div>\n<div class=\"cell value\">Vakiomittaiset metalliosat<\/div>\n<\/div>\n<div class=\"row\">\n<div class=\"cell label\">K\u00e4ytt\u00f6<\/div>\n<div class=\"cell value\">Teollinen k\u00e4ytt\u00f6<\/div>\n<\/div>\n<div class=\"row\">\n<div class=\"cell label\">Pakkaus<\/div>\n<div class=\"cell value\">Asiakaskysely<\/div>\n<\/div>\n<div class=\"row\">\n<div class=\"cell label\">Myyntiyksik\u00f6t<\/div>\n<div class=\"cell value\">Yksitt\u00e4inen tuote<\/div>\n<\/div>\n<div class=\"row\">\n<div class=\"cell label\">Yhden pakkauksen koko<\/div>\n<div class=\"cell value\">10X9X8 cm<\/div>\n<\/div>\n<div class=\"row\">\n<div class=\"cell label\">Yksitt\u00e4inen bruttopaino<\/div>\n<div class=\"cell value\">0,500 KG<\/div>\n<\/div>\n<\/div>\n<p><\/p>\n<h2>Tuotantopohjamme<\/h2>\n<h3>Tehtaan panoraama<\/h3>\n<p><img decoding=\"async\" src=\"\/wp-content\/uploads\/factory-01.webp\"\/><\/p>\n<h3>Alumiini Bar Manufacturing Workshop<\/h3>\n<p><img decoding=\"async\" src=\"\/wp-content\/uploads\/factory-02.webp\"\/><\/p>\n<p><img decoding=\"async\" src=\"\/wp-content\/uploads\/factory-03.webp\"\/><\/p>\n<h3>Muotin varastointi Varasto<\/h3>\n<p><img decoding=\"async\" src=\"\/wp-content\/uploads\/factory-04.webp\"\/><\/p>\n<h3>43 alumiinin ekstruusiolinjat (500-5500 tonnia)<\/h3>\n<p><img decoding=\"async\" src=\"\/wp-content\/uploads\/factory-05.webp\"\/><\/p>\n<p><img decoding=\"async\" src=\"\/wp-content\/uploads\/factory-06.webp\"\/><\/p>\n<p><img decoding=\"async\" src=\"\/wp-content\/uploads\/factory-07.webp\"\/><\/p>\n<h3>Jauhemaalaus ty\u00f6paja<\/h3>\n<p><img decoding=\"async\" src=\"\/wp-content\/uploads\/factory-09.webp\"\/><\/p>\n<h3>Anodisointi ty\u00f6paja<\/h3>\n<p><img decoding=\"async\" src=\"\/wp-content\/uploads\/factory-10.webp\"\/><\/p>\n<h3>Syv\u00e4k\u00e4sittelyn ty\u00f6paja<\/h3>\n<p><img decoding=\"async\" src=\"\/wp-content\/uploads\/factory-11.webp\"\/><\/p>\n<h3>CNC-tarkkuuskoneistus ty\u00f6paja<\/h3>\n<p><img decoding=\"async\" src=\"\/wp-content\/uploads\/factory-11.5.webp\"\/><\/p>\n<h3>Valmiiden tuotteiden ja vientivarasto<\/h3>\n<p><img decoding=\"async\" src=\"\/wp-content\/uploads\/factory-12.webp\"\/><\/p>\n<p><img decoding=\"async\" src=\"\/wp-content\/uploads\/factory-13.webp\"\/><\/p>\n<p><img decoding=\"async\" src=\"\/wp-content\/uploads\/factory-14.webp\"\/><\/p>\n<h2>FAQ<\/h2>\n<p><strong>1. Mitk\u00e4 ovat t\u00e4rkeimm\u00e4t edut, kun elektroniikassa k\u00e4ytet\u00e4\u00e4n alumiiniliitint\u00e4?<\/strong><br \/>Alumiinip\u00e4\u00e4tteet tarjoavat korkean johtavuuden ja korroosionkest\u00e4vyyden, mik\u00e4 on ihanteellista elektronisten yhteyksien parantamiseen.<\/p>\n<p><strong>2. Voidaanko alumiinip\u00e4\u00e4tteit\u00e4 k\u00e4ytt\u00e4\u00e4 korkeataajuussovelluksissa?<\/strong><br \/>Kyll\u00e4, niiden rakenteen ansiosta ne soveltuvat laajalle taajuusalueelle elektronisissa laitteissa.<\/p>\n<p><strong>3. Onko mahdollista mukauttaa alumiiniterminaalin kokoa?<\/strong><br \/>Kyll\u00e4, tarjoamme r\u00e4\u00e4t\u00e4l\u00f6intivaihtoehtoja elektronisten sovellusten erityisvaatimusten t\u00e4ytt\u00e4miseksi.<\/p>\n<p><strong>4. Miten alumiinip\u00e4\u00e4tteiden korroosionkest\u00e4vyys on verrattuna muihin?<\/strong><br \/>Alumiinip\u00e4\u00e4tteiss\u00e4mme on erinomainen korroosionkest\u00e4v\u00e4 pinta, joka pident\u00e4\u00e4 elektronisten komponenttien k\u00e4ytt\u00f6ik\u00e4\u00e4.<\/p>\n<p><strong>5. Soveltuvatko alumiiniset liittimet elektroniikan ulkok\u00e4ytt\u00f6\u00f6n?<\/strong><br \/>Kyll\u00e4, kest\u00e4vyytens\u00e4 ja korroosionkest\u00e4vyytens\u00e4 ansiosta ne soveltuvat ulkok\u00e4ytt\u00f6\u00f6n.<\/p>\n<p><strong>6. Mik\u00e4 on r\u00e4\u00e4t\u00e4l\u00f6ityjen alumiinip\u00e4\u00e4tteiden v\u00e4himm\u00e4istilausm\u00e4\u00e4r\u00e4?<\/strong><br \/>MOQ vaihtelee r\u00e4\u00e4t\u00e4l\u00f6intivaatimusten mukaan, yleens\u00e4 alkaen 1000 kappaleesta.<\/p>\n<p><strong>7. Tarjoatteko teknist\u00e4 tukea alumiiniterminaalien integrointiin?<\/strong><br \/>Kyll\u00e4, tarjoamme kattavaa teknist\u00e4 tukea varmistaaksemme saumattoman integroinnin s\u00e4hk\u00f6isiin j\u00e4rjestelmiin.<\/p>\n<p><\/p>","protected":false},"featured_media":10742,"template":"","categories":[68],"class_list":["post-10946","product","type-product","status-publish","has-post-thumbnail","hentry","category-cnc-machining-aluminum-profile"],"meta_box":{"hilight_text_group":[{"product_hilight_text":"<li>Engineered to enhance electronic connectivity and reliability<\/li>\n<li>Made from high-quality aluminum for superior conductivity<\/li>\n<li>Available in various sizes to fit multiple applications<\/li>\n<li>Corrosion-resistant finish ensures longevity and durability<\/li>\n<li>Custom manufacturing options available for bulk orders<\/li>"}],"feature_list":[]},"_links":{"self":[{"href":"https:\/\/sinoextrud.com\/fi\/wp-json\/wp\/v2\/product\/10946","targetHints":{"allow":["GET"]}}],"collection":[{"href":"https:\/\/sinoextrud.com\/fi\/wp-json\/wp\/v2\/product"}],"about":[{"href":"https:\/\/sinoextrud.com\/fi\/wp-json\/wp\/v2\/types\/product"}],"wp:featuredmedia":[{"embeddable":true,"href":"https:\/\/sinoextrud.com\/fi\/wp-json\/wp\/v2\/media\/10742"}],"wp:attachment":[{"href":"https:\/\/sinoextrud.com\/fi\/wp-json\/wp\/v2\/media?parent=10946"}],"wp:term":[{"taxonomy":"category","embeddable":true,"href":"https:\/\/sinoextrud.com\/fi\/wp-json\/wp\/v2\/categories?post=10946"}],"curies":[{"name":"wp","href":"https:\/\/api.w.org\/{rel}","templated":true}]}}