{"id":10944,"date":"2025-08-01T03:17:03","date_gmt":"2025-08-01T03:17:03","guid":{"rendered":"https:\/\/sinoextrud.com\/product\/aluminum-profile-for-5g-signal-tower-systems\/"},"modified":"2025-08-01T03:17:03","modified_gmt":"2025-08-01T03:17:03","slug":"alumiiniprofiili-5g-signaalitornijarjestelmia-varten","status":"publish","type":"product","link":"https:\/\/sinoextrud.com\/fi\/product\/aluminum-profile-for-5g-signal-tower-systems\/","title":{"rendered":"Alumiiniprofiili 5G-signaalitornij\u00e4rjestelmille"},"content":{"rendered":"<h2>Tuotteiden tiedot<\/h2>\n<div class=\"product-table\">\n<div class=\"row\">\n<div class=\"cell label\">Luokka<\/div>\n<div class=\"cell value\">6000-sarja<\/div>\n<\/div>\n<div class=\"row\">\n<div class=\"cell label\">Suvaitsevaisuus<\/div>\n<div class=\"cell value\">\u00c2\u00b10,01%<\/div>\n<\/div>\n<div class=\"row\">\n<div class=\"cell label\">Toimitusaika<\/div>\n<div class=\"cell value\">8-14 p\u00e4iv\u00e4\u00e4<\/div>\n<\/div>\n<div class=\"row\">\n<div class=\"cell label\">Temper<\/div>\n<div class=\"cell value\">T3-T8<\/div>\n<\/div>\n<div class=\"row\">\n<div class=\"cell label\">Hakemus<\/div>\n<div class=\"cell value\">led\/elektroniikka\/cpu\/teollisuus<\/div>\n<\/div>\n<div class=\"row\">\n<div class=\"cell label\">Muoto<\/div>\n<div class=\"cell value\">Custom<\/div>\n<\/div>\n<div class=\"row\">\n<div class=\"cell label\">Metalliseos tai ei<\/div>\n<div class=\"cell value\">Onko seos<\/div>\n<\/div>\n<div class=\"row\">\n<div class=\"cell label\">K\u00e4sittelypalvelu<\/div>\n<div class=\"cell value\">Taivutus, purku, hitsaus, l\u00e4vistys, leikkaus<\/div>\n<\/div>\n<div class=\"row\">\n<div class=\"cell label\">Tuotteen nimi<\/div>\n<div class=\"cell value\">Mukautettu alumiininen j\u00e4\u00e4hdytyselementti<\/div>\n<\/div>\n<div class=\"row\">\n<div class=\"cell label\">Materiaali<\/div>\n<div class=\"cell value\">6063 6061 6005 Alumiiniseos 6063 6061 6005 Alumiiniseos<\/div>\n<\/div>\n<div class=\"row\">\n<div class=\"cell label\">V\u00e4ri<\/div>\n<div class=\"cell value\">Hopea, musta, kultainen musta ja niin edelleen<\/div>\n<\/div>\n<div class=\"row\">\n<div class=\"cell label\">Pintak\u00e4sittely<\/div>\n<div class=\"cell value\">Mill Finish, anodisointi, jauhemaalaus<\/div>\n<\/div>\n<div class=\"row\">\n<div class=\"cell label\">Sertifiointi<\/div>\n<div class=\"cell value\">ISO9001:2008<\/div>\n<\/div>\n<div class=\"row\">\n<div class=\"cell label\">muoto<\/div>\n<div class=\"cell value\">R\u00e4\u00e4t\u00e4l\u00f6ity<\/div>\n<\/div>\n<div class=\"row\">\n<div class=\"cell label\">K\u00e4ytt\u00f6<\/div>\n<div class=\"cell value\">Led\/elektroniikka\/cpu\/teollisuus<\/div>\n<\/div>\n<div class=\"row\">\n<div class=\"cell label\">N\u00e4yte<\/div>\n<div class=\"cell value\">Ilmainen n\u00e4yte<\/div>\n<\/div>\n<div class=\"row\">\n<div class=\"cell label\">Pituus<\/div>\n<div class=\"cell value\">Mukautettu pituus<\/div>\n<\/div>\n<div class=\"row\">\n<div class=\"cell label\">Palvelu<\/div>\n<div class=\"cell value\">OEM ODM<\/div>\n<\/div>\n<div class=\"row\">\n<div class=\"cell label\">Myyntiyksik\u00f6t<\/div>\n<div class=\"cell value\">300:n monikerta<\/div>\n<\/div>\n<div class=\"row\">\n<div class=\"cell label\">Pakkauskoko er\u00e4\u00e4 kohti<\/div>\n<div class=\"cell value\">200X150X80 cm<\/div>\n<\/div>\n<div class=\"row\">\n<div class=\"cell label\">Bruttopaino er\u00e4\u00e4 kohti<\/div>\n<div class=\"cell value\">300.000 KG<\/div>\n<\/div>\n<\/div>\n<p><\/p>\n<h2>Tuotantopohjamme<\/h2>\n<h3>Tehtaan panoraama<\/h3>\n<p><img decoding=\"async\" src=\"\/wp-content\/uploads\/factory-01.webp\"\/><\/p>\n<h3>Alumiini Bar Manufacturing Workshop<\/h3>\n<p><img decoding=\"async\" src=\"\/wp-content\/uploads\/factory-02.webp\"\/><\/p>\n<p><img decoding=\"async\" src=\"\/wp-content\/uploads\/factory-03.webp\"\/><\/p>\n<h3>Muotin varastointi Varasto<\/h3>\n<p><img decoding=\"async\" src=\"\/wp-content\/uploads\/factory-04.webp\"\/><\/p>\n<h3>43 alumiinin ekstruusiolinjat (500-5500 tonnia)<\/h3>\n<p><img decoding=\"async\" src=\"\/wp-content\/uploads\/factory-05.webp\"\/><\/p>\n<p><img decoding=\"async\" src=\"\/wp-content\/uploads\/factory-06.webp\"\/><\/p>\n<p><img decoding=\"async\" src=\"\/wp-content\/uploads\/factory-07.webp\"\/><\/p>\n<h3>Jauhemaalaus ty\u00f6paja<\/h3>\n<p><img decoding=\"async\" src=\"\/wp-content\/uploads\/factory-09.webp\"\/><\/p>\n<h3>Anodisointi ty\u00f6paja<\/h3>\n<p><img decoding=\"async\" src=\"\/wp-content\/uploads\/factory-10.webp\"\/><\/p>\n<h3>Syv\u00e4k\u00e4sittelyn ty\u00f6paja<\/h3>\n<p><img decoding=\"async\" src=\"\/wp-content\/uploads\/factory-11.webp\"\/><\/p>\n<h3>CNC-tarkkuuskoneistus ty\u00f6paja<\/h3>\n<p><img decoding=\"async\" src=\"\/wp-content\/uploads\/factory-11.5.webp\"\/><\/p>\n<h3>Valmiiden tuotteiden ja vientivarasto<\/h3>\n<p><img decoding=\"async\" src=\"\/wp-content\/uploads\/factory-12.webp\"\/><\/p>\n<p><img decoding=\"async\" src=\"\/wp-content\/uploads\/factory-13.webp\"\/><\/p>\n<p><img decoding=\"async\" src=\"\/wp-content\/uploads\/factory-14.webp\"\/><\/p>\n<h2>FAQ<\/h2>\n<p><strong>1. Mik\u00e4 tekee n\u00e4ist\u00e4 alumiiniprofiileista sopivia 5G-torneille?<\/strong><br \/>Alumiiniprofiilit on suunniteltu erityisesti parantamaan signaalin vastaanottoa ja h\u00e4iri\u00f6nsietokyky\u00e4, mik\u00e4 on elint\u00e4rke\u00e4\u00e4 5G-teknologian kannalta.<\/p>\n<p><strong>2. Kest\u00e4v\u00e4tk\u00f6 n\u00e4m\u00e4 profiilit s\u00e4\u00e4olosuhteita?<\/strong><br \/>Kyll\u00e4, ne on valmistettu korroosionkest\u00e4viksi, joten ne soveltuvat erinomaisesti ulkok\u00e4ytt\u00f6\u00f6n.<\/p>\n<p><strong>3. Voimmeko tilata profiileja r\u00e4\u00e4t\u00e4l\u00f6idyiss\u00e4 mitoissa?<\/strong><br \/>Ehdottomasti, tarjoamme r\u00e4\u00e4t\u00e4l\u00f6it\u00e4viss\u00e4 olevia pituuksia ja profiileja, jotka r\u00e4\u00e4t\u00e4l\u00f6id\u00e4\u00e4n projektisi vaatimusten mukaan.<\/p>\n<p><strong>4. Tukevatko n\u00e4m\u00e4 alumiiniprofiilit nykyisi\u00e4 5G-teknologiastandardeja?<\/strong><br \/>Kyll\u00e4, ne ovat t\u00e4ysin nykyisen 5G-infrastruktuurin vaatimusten mukaisia.<\/p>\n<p><strong>5. Mik\u00e4 on tyypillinen toimitusaika irtotilauksille?<\/strong><br \/>Toimitusajat vaihtelevat, mutta ovat yleens\u00e4 4-6 viikkoa tilauksen koosta ja r\u00e4\u00e4t\u00e4l\u00f6innist\u00e4 riippuen.<\/p>\n<p><strong>6. Onko n\u00e4ill\u00e4 profiileilla v\u00e4himm\u00e4istilausm\u00e4\u00e4r\u00e4?<\/strong><br \/>Kyll\u00e4, vaadimme v\u00e4himm\u00e4istilausm\u00e4\u00e4r\u00e4n r\u00e4\u00e4t\u00e4l\u00f6intitarpeista riippuen.<\/p>\n<p><strong>7. Tarjoatteko teknist\u00e4 tukea asennusta varten?<\/strong><br \/>Kyll\u00e4, tarjoamme kattavat asennusohjeet ja teknist\u00e4 tukea pyydett\u00e4ess\u00e4.<\/p>\n<p><\/p>","protected":false},"featured_media":10759,"template":"","categories":[55],"class_list":["post-10944","product","type-product","status-publish","has-post-thumbnail","hentry","category-extruded-aluminum-profiles"],"meta_box":{"hilight_text_group":[{"product_hilight_text":"<li>Engineered specifically for 5G signal tower applications<\/li>\n<li>Lightweight yet durable, enhancing installation efficiency<\/li>\n<li>Corrosion-resistant features for extended outdoor use<\/li>\n<li>Compatible with current 5G technology standards<\/li>\n<li>Custom lengths and profiles available for B2B projects<\/li>"}],"feature_list":[]},"_links":{"self":[{"href":"https:\/\/sinoextrud.com\/fi\/wp-json\/wp\/v2\/product\/10944","targetHints":{"allow":["GET"]}}],"collection":[{"href":"https:\/\/sinoextrud.com\/fi\/wp-json\/wp\/v2\/product"}],"about":[{"href":"https:\/\/sinoextrud.com\/fi\/wp-json\/wp\/v2\/types\/product"}],"wp:featuredmedia":[{"embeddable":true,"href":"https:\/\/sinoextrud.com\/fi\/wp-json\/wp\/v2\/media\/10759"}],"wp:attachment":[{"href":"https:\/\/sinoextrud.com\/fi\/wp-json\/wp\/v2\/media?parent=10944"}],"wp:term":[{"taxonomy":"category","embeddable":true,"href":"https:\/\/sinoextrud.com\/fi\/wp-json\/wp\/v2\/categories?post=10944"}],"curies":[{"name":"wp","href":"https:\/\/api.w.org\/{rel}","templated":true}]}}