{"id":10939,"date":"2025-08-01T03:15:56","date_gmt":"2025-08-01T03:15:56","guid":{"rendered":"https:\/\/sinoextrud.com\/product\/aluminum-phase-change-heat-sink-for-thermal-control\/"},"modified":"2025-08-01T03:15:56","modified_gmt":"2025-08-01T03:15:56","slug":"alumiininen-vaiheenvaihdon-jaahdytyselementti-lammonsaatoa-varten","status":"publish","type":"product","link":"https:\/\/sinoextrud.com\/fi\/product\/aluminum-phase-change-heat-sink-for-thermal-control\/","title":{"rendered":"Alumiinivaiheen muutos j\u00e4\u00e4hdytyselementti l\u00e4mm\u00f6ns\u00e4\u00e4t\u00f6\u00f6n"},"content":{"rendered":"<h2>Tuotteiden tiedot<\/h2>\n<div class=\"product-table\">\n<div class=\"row\">\n<div class=\"cell label\">V\u00e4rit<\/div>\n<div class=\"cell value\">Hopea \/ valkoinen \/ musta \/ sininen \/ r\u00e4\u00e4t\u00e4l\u00f6it\u00e4viss\u00e4<\/div>\n<\/div>\n<div class=\"row\">\n<div class=\"cell label\">Pintak\u00e4sittely<\/div>\n<div class=\"cell value\">Hopea anodisoitu LED pin fin j\u00e4\u00e4hdytyselementti<\/div>\n<\/div>\n<div class=\"row\">\n<div class=\"cell label\">Materiaali<\/div>\n<div class=\"cell value\">AL1070<\/div>\n<\/div>\n<div class=\"row\">\n<div class=\"cell label\">Hinta<\/div>\n<div class=\"cell value\">Tehtaan hinta LED pin fin j\u00e4\u00e4hdytyselementti<\/div>\n<\/div>\n<div class=\"row\">\n<div class=\"cell label\">Koko<\/div>\n<div class=\"cell value\">muokattavissa<\/div>\n<\/div>\n<div class=\"row\">\n<div class=\"cell label\">Hakemus<\/div>\n<div class=\"cell value\">LED-valo, lahden valo<\/div>\n<\/div>\n<div class=\"row\">\n<div class=\"cell label\">jalostustekniikka<\/div>\n<div class=\"cell value\">Kylm\u00e4 taonta<\/div>\n<\/div>\n<div class=\"row\">\n<div class=\"cell label\">Tyyli<\/div>\n<div class=\"cell value\">Mukauttaminen<\/div>\n<\/div>\n<div class=\"row\">\n<div class=\"cell label\">Toimitusaika<\/div>\n<div class=\"cell value\">15-21 p\u00e4iv\u00e4\u00e4<\/div>\n<\/div>\n<div class=\"row\">\n<div class=\"cell label\">Pakkaus<\/div>\n<div class=\"cell value\">Kartonki<\/div>\n<\/div>\n<div class=\"row\">\n<div class=\"cell label\">Myyntiyksik\u00f6t<\/div>\n<div class=\"cell value\">Yksitt\u00e4inen tuote<\/div>\n<\/div>\n<div class=\"row\">\n<div class=\"cell label\">Yhden pakkauksen koko<\/div>\n<div class=\"cell value\">11.8X11.8X7 cm<\/div>\n<\/div>\n<div class=\"row\">\n<div class=\"cell label\">Yksitt\u00e4inen bruttopaino<\/div>\n<div class=\"cell value\">1.300 KG<\/div>\n<\/div>\n<\/div>\n<p><\/p>\n<h2>Tuotantopohjamme<\/h2>\n<h3>Tehtaan panoraama<\/h3>\n<p><img decoding=\"async\" src=\"\/wp-content\/uploads\/factory-01.webp\"\/><\/p>\n<h3>Alumiini Bar Manufacturing Workshop<\/h3>\n<p><img decoding=\"async\" src=\"\/wp-content\/uploads\/factory-02.webp\"\/><\/p>\n<p><img decoding=\"async\" src=\"\/wp-content\/uploads\/factory-03.webp\"\/><\/p>\n<h3>Muotin varastointi Varasto<\/h3>\n<p><img decoding=\"async\" src=\"\/wp-content\/uploads\/factory-04.webp\"\/><\/p>\n<h3>43 alumiinin ekstruusiolinjat (500-5500 tonnia)<\/h3>\n<p><img decoding=\"async\" src=\"\/wp-content\/uploads\/factory-05.webp\"\/><\/p>\n<p><img decoding=\"async\" src=\"\/wp-content\/uploads\/factory-06.webp\"\/><\/p>\n<p><img decoding=\"async\" src=\"\/wp-content\/uploads\/factory-07.webp\"\/><\/p>\n<h3>Jauhemaalaus ty\u00f6paja<\/h3>\n<p><img decoding=\"async\" src=\"\/wp-content\/uploads\/factory-09.webp\"\/><\/p>\n<h3>Anodisointi ty\u00f6paja<\/h3>\n<p><img decoding=\"async\" src=\"\/wp-content\/uploads\/factory-10.webp\"\/><\/p>\n<h3>Syv\u00e4k\u00e4sittelyn ty\u00f6paja<\/h3>\n<p><img decoding=\"async\" src=\"\/wp-content\/uploads\/factory-11.webp\"\/><\/p>\n<h3>CNC-tarkkuuskoneistus ty\u00f6paja<\/h3>\n<p><img decoding=\"async\" src=\"\/wp-content\/uploads\/factory-11.5.webp\"\/><\/p>\n<h3>Valmiiden tuotteiden ja vientivarasto<\/h3>\n<p><img decoding=\"async\" src=\"\/wp-content\/uploads\/factory-12.webp\"\/><\/p>\n<p><img decoding=\"async\" src=\"\/wp-content\/uploads\/factory-13.webp\"\/><\/p>\n<p><img decoding=\"async\" src=\"\/wp-content\/uploads\/factory-14.webp\"\/><\/p>\n<h2>FAQ<\/h2>\n<p><strong>1. Mik\u00e4 on t\u00e4rkein etu alumiinisen vaiheenvaihdon j\u00e4\u00e4hdytyslevyn k\u00e4yt\u00f6ss\u00e4?<\/strong><br \/>T\u00e4rkein etu on sen ylivoimainen l\u00e4mm\u00f6nhallinta hy\u00f6dynt\u00e4m\u00e4ll\u00e4 faasimuutosmateriaaleja, jotka parantavat l\u00e4mm\u00f6nsiirtotehokkuutta.<\/p>\n<p><strong>2. Voidaanko alumiinivaiheenvaihdon j\u00e4\u00e4hdytyselementti\u00e4 k\u00e4ytt\u00e4\u00e4 korkean suorituskyvyn laitteissa?<\/strong><br \/>Kyll\u00e4, se on suunniteltu erityisesti tehokasta l\u00e4mm\u00f6nhallintaa vaativaan huipputehokkaaseen elektroniikkaan.<\/p>\n<p><strong>3. Onko alumiinisen vaiheenvaihdon j\u00e4\u00e4hdytyslevyn koko muokattavissa?<\/strong><br \/>Kyll\u00e4, tarjoamme koon ja muodon r\u00e4\u00e4t\u00e4l\u00f6inti\u00e4 tiettyjen laitevaatimusten mukaan.<\/p>\n<p><strong>4. Mit\u00e4 materiaaleja on k\u00e4ytetty t\u00e4m\u00e4n j\u00e4\u00e4hdytyselementin rakentamisessa?<\/strong><br \/>Se on valmistettu kevyest\u00e4 alumiinista, johon on yhdistetty faasimuutosmateriaaleja optimaalisen suorituskyvyn varmistamiseksi.<\/p>\n<p><strong>5. Soveltuuko alumiinivaiheenvaihdon j\u00e4\u00e4hdytyselementti vaativiin ymp\u00e4rist\u00f6ihin?<\/strong><br \/>Kyll\u00e4, j\u00e4\u00e4hdytyselementti on suunniteltu tarjoamaan kest\u00e4v\u00e4\u00e4 ja pitk\u00e4aikaista suorituskyky\u00e4 my\u00f6s vaikeissa olosuhteissa.<\/p>\n<p><strong>6. Voidaanko j\u00e4\u00e4hdytyselementti integroida helposti olemassa oleviin j\u00e4rjestelmiin?<\/strong><br \/>Kyll\u00e4, sen kevyt alumiinirakenne mahdollistaa helpon integroinnin erilaisiin j\u00e4rjestelmiin.<\/p>\n<p><strong>7. Tarjoatteko tukea OEM- ja irtotilauksille?<\/strong><br \/>Kyll\u00e4, tarjoamme t\u00e4yden tuen OEM-hankkeille ja suurhankinnoille yrityksesi tarpeisiin.<\/p>\n<p><\/p>","protected":false},"featured_media":10769,"template":"","categories":[72],"class_list":["post-10939","product","type-product","status-publish","has-post-thumbnail","hentry","category-extruded-aluminum-heatsink"],"meta_box":{"hilight_text_group":[{"product_hilight_text":"<li>Provides efficient thermal management for high-performance electronics<\/li>\n<li>Utilizes phase change materials for superior heat dissipation<\/li>\n<li>Lightweight aluminum construction for easy integration<\/li>\n<li>Customizable size and shape to fit specific device requirements<\/li>\n<li>Durable design for long-lasting performance in harsh environments<\/li>"}],"feature_list":[]},"_links":{"self":[{"href":"https:\/\/sinoextrud.com\/fi\/wp-json\/wp\/v2\/product\/10939","targetHints":{"allow":["GET"]}}],"collection":[{"href":"https:\/\/sinoextrud.com\/fi\/wp-json\/wp\/v2\/product"}],"about":[{"href":"https:\/\/sinoextrud.com\/fi\/wp-json\/wp\/v2\/types\/product"}],"wp:featuredmedia":[{"embeddable":true,"href":"https:\/\/sinoextrud.com\/fi\/wp-json\/wp\/v2\/media\/10769"}],"wp:attachment":[{"href":"https:\/\/sinoextrud.com\/fi\/wp-json\/wp\/v2\/media?parent=10939"}],"wp:term":[{"taxonomy":"category","embeddable":true,"href":"https:\/\/sinoextrud.com\/fi\/wp-json\/wp\/v2\/categories?post=10939"}],"curies":[{"name":"wp","href":"https:\/\/api.w.org\/{rel}","templated":true}]}}