{"id":10935,"date":"2025-08-01T03:13:27","date_gmt":"2025-08-01T03:13:27","guid":{"rendered":"https:\/\/sinoextrud.com\/product\/aluminum-heatsink-power-box-for-outdoor-use\/"},"modified":"2025-08-01T03:13:27","modified_gmt":"2025-08-01T03:13:27","slug":"alumiininen-jaahdytyselementti-virtalahde-ulkokayttoon","status":"publish","type":"product","link":"https:\/\/sinoextrud.com\/fi\/product\/aluminum-heatsink-power-box-for-outdoor-use\/","title":{"rendered":"Alumiininen j\u00e4\u00e4hdytyselementti Power Box ulkok\u00e4ytt\u00f6\u00f6n"},"content":{"rendered":"<h2>Tuotteiden tiedot<\/h2>\n<div class=\"product-table\">\n<div class=\"row\">\n<div class=\"cell label\">suojausluokka<\/div>\n<div class=\"cell value\">IP67-68<\/div>\n<\/div>\n<div class=\"row\">\n<div class=\"cell label\">Materiaali<\/div>\n<div class=\"cell value\">ALSI12 \/ ADC12<\/div>\n<\/div>\n<div class=\"row\">\n<div class=\"cell label\">iskunkest\u00e4vyys<\/div>\n<div class=\"cell value\">IK08<\/div>\n<\/div>\n<div class=\"row\">\n<div class=\"cell label\">l\u00e4mp\u00f6tila-alueen k\u00e4ytt\u00e4minen<\/div>\n<div class=\"cell value\">-40\u2103-120\u2103<\/div>\n<\/div>\n<div class=\"row\">\n<div class=\"cell label\">Pintak\u00e4sittely<\/div>\n<div class=\"cell value\">Power Coating<\/div>\n<\/div>\n<div class=\"row\">\n<div class=\"cell label\">Hakemus<\/div>\n<div class=\"cell value\">Elektroniikka<\/div>\n<\/div>\n<div class=\"row\">\n<div class=\"cell label\">Prosessi<\/div>\n<div class=\"cell value\">Die Casting + ty\u00f6st\u00f6 + pintak\u00e4sittelyn<\/div>\n<\/div>\n<div class=\"row\">\n<div class=\"cell label\">Laadunvalvonta<\/div>\n<div class=\"cell value\">100% Tarkastettu \/ISO9001-j\u00e4rjestelm\u00e4<\/div>\n<\/div>\n<div class=\"row\">\n<div class=\"cell label\">Palvelu<\/div>\n<div class=\"cell value\">Yhden luukun r\u00e4\u00e4t\u00e4l\u00f6ity palvelu<\/div>\n<\/div>\n<div class=\"row\">\n<div class=\"cell label\">Myyntiyksik\u00f6t<\/div>\n<div class=\"cell value\">Yksitt\u00e4inen tuote<\/div>\n<\/div>\n<div class=\"row\">\n<div class=\"cell label\">Yhden pakkauksen koko<\/div>\n<div class=\"cell value\">50X40X20 cm<\/div>\n<\/div>\n<div class=\"row\">\n<div class=\"cell label\">Yksitt\u00e4inen bruttopaino<\/div>\n<div class=\"cell value\">18.000 KG<\/div>\n<\/div>\n<\/div>\n<p><\/p>\n<h2>Tuotantopohjamme<\/h2>\n<h3>Tehtaan panoraama<\/h3>\n<p><img decoding=\"async\" src=\"\/wp-content\/uploads\/factory-01.webp\"\/><\/p>\n<h3>Alumiini Bar Manufacturing Workshop<\/h3>\n<p><img decoding=\"async\" src=\"\/wp-content\/uploads\/factory-02.webp\"\/><\/p>\n<p><img decoding=\"async\" src=\"\/wp-content\/uploads\/factory-03.webp\"\/><\/p>\n<h3>Muotin varastointi Varasto<\/h3>\n<p><img decoding=\"async\" src=\"\/wp-content\/uploads\/factory-04.webp\"\/><\/p>\n<h3>43 alumiinin ekstruusiolinjat (500-5500 tonnia)<\/h3>\n<p><img decoding=\"async\" src=\"\/wp-content\/uploads\/factory-05.webp\"\/><\/p>\n<p><img decoding=\"async\" src=\"\/wp-content\/uploads\/factory-06.webp\"\/><\/p>\n<p><img decoding=\"async\" src=\"\/wp-content\/uploads\/factory-07.webp\"\/><\/p>\n<h3>Jauhemaalaus ty\u00f6paja<\/h3>\n<p><img decoding=\"async\" src=\"\/wp-content\/uploads\/factory-09.webp\"\/><\/p>\n<h3>Anodisointi ty\u00f6paja<\/h3>\n<p><img decoding=\"async\" src=\"\/wp-content\/uploads\/factory-10.webp\"\/><\/p>\n<h3>Syv\u00e4k\u00e4sittelyn ty\u00f6paja<\/h3>\n<p><img decoding=\"async\" src=\"\/wp-content\/uploads\/factory-11.webp\"\/><\/p>\n<h3>CNC-tarkkuuskoneistus ty\u00f6paja<\/h3>\n<p><img decoding=\"async\" src=\"\/wp-content\/uploads\/factory-11.5.webp\"\/><\/p>\n<h3>Valmiiden tuotteiden ja vientivarasto<\/h3>\n<p><img decoding=\"async\" src=\"\/wp-content\/uploads\/factory-12.webp\"\/><\/p>\n<p><img decoding=\"async\" src=\"\/wp-content\/uploads\/factory-13.webp\"\/><\/p>\n<p><img decoding=\"async\" src=\"\/wp-content\/uploads\/factory-14.webp\"\/><\/p>\n<h2>FAQ<\/h2>\n<p><strong>1. Mik\u00e4 on alumiinisen j\u00e4\u00e4hdytyselementin p\u00e4\u00e4teht\u00e4v\u00e4?<\/strong><br \/>Sen ensisijainen teht\u00e4v\u00e4 on johtaa tehokkaasti l\u00e4mp\u00f6\u00e4 elektroniikkakomponenteista ylikuumenemisen est\u00e4miseksi.<\/p>\n<p><strong>2. Voiko alumiininen j\u00e4\u00e4hdytyselementti Power Box r\u00e4\u00e4t\u00e4l\u00f6id\u00e4 koon ja muodon?<\/strong><br \/>Kyll\u00e4, r\u00e4\u00e4t\u00e4l\u00f6inti on mahdollista asiakkaan erityistarpeiden mukaan.<\/p>\n<p><strong>3. Soveltuuko alumiininen j\u00e4\u00e4hdytyselementti Power Box ulkok\u00e4ytt\u00f6\u00f6n?<\/strong><br \/>Kyll\u00e4, se on suunniteltu kest\u00e4m\u00e4\u00e4n erilaisia ymp\u00e4rist\u00f6olosuhteita, mutta se on suojattava optimaalisen pitk\u00e4ik\u00e4isyyden varmistamiseksi.<\/p>\n<p><strong>4. Mik\u00e4 on alumiinisen j\u00e4\u00e4hdytyselementin tyypillinen k\u00e4ytt\u00f6ik\u00e4?<\/strong><br \/>Asianmukaisella k\u00e4yt\u00f6ll\u00e4 se tarjoaa pitk\u00e4aikaisen kest\u00e4vyyden vankan alumiinirakenteensa ansiosta.<\/p>\n<p><strong>5. Tukeeko t\u00e4m\u00e4 tuote suuritehoisia sovelluksia?<\/strong><br \/>Kyll\u00e4, se hallitsee tehokkaasti l\u00e4mp\u00f6\u00e4 suuritehoisissa elektronisissa kokoonpanoissa.<\/p>\n<p><strong>6. Miten alumiini vaikuttaa Power Boxin tehokkuuteen?<\/strong><br \/>Alumiini tarjoaa erinomaisen l\u00e4mm\u00f6njohtavuuden, joten se on ihanteellinen l\u00e4mm\u00f6nsiirtoon.<\/p>\n<p><strong>7. Onko olemassa tiettyj\u00e4 teollisuudenaloja, jotka hy\u00f6tyv\u00e4t eniten t\u00e4st\u00e4 tuotteesta?<\/strong><br \/>Kyll\u00e4, elektroniikka-, auto- ja tietoliikenneteollisuus k\u00e4ytt\u00e4v\u00e4t sit\u00e4 usein sen luotettavan l\u00e4mm\u00f6nhallinnan vuoksi.<\/p>\n<p><\/p>","protected":false},"featured_media":10766,"template":"","categories":[68],"class_list":["post-10935","product","type-product","status-publish","has-post-thumbnail","hentry","category-cnc-machining-aluminum-profile"],"meta_box":{"hilight_text_group":[{"product_hilight_text":"<li>High thermal conductivity for effective heat dissipation<\/li>\n<li>Constructed with lightweight and durable aluminum material<\/li>\n<li>Ideal for various electronic and industrial applications<\/li>\n<li>Compatible with a wide range of power electronics<\/li>\n<li>Customizable design to fit specific client requirements<\/li>"}],"feature_list":[]},"_links":{"self":[{"href":"https:\/\/sinoextrud.com\/fi\/wp-json\/wp\/v2\/product\/10935","targetHints":{"allow":["GET"]}}],"collection":[{"href":"https:\/\/sinoextrud.com\/fi\/wp-json\/wp\/v2\/product"}],"about":[{"href":"https:\/\/sinoextrud.com\/fi\/wp-json\/wp\/v2\/types\/product"}],"wp:featuredmedia":[{"embeddable":true,"href":"https:\/\/sinoextrud.com\/fi\/wp-json\/wp\/v2\/media\/10766"}],"wp:attachment":[{"href":"https:\/\/sinoextrud.com\/fi\/wp-json\/wp\/v2\/media?parent=10935"}],"wp:term":[{"taxonomy":"category","embeddable":true,"href":"https:\/\/sinoextrud.com\/fi\/wp-json\/wp\/v2\/categories?post=10935"}],"curies":[{"name":"wp","href":"https:\/\/api.w.org\/{rel}","templated":true}]}}