{"id":10934,"date":"2025-08-01T03:13:25","date_gmt":"2025-08-01T03:13:25","guid":{"rendered":"https:\/\/sinoextrud.com\/product\/cnc-aluminum-heatsink-for-electronic-devices\/"},"modified":"2025-08-01T03:13:25","modified_gmt":"2025-08-01T03:13:25","slug":"cnc-alumiini-jaahdytyslevy-elektronisia-laitteita-varten","status":"publish","type":"product","link":"https:\/\/sinoextrud.com\/fi\/product\/cnc-aluminum-heatsink-for-electronic-devices\/","title":{"rendered":"CNC alumiini j\u00e4\u00e4hdytyslevy elektronisten laitteiden j\u00e4\u00e4hdytyselementti"},"content":{"rendered":"<h2>Tuotteiden tiedot<\/h2>\n<div class=\"product-table\">\n<div class=\"row\">\n<div class=\"cell label\">Luokka<\/div>\n<div class=\"cell value\">alumiiniseos<\/div>\n<\/div>\n<div class=\"row\">\n<div class=\"cell label\">Suvaitsevaisuus<\/div>\n<div class=\"cell value\">\u00c2\u00b11%<\/div>\n<\/div>\n<div class=\"row\">\n<div class=\"cell label\">Toimitusaika<\/div>\n<div class=\"cell value\">22-30 p\u00e4iv\u00e4\u00e4<\/div>\n<\/div>\n<div class=\"row\">\n<div class=\"cell label\">Temper<\/div>\n<div class=\"cell value\">\/<\/div>\n<\/div>\n<div class=\"row\">\n<div class=\"cell label\">Hakemus<\/div>\n<div class=\"cell value\">L\u00e4mm\u00f6nsiili<\/div>\n<\/div>\n<div class=\"row\">\n<div class=\"cell label\">Muoto<\/div>\n<div class=\"cell value\">neli\u00f6\/py\u00f6re\u00e4\/suorakulmio\/sylinterim\u00e4inen<\/div>\n<\/div>\n<div class=\"row\">\n<div class=\"cell label\">Metalliseos tai ei<\/div>\n<div class=\"cell value\">Onko seos<\/div>\n<\/div>\n<div class=\"row\">\n<div class=\"cell label\">K\u00e4sittelypalvelu<\/div>\n<div class=\"cell value\">Taivutus, purku, hitsaus, l\u00e4vistys, leikkaus<\/div>\n<\/div>\n<div class=\"row\">\n<div class=\"cell label\">Materiaali<\/div>\n<div class=\"cell value\">Alumiiniseos<\/div>\n<\/div>\n<div class=\"row\">\n<div class=\"cell label\">Pintak\u00e4sittely<\/div>\n<div class=\"cell value\">Anodisointi\/jauhemaalaus<\/div>\n<\/div>\n<div class=\"row\">\n<div class=\"cell label\">Pituus<\/div>\n<div class=\"cell value\">Mukautettu pituus<\/div>\n<\/div>\n<div class=\"row\">\n<div class=\"cell label\">Paksuus<\/div>\n<div class=\"cell value\">0.30mm-R\u00e4\u00e4t\u00e4l\u00f6ity<\/div>\n<\/div>\n<div class=\"row\">\n<div class=\"cell label\">K\u00e4ytt\u00f6<\/div>\n<div class=\"cell value\">LED-j\u00e4\u00e4hdytyselementti Alumiininen j\u00e4\u00e4hdytyselementti<\/div>\n<\/div>\n<div class=\"row\">\n<div class=\"cell label\">Syv\u00e4 prosessi<\/div>\n<div class=\"cell value\">CNC-jyrsint\u00e4 Weilding leikkaus taivutus<\/div>\n<\/div>\n<div class=\"row\">\n<div class=\"cell label\">Palvelu<\/div>\n<div class=\"cell value\">Yhden luukun palvelu. Koneistus-kokoonpano<\/div>\n<\/div>\n<div class=\"row\">\n<div class=\"cell label\">Ominaisuus<\/div>\n<div class=\"cell value\">Korkea korroosionkest\u00e4vyys<\/div>\n<\/div>\n<div class=\"row\">\n<div class=\"cell label\">OEM-palvelu<\/div>\n<div class=\"cell value\">Rakenteelliset alumiiniprofiilit<\/div>\n<\/div>\n<div class=\"row\">\n<div class=\"cell label\">Pakkaus<\/div>\n<div class=\"cell value\">Muovikalvo + EP-paperi + puinen<\/div>\n<\/div>\n<div class=\"row\">\n<div class=\"cell label\">Myyntiyksik\u00f6t<\/div>\n<div class=\"cell value\">Yksitt\u00e4inen tuote<\/div>\n<\/div>\n<\/div>\n<p><\/p>\n<h2>Tuotantopohjamme<\/h2>\n<h3>Tehtaan panoraama<\/h3>\n<p><img decoding=\"async\" src=\"\/wp-content\/uploads\/factory-01.webp\"\/><\/p>\n<h3>Alumiini Bar Manufacturing Workshop<\/h3>\n<p><img decoding=\"async\" src=\"\/wp-content\/uploads\/factory-02.webp\"\/><\/p>\n<p><img decoding=\"async\" src=\"\/wp-content\/uploads\/factory-03.webp\"\/><\/p>\n<h3>Muotin varastointi Varasto<\/h3>\n<p><img decoding=\"async\" src=\"\/wp-content\/uploads\/factory-04.webp\"\/><\/p>\n<h3>43 alumiinin ekstruusiolinjat (500-5500 tonnia)<\/h3>\n<p><img decoding=\"async\" src=\"\/wp-content\/uploads\/factory-05.webp\"\/><\/p>\n<p><img decoding=\"async\" src=\"\/wp-content\/uploads\/factory-06.webp\"\/><\/p>\n<p><img decoding=\"async\" src=\"\/wp-content\/uploads\/factory-07.webp\"\/><\/p>\n<h3>Jauhemaalaus ty\u00f6paja<\/h3>\n<p><img decoding=\"async\" src=\"\/wp-content\/uploads\/factory-09.webp\"\/><\/p>\n<h3>Anodisointi ty\u00f6paja<\/h3>\n<p><img decoding=\"async\" src=\"\/wp-content\/uploads\/factory-10.webp\"\/><\/p>\n<h3>Syv\u00e4k\u00e4sittelyn ty\u00f6paja<\/h3>\n<p><img decoding=\"async\" src=\"\/wp-content\/uploads\/factory-11.webp\"\/><\/p>\n<h3>CNC-tarkkuuskoneistus ty\u00f6paja<\/h3>\n<p><img decoding=\"async\" src=\"\/wp-content\/uploads\/factory-11.5.webp\"\/><\/p>\n<h3>Valmiiden tuotteiden ja vientivarasto<\/h3>\n<p><img decoding=\"async\" src=\"\/wp-content\/uploads\/factory-12.webp\"\/><\/p>\n<p><img decoding=\"async\" src=\"\/wp-content\/uploads\/factory-13.webp\"\/><\/p>\n<p><img decoding=\"async\" src=\"\/wp-content\/uploads\/factory-14.webp\"\/><\/p>\n<h2>FAQ<\/h2>\n<p><strong>1. Mit\u00e4 materiaaleja k\u00e4ytet\u00e4\u00e4n CNC-alumiini-j\u00e4\u00e4hdytyselementiss\u00e4?<\/strong><br \/>J\u00e4\u00e4hdytyslevy on valmistettu korkealaatuisesta alumiinista, joka takaa erinomaisen l\u00e4mm\u00f6nsiirron.<\/p>\n<p><strong>2. Voidaanko j\u00e4\u00e4hdytyselementti r\u00e4\u00e4t\u00e4l\u00f6id\u00e4 tiettyj\u00e4 sovelluksia varten?<\/strong><br \/>Kyll\u00e4, tarjoamme koon, muodon ja viimeistelyn r\u00e4\u00e4t\u00e4l\u00f6inti\u00e4 tarpeidesi mukaan.<\/p>\n<p><strong>3. Soveltuuko t\u00e4m\u00e4 j\u00e4\u00e4hdytyselementti korkean suorituskyvyn elektroniikkaan?<\/strong><br \/>Kyll\u00e4, se on suunniteltu johtamaan tehokkaasti l\u00e4mp\u00f6\u00e4 tehokkaista komponenteista.<\/p>\n<p><strong>4. Mitk\u00e4 teollisuudenalat voivat hy\u00f6ty\u00e4 t\u00e4m\u00e4n j\u00e4\u00e4hdytyselementin k\u00e4yt\u00f6st\u00e4?<\/strong><br \/>T\u00e4st\u00e4 tuotteesta on hy\u00f6ty\u00e4 elektroniikka-, auto- ja teollisuussovelluksissa.<\/p>\n<p><strong>5. Tarjoaako j\u00e4\u00e4hdytyselementti erilaisia viimeistelyvaihtoehtoja?<\/strong><br \/>Kyll\u00e4, tarjoamme erilaisia anodisoituja ja maalattuja pintoja esteettisiin ja toiminnallisiin tarkoituksiin.<\/p>\n<p><strong>6. Voimmeko tilata CNC-alumiinij\u00e4\u00e4hdytyslevyn irtotavarana?<\/strong><br \/>Kyll\u00e4, tuemme irtotilauksia ja tarjoamme kilpailukykyisen hinnoittelun suurille m\u00e4\u00e4rille.<\/p>\n<p><strong>7. Onko tuotteella takuu?<\/strong><br \/>Kyll\u00e4, annamme takuun, joka kattaa kaikki valmistusvirheet normaalissa k\u00e4yt\u00f6ss\u00e4.<\/p>\n<p><\/p>","protected":false},"featured_media":10843,"template":"","categories":[72],"class_list":["post-10934","product","type-product","status-publish","has-post-thumbnail","hentry","category-extruded-aluminum-heatsink"],"meta_box":{"hilight_text_group":[{"product_hilight_text":"<li>Precision engineered for optimal heat dissipation<\/li>\n<li>Customizable in size, shape, and finish for specific applications<\/li>\n<li>Manufactured using high-grade aluminum for enhanced thermal conductivity<\/li>\n<li>Ideal for use in electronics, automotive, and industrial sectors<\/li>\n<li>Supports OEM and ODM with flexible production capabilities<\/li>"}],"feature_list":[]},"_links":{"self":[{"href":"https:\/\/sinoextrud.com\/fi\/wp-json\/wp\/v2\/product\/10934","targetHints":{"allow":["GET"]}}],"collection":[{"href":"https:\/\/sinoextrud.com\/fi\/wp-json\/wp\/v2\/product"}],"about":[{"href":"https:\/\/sinoextrud.com\/fi\/wp-json\/wp\/v2\/types\/product"}],"wp:featuredmedia":[{"embeddable":true,"href":"https:\/\/sinoextrud.com\/fi\/wp-json\/wp\/v2\/media\/10843"}],"wp:attachment":[{"href":"https:\/\/sinoextrud.com\/fi\/wp-json\/wp\/v2\/media?parent=10934"}],"wp:term":[{"taxonomy":"category","embeddable":true,"href":"https:\/\/sinoextrud.com\/fi\/wp-json\/wp\/v2\/categories?post=10934"}],"curies":[{"name":"wp","href":"https:\/\/api.w.org\/{rel}","templated":true}]}}