{"id":10932,"date":"2025-08-01T03:13:20","date_gmt":"2025-08-01T03:13:20","guid":{"rendered":"https:\/\/sinoextrud.com\/product\/aluminum-pipe-sleeve-for-protection-and-insulation\/"},"modified":"2025-08-01T03:13:20","modified_gmt":"2025-08-01T03:13:20","slug":"alumiininen-putkiholkki-suojaa-ja-eristaa","status":"publish","type":"product","link":"https:\/\/sinoextrud.com\/fi\/product\/aluminum-pipe-sleeve-for-protection-and-insulation\/","title":{"rendered":"Alumiininen putkiholkki suojaamiseen ja erist\u00e4miseen"},"content":{"rendered":"<h2>Tuotteiden tiedot<\/h2>\n<div class=\"product-table\">\n<div class=\"row\">\n<div class=\"cell label\">Tekniikka<\/div>\n<div class=\"cell value\">Casting<\/div>\n<\/div>\n<div class=\"row\">\n<div class=\"cell label\">muoto<\/div>\n<div class=\"cell value\">ROUND<\/div>\n<\/div>\n<div class=\"row\">\n<div class=\"cell label\">P\u00e4\u00e4koodi<\/div>\n<div class=\"cell value\">Ontto<\/div>\n<\/div>\n<div class=\"row\">\n<div class=\"cell label\">Pintak\u00e4sittely<\/div>\n<div class=\"cell value\">sinkitty<\/div>\n<\/div>\n<div class=\"row\">\n<div class=\"cell label\">Asennusrei\u00e4n halkaisija<\/div>\n<div class=\"cell value\">28.4MM<\/div>\n<\/div>\n<div class=\"row\">\n<div class=\"cell label\">Putkiluokka<\/div>\n<div class=\"cell value\">Ei luokiteltu<\/div>\n<\/div>\n<div class=\"row\">\n<div class=\"cell label\">takuu<\/div>\n<div class=\"cell value\">Ei ole<\/div>\n<\/div>\n<div class=\"row\">\n<div class=\"cell label\">r\u00e4\u00e4t\u00e4l\u00f6ity tuki<\/div>\n<div class=\"cell value\">OEM<\/div>\n<\/div>\n<div class=\"row\">\n<div class=\"cell label\">Liitett\u00e4vyys<\/div>\n<div class=\"cell value\">Nainen<\/div>\n<\/div>\n<div class=\"row\">\n<div class=\"cell label\">Kokonaispituus<\/div>\n<div class=\"cell value\">43MM<\/div>\n<\/div>\n<div class=\"row\">\n<div class=\"cell label\">Tuotteen nimi<\/div>\n<div class=\"cell value\">Rivipalkki<\/div>\n<\/div>\n<div class=\"row\">\n<div class=\"cell label\">Materiaali<\/div>\n<div class=\"cell value\">Alu+ABS<\/div>\n<\/div>\n<div class=\"row\">\n<div class=\"cell label\">Pintak\u00e4sittely<\/div>\n<div class=\"cell value\">Sinkitty<\/div>\n<\/div>\n<div class=\"row\">\n<div class=\"cell label\">Pakkaus<\/div>\n<div class=\"cell value\">Kartonki<\/div>\n<\/div>\n<div class=\"row\">\n<div class=\"cell label\">Maksuehdot<\/div>\n<div class=\"cell value\">Trade Assurance<\/div>\n<\/div>\n<div class=\"row\">\n<div class=\"cell label\">Toimitusaika<\/div>\n<div class=\"cell value\">3-5 p\u00e4iv\u00e4\u00e4<\/div>\n<\/div>\n<div class=\"row\">\n<div class=\"cell label\">N\u00e4yte<\/div>\n<div class=\"cell value\">Vapaa<\/div>\n<\/div>\n<div class=\"row\">\n<div class=\"cell label\">Satama<\/div>\n<div class=\"cell value\">Ningbon satama\/Foshan<\/div>\n<\/div>\n<div class=\"row\">\n<div class=\"cell label\">Paketti<\/div>\n<div class=\"cell value\">Pieni pakkaus + laatikkopakkaus + lava<\/div>\n<\/div>\n<div class=\"row\">\n<div class=\"cell label\">Volyymituotanto<\/div>\n<div class=\"cell value\">Y<\/div>\n<\/div>\n<div class=\"row\">\n<div class=\"cell label\">Myyntiyksik\u00f6t<\/div>\n<div class=\"cell value\">Yksitt\u00e4inen tuote<\/div>\n<\/div>\n<div class=\"row\">\n<div class=\"cell label\">Yhden pakkauksen koko<\/div>\n<div class=\"cell value\">22.5X17X18 cm<\/div>\n<\/div>\n<div class=\"row\">\n<div class=\"cell label\">Yksitt\u00e4inen bruttopaino<\/div>\n<div class=\"cell value\">1.000 KG<\/div>\n<\/div>\n<\/div>\n<p><\/p>\n<h2>Tuotantopohjamme<\/h2>\n<h3>Tehtaan panoraama<\/h3>\n<p><img decoding=\"async\" src=\"\/wp-content\/uploads\/factory-01.webp\"\/><\/p>\n<h3>Alumiini Bar Manufacturing Workshop<\/h3>\n<p><img decoding=\"async\" src=\"\/wp-content\/uploads\/factory-02.webp\"\/><\/p>\n<p><img decoding=\"async\" src=\"\/wp-content\/uploads\/factory-03.webp\"\/><\/p>\n<h3>Muotin varastointi Varasto<\/h3>\n<p><img decoding=\"async\" src=\"\/wp-content\/uploads\/factory-04.webp\"\/><\/p>\n<h3>43 alumiinin ekstruusiolinjat (500-5500 tonnia)<\/h3>\n<p><img decoding=\"async\" src=\"\/wp-content\/uploads\/factory-05.webp\"\/><\/p>\n<p><img decoding=\"async\" src=\"\/wp-content\/uploads\/factory-06.webp\"\/><\/p>\n<p><img decoding=\"async\" src=\"\/wp-content\/uploads\/factory-07.webp\"\/><\/p>\n<h3>Jauhemaalaus ty\u00f6paja<\/h3>\n<p><img decoding=\"async\" src=\"\/wp-content\/uploads\/factory-09.webp\"\/><\/p>\n<h3>Anodisointi ty\u00f6paja<\/h3>\n<p><img decoding=\"async\" src=\"\/wp-content\/uploads\/factory-10.webp\"\/><\/p>\n<h3>Syv\u00e4k\u00e4sittelyn ty\u00f6paja<\/h3>\n<p><img decoding=\"async\" src=\"\/wp-content\/uploads\/factory-11.webp\"\/><\/p>\n<h3>CNC-tarkkuuskoneistus ty\u00f6paja<\/h3>\n<p><img decoding=\"async\" src=\"\/wp-content\/uploads\/factory-11.5.webp\"\/><\/p>\n<h3>Valmiiden tuotteiden ja vientivarasto<\/h3>\n<p><img decoding=\"async\" src=\"\/wp-content\/uploads\/factory-12.webp\"\/><\/p>\n<p><img decoding=\"async\" src=\"\/wp-content\/uploads\/factory-13.webp\"\/><\/p>\n<p><img decoding=\"async\" src=\"\/wp-content\/uploads\/factory-14.webp\"\/><\/p>\n<h2>FAQ<\/h2>\n<p><strong>1. Mit\u00e4 kokoja on saatavana alumiiniputkihylsyihin?<\/strong><br \/>Alumiininen putkiholkki voidaan r\u00e4\u00e4t\u00e4l\u00f6id\u00e4 eri putkien halkaisijoille sopivaksi.<\/p>\n<p><strong>2. Kest\u00e4\u00e4k\u00f6 alumiininen putkiholkki korroosiota?<\/strong><br \/>Kyll\u00e4, se on valmistettu korroosionkest\u00e4vist\u00e4 materiaaleista kest\u00e4vyyden varmistamiseksi.<\/p>\n<p><strong>3. Voidaanko alumiinista putkihylsy\u00e4 k\u00e4ytt\u00e4\u00e4 korkean l\u00e4mp\u00f6tilan sovelluksissa?<\/strong><br \/>Kyll\u00e4, se on suunniteltu tarjoamaan l\u00e4mp\u00f6suojaa korkean l\u00e4mp\u00f6tilan ymp\u00e4rist\u00f6iss\u00e4.<\/p>\n<p><strong>4. Miten asennan alumiinisen putkiholkin?<\/strong><br \/>Kevyt rakenne mahdollistaa helpon asennuksen, johon tarvitaan yleens\u00e4 vain v\u00e4h\u00e4n ty\u00f6kaluja.<\/p>\n<p><strong>5. Mitk\u00e4 teollisuudenalat voivat hy\u00f6ty\u00e4 alumiinisten putkiholkkien k\u00e4yt\u00f6st\u00e4?<\/strong><br \/>Teollisuudessa, kuten \u00f6ljy- ja kaasuteollisuudessa, kemianteollisuudessa ja rakennusalalla k\u00e4ytet\u00e4\u00e4n usein n\u00e4it\u00e4 holkkeja.<\/p>\n<p><strong>6. Voidaanko alumiininen putkiholkki r\u00e4\u00e4t\u00e4l\u00f6id\u00e4 erityisvaatimusten mukaan?<\/strong><br \/>Kyll\u00e4, se voidaan r\u00e4\u00e4t\u00e4l\u00f6id\u00e4 kooltaan ja muotoilultaan vastaamaan erityistarpeita.<\/p>\n<p><strong>7. Tarjoatteko alumiiniputkihylsyjen kansainv\u00e4list\u00e4 toimitusta?<\/strong><br \/>Kyll\u00e4, tarjoamme maailmanlaajuisia toimituksia ja voimme hoitaa tarvittavan logistiikan.<\/p>\n<p><\/p>","protected":false},"featured_media":10844,"template":"","categories":[55],"class_list":["post-10932","product","type-product","status-publish","has-post-thumbnail","hentry","category-extruded-aluminum-profiles"],"meta_box":{"hilight_text_group":[{"product_hilight_text":"<li>Engineered for efficient thermal and mechanical protection<\/li>\n<li>Highly adaptable to fit a wide range of pipe diameters<\/li>\n<li>Constructed from premium-grade aluminum for durability<\/li>\n<li>Lightweight design for easy installation and handling<\/li>\n<li>Corrosion-resistant to enhance service life<\/li>"}],"feature_list":[]},"_links":{"self":[{"href":"https:\/\/sinoextrud.com\/fi\/wp-json\/wp\/v2\/product\/10932","targetHints":{"allow":["GET"]}}],"collection":[{"href":"https:\/\/sinoextrud.com\/fi\/wp-json\/wp\/v2\/product"}],"about":[{"href":"https:\/\/sinoextrud.com\/fi\/wp-json\/wp\/v2\/types\/product"}],"wp:featuredmedia":[{"embeddable":true,"href":"https:\/\/sinoextrud.com\/fi\/wp-json\/wp\/v2\/media\/10844"}],"wp:attachment":[{"href":"https:\/\/sinoextrud.com\/fi\/wp-json\/wp\/v2\/media?parent=10932"}],"wp:term":[{"taxonomy":"category","embeddable":true,"href":"https:\/\/sinoextrud.com\/fi\/wp-json\/wp\/v2\/categories?post=10932"}],"curies":[{"name":"wp","href":"https:\/\/api.w.org\/{rel}","templated":true}]}}