{"id":10929,"date":"2025-08-01T03:13:13","date_gmt":"2025-08-01T03:13:13","guid":{"rendered":"https:\/\/sinoextrud.com\/product\/aluminum-heatsink-extrusion-for-power-devices\/"},"modified":"2025-08-01T03:13:13","modified_gmt":"2025-08-01T03:13:13","slug":"alumiininen-jaahdytyselementti-puristettu-teholaitteita-varten","status":"publish","type":"product","link":"https:\/\/sinoextrud.com\/fi\/product\/aluminum-heatsink-extrusion-for-power-devices\/","title":{"rendered":"Alumiininen j\u00e4\u00e4hdytyslevyjen puristaminen teholaitteita varten"},"content":{"rendered":"<h2>Tuotteiden tiedot<\/h2>\n<div class=\"product-table\">\n<div class=\"row\">\n<div class=\"cell label\">Luokka<\/div>\n<div class=\"cell value\">6000-sarja<\/div>\n<\/div>\n<div class=\"row\">\n<div class=\"cell label\">Suvaitsevaisuus<\/div>\n<div class=\"cell value\">\u00c2\u00b11%<\/div>\n<\/div>\n<div class=\"row\">\n<div class=\"cell label\">Toimitusaika<\/div>\n<div class=\"cell value\">15-21 p\u00e4iv\u00e4\u00e4<\/div>\n<\/div>\n<div class=\"row\">\n<div class=\"cell label\">Temper<\/div>\n<div class=\"cell value\">T3-T8<\/div>\n<\/div>\n<div class=\"row\">\n<div class=\"cell label\">Hakemus<\/div>\n<div class=\"cell value\">L\u00e4mm\u00f6nsiili<\/div>\n<\/div>\n<div class=\"row\">\n<div class=\"cell label\">Muoto<\/div>\n<div class=\"cell value\">Neli\u00f6<\/div>\n<\/div>\n<div class=\"row\">\n<div class=\"cell label\">Metalliseos tai ei<\/div>\n<div class=\"cell value\">Onko seos<\/div>\n<\/div>\n<div class=\"row\">\n<div class=\"cell label\">K\u00e4sittelypalvelu<\/div>\n<div class=\"cell value\">Taivutus, purku, hitsaus, rei'itys, leikkaus, rullapinta, rullapinta, rullapinta<\/div>\n<\/div>\n<div class=\"row\">\n<div class=\"cell label\">Tuotteen nimi<\/div>\n<div class=\"cell value\">CNC-ty\u00f6st\u00f6osat<\/div>\n<\/div>\n<div class=\"row\">\n<div class=\"cell label\">Prosessi<\/div>\n<div class=\"cell value\">Skiving fin + CNC-ty\u00f6st\u00f6<\/div>\n<\/div>\n<div class=\"row\">\n<div class=\"cell label\">K\u00e4ytt\u00f6<\/div>\n<div class=\"cell value\">Kokoonpano<\/div>\n<\/div>\n<div class=\"row\">\n<div class=\"cell label\">V\u00e4ri<\/div>\n<div class=\"cell value\">Hopea<\/div>\n<\/div>\n<div class=\"row\">\n<div class=\"cell label\">Pintak\u00e4sittely<\/div>\n<div class=\"cell value\">Anodisointi<\/div>\n<\/div>\n<div class=\"row\">\n<div class=\"cell label\">MOQ<\/div>\n<div class=\"cell value\">2kpl<\/div>\n<\/div>\n<div class=\"row\">\n<div class=\"cell label\">Materiaali<\/div>\n<div class=\"cell value\">Metalliseos\/kupari<\/div>\n<\/div>\n<div class=\"row\">\n<div class=\"cell label\">Paketti<\/div>\n<div class=\"cell value\">Vaahto + kartonki<\/div>\n<\/div>\n<div class=\"row\">\n<div class=\"cell label\">Mitta<\/div>\n<div class=\"cell value\">R\u00e4\u00e4t\u00e4l\u00f6ity<\/div>\n<\/div>\n<div class=\"row\">\n<div class=\"cell label\">Suvaitsevaisuus<\/div>\n<div class=\"cell value\">0.01-0.05mm<\/div>\n<\/div>\n<div class=\"row\">\n<div class=\"cell label\">Myyntiyksik\u00f6t<\/div>\n<div class=\"cell value\">Yksitt\u00e4inen tuote<\/div>\n<\/div>\n<div class=\"row\">\n<div class=\"cell label\">Yhden pakkauksen koko<\/div>\n<div class=\"cell value\">35X30X25 cm<\/div>\n<\/div>\n<div class=\"row\">\n<div class=\"cell label\">Yksitt\u00e4inen bruttopaino<\/div>\n<div class=\"cell value\">2.000 KG<\/div>\n<\/div>\n<\/div>\n<p><\/p>\n<h2>Tuotantopohjamme<\/h2>\n<h3>Tehtaan panoraama<\/h3>\n<p><img decoding=\"async\" src=\"\/wp-content\/uploads\/factory-01.webp\"\/><\/p>\n<h3>Alumiini Bar Manufacturing Workshop<\/h3>\n<p><img decoding=\"async\" src=\"\/wp-content\/uploads\/factory-02.webp\"\/><\/p>\n<p><img decoding=\"async\" src=\"\/wp-content\/uploads\/factory-03.webp\"\/><\/p>\n<h3>Muotin varastointi Varasto<\/h3>\n<p><img decoding=\"async\" src=\"\/wp-content\/uploads\/factory-04.webp\"\/><\/p>\n<h3>43 alumiinin ekstruusiolinjat (500-5500 tonnia)<\/h3>\n<p><img decoding=\"async\" src=\"\/wp-content\/uploads\/factory-05.webp\"\/><\/p>\n<p><img decoding=\"async\" src=\"\/wp-content\/uploads\/factory-06.webp\"\/><\/p>\n<p><img decoding=\"async\" src=\"\/wp-content\/uploads\/factory-07.webp\"\/><\/p>\n<h3>Jauhemaalaus ty\u00f6paja<\/h3>\n<p><img decoding=\"async\" src=\"\/wp-content\/uploads\/factory-09.webp\"\/><\/p>\n<h3>Anodisointi ty\u00f6paja<\/h3>\n<p><img decoding=\"async\" src=\"\/wp-content\/uploads\/factory-10.webp\"\/><\/p>\n<h3>Syv\u00e4k\u00e4sittelyn ty\u00f6paja<\/h3>\n<p><img decoding=\"async\" src=\"\/wp-content\/uploads\/factory-11.webp\"\/><\/p>\n<h3>CNC-tarkkuuskoneistus ty\u00f6paja<\/h3>\n<p><img decoding=\"async\" src=\"\/wp-content\/uploads\/factory-11.5.webp\"\/><\/p>\n<h3>Valmiiden tuotteiden ja vientivarasto<\/h3>\n<p><img decoding=\"async\" src=\"\/wp-content\/uploads\/factory-12.webp\"\/><\/p>\n<p><img decoding=\"async\" src=\"\/wp-content\/uploads\/factory-13.webp\"\/><\/p>\n<p><img decoding=\"async\" src=\"\/wp-content\/uploads\/factory-14.webp\"\/><\/p>\n<h2>FAQ<\/h2>\n<p><strong>1. Mihin alumiinista valmistettua j\u00e4\u00e4hdytyselementti\u00e4 k\u00e4ytet\u00e4\u00e4n?<\/strong><br \/>Sit\u00e4 k\u00e4ytet\u00e4\u00e4n ensisijaisesti poistamaan l\u00e4mp\u00f6\u00e4 elektroniikkakomponenteista, mik\u00e4 takaa optimaalisen suorituskyvyn ja pitk\u00e4ik\u00e4isyyden.<\/p>\n<p><strong>2. Voidaanko alumiinisia j\u00e4\u00e4hdytyselementtipuristeita r\u00e4\u00e4t\u00e4l\u00f6id\u00e4 tiettyj\u00e4 projekteja varten?<\/strong><br \/>Kyll\u00e4, tarjoamme r\u00e4\u00e4t\u00e4l\u00f6ity\u00e4 suunnittelua ja valmistusta, jotta voimme t\u00e4ytt\u00e4\u00e4 ainutlaatuiset projektieritelm\u00e4t.<\/p>\n<p><strong>3. Toimitatteko n\u00e4ytteit\u00e4 alumiinista valmistetuista j\u00e4\u00e4hdytyslevyist\u00e4?<\/strong><br \/>Kyll\u00e4, n\u00e4ytteit\u00e4 voidaan j\u00e4rjest\u00e4\u00e4 suunnittelun ja l\u00e4mp\u00f6tehokkuuden arvioimiseksi.<\/p>\n<p><strong>4. Mitk\u00e4 ovat alumiinisten j\u00e4\u00e4hdytyselementtien vakiomitat?<\/strong><br \/>Tarjoamme useita vakiokokoja, mutta mittoja voidaan valmistaa pyynn\u00f6st\u00e4 my\u00f6s mittatilausty\u00f6n\u00e4.<\/p>\n<p><strong>5. Onko r\u00e4\u00e4t\u00e4l\u00f6idyill\u00e4 j\u00e4\u00e4hdytyselementtien puristekappaleilla v\u00e4himm\u00e4istilausm\u00e4\u00e4r\u00e4?<\/strong><br \/>MOQ vaihtelee, mutta yleisesti ottaen palvelemme sek\u00e4 pieni\u00e4 ett\u00e4 suuria tilauksia tarpeen mukaan.<\/p>\n<p><strong>6. Miten alumiini vertautuu muihin materiaaleihin j\u00e4\u00e4hdytyselementtisovelluksissa?<\/strong><br \/>Alumiinia suositaan sen erinomaisen keveyden ja l\u00e4mm\u00f6njohtavuuden tasapainon vuoksi, joten se on ihanteellinen j\u00e4\u00e4hdytyslevyihin.<\/p>\n<p><strong>7. Tarjoatteko kansainv\u00e4list\u00e4 toimitusta alumiinisille j\u00e4\u00e4hdytyselementtien puristekappaleille?<\/strong><br \/>Kyll\u00e4, tarjoamme maailmanlaajuisia kuljetusratkaisuja ja kattavaa logistista tukea.<\/p>\n<p><\/p>","protected":false},"featured_media":10761,"template":"","categories":[72],"class_list":["post-10929","product","type-product","status-publish","has-post-thumbnail","hentry","category-extruded-aluminum-heatsink"],"meta_box":{"hilight_text_group":[{"product_hilight_text":"<li>Widely applicable in electronics for efficient heat dissipation<\/li>\n<li>Custom extrusion profiles to meet specific design requirements<\/li>\n<li>High thermal conductivity for enhanced performance<\/li>\n<li>Lightweight yet durable construction for various industrial uses<\/li>\n<li>Available in standard and custom finishes for aesthetics and protection<\/li>"}],"feature_list":[]},"_links":{"self":[{"href":"https:\/\/sinoextrud.com\/fi\/wp-json\/wp\/v2\/product\/10929","targetHints":{"allow":["GET"]}}],"collection":[{"href":"https:\/\/sinoextrud.com\/fi\/wp-json\/wp\/v2\/product"}],"about":[{"href":"https:\/\/sinoextrud.com\/fi\/wp-json\/wp\/v2\/types\/product"}],"wp:featuredmedia":[{"embeddable":true,"href":"https:\/\/sinoextrud.com\/fi\/wp-json\/wp\/v2\/media\/10761"}],"wp:attachment":[{"href":"https:\/\/sinoextrud.com\/fi\/wp-json\/wp\/v2\/media?parent=10929"}],"wp:term":[{"taxonomy":"category","embeddable":true,"href":"https:\/\/sinoextrud.com\/fi\/wp-json\/wp\/v2\/categories?post=10929"}],"curies":[{"name":"wp","href":"https:\/\/api.w.org\/{rel}","templated":true}]}}