{"id":10927,"date":"2025-08-01T03:13:09","date_gmt":"2025-08-01T03:13:09","guid":{"rendered":"https:\/\/sinoextrud.com\/product\/stir-welding-aluminum-for-structural-assembly\/"},"modified":"2025-08-01T03:13:09","modified_gmt":"2025-08-01T03:13:09","slug":"alumiinin-sekoitushitsaus-rakenteellista-kokoonpanoa-varten","status":"publish","type":"product","link":"https:\/\/sinoextrud.com\/fi\/product\/stir-welding-aluminum-for-structural-assembly\/","title":{"rendered":"Stir Welding alumiini rakennekokoonpanoon"},"content":{"rendered":"<h2>Tuotteiden tiedot<\/h2>\n<div class=\"product-table\">\n<div class=\"row\">\n<div class=\"cell label\">Luokka<\/div>\n<div class=\"cell value\">6000-sarja<\/div>\n<\/div>\n<div class=\"row\">\n<div class=\"cell label\">Suvaitsevaisuus<\/div>\n<div class=\"cell value\">\u00c2\u00b11%<\/div>\n<\/div>\n<div class=\"row\">\n<div class=\"cell label\">Toimitusaika<\/div>\n<div class=\"cell value\">22-30 p\u00e4iv\u00e4\u00e4<\/div>\n<\/div>\n<div class=\"row\">\n<div class=\"cell label\">Temper<\/div>\n<div class=\"cell value\">T3-T8<\/div>\n<\/div>\n<div class=\"row\">\n<div class=\"cell label\">Hakemus<\/div>\n<div class=\"cell value\">led\/elektroniikka\/cpu\/teollisuus<\/div>\n<\/div>\n<div class=\"row\">\n<div class=\"cell label\">Muoto<\/div>\n<div class=\"cell value\">custom<\/div>\n<\/div>\n<div class=\"row\">\n<div class=\"cell label\">Metalliseos tai ei<\/div>\n<div class=\"cell value\">Onko seos<\/div>\n<\/div>\n<div class=\"row\">\n<div class=\"cell label\">K\u00e4sittelypalvelu<\/div>\n<div class=\"cell value\">Taivutus, purku, hitsaus, l\u00e4vistys, leikkaus<\/div>\n<\/div>\n<div class=\"row\">\n<div class=\"cell label\">Tuotteen nimi<\/div>\n<div class=\"cell value\">Mukautettu alumiininen j\u00e4\u00e4hdytyselementti<\/div>\n<\/div>\n<div class=\"row\">\n<div class=\"cell label\">Materiaali<\/div>\n<div class=\"cell value\">6063 6061 6005 Alumiiniseos 6063 6061 6005 Alumiiniseos<\/div>\n<\/div>\n<div class=\"row\">\n<div class=\"cell label\">V\u00e4ri<\/div>\n<div class=\"cell value\">Hopea, musta, kultainen musta ja niin edelleen<\/div>\n<\/div>\n<div class=\"row\">\n<div class=\"cell label\">Pintak\u00e4sittely<\/div>\n<div class=\"cell value\">Mill Finish, anodisointi, jauhemaalaus<\/div>\n<\/div>\n<div class=\"row\">\n<div class=\"cell label\">Ominaisuus<\/div>\n<div class=\"cell value\">Korkea korroosionkest\u00e4vyys<\/div>\n<\/div>\n<div class=\"row\">\n<div class=\"cell label\">muoto<\/div>\n<div class=\"cell value\">R\u00e4\u00e4t\u00e4l\u00f6ity<\/div>\n<\/div>\n<div class=\"row\">\n<div class=\"cell label\">K\u00e4ytt\u00f6<\/div>\n<div class=\"cell value\">Led\/elektroniikka\/cpu\/teollisuus<\/div>\n<\/div>\n<div class=\"row\">\n<div class=\"cell label\">N\u00e4yte<\/div>\n<div class=\"cell value\">Ilmainen n\u00e4yte<\/div>\n<\/div>\n<div class=\"row\">\n<div class=\"cell label\">Pituus<\/div>\n<div class=\"cell value\">Mukautettu pituus<\/div>\n<\/div>\n<div class=\"row\">\n<div class=\"cell label\">Palvelu<\/div>\n<div class=\"cell value\">OEM ODM<\/div>\n<\/div>\n<div class=\"row\">\n<div class=\"cell label\">Myyntiyksik\u00f6t<\/div>\n<div class=\"cell value\">Yksitt\u00e4inen tuote<\/div>\n<\/div>\n<div class=\"row\">\n<div class=\"cell label\">Yhden pakkauksen koko<\/div>\n<div class=\"cell value\">30X20X50 cm<\/div>\n<\/div>\n<div class=\"row\">\n<div class=\"cell label\">Yksitt\u00e4inen bruttopaino<\/div>\n<div class=\"cell value\">5.000 KG<\/div>\n<\/div>\n<\/div>\n<p><\/p>\n<h2>Tuotantopohjamme<\/h2>\n<h3>Tehtaan panoraama<\/h3>\n<p><img decoding=\"async\" src=\"\/wp-content\/uploads\/factory-01.webp\"\/><\/p>\n<h3>Alumiini Bar Manufacturing Workshop<\/h3>\n<p><img decoding=\"async\" src=\"\/wp-content\/uploads\/factory-02.webp\"\/><\/p>\n<p><img decoding=\"async\" src=\"\/wp-content\/uploads\/factory-03.webp\"\/><\/p>\n<h3>Muotin varastointi Varasto<\/h3>\n<p><img decoding=\"async\" src=\"\/wp-content\/uploads\/factory-04.webp\"\/><\/p>\n<h3>43 alumiinin ekstruusiolinjat (500-5500 tonnia)<\/h3>\n<p><img decoding=\"async\" src=\"\/wp-content\/uploads\/factory-05.webp\"\/><\/p>\n<p><img decoding=\"async\" src=\"\/wp-content\/uploads\/factory-06.webp\"\/><\/p>\n<p><img decoding=\"async\" src=\"\/wp-content\/uploads\/factory-07.webp\"\/><\/p>\n<h3>Jauhemaalaus ty\u00f6paja<\/h3>\n<p><img decoding=\"async\" src=\"\/wp-content\/uploads\/factory-09.webp\"\/><\/p>\n<h3>Anodisointi ty\u00f6paja<\/h3>\n<p><img decoding=\"async\" src=\"\/wp-content\/uploads\/factory-10.webp\"\/><\/p>\n<h3>Syv\u00e4k\u00e4sittelyn ty\u00f6paja<\/h3>\n<p><img decoding=\"async\" src=\"\/wp-content\/uploads\/factory-11.webp\"\/><\/p>\n<h3>CNC-tarkkuuskoneistus ty\u00f6paja<\/h3>\n<p><img decoding=\"async\" src=\"\/wp-content\/uploads\/factory-11.5.webp\"\/><\/p>\n<h3>Valmiiden tuotteiden ja vientivarasto<\/h3>\n<p><img decoding=\"async\" src=\"\/wp-content\/uploads\/factory-12.webp\"\/><\/p>\n<p><img decoding=\"async\" src=\"\/wp-content\/uploads\/factory-13.webp\"\/><\/p>\n<p><img decoding=\"async\" src=\"\/wp-content\/uploads\/factory-14.webp\"\/><\/p>\n<h2>FAQ<\/h2>\n<p><strong>1. Mihin alumiinin sekoitushitsausta k\u00e4ytet\u00e4\u00e4n parhaiten?<\/strong><br \/>Alumiinin sekoitushitsaus sopii erinomaisesti alumiiniseosten yhdist\u00e4miseen autoteollisuudessa, ilmailu- ja avaruusteollisuudessa sek\u00e4 rakennusteollisuudessa.<\/p>\n<p><strong>2. V\u00e4hent\u00e4\u00e4k\u00f6 alumiinin sekoitushitsaus hitsausvirheit\u00e4?<\/strong><br \/>Kyll\u00e4, se minimoi merkitt\u00e4v\u00e4sti virheit\u00e4 verrattuna perinteisiin hitsausmenetelmiin.<\/p>\n<p><strong>3. Onko alumiinin sekoitushitsaus ymp\u00e4rist\u00f6yst\u00e4v\u00e4llist\u00e4?<\/strong><br \/>Kyll\u00e4, se on energiatehokas prosessi, joka v\u00e4hent\u00e4\u00e4 p\u00e4\u00e4st\u00f6j\u00e4.<\/p>\n<p><strong>4. Voiko alumiinin sekoitushitsaus k\u00e4sitell\u00e4 eri paksuuksia?<\/strong><br \/>Kyll\u00e4, se on yhteensopiva eri paksuuksien ja alumiiniseosten kanssa.<\/p>\n<p><strong>5. Soveltuuko alumiinin sekoitushitsaus korkealujuuskohteisiin?<\/strong><br \/>Kyll\u00e4, sill\u00e4 saadaan lujat, saumattomat liitokset, jotka soveltuvat rakenteelliseen k\u00e4ytt\u00f6\u00f6n.<\/p>\n<p><strong>6. Parantaako alumiinin sekoitushitsaus tuotteen pitk\u00e4ik\u00e4isyytt\u00e4?<\/strong><br \/>Kyll\u00e4, se parantaa rakenteellista eheytt\u00e4, mik\u00e4 lis\u00e4\u00e4 kest\u00e4vyytt\u00e4.<\/p>\n<p><strong>7. Onko olemassa tiettyj\u00e4 teollisuudenaloja, jotka hy\u00f6tyv\u00e4t eniten alumiinin sekoitushitsauksesta?<\/strong><br \/>Auto-, ilmailu- ja avaruusteollisuus sek\u00e4 rakennusteollisuus hy\u00f6tyv\u00e4t suuresti t\u00e4st\u00e4 tekniikasta.<\/p>\n<p><\/p>","protected":false},"featured_media":10847,"template":"","categories":[55],"class_list":["post-10927","product","type-product","status-publish","has-post-thumbnail","hentry","category-extruded-aluminum-profiles"],"meta_box":{"hilight_text_group":[{"product_hilight_text":"<li>Suitable for a wide range of industrial applications<\/li>\n<li>Ensures high-strength and seamless aluminum joints<\/li>\n<li>Reduces welding defects and improves structural integrity<\/li>\n<li>Energy-efficient and environmentally friendly process<\/li>\n<li>Compatible with various aluminum alloys and thicknesses<\/li>"}],"feature_list":[]},"_links":{"self":[{"href":"https:\/\/sinoextrud.com\/fi\/wp-json\/wp\/v2\/product\/10927","targetHints":{"allow":["GET"]}}],"collection":[{"href":"https:\/\/sinoextrud.com\/fi\/wp-json\/wp\/v2\/product"}],"about":[{"href":"https:\/\/sinoextrud.com\/fi\/wp-json\/wp\/v2\/types\/product"}],"wp:featuredmedia":[{"embeddable":true,"href":"https:\/\/sinoextrud.com\/fi\/wp-json\/wp\/v2\/media\/10847"}],"wp:attachment":[{"href":"https:\/\/sinoextrud.com\/fi\/wp-json\/wp\/v2\/media?parent=10927"}],"wp:term":[{"taxonomy":"category","embeddable":true,"href":"https:\/\/sinoextrud.com\/fi\/wp-json\/wp\/v2\/categories?post=10927"}],"curies":[{"name":"wp","href":"https:\/\/api.w.org\/{rel}","templated":true}]}}