{"id":10924,"date":"2025-08-01T03:13:02","date_gmt":"2025-08-01T03:13:02","guid":{"rendered":"https:\/\/sinoextrud.com\/product\/aluminum-heat-sink-material-for-custom-solutions\/"},"modified":"2025-08-01T03:13:02","modified_gmt":"2025-08-01T03:13:02","slug":"alumiini-jaahdytyselementti-materiaali-raataloityja-ratkaisuja-varten","status":"publish","type":"product","link":"https:\/\/sinoextrud.com\/fi\/product\/aluminum-heat-sink-material-for-custom-solutions\/","title":{"rendered":"Alumiininen j\u00e4\u00e4hdytyselementti materiaali mukautettuja ratkaisuja varten"},"content":{"rendered":"<h2>Tuotteiden tiedot<\/h2>\n<div class=\"product-table\">\n<div class=\"row\">\n<div class=\"cell label\">Luokka<\/div>\n<div class=\"cell value\">6000-sarja<\/div>\n<\/div>\n<div class=\"row\">\n<div class=\"cell label\">Suvaitsevaisuus<\/div>\n<div class=\"cell value\">\u00c2\u00b11%<\/div>\n<\/div>\n<div class=\"row\">\n<div class=\"cell label\">Toimitusaika<\/div>\n<div class=\"cell value\">15-21 p\u00e4iv\u00e4\u00e4<\/div>\n<\/div>\n<div class=\"row\">\n<div class=\"cell label\">Temper<\/div>\n<div class=\"cell value\">T4-T6<\/div>\n<\/div>\n<div class=\"row\">\n<div class=\"cell label\">Hakemus<\/div>\n<div class=\"cell value\">Teollinen<\/div>\n<\/div>\n<div class=\"row\">\n<div class=\"cell label\">Muoto<\/div>\n<div class=\"cell value\">r\u00e4\u00e4t\u00e4l\u00f6ity<\/div>\n<\/div>\n<div class=\"row\">\n<div class=\"cell label\">Metalliseos tai ei<\/div>\n<div class=\"cell value\">Onko seos<\/div>\n<\/div>\n<div class=\"row\">\n<div class=\"cell label\">K\u00e4sittelypalvelu<\/div>\n<div class=\"cell value\">Taivutus, purku, hitsaus, l\u00e4vistys, leikkaus<\/div>\n<\/div>\n<div class=\"row\">\n<div class=\"cell label\">Tyyppi<\/div>\n<div class=\"cell value\">OEM ODM<\/div>\n<\/div>\n<div class=\"row\">\n<div class=\"cell label\">Paksuus<\/div>\n<div class=\"cell value\">1mm-500mm<\/div>\n<\/div>\n<div class=\"row\">\n<div class=\"cell label\">Leveys<\/div>\n<div class=\"cell value\">10mm-600mm<\/div>\n<\/div>\n<div class=\"row\">\n<div class=\"cell label\">Pituus<\/div>\n<div class=\"cell value\">1000mm-12000mm tai r\u00e4\u00e4t\u00e4l\u00f6ity<\/div>\n<\/div>\n<div class=\"row\">\n<div class=\"cell label\">Standardi<\/div>\n<div class=\"cell value\">GB, ASTM, EN, JIS, AISI, DIN, JIS, GB, ASTM, EN, JIS, AISI, DIN.<\/div>\n<\/div>\n<div class=\"row\">\n<div class=\"cell label\">Pinta<\/div>\n<div class=\"cell value\">Mill Finish, anodisointi, jauhemaalaus jne.<\/div>\n<\/div>\n<div class=\"row\">\n<div class=\"cell label\">Sertifiointi<\/div>\n<div class=\"cell value\">CE, ISO9001, ISO14001, ISO45001, IATF16949, IATF16949.<\/div>\n<\/div>\n<div class=\"row\">\n<div class=\"cell label\">Hakemus<\/div>\n<div class=\"cell value\">Rautatieliikenne-, auto-, elektroniikka-, s\u00e4hk\u00f6- ja muu teollisuus.<\/div>\n<\/div>\n<div class=\"row\">\n<div class=\"cell label\">Pakkaustiedot<\/div>\n<div class=\"cell value\">Kartonki\/kuplamuovikalvo\/puusta valmistettu kuormalava<\/div>\n<\/div>\n<div class=\"row\">\n<div class=\"cell label\">L\u00e4hetyssatama<\/div>\n<div class=\"cell value\">Qingdao<\/div>\n<\/div>\n<div class=\"row\">\n<div class=\"cell label\">Myyntiyksik\u00f6t<\/div>\n<div class=\"cell value\">Yksitt\u00e4inen tuote<\/div>\n<\/div>\n<div class=\"row\">\n<div class=\"cell label\">Toimituskyky<\/div>\n<div class=\"cell value\">1500 tonnia kuukaudessa<\/div>\n<\/div>\n<\/div>\n<p><\/p>\n<h2>Tuotantopohjamme<\/h2>\n<h3>Tehtaan panoraama<\/h3>\n<p><img decoding=\"async\" src=\"\/wp-content\/uploads\/factory-01.webp\"\/><\/p>\n<h3>Alumiini Bar Manufacturing Workshop<\/h3>\n<p><img decoding=\"async\" src=\"\/wp-content\/uploads\/factory-02.webp\"\/><\/p>\n<p><img decoding=\"async\" src=\"\/wp-content\/uploads\/factory-03.webp\"\/><\/p>\n<h3>Muotin varastointi Varasto<\/h3>\n<p><img decoding=\"async\" src=\"\/wp-content\/uploads\/factory-04.webp\"\/><\/p>\n<h3>43 alumiinin ekstruusiolinjat (500-5500 tonnia)<\/h3>\n<p><img decoding=\"async\" src=\"\/wp-content\/uploads\/factory-05.webp\"\/><\/p>\n<p><img decoding=\"async\" src=\"\/wp-content\/uploads\/factory-06.webp\"\/><\/p>\n<p><img decoding=\"async\" src=\"\/wp-content\/uploads\/factory-07.webp\"\/><\/p>\n<h3>Jauhemaalaus ty\u00f6paja<\/h3>\n<p><img decoding=\"async\" src=\"\/wp-content\/uploads\/factory-09.webp\"\/><\/p>\n<h3>Anodisointi ty\u00f6paja<\/h3>\n<p><img decoding=\"async\" src=\"\/wp-content\/uploads\/factory-10.webp\"\/><\/p>\n<h3>Syv\u00e4k\u00e4sittelyn ty\u00f6paja<\/h3>\n<p><img decoding=\"async\" src=\"\/wp-content\/uploads\/factory-11.webp\"\/><\/p>\n<h3>CNC-tarkkuuskoneistus ty\u00f6paja<\/h3>\n<p><img decoding=\"async\" src=\"\/wp-content\/uploads\/factory-11.5.webp\"\/><\/p>\n<h3>Valmiiden tuotteiden ja vientivarasto<\/h3>\n<p><img decoding=\"async\" src=\"\/wp-content\/uploads\/factory-12.webp\"\/><\/p>\n<p><img decoding=\"async\" src=\"\/wp-content\/uploads\/factory-13.webp\"\/><\/p>\n<p><img decoding=\"async\" src=\"\/wp-content\/uploads\/factory-14.webp\"\/><\/p>\n<h2>FAQ<\/h2>\n<p><strong>1. Mitk\u00e4 ovat alumiinin k\u00e4yt\u00f6n t\u00e4rkeimm\u00e4t edut j\u00e4\u00e4hdytyslevyiss\u00e4?<\/strong><br \/>Alumiini tarjoaa erinomaisen l\u00e4mm\u00f6njohtavuuden ja on kevyt, joten se on ihanteellinen l\u00e4mm\u00f6nsiirtoon.<\/p>\n<p><strong>2. Voidaanko alumiinisia j\u00e4\u00e4hdytyslevyj\u00e4 r\u00e4\u00e4t\u00e4l\u00f6id\u00e4 tietyn muotoisiksi?<\/strong><br \/>Kyll\u00e4, alumiiniset j\u00e4\u00e4hdytyslevyt voidaan helposti ty\u00f6st\u00e4\u00e4 ja r\u00e4\u00e4t\u00e4l\u00f6id\u00e4 mihin tahansa haluttuun muotoon.<\/p>\n<p><strong>3. Kest\u00e4\u00e4k\u00f6 materiaali korroosiota?<\/strong><br \/>Kyll\u00e4, alumiini kest\u00e4\u00e4 hyvin korroosiota, mik\u00e4 parantaa j\u00e4\u00e4hdytyslevyjen pitk\u00e4ik\u00e4isyytt\u00e4.<\/p>\n<p><strong>4. Mill\u00e4 teollisuudenaloilla k\u00e4ytet\u00e4\u00e4n yleisesti alumiinisia j\u00e4\u00e4hdytyslevyj\u00e4?<\/strong><br \/>Alumiinisia j\u00e4\u00e4hdytyslevyj\u00e4 k\u00e4ytet\u00e4\u00e4n yleisesti elektroniikka-, auto- ja LVI-teollisuudessa tehokkaaseen l\u00e4mm\u00f6nhallintaan.<\/p>\n<p><strong>5. Miten alumiini vertautuu kupariin j\u00e4\u00e4hdytyslevyiss\u00e4?<\/strong><br \/>Alumiini on edullisempaa ja kevyemp\u00e4\u00e4 kuin kupari, mutta tarjoaa silti hyv\u00e4n l\u00e4mp\u00f6tehon.<\/p>\n<p><strong>6. Voimmeko kierr\u00e4tt\u00e4\u00e4 alumiiniset j\u00e4\u00e4hdytyselementtimateriaalit?<\/strong><br \/>Kyll\u00e4, alumiini on t\u00e4ysin kierr\u00e4tett\u00e4viss\u00e4, mik\u00e4 tukee ymp\u00e4rist\u00f6n kest\u00e4vyytt\u00e4 koskevia aloitteita.<\/p>\n<p><strong>7. Tukevatko alumiiniset j\u00e4\u00e4hdytyslevyt korkean l\u00e4mp\u00f6tilan sovelluksia?<\/strong><br \/>Kyll\u00e4, alumiiniset j\u00e4\u00e4hdytyslevyt voivat hallita tehokkaasti l\u00e4mp\u00f6\u00e4 korkean l\u00e4mp\u00f6tilan sovelluksissa ja varmistaa j\u00e4rjestelm\u00e4n vakauden.<\/p>\n<p><\/p>","protected":false},"featured_media":10756,"template":"","categories":[72],"class_list":["post-10924","product","type-product","status-publish","has-post-thumbnail","hentry","category-extruded-aluminum-heatsink"],"meta_box":{"hilight_text_group":[{"product_hilight_text":"<li>Excellent thermal conductivity for efficient heat dispersion<\/li>\n<li>Lightweight material, ideal for various applications<\/li>\n<li>Offers high resistance to corrosion and environmental factors<\/li>\n<li>Easy to machine and customize to specific requirements<\/li>\n<li>Supports green initiatives with recyclable properties<\/li>"}],"feature_list":[]},"_links":{"self":[{"href":"https:\/\/sinoextrud.com\/fi\/wp-json\/wp\/v2\/product\/10924","targetHints":{"allow":["GET"]}}],"collection":[{"href":"https:\/\/sinoextrud.com\/fi\/wp-json\/wp\/v2\/product"}],"about":[{"href":"https:\/\/sinoextrud.com\/fi\/wp-json\/wp\/v2\/types\/product"}],"wp:featuredmedia":[{"embeddable":true,"href":"https:\/\/sinoextrud.com\/fi\/wp-json\/wp\/v2\/media\/10756"}],"wp:attachment":[{"href":"https:\/\/sinoextrud.com\/fi\/wp-json\/wp\/v2\/media?parent=10924"}],"wp:term":[{"taxonomy":"category","embeddable":true,"href":"https:\/\/sinoextrud.com\/fi\/wp-json\/wp\/v2\/categories?post=10924"}],"curies":[{"name":"wp","href":"https:\/\/api.w.org\/{rel}","templated":true}]}}