{"id":10921,"date":"2025-08-01T03:12:54","date_gmt":"2025-08-01T03:12:54","guid":{"rendered":"https:\/\/sinoextrud.com\/product\/aluminum-heat-sink-manufacture-for-oem-projects\/"},"modified":"2025-08-01T03:12:54","modified_gmt":"2025-08-01T03:12:54","slug":"alumiini-jaahdytyselementti-valmistus-oem-projekteja-varten","status":"publish","type":"product","link":"https:\/\/sinoextrud.com\/fi\/product\/aluminum-heat-sink-manufacture-for-oem-projects\/","title":{"rendered":"Alumiininen j\u00e4\u00e4hdytyselementti Valmistus OEM-hankkeisiin"},"content":{"rendered":"<h2>Tuotteiden tiedot<\/h2>\n<div class=\"product-table\">\n<div class=\"row\">\n<div class=\"cell label\">Luokka<\/div>\n<div class=\"cell value\">6000-sarja<\/div>\n<\/div>\n<div class=\"row\">\n<div class=\"cell label\">Suvaitsevaisuus<\/div>\n<div class=\"cell value\">\u00c2\u00b11%<\/div>\n<\/div>\n<div class=\"row\">\n<div class=\"cell label\">Toimitusaika<\/div>\n<div class=\"cell value\">31-45 p\u00e4iv\u00e4\u00e4<\/div>\n<\/div>\n<div class=\"row\">\n<div class=\"cell label\">Temper<\/div>\n<div class=\"cell value\">T3-T8<\/div>\n<\/div>\n<div class=\"row\">\n<div class=\"cell label\">Hakemus<\/div>\n<div class=\"cell value\">Ovi &amp; ikkuna<\/div>\n<\/div>\n<div class=\"row\">\n<div class=\"cell label\">Muoto<\/div>\n<div class=\"cell value\">Neli\u00f6<\/div>\n<\/div>\n<div class=\"row\">\n<div class=\"cell label\">Metalliseos tai ei<\/div>\n<div class=\"cell value\">Onko seos<\/div>\n<\/div>\n<div class=\"row\">\n<div class=\"cell label\">K\u00e4sittelypalvelu<\/div>\n<div class=\"cell value\">Taivutus, purku, hitsaus, l\u00e4vistys, leikkaus<\/div>\n<\/div>\n<div class=\"row\">\n<div class=\"cell label\">Tuotteen nimi<\/div>\n<div class=\"cell value\">Korkea teho vetoketju fin j\u00e4\u00e4hdytyselementti l\u00e4\u00e4ketieteellisten laitteiden j\u00e4\u00e4hdytyselementti<\/div>\n<\/div>\n<div class=\"row\">\n<div class=\"cell label\">Tuotteen koko<\/div>\n<div class=\"cell value\">215x186x75mm<\/div>\n<\/div>\n<div class=\"row\">\n<div class=\"cell label\">Materiaali<\/div>\n<div class=\"cell value\">Alumiini + kupari<\/div>\n<\/div>\n<div class=\"row\">\n<div class=\"cell label\">Pakkauslaatikon koko<\/div>\n<div class=\"cell value\">45*33*18CM<\/div>\n<\/div>\n<div class=\"row\">\n<div class=\"cell label\">Tuotteen paino<\/div>\n<div class=\"cell value\">2,5 kg<\/div>\n<\/div>\n<div class=\"row\">\n<div class=\"cell label\">Kartonki\/m\u00e4\u00e4r\u00e4<\/div>\n<div class=\"cell value\">8 kpl\/kartonki<\/div>\n<\/div>\n<div class=\"row\">\n<div class=\"cell label\">Toimitusaika<\/div>\n<div class=\"cell value\">15-35 p\u00e4iv\u00e4\u00e4<\/div>\n<\/div>\n<div class=\"row\">\n<div class=\"cell label\">MOQ<\/div>\n<div class=\"cell value\">10 kpl<\/div>\n<\/div>\n<div class=\"row\">\n<div class=\"cell label\">Toimitustapa<\/div>\n<div class=\"cell value\">Meritse, ilmateitse, pikal\u00e4hetyksen\u00e4 jne.<\/div>\n<\/div>\n<div class=\"row\">\n<div class=\"cell label\">Avainsana<\/div>\n<div class=\"cell value\">alumiini j\u00e4\u00e4hdytyselementti, cpu j\u00e4\u00e4hdytyselementti GPU j\u00e4\u00e4hdytyselementti, A<\/div>\n<\/div>\n<div class=\"row\">\n<div class=\"cell label\">Pakkaustiedot<\/div>\n<div class=\"cell value\">Erikoistuneet pakkaustavat laatikkopakkauksissa ja puukartongeissa riippuvat tuotteiden mitoista ja vaatimuksista.<\/div>\n<\/div>\n<div class=\"row\">\n<div class=\"cell label\">L\u00e4hetyssatama<\/div>\n<div class=\"cell value\">Shenzhen\/Hongkong<\/div>\n<\/div>\n<div class=\"row\">\n<div class=\"cell label\">Myyntiyksik\u00f6t<\/div>\n<div class=\"cell value\">Yksitt\u00e4inen tuote<\/div>\n<\/div>\n<div class=\"row\">\n<div class=\"cell label\">Yhden pakkauksen koko<\/div>\n<div class=\"cell value\">20X10X15 cm<\/div>\n<\/div>\n<div class=\"row\">\n<div class=\"cell label\">Yksitt\u00e4inen bruttopaino<\/div>\n<div class=\"cell value\">3.000 KG<\/div>\n<\/div>\n<div class=\"row\">\n<div class=\"cell label\">Toimituskyky<\/div>\n<div class=\"cell value\">50000 kappaletta kuukaudessa<\/div>\n<\/div>\n<\/div>\n<p><\/p>\n<h2>Tuotantopohjamme<\/h2>\n<h3>Tehtaan panoraama<\/h3>\n<p><img decoding=\"async\" src=\"\/wp-content\/uploads\/factory-01.webp\"\/><\/p>\n<h3>Alumiini Bar Manufacturing Workshop<\/h3>\n<p><img decoding=\"async\" src=\"\/wp-content\/uploads\/factory-02.webp\"\/><\/p>\n<p><img decoding=\"async\" src=\"\/wp-content\/uploads\/factory-03.webp\"\/><\/p>\n<h3>Muotin varastointi Varasto<\/h3>\n<p><img decoding=\"async\" src=\"\/wp-content\/uploads\/factory-04.webp\"\/><\/p>\n<h3>43 alumiinin ekstruusiolinjat (500-5500 tonnia)<\/h3>\n<p><img decoding=\"async\" src=\"\/wp-content\/uploads\/factory-05.webp\"\/><\/p>\n<p><img decoding=\"async\" src=\"\/wp-content\/uploads\/factory-06.webp\"\/><\/p>\n<p><img decoding=\"async\" src=\"\/wp-content\/uploads\/factory-07.webp\"\/><\/p>\n<h3>Jauhemaalaus ty\u00f6paja<\/h3>\n<p><img decoding=\"async\" src=\"\/wp-content\/uploads\/factory-09.webp\"\/><\/p>\n<h3>Anodisointi ty\u00f6paja<\/h3>\n<p><img decoding=\"async\" src=\"\/wp-content\/uploads\/factory-10.webp\"\/><\/p>\n<h3>Syv\u00e4k\u00e4sittelyn ty\u00f6paja<\/h3>\n<p><img decoding=\"async\" src=\"\/wp-content\/uploads\/factory-11.webp\"\/><\/p>\n<h3>CNC-tarkkuuskoneistus ty\u00f6paja<\/h3>\n<p><img decoding=\"async\" src=\"\/wp-content\/uploads\/factory-11.5.webp\"\/><\/p>\n<h3>Valmiiden tuotteiden ja vientivarasto<\/h3>\n<p><img decoding=\"async\" src=\"\/wp-content\/uploads\/factory-12.webp\"\/><\/p>\n<p><img decoding=\"async\" src=\"\/wp-content\/uploads\/factory-13.webp\"\/><\/p>\n<p><img decoding=\"async\" src=\"\/wp-content\/uploads\/factory-14.webp\"\/><\/p>\n<h2>FAQ<\/h2>\n<p><strong>1. Voidaanko alumiininen j\u00e4\u00e4hdytyselementti r\u00e4\u00e4t\u00e4l\u00f6id\u00e4 tiettyihin kokoihin?<\/strong><br \/>Kyll\u00e4, tarjoamme r\u00e4\u00e4t\u00e4l\u00f6inti\u00e4 eri koko- ja eritelm\u00e4vaatimusten mukaan.<\/p>\n<p><strong>2. Mitk\u00e4 teollisuudenalat k\u00e4ytt\u00e4v\u00e4t yleisesti alumiinisia j\u00e4\u00e4hdytyslevyj\u00e4?<\/strong><br \/>Alumiinisia j\u00e4\u00e4hdytyslevyj\u00e4 k\u00e4ytet\u00e4\u00e4n yleisesti elektroniikassa, autoteollisuudessa ja teollisuudessa.<\/p>\n<p><strong>3. Annatteko apua j\u00e4\u00e4hdytyselementtien suunnittelussa?<\/strong><br \/>Kyll\u00e4, tarjoamme suunnittelutukea sovellusten l\u00e4mp\u00f6suorituskyvyn optimoimiseksi.<\/p>\n<p><strong>4. Ovatko n\u00e4m\u00e4 j\u00e4\u00e4hdytyselementit yhteensopivia kaikkien piirilevyjen kanssa?<\/strong><br \/>J\u00e4\u00e4hdytyselementtimme on suunniteltu monipuolisiksi ja yhteensopiviksi eri piirilevytyyppien kanssa.<\/p>\n<p><strong>5. Miten k\u00e4ytetyn alumiinin laatu varmistetaan?<\/strong><br \/>K\u00e4yt\u00e4mme korkealaatuista alumiinia ja noudatamme valmistuksessa tiukkoja laadunvalvontatoimenpiteit\u00e4.<\/p>\n<p><strong>6. Onko r\u00e4\u00e4t\u00e4l\u00f6idyill\u00e4 j\u00e4\u00e4hdytyslevyill\u00e4 v\u00e4himm\u00e4istilausm\u00e4\u00e4r\u00e4?<\/strong><br \/>V\u00e4himm\u00e4istilausm\u00e4\u00e4r\u00e4 voi vaihdella, yleens\u00e4 alkaen 100 kappaleesta tilaustilauksissa.<\/p>\n<p><strong>7. Tarjoatteko kansainv\u00e4list\u00e4 toimitusta?<\/strong><br \/>Kyll\u00e4, tarjoamme kansainv\u00e4list\u00e4 kuljetus- ja logistiikkatukea toimitustarpeidesi t\u00e4ytt\u00e4miseksi.<\/p>\n<p><\/p>","protected":false},"featured_media":10754,"template":"","categories":[72],"class_list":["post-10921","product","type-product","status-publish","has-post-thumbnail","hentry","category-extruded-aluminum-heatsink"],"meta_box":{"hilight_text_group":[{"product_hilight_text":"<li>Engineered for efficient thermal management in various applications<\/li>\n<li>Offers customizable dimensions and configurations for specific needs<\/li>\n<li>Produced with high-quality aluminum for superior conductivity<\/li>\n<li>Supports B2B ventures with flexible order quantities and terms<\/li>\n<li>Promotes energy efficiency and sustainability in design<\/li>"}],"feature_list":[]},"_links":{"self":[{"href":"https:\/\/sinoextrud.com\/fi\/wp-json\/wp\/v2\/product\/10921","targetHints":{"allow":["GET"]}}],"collection":[{"href":"https:\/\/sinoextrud.com\/fi\/wp-json\/wp\/v2\/product"}],"about":[{"href":"https:\/\/sinoextrud.com\/fi\/wp-json\/wp\/v2\/types\/product"}],"wp:featuredmedia":[{"embeddable":true,"href":"https:\/\/sinoextrud.com\/fi\/wp-json\/wp\/v2\/media\/10754"}],"wp:attachment":[{"href":"https:\/\/sinoextrud.com\/fi\/wp-json\/wp\/v2\/media?parent=10921"}],"wp:term":[{"taxonomy":"category","embeddable":true,"href":"https:\/\/sinoextrud.com\/fi\/wp-json\/wp\/v2\/categories?post=10921"}],"curies":[{"name":"wp","href":"https:\/\/api.w.org\/{rel}","templated":true}]}}