{"id":10917,"date":"2025-08-01T03:12:43","date_gmt":"2025-08-01T03:12:43","guid":{"rendered":"https:\/\/sinoextrud.com\/product\/extruded-aluminum-heat-sink-enclosure\/"},"modified":"2025-08-01T03:12:43","modified_gmt":"2025-08-01T03:12:43","slug":"suulakepuristettu-alumiininen-jaahdytyselementtikotelo-2","status":"publish","type":"product","link":"https:\/\/sinoextrud.com\/fi\/product\/extruded-aluminum-heat-sink-enclosure\/","title":{"rendered":"Suulakepuristettu alumiininen j\u00e4\u00e4hdytyselementtikotelo"},"content":{"rendered":"<h2>Tuotteiden tiedot<\/h2>\n<div class=\"product-table\">\n<div class=\"row\">\n<div class=\"cell label\">Luokka<\/div>\n<div class=\"cell value\">6063-T5<\/div>\n<\/div>\n<div class=\"row\">\n<div class=\"cell label\">Suvaitsevaisuus<\/div>\n<div class=\"cell value\">\u00c2\u00b110%<\/div>\n<\/div>\n<div class=\"row\">\n<div class=\"cell label\">Temper<\/div>\n<div class=\"cell value\">T3-T8<\/div>\n<\/div>\n<div class=\"row\">\n<div class=\"cell label\">Hakemus<\/div>\n<div class=\"cell value\">Hitsaaja, taajuusmuunnos<\/div>\n<\/div>\n<div class=\"row\">\n<div class=\"cell label\">Muoto<\/div>\n<div class=\"cell value\">Neli\u00f6<\/div>\n<\/div>\n<div class=\"row\">\n<div class=\"cell label\">Metalliseos tai ei<\/div>\n<div class=\"cell value\">Onko seos<\/div>\n<\/div>\n<div class=\"row\">\n<div class=\"cell label\">K\u00e4sittelypalvelu<\/div>\n<div class=\"cell value\">Taivutus, purku, hitsaus, l\u00e4vistys, leikkaus, CNC-laskenta<\/div>\n<\/div>\n<div class=\"row\">\n<div class=\"cell label\">V\u00e4ri<\/div>\n<div class=\"cell value\">Hopeinen<\/div>\n<\/div>\n<div class=\"row\">\n<div class=\"cell label\">Tuotteen nimi<\/div>\n<div class=\"cell value\">Suulakepuristettua alumiinia j\u00e4\u00e4hdytyselementti\u00e4 varten<\/div>\n<\/div>\n<div class=\"row\">\n<div class=\"cell label\">Pakkaus<\/div>\n<div class=\"cell value\">Kartonki\/puu kuormalava\/OEM<\/div>\n<\/div>\n<div class=\"row\">\n<div class=\"cell label\">Pintak\u00e4sittely<\/div>\n<div class=\"cell value\">Rasvanpoisto<\/div>\n<\/div>\n<div class=\"row\">\n<div class=\"cell label\">hakemus<\/div>\n<div class=\"cell value\">Taajuusmuuttaja\/taajuuskorjain<\/div>\n<\/div>\n<div class=\"row\">\n<div class=\"cell label\">Toimitusaika<\/div>\n<div class=\"cell value\">Ennakkomaksu 30-40 p\u00e4iv\u00e4\u00e4<\/div>\n<\/div>\n<div class=\"row\">\n<div class=\"cell label\">Pakkaustiedot<\/div>\n<div class=\"cell value\">Pakkaus\/tarjotin\/OEM<\/div>\n<\/div>\n<div class=\"row\">\n<div class=\"cell label\">L\u00e4hetyssatama<\/div>\n<div class=\"cell value\">Shanghai<\/div>\n<\/div>\n<div class=\"row\">\n<div class=\"cell label\">Myyntiyksik\u00f6t<\/div>\n<div class=\"cell value\">Yksitt\u00e4inen tuote<\/div>\n<\/div>\n<div class=\"row\">\n<div class=\"cell label\">Yhden pakkauksen koko<\/div>\n<div class=\"cell value\">22X10X15 cm<\/div>\n<\/div>\n<div class=\"row\">\n<div class=\"cell label\">Yksitt\u00e4inen bruttopaino<\/div>\n<div class=\"cell value\">1.600 KG<\/div>\n<\/div>\n<div class=\"row\">\n<div class=\"cell label\">Toimituskyky<\/div>\n<div class=\"cell value\">50000 kappaletta kuukaudessa<\/div>\n<\/div>\n<\/div>\n<p><\/p>\n<h2>Tuotantopohjamme<\/h2>\n<h3>Tehtaan panoraama<\/h3>\n<p><img decoding=\"async\" src=\"\/wp-content\/uploads\/factory-01.webp\"\/><\/p>\n<h3>Alumiini Bar Manufacturing Workshop<\/h3>\n<p><img decoding=\"async\" src=\"\/wp-content\/uploads\/factory-02.webp\"\/><\/p>\n<p><img decoding=\"async\" src=\"\/wp-content\/uploads\/factory-03.webp\"\/><\/p>\n<h3>Muotin varastointi Varasto<\/h3>\n<p><img decoding=\"async\" src=\"\/wp-content\/uploads\/factory-04.webp\"\/><\/p>\n<h3>43 alumiinin ekstruusiolinjat (500-5500 tonnia)<\/h3>\n<p><img decoding=\"async\" src=\"\/wp-content\/uploads\/factory-05.webp\"\/><\/p>\n<p><img decoding=\"async\" src=\"\/wp-content\/uploads\/factory-06.webp\"\/><\/p>\n<p><img decoding=\"async\" src=\"\/wp-content\/uploads\/factory-07.webp\"\/><\/p>\n<h3>Jauhemaalaus ty\u00f6paja<\/h3>\n<p><img decoding=\"async\" src=\"\/wp-content\/uploads\/factory-09.webp\"\/><\/p>\n<h3>Anodisointi ty\u00f6paja<\/h3>\n<p><img decoding=\"async\" src=\"\/wp-content\/uploads\/factory-10.webp\"\/><\/p>\n<h3>Syv\u00e4k\u00e4sittelyn ty\u00f6paja<\/h3>\n<p><img decoding=\"async\" src=\"\/wp-content\/uploads\/factory-11.webp\"\/><\/p>\n<h3>CNC-tarkkuuskoneistus ty\u00f6paja<\/h3>\n<p><img decoding=\"async\" src=\"\/wp-content\/uploads\/factory-11.5.webp\"\/><\/p>\n<h3>Valmiiden tuotteiden ja vientivarasto<\/h3>\n<p><img decoding=\"async\" src=\"\/wp-content\/uploads\/factory-12.webp\"\/><\/p>\n<p><img decoding=\"async\" src=\"\/wp-content\/uploads\/factory-13.webp\"\/><\/p>\n<p><img decoding=\"async\" src=\"\/wp-content\/uploads\/factory-14.webp\"\/><\/p>\n<h2>FAQ<\/h2>\n<p><strong>1. Mit\u00e4 materiaaleja k\u00e4ytet\u00e4\u00e4n j\u00e4\u00e4hdytyselementin kotelon valmistuksessa?<\/strong><br \/>Kotelo on valmistettu korkealaatuisesta suulakepuristetusta alumiinista kest\u00e4vyyden ja suorituskyvyn varmistamiseksi.<\/p>\n<p><strong>2. Voidaanko j\u00e4\u00e4hdytyselementin mitat mukauttaa?<\/strong><br \/>Kyll\u00e4, tarjoamme r\u00e4\u00e4t\u00e4l\u00f6ityj\u00e4 mittoja vastaamaan projektin erityistarpeita ja varmistamaan optimaalisen suorituskyvyn.<\/p>\n<p><strong>3. Soveltuuko alumiininen j\u00e4\u00e4hdytyselementti ulkok\u00e4ytt\u00f6\u00f6n?<\/strong><br \/>Kyll\u00e4, sen korroosionkest\u00e4v\u00e4t ominaisuudet tekev\u00e4t siit\u00e4 ihanteellisen ulkok\u00e4ytt\u00f6\u00f6n.<\/p>\n<p><strong>4. Mitk\u00e4 teollisuudenalat voivat hy\u00f6ty\u00e4 t\u00e4m\u00e4n j\u00e4\u00e4hdytyselementtikotelon k\u00e4yt\u00f6st\u00e4?<\/strong><br \/>T\u00e4m\u00e4 tuote soveltuu elektroniikkaan, autoteollisuuteen ja erilaisiin teollisiin sovelluksiin.<\/p>\n<p><strong>5. Annatteko alumiinisille j\u00e4\u00e4hdytyselementtikoteloille takuun?<\/strong><br \/>Kyll\u00e4, tarjoamme takuun taataksemme tuotteidemme laadun ja suorituskyvyn.<\/p>\n<p><strong>6. Miten suulakepuristusprosessi vaikuttaa j\u00e4\u00e4hdytyselementin laatuun?<\/strong><br \/>Puristaminen takaa tarkkuuden ja johdonmukaisuuden, mik\u00e4 johtaa luotettavaan l\u00e4mm\u00f6nsiirtokykyyn.<\/p>\n<p><strong>7. Voidaanko kotelo anodisoida tai maalata lis\u00e4suojan tai esteettisyyden vuoksi?<\/strong><br \/>Kyll\u00e4, pintak\u00e4sittelyt, kuten anodisointi tai maalaus, voidaan toimittaa pyynn\u00f6st\u00e4.<\/p>\n<p><\/p>","protected":false},"featured_media":10853,"template":"","categories":[55],"class_list":["post-10917","product","type-product","status-publish","has-post-thumbnail","hentry","category-extruded-aluminum-profiles"],"meta_box":{"hilight_text_group":[{"product_hilight_text":"<li>High thermal conductivity for efficient heat dissipation<\/li>\n<li>Customizable dimensions to fit specific project needs<\/li>\n<li>Lightweight and corrosion-resistant for durability<\/li>\n<li>Ideal for electronics, automotive, and industrial use<\/li>\n<li>Precision extrusion process ensures consistent quality<\/li>"}],"feature_list":[]},"_links":{"self":[{"href":"https:\/\/sinoextrud.com\/fi\/wp-json\/wp\/v2\/product\/10917","targetHints":{"allow":["GET"]}}],"collection":[{"href":"https:\/\/sinoextrud.com\/fi\/wp-json\/wp\/v2\/product"}],"about":[{"href":"https:\/\/sinoextrud.com\/fi\/wp-json\/wp\/v2\/types\/product"}],"wp:featuredmedia":[{"embeddable":true,"href":"https:\/\/sinoextrud.com\/fi\/wp-json\/wp\/v2\/media\/10853"}],"wp:attachment":[{"href":"https:\/\/sinoextrud.com\/fi\/wp-json\/wp\/v2\/media?parent=10917"}],"wp:term":[{"taxonomy":"category","embeddable":true,"href":"https:\/\/sinoextrud.com\/fi\/wp-json\/wp\/v2\/categories?post=10917"}],"curies":[{"name":"wp","href":"https:\/\/api.w.org\/{rel}","templated":true}]}}