{"id":10915,"date":"2025-08-01T03:12:38","date_gmt":"2025-08-01T03:12:38","guid":{"rendered":"https:\/\/sinoextrud.com\/product\/aluminum-profile-for-5g-communication-equipment\/"},"modified":"2025-08-01T03:12:38","modified_gmt":"2025-08-01T03:12:38","slug":"alumiiniprofiili-5g-viestintalaitteita-varten","status":"publish","type":"product","link":"https:\/\/sinoextrud.com\/fi\/product\/aluminum-profile-for-5g-communication-equipment\/","title":{"rendered":"Alumiiniprofiili 5G-viestint\u00e4laitteille"},"content":{"rendered":"<h2>Tuotteiden tiedot<\/h2>\n<div class=\"product-table\">\n<div class=\"row\">\n<div class=\"cell label\">Luokka<\/div>\n<div class=\"cell value\">6000-sarja<\/div>\n<\/div>\n<div class=\"row\">\n<div class=\"cell label\">Suvaitsevaisuus<\/div>\n<div class=\"cell value\">\u00c2\u00b11%<\/div>\n<\/div>\n<div class=\"row\">\n<div class=\"cell label\">Toimitusaika<\/div>\n<div class=\"cell value\">22-30 p\u00e4iv\u00e4\u00e4<\/div>\n<\/div>\n<div class=\"row\">\n<div class=\"cell label\">Temper<\/div>\n<div class=\"cell value\">T3-T8<\/div>\n<\/div>\n<div class=\"row\">\n<div class=\"cell label\">Hakemus<\/div>\n<div class=\"cell value\">led\/elektroniikka\/cpu<\/div>\n<\/div>\n<div class=\"row\">\n<div class=\"cell label\">Muoto<\/div>\n<div class=\"cell value\">custom<\/div>\n<\/div>\n<div class=\"row\">\n<div class=\"cell label\">Metalliseos tai ei<\/div>\n<div class=\"cell value\">Onko seos<\/div>\n<\/div>\n<div class=\"row\">\n<div class=\"cell label\">K\u00e4sittelypalvelu<\/div>\n<div class=\"cell value\">Taivutus, purku, hitsaus, l\u00e4vistys, leikkaus<\/div>\n<\/div>\n<div class=\"row\">\n<div class=\"cell label\">Tuotteen nimi<\/div>\n<div class=\"cell value\">r\u00e4\u00e4t\u00e4l\u00f6ity alumiininen j\u00e4\u00e4hdytyselementtiprofiili<\/div>\n<\/div>\n<div class=\"row\">\n<div class=\"cell label\">Materiaali<\/div>\n<div class=\"cell value\">6063 6061 6005 Alumiiniseos 6063 6061 6005 Alumiiniseos<\/div>\n<\/div>\n<div class=\"row\">\n<div class=\"cell label\">V\u00e4ri<\/div>\n<div class=\"cell value\">hopea, musta, kultainen musta ja niin edelleen<\/div>\n<\/div>\n<div class=\"row\">\n<div class=\"cell label\">Pintak\u00e4sittely<\/div>\n<div class=\"cell value\">Mill Finish, anodisointi, jauhemaalaus<\/div>\n<\/div>\n<div class=\"row\">\n<div class=\"cell label\">Sertifiointi<\/div>\n<div class=\"cell value\">ISO9001:2008<\/div>\n<\/div>\n<div class=\"row\">\n<div class=\"cell label\">muoto<\/div>\n<div class=\"cell value\">r\u00e4\u00e4t\u00e4l\u00f6ity<\/div>\n<\/div>\n<div class=\"row\">\n<div class=\"cell label\">K\u00e4ytt\u00f6<\/div>\n<div class=\"cell value\">led\/elektroniikka\/cpu<\/div>\n<\/div>\n<div class=\"row\">\n<div class=\"cell label\">N\u00e4yte<\/div>\n<div class=\"cell value\">Ilmainen n\u00e4yte<\/div>\n<\/div>\n<div class=\"row\">\n<div class=\"cell label\">Pituus<\/div>\n<div class=\"cell value\">Mukautettu pituus<\/div>\n<\/div>\n<div class=\"row\">\n<div class=\"cell label\">Palvelu<\/div>\n<div class=\"cell value\">OEM ODM<\/div>\n<\/div>\n<div class=\"row\">\n<div class=\"cell label\">Myyntiyksik\u00f6t<\/div>\n<div class=\"cell value\">Yksitt\u00e4inen tuote<\/div>\n<\/div>\n<div class=\"row\">\n<div class=\"cell label\">Yhden pakkauksen koko<\/div>\n<div class=\"cell value\">30X20X20 cm<\/div>\n<\/div>\n<div class=\"row\">\n<div class=\"cell label\">Yksitt\u00e4inen bruttopaino<\/div>\n<div class=\"cell value\">3.000 KG<\/div>\n<\/div>\n<\/div>\n<p><\/p>\n<h2>Tuotantopohjamme<\/h2>\n<h3>Tehtaan panoraama<\/h3>\n<p><img decoding=\"async\" src=\"\/wp-content\/uploads\/factory-01.webp\"\/><\/p>\n<h3>Alumiini Bar Manufacturing Workshop<\/h3>\n<p><img decoding=\"async\" src=\"\/wp-content\/uploads\/factory-02.webp\"\/><\/p>\n<p><img decoding=\"async\" src=\"\/wp-content\/uploads\/factory-03.webp\"\/><\/p>\n<h3>Muotin varastointi Varasto<\/h3>\n<p><img decoding=\"async\" src=\"\/wp-content\/uploads\/factory-04.webp\"\/><\/p>\n<h3>43 alumiinin ekstruusiolinjat (500-5500 tonnia)<\/h3>\n<p><img decoding=\"async\" src=\"\/wp-content\/uploads\/factory-05.webp\"\/><\/p>\n<p><img decoding=\"async\" src=\"\/wp-content\/uploads\/factory-06.webp\"\/><\/p>\n<p><img decoding=\"async\" src=\"\/wp-content\/uploads\/factory-07.webp\"\/><\/p>\n<h3>Jauhemaalaus ty\u00f6paja<\/h3>\n<p><img decoding=\"async\" src=\"\/wp-content\/uploads\/factory-09.webp\"\/><\/p>\n<h3>Anodisointi ty\u00f6paja<\/h3>\n<p><img decoding=\"async\" src=\"\/wp-content\/uploads\/factory-10.webp\"\/><\/p>\n<h3>Syv\u00e4k\u00e4sittelyn ty\u00f6paja<\/h3>\n<p><img decoding=\"async\" src=\"\/wp-content\/uploads\/factory-11.webp\"\/><\/p>\n<h3>CNC-tarkkuuskoneistus ty\u00f6paja<\/h3>\n<p><img decoding=\"async\" src=\"\/wp-content\/uploads\/factory-11.5.webp\"\/><\/p>\n<h3>Valmiiden tuotteiden ja vientivarasto<\/h3>\n<p><img decoding=\"async\" src=\"\/wp-content\/uploads\/factory-12.webp\"\/><\/p>\n<p><img decoding=\"async\" src=\"\/wp-content\/uploads\/factory-13.webp\"\/><\/p>\n<p><img decoding=\"async\" src=\"\/wp-content\/uploads\/factory-14.webp\"\/><\/p>\n<h2>FAQ<\/h2>\n<p><strong>1. Mit\u00e4 etuja alumiiniprofiili tarjoaa 5G-sovelluksille?<\/strong><br \/>Alumiiniprofiili parantaa signaalin selkeytt\u00e4 ja pitk\u00e4ik\u00e4isyytt\u00e4 5G-verkoissa.<\/p>\n<p><strong>2. Voidaanko alumiiniprofiili r\u00e4\u00e4t\u00e4l\u00f6id\u00e4 erityisi\u00e4 5G-vaatimuksia varten?<\/strong><br \/>Kyll\u00e4, r\u00e4\u00e4t\u00e4l\u00f6inti on mahdollista erityisten suunnittelu- ja teknisten tarpeiden t\u00e4ytt\u00e4miseksi.<\/p>\n<p><strong>3. Onko alumiiniprofiili kevyt ja helppo asentaa?<\/strong><br \/>Kyll\u00e4, se on suunniteltu kevyeksi asennuksen ja k\u00e4sittelyn tehostamiseksi.<\/p>\n<p><strong>4. Parantaako alumiiniprofiili 5G-signaalin siirtoa?<\/strong><br \/>Kyll\u00e4, se on suunniteltu erityisesti parantamaan siirtoa ja v\u00e4hent\u00e4m\u00e4\u00e4n signaalih\u00e4vi\u00f6it\u00e4.<\/p>\n<p><strong>5. Mit\u00e4 kest\u00e4vyysominaisuuksia alumiiniprofiililla on?<\/strong><br \/>Se on valmistettu korkealaatuisesta alumiinista, joka takaa erinomaisen kest\u00e4vyyden ja korroosionkest\u00e4vyyden.<\/p>\n<p><strong>6. Onko alumiiniprofiili yhteensopiva eri 5G-j\u00e4rjestelmien kanssa?<\/strong><br \/>Kyll\u00e4, se on yhteensopiva useiden 5G-infrastruktuurien ja -j\u00e4rjestelmien kanssa.<\/p>\n<p><strong>7. Tarjoatteko teknist\u00e4 tukea alumiiniprofiilin integroimiseksi 5G-verkkoihin?<\/strong><br \/>Kyll\u00e4, tarjoamme kattavaa teknist\u00e4 tukea saumattoman integroinnin toteuttamiseksi.<\/p>\n<p><\/p>","protected":false},"featured_media":10854,"template":"","categories":[55],"class_list":["post-10915","product","type-product","status-publish","has-post-thumbnail","hentry","category-extruded-aluminum-profiles"],"meta_box":{"hilight_text_group":[{"product_hilight_text":"<li>Enhances signal transmission and reception for 5G networks<\/li>\n<li>Customizable to fit various 5G infrastructure requirements<\/li>\n<li>Manufactured with high-grade aluminum for superior durability<\/li>\n<li>Lightweight design that supports easy installation and maintenance<\/li>\n<li>Compatible with multiple 5G systems and applications<\/li>"}],"feature_list":[]},"_links":{"self":[{"href":"https:\/\/sinoextrud.com\/fi\/wp-json\/wp\/v2\/product\/10915","targetHints":{"allow":["GET"]}}],"collection":[{"href":"https:\/\/sinoextrud.com\/fi\/wp-json\/wp\/v2\/product"}],"about":[{"href":"https:\/\/sinoextrud.com\/fi\/wp-json\/wp\/v2\/types\/product"}],"wp:featuredmedia":[{"embeddable":true,"href":"https:\/\/sinoextrud.com\/fi\/wp-json\/wp\/v2\/media\/10854"}],"wp:attachment":[{"href":"https:\/\/sinoextrud.com\/fi\/wp-json\/wp\/v2\/media?parent=10915"}],"wp:term":[{"taxonomy":"category","embeddable":true,"href":"https:\/\/sinoextrud.com\/fi\/wp-json\/wp\/v2\/categories?post=10915"}],"curies":[{"name":"wp","href":"https:\/\/api.w.org\/{rel}","templated":true}]}}