{"id":10914,"date":"2025-08-01T03:12:36","date_gmt":"2025-08-01T03:12:36","guid":{"rendered":"https:\/\/sinoextrud.com\/product\/aluminum-heat-sink-for-bitcoin-miner-cooling\/"},"modified":"2025-08-01T03:12:36","modified_gmt":"2025-08-01T03:12:36","slug":"alumiini-jaahdytyselementti-bitcoin-kaivosmies-jaahdytys","status":"publish","type":"product","link":"https:\/\/sinoextrud.com\/fi\/product\/aluminum-heat-sink-for-bitcoin-miner-cooling\/","title":{"rendered":"Alumiininen j\u00e4\u00e4hdytyselementti Bitcoin Miner j\u00e4\u00e4hdytykseen"},"content":{"rendered":"<h2>Tuotteiden tiedot<\/h2>\n<div class=\"product-table\">\n<div class=\"row\">\n<div class=\"cell label\">Luokka<\/div>\n<div class=\"cell value\">AL 6063 T5<\/div>\n<\/div>\n<div class=\"row\">\n<div class=\"cell label\">Suvaitsevaisuus<\/div>\n<div class=\"cell value\">GB\/T 3190-2008,GB\/T 14846-2008,ISO 2768<\/div>\n<\/div>\n<div class=\"row\">\n<div class=\"cell label\">Toimitusaika<\/div>\n<div class=\"cell value\">15-21 p\u00e4iv\u00e4\u00e4<\/div>\n<\/div>\n<div class=\"row\">\n<div class=\"cell label\">Temper<\/div>\n<div class=\"cell value\">T3-T8<\/div>\n<\/div>\n<div class=\"row\">\n<div class=\"cell label\">Hakemus<\/div>\n<div class=\"cell value\">L\u00e4mm\u00f6nsiili<\/div>\n<\/div>\n<div class=\"row\">\n<div class=\"cell label\">Muoto<\/div>\n<div class=\"cell value\">Neli\u00f6<\/div>\n<\/div>\n<div class=\"row\">\n<div class=\"cell label\">Metalliseos tai ei<\/div>\n<div class=\"cell value\">Onko seos<\/div>\n<\/div>\n<div class=\"row\">\n<div class=\"cell label\">K\u00e4sittelypalvelu<\/div>\n<div class=\"cell value\">Leikkaus, poraus ja kierteitys, CNC-ty\u00f6st\u00f6, anodisointi<\/div>\n<\/div>\n<div class=\"row\">\n<div class=\"cell label\">Evien paksuus<\/div>\n<div class=\"cell value\">1,8 mm<\/div>\n<\/div>\n<div class=\"row\">\n<div class=\"cell label\">Pohjalevyn paksuus<\/div>\n<div class=\"cell value\">10 mm<\/div>\n<\/div>\n<div class=\"row\">\n<div class=\"cell label\">Paino<\/div>\n<div class=\"cell value\">11,52 kg\/m<\/div>\n<\/div>\n<div class=\"row\">\n<div class=\"cell label\">Vakiomuotit M\u00e4\u00e4r\u00e4<\/div>\n<div class=\"cell value\">30,000+sets<\/div>\n<\/div>\n<div class=\"row\">\n<div class=\"cell label\">Myyntiyksik\u00f6t<\/div>\n<div class=\"cell value\">Yksitt\u00e4inen tuote<\/div>\n<\/div>\n<div class=\"row\">\n<div class=\"cell label\">Yhden pakkauksen koko<\/div>\n<div class=\"cell value\">25X22X6 cm<\/div>\n<\/div>\n<div class=\"row\">\n<div class=\"cell label\">Yksitt\u00e4inen bruttopaino<\/div>\n<div class=\"cell value\">3.000 KG<\/div>\n<\/div>\n<\/div>\n<p><\/p>\n<h2>Tuotantopohjamme<\/h2>\n<h3>Tehtaan panoraama<\/h3>\n<p><img decoding=\"async\" src=\"\/wp-content\/uploads\/factory-01.webp\"\/><\/p>\n<h3>Alumiini Bar Manufacturing Workshop<\/h3>\n<p><img decoding=\"async\" src=\"\/wp-content\/uploads\/factory-02.webp\"\/><\/p>\n<p><img decoding=\"async\" src=\"\/wp-content\/uploads\/factory-03.webp\"\/><\/p>\n<h3>Muotin varastointi Varasto<\/h3>\n<p><img decoding=\"async\" src=\"\/wp-content\/uploads\/factory-04.webp\"\/><\/p>\n<h3>43 alumiinin ekstruusiolinjat (500-5500 tonnia)<\/h3>\n<p><img decoding=\"async\" src=\"\/wp-content\/uploads\/factory-05.webp\"\/><\/p>\n<p><img decoding=\"async\" src=\"\/wp-content\/uploads\/factory-06.webp\"\/><\/p>\n<p><img decoding=\"async\" src=\"\/wp-content\/uploads\/factory-07.webp\"\/><\/p>\n<h3>Jauhemaalaus ty\u00f6paja<\/h3>\n<p><img decoding=\"async\" src=\"\/wp-content\/uploads\/factory-09.webp\"\/><\/p>\n<h3>Anodisointi ty\u00f6paja<\/h3>\n<p><img decoding=\"async\" src=\"\/wp-content\/uploads\/factory-10.webp\"\/><\/p>\n<h3>Syv\u00e4k\u00e4sittelyn ty\u00f6paja<\/h3>\n<p><img decoding=\"async\" src=\"\/wp-content\/uploads\/factory-11.webp\"\/><\/p>\n<h3>CNC-tarkkuuskoneistus ty\u00f6paja<\/h3>\n<p><img decoding=\"async\" src=\"\/wp-content\/uploads\/factory-11.5.webp\"\/><\/p>\n<h3>Valmiiden tuotteiden ja vientivarasto<\/h3>\n<p><img decoding=\"async\" src=\"\/wp-content\/uploads\/factory-12.webp\"\/><\/p>\n<p><img decoding=\"async\" src=\"\/wp-content\/uploads\/factory-13.webp\"\/><\/p>\n<p><img decoding=\"async\" src=\"\/wp-content\/uploads\/factory-14.webp\"\/><\/p>\n<h2>FAQ<\/h2>\n<p><strong>1. Onko alumiininen j\u00e4\u00e4hdytyselementti yhteensopiva kaikkien bitcoin-kaivosten kanssa?<\/strong><br \/>Kyll\u00e4, se on suunniteltu yhteensopivaksi monenlaisten Bitcoin-louhintalaitteiden kanssa.<\/p>\n<p><strong>2. Mitk\u00e4 ovat alumiinisen j\u00e4\u00e4hdytyselementin k\u00e4yt\u00f6n edut?<\/strong><br \/>Alumiini tarjoaa erinomaisen l\u00e4mm\u00f6njohtavuuden ja on kevyt, mik\u00e4 tekee siit\u00e4 ihanteellisen bitcoin-kaivajille.<\/p>\n<p><strong>3. Voidaanko alumiinisen j\u00e4\u00e4hdytyselementin mitat mukauttaa?<\/strong><br \/>Kyll\u00e4, tarjoamme r\u00e4\u00e4t\u00e4l\u00f6inti\u00e4 varmistaaksemme, ett\u00e4 se sopii t\u00e4ydellisesti kaivostoiminnan kokoonpanoosi.<\/p>\n<p><strong>4. Miten alumiininen j\u00e4\u00e4hdytyselementti parantaa louhimen suorituskyky\u00e4?<\/strong><br \/>Se johtaa tehokkaasti l\u00e4mp\u00f6\u00e4 pois, mik\u00e4 est\u00e4\u00e4 ylikuumenemisen ja parantaa mahdollisesti louhijan tehokkuutta.<\/p>\n<p><strong>5. Tarjoatteko alumiinisten j\u00e4\u00e4hdytyslevyjen irtotavarahinnoittelua?<\/strong><br \/>Kyll\u00e4, tarjoamme alennettuja hintoja irtotilauksille tukeaksemme laajamittaisia kaivostoimintoja.<\/p>\n<p><strong>6. Mik\u00e4 on alumiinisen j\u00e4\u00e4hdytyselementin odotettu k\u00e4ytt\u00f6ik\u00e4?<\/strong><br \/>Kest\u00e4v\u00e4st\u00e4 alumiinista valmistettu laite tarjoaa pitk\u00e4n k\u00e4ytt\u00f6i\u00e4n ja tasaisen suorituskyvyn.<\/p>\n<p><strong>7. Voiko alumiininen j\u00e4\u00e4hdytyselementti v\u00e4hent\u00e4\u00e4 energiankulutusta?<\/strong><br \/>Optimaalisten l\u00e4mp\u00f6tilojen yll\u00e4pit\u00e4minen voi mahdollisesti johtaa tehokkaampaan energiank\u00e4ytt\u00f6\u00f6n kaivostoiminnassa.<\/p>\n<p><\/p>","protected":false},"featured_media":10828,"template":"","categories":[72],"class_list":["post-10914","product","type-product","status-publish","has-post-thumbnail","hentry","category-extruded-aluminum-heatsink"],"meta_box":{"hilight_text_group":[{"product_hilight_text":"<li>Engineered specifically for efficient cooling of bitcoin miners<\/li>\n<li>Made from high-quality aluminum for excellent thermal conductivity<\/li>\n<li>Customizable dimensions to fit various mining equipment<\/li>\n<li>Facilitates optimum heat dissipation to enhance miner lifespan<\/li>\n<li>Supports large volume orders for professional mining operations<\/li>"}],"feature_list":[]},"_links":{"self":[{"href":"https:\/\/sinoextrud.com\/fi\/wp-json\/wp\/v2\/product\/10914","targetHints":{"allow":["GET"]}}],"collection":[{"href":"https:\/\/sinoextrud.com\/fi\/wp-json\/wp\/v2\/product"}],"about":[{"href":"https:\/\/sinoextrud.com\/fi\/wp-json\/wp\/v2\/types\/product"}],"wp:featuredmedia":[{"embeddable":true,"href":"https:\/\/sinoextrud.com\/fi\/wp-json\/wp\/v2\/media\/10828"}],"wp:attachment":[{"href":"https:\/\/sinoextrud.com\/fi\/wp-json\/wp\/v2\/media?parent=10914"}],"wp:term":[{"taxonomy":"category","embeddable":true,"href":"https:\/\/sinoextrud.com\/fi\/wp-json\/wp\/v2\/categories?post=10914"}],"curies":[{"name":"wp","href":"https:\/\/api.w.org\/{rel}","templated":true}]}}