{"id":10913,"date":"2025-08-01T03:12:33","date_gmt":"2025-08-01T03:12:33","guid":{"rendered":"https:\/\/sinoextrud.com\/product\/anodized-aluminum-trim-molding-for-panels\/"},"modified":"2025-08-01T03:12:33","modified_gmt":"2025-08-01T03:12:33","slug":"anodisoitu-alumiini-leikata-listat-paneelit","status":"publish","type":"product","link":"https:\/\/sinoextrud.com\/fi\/product\/anodized-aluminum-trim-molding-for-panels\/","title":{"rendered":"Anodisoitu alumiini Trim Molding paneelit"},"content":{"rendered":"<h2>Tuotteiden tiedot<\/h2>\n<div class=\"product-table\">\n<div class=\"row\">\n<div class=\"cell label\">Suunnittelutyyli<\/div>\n<div class=\"cell value\">Moderni<\/div>\n<\/div>\n<div class=\"row\">\n<div class=\"cell label\">Laattojen lis\u00e4tarviketyyppi<\/div>\n<div class=\"cell value\">Laattojen reunukset<\/div>\n<\/div>\n<div class=\"row\">\n<div class=\"cell label\">Myynnin j\u00e4lkeinen palvelu<\/div>\n<div class=\"cell value\">Tekninen online-tuki<\/div>\n<\/div>\n<div class=\"row\">\n<div class=\"cell label\">Takuu<\/div>\n<div class=\"cell value\">5 vuotta<\/div>\n<\/div>\n<div class=\"row\">\n<div class=\"cell label\">Projektiratkaisukyky<\/div>\n<div class=\"cell value\">graafinen suunnittelu, 3D-mallisuunnittelu<\/div>\n<\/div>\n<div class=\"row\">\n<div class=\"cell label\">Hakemus<\/div>\n<div class=\"cell value\">Asunto<\/div>\n<\/div>\n<div class=\"row\">\n<div class=\"cell label\">Tuotteen nimi<\/div>\n<div class=\"cell value\">Tehtaan hinta kest\u00e4v\u00e4 anodisoitu alumiini T Trim Molding profiilit<\/div>\n<\/div>\n<div class=\"row\">\n<div class=\"cell label\">Hakemus<\/div>\n<div class=\"cell value\">Kulmien suojaus<\/div>\n<\/div>\n<div class=\"row\">\n<div class=\"cell label\">Materiaali<\/div>\n<div class=\"cell value\">Alumiini<\/div>\n<\/div>\n<div class=\"row\">\n<div class=\"cell label\">Pintak\u00e4sittely<\/div>\n<div class=\"cell value\">Anodisoitu<\/div>\n<\/div>\n<div class=\"row\">\n<div class=\"cell label\">V\u00e4ri<\/div>\n<div class=\"cell value\">Hopea<\/div>\n<\/div>\n<div class=\"row\">\n<div class=\"cell label\">Korkeus<\/div>\n<div class=\"cell value\">8\/10\/12mm\/Custiomized<\/div>\n<\/div>\n<div class=\"row\">\n<div class=\"cell label\">Pituus<\/div>\n<div class=\"cell value\">2.44m\/ 2.5m\/ 2.7m\/ 3m\/ R\u00e4\u00e4t\u00e4l\u00f6ityj\u00e4<\/div>\n<\/div>\n<div class=\"row\">\n<div class=\"cell label\">Paketti<\/div>\n<div class=\"cell value\">100 kpl\/kartonki<\/div>\n<\/div>\n<div class=\"row\">\n<div class=\"cell label\">MOQ<\/div>\n<div class=\"cell value\">500 kappaletta<\/div>\n<\/div>\n<div class=\"row\">\n<div class=\"cell label\">Toimitusaika<\/div>\n<div class=\"cell value\">15-20 p\u00e4iv\u00e4\u00e4<\/div>\n<\/div>\n<div class=\"row\">\n<div class=\"cell label\">Myyntiyksik\u00f6t<\/div>\n<div class=\"cell value\">Yksitt\u00e4inen tuote<\/div>\n<\/div>\n<div class=\"row\">\n<div class=\"cell label\">Yhden pakkauksen koko<\/div>\n<div class=\"cell value\">15X15X15 cm<\/div>\n<\/div>\n<div class=\"row\">\n<div class=\"cell label\">Yksitt\u00e4inen bruttopaino<\/div>\n<div class=\"cell value\">0,500 KG<\/div>\n<\/div>\n<\/div>\n<p><\/p>\n<h2>Tuotantopohjamme<\/h2>\n<h3>Tehtaan panoraama<\/h3>\n<p><img decoding=\"async\" src=\"\/wp-content\/uploads\/factory-01.webp\"\/><\/p>\n<h3>Alumiini Bar Manufacturing Workshop<\/h3>\n<p><img decoding=\"async\" src=\"\/wp-content\/uploads\/factory-02.webp\"\/><\/p>\n<p><img decoding=\"async\" src=\"\/wp-content\/uploads\/factory-03.webp\"\/><\/p>\n<h3>Muotin varastointi Varasto<\/h3>\n<p><img decoding=\"async\" src=\"\/wp-content\/uploads\/factory-04.webp\"\/><\/p>\n<h3>43 alumiinin ekstruusiolinjat (500-5500 tonnia)<\/h3>\n<p><img decoding=\"async\" src=\"\/wp-content\/uploads\/factory-05.webp\"\/><\/p>\n<p><img decoding=\"async\" src=\"\/wp-content\/uploads\/factory-06.webp\"\/><\/p>\n<p><img decoding=\"async\" src=\"\/wp-content\/uploads\/factory-07.webp\"\/><\/p>\n<h3>Jauhemaalaus ty\u00f6paja<\/h3>\n<p><img decoding=\"async\" src=\"\/wp-content\/uploads\/factory-09.webp\"\/><\/p>\n<h3>Anodisointi ty\u00f6paja<\/h3>\n<p><img decoding=\"async\" src=\"\/wp-content\/uploads\/factory-10.webp\"\/><\/p>\n<h3>Syv\u00e4k\u00e4sittelyn ty\u00f6paja<\/h3>\n<p><img decoding=\"async\" src=\"\/wp-content\/uploads\/factory-11.webp\"\/><\/p>\n<h3>CNC-tarkkuuskoneistus ty\u00f6paja<\/h3>\n<p><img decoding=\"async\" src=\"\/wp-content\/uploads\/factory-11.5.webp\"\/><\/p>\n<h3>Valmiiden tuotteiden ja vientivarasto<\/h3>\n<p><img decoding=\"async\" src=\"\/wp-content\/uploads\/factory-12.webp\"\/><\/p>\n<p><img decoding=\"async\" src=\"\/wp-content\/uploads\/factory-13.webp\"\/><\/p>\n<p><img decoding=\"async\" src=\"\/wp-content\/uploads\/factory-14.webp\"\/><\/p>\n<h2>FAQ<\/h2>\n<p><strong>1. Mihin sovelluksiin anodisoitu alumiininen reunuslista soveltuu?<\/strong><br \/>Se soveltuu sek\u00e4 sis\u00e4- ett\u00e4 ulkotilojen projekteihin, kuten autoteollisuuteen ja arkkitehtuuriin.<\/p>\n<p><strong>2. Voimmeko tilata anodisoituja koristeita r\u00e4\u00e4t\u00e4l\u00f6idyiss\u00e4 mitoissa?<\/strong><br \/>Kyll\u00e4, r\u00e4\u00e4t\u00e4l\u00f6ityj\u00e4 mittoja on saatavana erityisvaatimuksiesi mukaan.<\/p>\n<p><strong>3. Vaatiiko anodisoitu alumiiniverhoilu erityist\u00e4 huoltoa?<\/strong><br \/>Ei, se vaatii vain v\u00e4h\u00e4n huoltoa korroosionkest\u00e4vyytens\u00e4 ansiosta.<\/p>\n<p><strong>4. Onko t\u00e4t\u00e4 listaa saatavana eri pintak\u00e4sittelyiss\u00e4?<\/strong><br \/>Kyll\u00e4, saatavana on useita pintak\u00e4sittelyj\u00e4, kuten matta, kiilt\u00e4v\u00e4 ja kuvioitu.<\/p>\n<p><strong>5. Kest\u00e4v\u00e4tk\u00f6 anodisoidun alumiinin v\u00e4rit haalistumista?<\/strong><br \/>Kyll\u00e4, anodisointiprosessi takaa v\u00e4rin pitk\u00e4aikaisen s\u00e4ilymisen.<\/p>\n<p><strong>6. Voinko saada n\u00e4ytteen ennen suuren tilauksen tekemist\u00e4?<\/strong><br \/>Kyll\u00e4, n\u00e4ytteit\u00e4 voidaan toimittaa, jotta voidaan varmistaa tyytyv\u00e4isyys v\u00e4riin ja viimeistelyyn.<\/p>\n<p><strong>7. Mik\u00e4 on toimitusaika suurille irtotilauksille?<\/strong><br \/>Toimitusaika vaihtelee tilauksen koon mukaan ja on yleens\u00e4 2-4 viikkoa.<\/p>\n<p><\/p>","protected":false},"featured_media":10855,"template":"","categories":[55],"class_list":["post-10913","product","type-product","status-publish","has-post-thumbnail","hentry","category-extruded-aluminum-profiles"],"meta_box":{"hilight_text_group":[{"product_hilight_text":"<li>Highly durable and resistant to corrosion<\/li>\n<li>Available in various colors and finishes for custom designs<\/li>\n<li>Lightweight yet strong for multiple applications<\/li>\n<li>Easy installation and maintenance for industrial use<\/li>\n<li>Provides a sleek and modern look to any project<\/li>"}],"feature_list":[]},"_links":{"self":[{"href":"https:\/\/sinoextrud.com\/fi\/wp-json\/wp\/v2\/product\/10913","targetHints":{"allow":["GET"]}}],"collection":[{"href":"https:\/\/sinoextrud.com\/fi\/wp-json\/wp\/v2\/product"}],"about":[{"href":"https:\/\/sinoextrud.com\/fi\/wp-json\/wp\/v2\/types\/product"}],"wp:featuredmedia":[{"embeddable":true,"href":"https:\/\/sinoextrud.com\/fi\/wp-json\/wp\/v2\/media\/10855"}],"wp:attachment":[{"href":"https:\/\/sinoextrud.com\/fi\/wp-json\/wp\/v2\/media?parent=10913"}],"wp:term":[{"taxonomy":"category","embeddable":true,"href":"https:\/\/sinoextrud.com\/fi\/wp-json\/wp\/v2\/categories?post=10913"}],"curies":[{"name":"wp","href":"https:\/\/api.w.org\/{rel}","templated":true}]}}