{"id":10910,"date":"2025-08-01T03:12:26","date_gmt":"2025-08-01T03:12:26","guid":{"rendered":"https:\/\/sinoextrud.com\/product\/aluminum-heat-sink-components-for-oem-systems\/"},"modified":"2025-08-01T03:12:26","modified_gmt":"2025-08-01T03:12:26","slug":"alumiiniset-jaahdytyselementtikomponentit-oem-jarjestelmiin","status":"publish","type":"product","link":"https:\/\/sinoextrud.com\/fi\/product\/aluminum-heat-sink-components-for-oem-systems\/","title":{"rendered":"Alumiiniset j\u00e4\u00e4hdytyselementtikomponentit OEM-j\u00e4rjestelmiin"},"content":{"rendered":"<h2>Tuotteiden tiedot<\/h2>\n<div class=\"product-table\">\n<div class=\"row\">\n<div class=\"cell label\">Luokka<\/div>\n<div class=\"cell value\">6000-sarja<\/div>\n<\/div>\n<div class=\"row\">\n<div class=\"cell label\">Suvaitsevaisuus<\/div>\n<div class=\"cell value\">\u00c2\u00b11%<\/div>\n<\/div>\n<div class=\"row\">\n<div class=\"cell label\">Toimitusaika<\/div>\n<div class=\"cell value\">8-14 p\u00e4iv\u00e4\u00e4<\/div>\n<\/div>\n<div class=\"row\">\n<div class=\"cell label\">Temper<\/div>\n<div class=\"cell value\">T4-T8<\/div>\n<\/div>\n<div class=\"row\">\n<div class=\"cell label\">Hakemus<\/div>\n<div class=\"cell value\">L\u00e4mm\u00f6nsiili<\/div>\n<\/div>\n<div class=\"row\">\n<div class=\"cell label\">Muoto<\/div>\n<div class=\"cell value\">r\u00e4\u00e4t\u00e4l\u00f6ity<\/div>\n<\/div>\n<div class=\"row\">\n<div class=\"cell label\">Metalliseos tai ei<\/div>\n<div class=\"cell value\">Onko seos<\/div>\n<\/div>\n<div class=\"row\">\n<div class=\"cell label\">K\u00e4sittelypalvelu<\/div>\n<div class=\"cell value\">L\u00e4vistys, leikkaus<\/div>\n<\/div>\n<div class=\"row\">\n<div class=\"cell label\">Pintak\u00e4sittely<\/div>\n<div class=\"cell value\">Anodisointi, jauhemaalaus, kiillotus, harja, elektroforeesi tai r\u00e4\u00e4t\u00e4l\u00f6ity.<\/div>\n<\/div>\n<div class=\"row\">\n<div class=\"cell label\">Materiaali<\/div>\n<div class=\"cell value\">Seos 6063\/6061\/6005\/6463 T4\/T5\/T6<\/div>\n<\/div>\n<div class=\"row\">\n<div class=\"cell label\">Sertifiointi<\/div>\n<div class=\"cell value\">ISO9001,ISO14000,CE,ROHS<\/div>\n<\/div>\n<div class=\"row\">\n<div class=\"cell label\">V\u00e4ri<\/div>\n<div class=\"cell value\">valinnainen<\/div>\n<\/div>\n<div class=\"row\">\n<div class=\"cell label\">Tyyppi<\/div>\n<div class=\"cell value\">OEM alumiini suulakepuristukset profiilit<\/div>\n<\/div>\n<div class=\"row\">\n<div class=\"cell label\">K\u00e4ytt\u00f6<\/div>\n<div class=\"cell value\">Alumiininen j\u00e4\u00e4hdytyselementti<\/div>\n<\/div>\n<div class=\"row\">\n<div class=\"cell label\">Syv\u00e4prosessointi<\/div>\n<div class=\"cell value\">leikkaaminen, poraaminen, kierteitt\u00e4minen, taivuttaminen jne.<\/div>\n<\/div>\n<div class=\"row\">\n<div class=\"cell label\">Pituus<\/div>\n<div class=\"cell value\">3-6metri\u00e4 tai r\u00e4\u00e4t\u00e4l\u00f6ity<\/div>\n<\/div>\n<div class=\"row\">\n<div class=\"cell label\">Yritystyyppi<\/div>\n<div class=\"cell value\">Valmistaja,tehdas<\/div>\n<\/div>\n<div class=\"row\">\n<div class=\"cell label\">Tuotteen nimi<\/div>\n<div class=\"cell value\">Alumiini suulakepuristus profiili<\/div>\n<\/div>\n<div class=\"row\">\n<div class=\"cell label\">Myyntiyksik\u00f6t<\/div>\n<div class=\"cell value\">Yksitt\u00e4inen tuote<\/div>\n<\/div>\n<div class=\"row\">\n<div class=\"cell label\">Yhden pakkauksen koko<\/div>\n<div class=\"cell value\">10X5X5 cm<\/div>\n<\/div>\n<div class=\"row\">\n<div class=\"cell label\">Yksitt\u00e4inen bruttopaino<\/div>\n<div class=\"cell value\">2.000 KG<\/div>\n<\/div>\n<\/div>\n<p><\/p>\n<h2>Tuotantopohjamme<\/h2>\n<h3>Tehtaan panoraama<\/h3>\n<p><img decoding=\"async\" src=\"\/wp-content\/uploads\/factory-01.webp\"\/><\/p>\n<h3>Alumiini Bar Manufacturing Workshop<\/h3>\n<p><img decoding=\"async\" src=\"\/wp-content\/uploads\/factory-02.webp\"\/><\/p>\n<p><img decoding=\"async\" src=\"\/wp-content\/uploads\/factory-03.webp\"\/><\/p>\n<h3>Muotin varastointi Varasto<\/h3>\n<p><img decoding=\"async\" src=\"\/wp-content\/uploads\/factory-04.webp\"\/><\/p>\n<h3>43 alumiinin ekstruusiolinjat (500-5500 tonnia)<\/h3>\n<p><img decoding=\"async\" src=\"\/wp-content\/uploads\/factory-05.webp\"\/><\/p>\n<p><img decoding=\"async\" src=\"\/wp-content\/uploads\/factory-06.webp\"\/><\/p>\n<p><img decoding=\"async\" src=\"\/wp-content\/uploads\/factory-07.webp\"\/><\/p>\n<h3>Jauhemaalaus ty\u00f6paja<\/h3>\n<p><img decoding=\"async\" src=\"\/wp-content\/uploads\/factory-09.webp\"\/><\/p>\n<h3>Anodisointi ty\u00f6paja<\/h3>\n<p><img decoding=\"async\" src=\"\/wp-content\/uploads\/factory-10.webp\"\/><\/p>\n<h3>Syv\u00e4k\u00e4sittelyn ty\u00f6paja<\/h3>\n<p><img decoding=\"async\" src=\"\/wp-content\/uploads\/factory-11.webp\"\/><\/p>\n<h3>CNC-tarkkuuskoneistus ty\u00f6paja<\/h3>\n<p><img decoding=\"async\" src=\"\/wp-content\/uploads\/factory-11.5.webp\"\/><\/p>\n<h3>Valmiiden tuotteiden ja vientivarasto<\/h3>\n<p><img decoding=\"async\" src=\"\/wp-content\/uploads\/factory-12.webp\"\/><\/p>\n<p><img decoding=\"async\" src=\"\/wp-content\/uploads\/factory-13.webp\"\/><\/p>\n<p><img decoding=\"async\" src=\"\/wp-content\/uploads\/factory-14.webp\"\/><\/p>\n<h2>FAQ<\/h2>\n<p><strong>1. Mik\u00e4 on alumiinisten j\u00e4\u00e4hdytyselementtikomponenttien ensisijainen teht\u00e4v\u00e4?<\/strong><br \/>Ne on suunniteltu johtamaan l\u00e4mp\u00f6\u00e4 elektronisista laitteista ylikuumenemisen est\u00e4miseksi.<\/p>\n<p><strong>2. Voiko alumiinisia j\u00e4\u00e4hdytyselementtikomponentteja r\u00e4\u00e4t\u00e4l\u00f6id\u00e4 tiettyihin kokoihin?<\/strong><br \/>Kyll\u00e4, tarjoamme r\u00e4\u00e4t\u00e4l\u00f6inti\u00e4 erilaisten elektronisten laitteiden vaatimuksiin.<\/p>\n<p><strong>3. Ovatko n\u00e4m\u00e4 komponentit yhteensopivia kaikentyyppisten elektronisten laitteiden kanssa?<\/strong><br \/>Ne voidaan suunnitella vastaamaan useimpien laitteiden l\u00e4mm\u00f6nhallintatarpeita.<\/p>\n<p><strong>4. Suositteletko alumiinisia j\u00e4\u00e4hdytyselementtikomponentteja korkean suorituskyvyn laskentaan?<\/strong><br \/>Kyll\u00e4, ne ovat ihanteellisia korkean suorituskyvyn sovelluksiin niiden tehokkaan l\u00e4mm\u00f6ntuottokyvyn ansiosta.<\/p>\n<p><strong>5. Miten alumiiniset j\u00e4\u00e4hdytyselementtikomponentit parantavat laitteen suorituskyky\u00e4?<\/strong><br \/>Ne varmistavat optimaalisen l\u00e4mp\u00f6tilanhallinnan ja pident\u00e4v\u00e4t laitteen k\u00e4ytt\u00f6ik\u00e4\u00e4.<\/p>\n<p><strong>6. Mit\u00e4 materiaaleja k\u00e4ytet\u00e4\u00e4n n\u00e4iden j\u00e4\u00e4hdytyslevyjen rakentamisessa?<\/strong><br \/>Ne on valmistettu korkealaatuisesta alumiinista, joka tunnetaan erinomaisesta l\u00e4mm\u00f6njohtavuudestaan.<\/p>\n<p><strong>7. Voidaanko n\u00e4it\u00e4 komponentteja k\u00e4ytt\u00e4\u00e4 ymp\u00e4rist\u00f6yst\u00e4v\u00e4llisiss\u00e4 tuoteratkaisuissa?<\/strong><br \/>Kyll\u00e4, niiden tehokas l\u00e4mm\u00f6nhallinta tukee energiatehokasta suunnittelua.<\/p>\n<p><\/p>","protected":false},"featured_media":10747,"template":"","categories":[72],"class_list":["post-10910","product","type-product","status-publish","has-post-thumbnail","hentry","category-extruded-aluminum-heatsink"],"meta_box":{"hilight_text_group":[{"product_hilight_text":"<li>Engineered for efficient thermal management in various applications<\/li>\n<li>Available in multiple sizes to fit diverse electronic devices<\/li>\n<li>High-quality aluminum for enhanced heat dissipation<\/li>\n<li>Customizable design for specific B2B requirements<\/li>\n<li>Lightweight yet robust structure ensures longevity<\/li>"}],"feature_list":[]},"_links":{"self":[{"href":"https:\/\/sinoextrud.com\/fi\/wp-json\/wp\/v2\/product\/10910","targetHints":{"allow":["GET"]}}],"collection":[{"href":"https:\/\/sinoextrud.com\/fi\/wp-json\/wp\/v2\/product"}],"about":[{"href":"https:\/\/sinoextrud.com\/fi\/wp-json\/wp\/v2\/types\/product"}],"wp:featuredmedia":[{"embeddable":true,"href":"https:\/\/sinoextrud.com\/fi\/wp-json\/wp\/v2\/media\/10747"}],"wp:attachment":[{"href":"https:\/\/sinoextrud.com\/fi\/wp-json\/wp\/v2\/media?parent=10910"}],"wp:term":[{"taxonomy":"category","embeddable":true,"href":"https:\/\/sinoextrud.com\/fi\/wp-json\/wp\/v2\/categories?post=10910"}],"curies":[{"name":"wp","href":"https:\/\/api.w.org\/{rel}","templated":true}]}}