{"id":10907,"date":"2025-08-01T03:12:19","date_gmt":"2025-08-01T03:12:19","guid":{"rendered":"https:\/\/sinoextrud.com\/product\/aluminum-fin-heat-sink-for-thermal-dissipation\/"},"modified":"2025-08-01T03:12:19","modified_gmt":"2025-08-01T03:12:19","slug":"alumiininen-jaahdytyselementti-lampohaviota-varten","status":"publish","type":"product","link":"https:\/\/sinoextrud.com\/fi\/product\/aluminum-fin-heat-sink-for-thermal-dissipation\/","title":{"rendered":"Alumiini Fin Heat Sink l\u00e4mp\u00f6h\u00e4vi\u00f6 l\u00e4mm\u00f6n haihtumista varten"},"content":{"rendered":"<h2>Tuotteiden tiedot<\/h2>\n<div class=\"product-table\">\n<div class=\"row\">\n<div class=\"cell label\">Luokka<\/div>\n<div class=\"cell value\">6000-sarja<\/div>\n<\/div>\n<div class=\"row\">\n<div class=\"cell label\">Suvaitsevaisuus<\/div>\n<div class=\"cell value\">\u00c2\u00b11%<\/div>\n<\/div>\n<div class=\"row\">\n<div class=\"cell label\">Toimitusaika<\/div>\n<div class=\"cell value\">15-21 p\u00e4iv\u00e4\u00e4<\/div>\n<\/div>\n<div class=\"row\">\n<div class=\"cell label\">Temper<\/div>\n<div class=\"cell value\">T3-T8<\/div>\n<\/div>\n<div class=\"row\">\n<div class=\"cell label\">Hakemus<\/div>\n<div class=\"cell value\">L\u00e4mm\u00f6nsiili<\/div>\n<\/div>\n<div class=\"row\">\n<div class=\"cell label\">Muoto<\/div>\n<div class=\"cell value\">Neli\u00f6<\/div>\n<\/div>\n<div class=\"row\">\n<div class=\"cell label\">Metalliseos tai ei<\/div>\n<div class=\"cell value\">Seostamattomat<\/div>\n<\/div>\n<div class=\"row\">\n<div class=\"cell label\">K\u00e4sittelypalvelu<\/div>\n<div class=\"cell value\">Taivutus, purku, hitsaus, l\u00e4vistys, leikkaus<\/div>\n<\/div>\n<div class=\"row\">\n<div class=\"cell label\">Tuotteen nimi<\/div>\n<div class=\"cell value\">Alumiiniputki<\/div>\n<\/div>\n<div class=\"row\">\n<div class=\"cell label\">Luokka<\/div>\n<div class=\"cell value\">6005<\/div>\n<\/div>\n<div class=\"row\">\n<div class=\"cell label\">V\u00e4ri<\/div>\n<div class=\"cell value\">R\u00e4\u00e4t\u00e4l\u00f6ity v\u00e4ri<\/div>\n<\/div>\n<div class=\"row\">\n<div class=\"cell label\">Materiaali<\/div>\n<div class=\"cell value\">Alumiiniseos<\/div>\n<\/div>\n<div class=\"row\">\n<div class=\"cell label\">Avainsana<\/div>\n<div class=\"cell value\">Alumiiniputki<\/div>\n<\/div>\n<div class=\"row\">\n<div class=\"cell label\">MOQ<\/div>\n<div class=\"cell value\">300Kg<\/div>\n<\/div>\n<div class=\"row\">\n<div class=\"cell label\">Koko<\/div>\n<div class=\"cell value\">Asiakkaan vaatimus<\/div>\n<\/div>\n<div class=\"row\">\n<div class=\"cell label\">Nimi<\/div>\n<div class=\"cell value\">Alumiini profiiliputki<\/div>\n<\/div>\n<div class=\"row\">\n<div class=\"cell label\">Pintak\u00e4sittely<\/div>\n<div class=\"cell value\">Mill viimeistely<\/div>\n<\/div>\n<div class=\"row\">\n<div class=\"cell label\">Pituus<\/div>\n<div class=\"cell value\">3-6metri\u00e4<\/div>\n<\/div>\n<div class=\"row\">\n<div class=\"cell label\">Myyntiyksik\u00f6t<\/div>\n<div class=\"cell value\">Yksitt\u00e4inen tuote<\/div>\n<\/div>\n<div class=\"row\">\n<div class=\"cell label\">Yhden pakkauksen koko<\/div>\n<div class=\"cell value\">20X20X5 cm<\/div>\n<\/div>\n<div class=\"row\">\n<div class=\"cell label\">Yksitt\u00e4inen bruttopaino<\/div>\n<div class=\"cell value\">1.000 KG<\/div>\n<\/div>\n<\/div>\n<p><\/p>\n<h2>Tuotantopohjamme<\/h2>\n<h3>Tehtaan panoraama<\/h3>\n<p><img decoding=\"async\" src=\"\/wp-content\/uploads\/factory-01.webp\"\/><\/p>\n<h3>Alumiini Bar Manufacturing Workshop<\/h3>\n<p><img decoding=\"async\" src=\"\/wp-content\/uploads\/factory-02.webp\"\/><\/p>\n<p><img decoding=\"async\" src=\"\/wp-content\/uploads\/factory-03.webp\"\/><\/p>\n<h3>Muotin varastointi Varasto<\/h3>\n<p><img decoding=\"async\" src=\"\/wp-content\/uploads\/factory-04.webp\"\/><\/p>\n<h3>43 alumiinin ekstruusiolinjat (500-5500 tonnia)<\/h3>\n<p><img decoding=\"async\" src=\"\/wp-content\/uploads\/factory-05.webp\"\/><\/p>\n<p><img decoding=\"async\" src=\"\/wp-content\/uploads\/factory-06.webp\"\/><\/p>\n<p><img decoding=\"async\" src=\"\/wp-content\/uploads\/factory-07.webp\"\/><\/p>\n<h3>Jauhemaalaus ty\u00f6paja<\/h3>\n<p><img decoding=\"async\" src=\"\/wp-content\/uploads\/factory-09.webp\"\/><\/p>\n<h3>Anodisointi ty\u00f6paja<\/h3>\n<p><img decoding=\"async\" src=\"\/wp-content\/uploads\/factory-10.webp\"\/><\/p>\n<h3>Syv\u00e4k\u00e4sittelyn ty\u00f6paja<\/h3>\n<p><img decoding=\"async\" src=\"\/wp-content\/uploads\/factory-11.webp\"\/><\/p>\n<h3>CNC-tarkkuuskoneistus ty\u00f6paja<\/h3>\n<p><img decoding=\"async\" src=\"\/wp-content\/uploads\/factory-11.5.webp\"\/><\/p>\n<h3>Valmiiden tuotteiden ja vientivarasto<\/h3>\n<p><img decoding=\"async\" src=\"\/wp-content\/uploads\/factory-12.webp\"\/><\/p>\n<p><img decoding=\"async\" src=\"\/wp-content\/uploads\/factory-13.webp\"\/><\/p>\n<p><img decoding=\"async\" src=\"\/wp-content\/uploads\/factory-14.webp\"\/><\/p>\n<h2>FAQ<\/h2>\n<p><strong>1. Mik\u00e4 on alumiinisen j\u00e4\u00e4hdytyselementin ensisijainen k\u00e4ytt\u00f6tarkoitus?<\/strong><br \/>Sit\u00e4 k\u00e4ytet\u00e4\u00e4n l\u00e4mm\u00f6nhallintaan elektronisten laitteiden l\u00e4mm\u00f6n haihduttamiseen.<\/p>\n<p><strong>2. Voidaanko j\u00e4\u00e4hdytyselementti r\u00e4\u00e4t\u00e4l\u00f6id\u00e4 eri laitteisiin sopivaksi?<\/strong><br \/>Kyll\u00e4, mitat ja lamellien kokoonpanot voidaan r\u00e4\u00e4t\u00e4l\u00f6id\u00e4 erityistarpeita varten.<\/p>\n<p><strong>3. Soveltuuko j\u00e4\u00e4hdytyselementti suuritehoisiin sovelluksiin?<\/strong><br \/>Kyll\u00e4, se on suunniteltu k\u00e4sittelem\u00e4\u00e4n tehokkaasti suuria l\u00e4mp\u00f6kuormia.<\/p>\n<p><strong>4. Tarjoatteko teknist\u00e4 tukea integrointia varten?<\/strong><br \/>Kyll\u00e4, tiimimme tarjoaa teknist\u00e4 opastusta saumatonta integrointia varten.<\/p>\n<p><strong>5. Mit\u00e4 materiaaleja k\u00e4ytet\u00e4\u00e4n j\u00e4\u00e4hdytyselementin valmistuksessa?<\/strong><br \/>J\u00e4\u00e4hdytyselementti on valmistettu korkealaatuisesta, kest\u00e4v\u00e4st\u00e4 alumiinimateriaalista.<\/p>\n<p><strong>6. Pystytk\u00f6 k\u00e4sittelem\u00e4\u00e4n j\u00e4\u00e4hdytyselementin suuria tilauksia?<\/strong><br \/>Kyll\u00e4, tuemme suuria volyymitilauksia ja OEM-tilauksia kilpailukykyisell\u00e4 hinnoittelulla.<\/p>\n<p><strong>7. Onko j\u00e4\u00e4hdytyslevyjen kansainv\u00e4linen toimitus saatavilla?<\/strong><br \/>Kyll\u00e4, tarjoamme maailmanlaajuista toimitusta ja kattavaa logistiikkatukea.<\/p>\n<p><\/p>","protected":false},"featured_media":10744,"template":"","categories":[72],"class_list":["post-10907","product","type-product","status-publish","has-post-thumbnail","hentry","category-extruded-aluminum-heatsink"],"meta_box":{"hilight_text_group":[{"product_hilight_text":"<li>Designed for efficient thermal management and heat dissipation<\/li>\n<li>Customizable in dimensions and fin structures for specific applications<\/li>\n<li>Made from high-quality aluminum for optimal performance and longevity<\/li>\n<li>Supports OEM and bulk orders with flexible production capacity<\/li>\n<li>Lightweight and corrosion-resistant materials suitable for diverse environments<\/li>"}],"feature_list":[]},"_links":{"self":[{"href":"https:\/\/sinoextrud.com\/fi\/wp-json\/wp\/v2\/product\/10907","targetHints":{"allow":["GET"]}}],"collection":[{"href":"https:\/\/sinoextrud.com\/fi\/wp-json\/wp\/v2\/product"}],"about":[{"href":"https:\/\/sinoextrud.com\/fi\/wp-json\/wp\/v2\/types\/product"}],"wp:featuredmedia":[{"embeddable":true,"href":"https:\/\/sinoextrud.com\/fi\/wp-json\/wp\/v2\/media\/10744"}],"wp:attachment":[{"href":"https:\/\/sinoextrud.com\/fi\/wp-json\/wp\/v2\/media?parent=10907"}],"wp:term":[{"taxonomy":"category","embeddable":true,"href":"https:\/\/sinoextrud.com\/fi\/wp-json\/wp\/v2\/categories?post=10907"}],"curies":[{"name":"wp","href":"https:\/\/api.w.org\/{rel}","templated":true}]}}