{"id":10906,"date":"2025-08-01T03:12:17","date_gmt":"2025-08-01T03:12:17","guid":{"rendered":"https:\/\/sinoextrud.com\/product\/led-street-lamp-sleeves-for-outdoor-fixtures\/"},"modified":"2025-08-01T03:12:17","modified_gmt":"2025-08-01T03:12:17","slug":"led-katuvalaisimen-hylsyt-ulkovalaisimiin","status":"publish","type":"product","link":"https:\/\/sinoextrud.com\/fi\/product\/led-street-lamp-sleeves-for-outdoor-fixtures\/","title":{"rendered":"LED-katuvalaisimen hylsyt ulkovalaisimiin"},"content":{"rendered":"<h2>Tuotteiden tiedot<\/h2>\n<div class=\"product-table\">\n<div class=\"row\">\n<div class=\"cell label\">Luokka<\/div>\n<div class=\"cell value\">6000-sarja<\/div>\n<\/div>\n<div class=\"row\">\n<div class=\"cell label\">Suvaitsevaisuus<\/div>\n<div class=\"cell value\">\u00c2\u00b11%<\/div>\n<\/div>\n<div class=\"row\">\n<div class=\"cell label\">Toimitusaika<\/div>\n<div class=\"cell value\">22-30 p\u00e4iv\u00e4\u00e4<\/div>\n<\/div>\n<div class=\"row\">\n<div class=\"cell label\">Temper<\/div>\n<div class=\"cell value\">T3-T8<\/div>\n<\/div>\n<div class=\"row\">\n<div class=\"cell label\">Hakemus<\/div>\n<div class=\"cell value\">Kisko\/led\/elektroniikka\/cpu\/teollisuus<\/div>\n<\/div>\n<div class=\"row\">\n<div class=\"cell label\">Muoto<\/div>\n<div class=\"cell value\">custom<\/div>\n<\/div>\n<div class=\"row\">\n<div class=\"cell label\">Metalliseos tai ei<\/div>\n<div class=\"cell value\">Onko seos<\/div>\n<\/div>\n<div class=\"row\">\n<div class=\"cell label\">K\u00e4sittelypalvelu<\/div>\n<div class=\"cell value\">Taivutus, purku, hitsaus, l\u00e4vistys, leikkaus<\/div>\n<\/div>\n<div class=\"row\">\n<div class=\"cell label\">Tuotteen nimi<\/div>\n<div class=\"cell value\">Mukautettu alumiiniprofiili<\/div>\n<\/div>\n<div class=\"row\">\n<div class=\"cell label\">Materiaali<\/div>\n<div class=\"cell value\">6063 6061 6005 5083 alumiiniseos<\/div>\n<\/div>\n<div class=\"row\">\n<div class=\"cell label\">V\u00e4ri<\/div>\n<div class=\"cell value\">Hopea, musta, kultainen musta ja niin edelleen<\/div>\n<\/div>\n<div class=\"row\">\n<div class=\"cell label\">Pintak\u00e4sittely<\/div>\n<div class=\"cell value\">Mill Finish, anodisointi, jauhemaalaus<\/div>\n<\/div>\n<div class=\"row\">\n<div class=\"cell label\">Syv\u00e4 prosessi<\/div>\n<div class=\"cell value\">Punching Driling Precison leikkaus CNC<\/div>\n<\/div>\n<div class=\"row\">\n<div class=\"cell label\">muoto<\/div>\n<div class=\"cell value\">R\u00e4\u00e4t\u00e4l\u00f6ity<\/div>\n<\/div>\n<div class=\"row\">\n<div class=\"cell label\">K\u00e4ytt\u00f6<\/div>\n<div class=\"cell value\">Autojen rungot ja osat, ilmailun osat, aurinkos\u00e4hk\u00f6paneelit.<\/div>\n<\/div>\n<div class=\"row\">\n<div class=\"cell label\">N\u00e4yte<\/div>\n<div class=\"cell value\">Ilmainen n\u00e4yte<\/div>\n<\/div>\n<div class=\"row\">\n<div class=\"cell label\">Pituus<\/div>\n<div class=\"cell value\">Mukautettu pituus<\/div>\n<\/div>\n<div class=\"row\">\n<div class=\"cell label\">Palvelu<\/div>\n<div class=\"cell value\">OEM ODM<\/div>\n<\/div>\n<div class=\"row\">\n<div class=\"cell label\">Myyntiyksik\u00f6t<\/div>\n<div class=\"cell value\">Yksitt\u00e4inen tuote<\/div>\n<\/div>\n<div class=\"row\">\n<div class=\"cell label\">Yhden pakkauksen koko<\/div>\n<div class=\"cell value\">30X20X20 cm<\/div>\n<\/div>\n<div class=\"row\">\n<div class=\"cell label\">Yksitt\u00e4inen bruttopaino<\/div>\n<div class=\"cell value\">3.000 KG<\/div>\n<\/div>\n<\/div>\n<p><\/p>\n<h2>Tuotantopohjamme<\/h2>\n<h3>Tehtaan panoraama<\/h3>\n<p><img decoding=\"async\" src=\"\/wp-content\/uploads\/factory-01.webp\"\/><\/p>\n<h3>Alumiini Bar Manufacturing Workshop<\/h3>\n<p><img decoding=\"async\" src=\"\/wp-content\/uploads\/factory-02.webp\"\/><\/p>\n<p><img decoding=\"async\" src=\"\/wp-content\/uploads\/factory-03.webp\"\/><\/p>\n<h3>Muotin varastointi Varasto<\/h3>\n<p><img decoding=\"async\" src=\"\/wp-content\/uploads\/factory-04.webp\"\/><\/p>\n<h3>43 alumiinin ekstruusiolinjat (500-5500 tonnia)<\/h3>\n<p><img decoding=\"async\" src=\"\/wp-content\/uploads\/factory-05.webp\"\/><\/p>\n<p><img decoding=\"async\" src=\"\/wp-content\/uploads\/factory-06.webp\"\/><\/p>\n<p><img decoding=\"async\" src=\"\/wp-content\/uploads\/factory-07.webp\"\/><\/p>\n<h3>Jauhemaalaus ty\u00f6paja<\/h3>\n<p><img decoding=\"async\" src=\"\/wp-content\/uploads\/factory-09.webp\"\/><\/p>\n<h3>Anodisointi ty\u00f6paja<\/h3>\n<p><img decoding=\"async\" src=\"\/wp-content\/uploads\/factory-10.webp\"\/><\/p>\n<h3>Syv\u00e4k\u00e4sittelyn ty\u00f6paja<\/h3>\n<p><img decoding=\"async\" src=\"\/wp-content\/uploads\/factory-11.webp\"\/><\/p>\n<h3>CNC-tarkkuuskoneistus ty\u00f6paja<\/h3>\n<p><img decoding=\"async\" src=\"\/wp-content\/uploads\/factory-11.5.webp\"\/><\/p>\n<h3>Valmiiden tuotteiden ja vientivarasto<\/h3>\n<p><img decoding=\"async\" src=\"\/wp-content\/uploads\/factory-12.webp\"\/><\/p>\n<p><img decoding=\"async\" src=\"\/wp-content\/uploads\/factory-13.webp\"\/><\/p>\n<p><img decoding=\"async\" src=\"\/wp-content\/uploads\/factory-14.webp\"\/><\/p>\n<h2>FAQ<\/h2>\n<p><strong>1. Voidaanko LED-katuvalaisimen hylsyt r\u00e4\u00e4t\u00e4l\u00f6id\u00e4 eri lamppukokoja varten?<\/strong><br \/>Kyll\u00e4, hylsyt voidaan r\u00e4\u00e4t\u00e4l\u00f6id\u00e4 monenlaisiin katuvalaisimien kokoihin ja muotoihin sopiviksi.<\/p>\n<p><strong>2. Ovatko hihat s\u00e4\u00e4nkest\u00e4vi\u00e4?<\/strong><br \/>Kyll\u00e4, ne on suunniteltu kest\u00e4m\u00e4\u00e4n erilaisia s\u00e4\u00e4olosuhteita, kuten sadetta, lunta ja UV-s\u00e4teily\u00e4.<\/p>\n<p><strong>3. Miten LED-katuvalaisimien hihat vaikuttavat energiatehokkuuteen?<\/strong><br \/>Hylsyt parantavat valonjakoa ja auttavat v\u00e4hent\u00e4m\u00e4\u00e4n energiankulutusta optimoimalla lampun suorituskyvyn.<\/p>\n<p><strong>4. Mit\u00e4 materiaaleja on k\u00e4ytetty holkkien rakentamisessa?<\/strong><br \/>Hylsyt on valmistettu korkealaatuisista ja kest\u00e4vist\u00e4 materiaaleista, jotka takaavat pitk\u00e4aikaisen suojan.<\/p>\n<p><strong>5. Ovatko n\u00e4m\u00e4 LED-katuvalaisimen holkit helppo asentaa?<\/strong><br \/>Kyll\u00e4, ne on suunniteltu nopeaan ja helppoon asennukseen seisokkiaikojen v\u00e4hent\u00e4miseksi.<\/p>\n<p><strong>6. Tarjoatteko kansainv\u00e4list\u00e4 toimitusta LED-katuvalaisimen hylsyille?<\/strong><br \/>Kyll\u00e4, tarjoamme maailmanlaajuisia kuljetuspalveluja kansainv\u00e4listen asiakkaiden tarpeisiin.<\/p>\n<p><strong>7. Voinko tilata n\u00e4ytteit\u00e4 LED-katuvalaisimien hylsyist\u00e4 ennen kuin teen suurhankinnan?<\/strong><br \/>Kyll\u00e4, n\u00e4ytetilauksia on saatavilla, jotta voit arvioida tuotteidemme laatua.<\/p>\n<p><\/p>","protected":false},"featured_media":10859,"template":"","categories":[55],"class_list":["post-10906","product","type-product","status-publish","has-post-thumbnail","hentry","category-extruded-aluminum-profiles"],"meta_box":{"hilight_text_group":[{"product_hilight_text":"<li>Provides protection and enhances longevity of LED street lamps<\/li>\n<li>Customizable to fit various lamp sizes and shapes for B2B clients<\/li>\n<li>Manufactured with weather-resistant and durable materials<\/li>\n<li>Supports easy installation to minimize maintenance time and cost<\/li>\n<li>Designed to improve energy efficiency and light distribution<\/li>"}],"feature_list":[]},"_links":{"self":[{"href":"https:\/\/sinoextrud.com\/fi\/wp-json\/wp\/v2\/product\/10906","targetHints":{"allow":["GET"]}}],"collection":[{"href":"https:\/\/sinoextrud.com\/fi\/wp-json\/wp\/v2\/product"}],"about":[{"href":"https:\/\/sinoextrud.com\/fi\/wp-json\/wp\/v2\/types\/product"}],"wp:featuredmedia":[{"embeddable":true,"href":"https:\/\/sinoextrud.com\/fi\/wp-json\/wp\/v2\/media\/10859"}],"wp:attachment":[{"href":"https:\/\/sinoextrud.com\/fi\/wp-json\/wp\/v2\/media?parent=10906"}],"wp:term":[{"taxonomy":"category","embeddable":true,"href":"https:\/\/sinoextrud.com\/fi\/wp-json\/wp\/v2\/categories?post=10906"}],"curies":[{"name":"wp","href":"https:\/\/api.w.org\/{rel}","templated":true}]}}