{"id":10901,"date":"2025-08-01T03:12:04","date_gmt":"2025-08-01T03:12:04","guid":{"rendered":"https:\/\/sinoextrud.com\/product\/aluminum-enclosure-heat-sink-for-electronics\/"},"modified":"2025-08-01T03:12:04","modified_gmt":"2025-08-01T03:12:04","slug":"alumiinikotelo-jaahdytyselementti-elektroniikkaan","status":"publish","type":"product","link":"https:\/\/sinoextrud.com\/fi\/product\/aluminum-enclosure-heat-sink-for-electronics\/","title":{"rendered":"Alumiinikotelo j\u00e4\u00e4hdytyselementti elektroniikkaan"},"content":{"rendered":"<h2>Tuotteiden tiedot<\/h2>\n<div class=\"product-table\">\n<div class=\"row\">\n<div class=\"cell label\">CNC-ty\u00f6st\u00f6 vai ei<\/div>\n<div class=\"cell value\">Cnc-ty\u00f6st\u00f6<\/div>\n<\/div>\n<div class=\"row\">\n<div class=\"cell label\">Materiaalivalmiudet<\/div>\n<div class=\"cell value\">Alumiini, Messinki, Pronssi, Kupari, Karkaistut metallit, Jalometallit, Ruostumaton ter\u00e4s, Ter\u00e4sseokset, Muut, Muut<\/div>\n<\/div>\n<div class=\"row\">\n<div class=\"cell label\">Tyyppi<\/div>\n<div class=\"cell value\">PORAUS, Laserty\u00f6st\u00f6, Jyrsint\u00e4, Jyrsint\u00e4, Jyrsint\u00e4, Muut koneistuspalvelut, Nopea prototyyppien valmistus, Sorvaus, S\u00e4deporaus, S\u00e4deporaus \/ kemiallinen ty\u00f6st\u00f6, Langankorvaus<\/div>\n<\/div>\n<div class=\"row\">\n<div class=\"cell label\">Mikrokoneistus vai ei<\/div>\n<div class=\"cell value\">Mikrokoneistus<\/div>\n<\/div>\n<div class=\"row\">\n<div class=\"cell label\">Myyntiyksik\u00f6t<\/div>\n<div class=\"cell value\">Yksitt\u00e4inen tuote<\/div>\n<\/div>\n<\/div>\n<p><\/p>\n<h2>Tuotantopohjamme<\/h2>\n<h3>Tehtaan panoraama<\/h3>\n<p><img decoding=\"async\" src=\"\/wp-content\/uploads\/factory-01.webp\"\/><\/p>\n<h3>Alumiini Bar Manufacturing Workshop<\/h3>\n<p><img decoding=\"async\" src=\"\/wp-content\/uploads\/factory-02.webp\"\/><\/p>\n<p><img decoding=\"async\" src=\"\/wp-content\/uploads\/factory-03.webp\"\/><\/p>\n<h3>Muotin varastointi Varasto<\/h3>\n<p><img decoding=\"async\" src=\"\/wp-content\/uploads\/factory-04.webp\"\/><\/p>\n<h3>43 alumiinin ekstruusiolinjat (500-5500 tonnia)<\/h3>\n<p><img decoding=\"async\" src=\"\/wp-content\/uploads\/factory-05.webp\"\/><\/p>\n<p><img decoding=\"async\" src=\"\/wp-content\/uploads\/factory-06.webp\"\/><\/p>\n<p><img decoding=\"async\" src=\"\/wp-content\/uploads\/factory-07.webp\"\/><\/p>\n<h3>Jauhemaalaus ty\u00f6paja<\/h3>\n<p><img decoding=\"async\" src=\"\/wp-content\/uploads\/factory-09.webp\"\/><\/p>\n<h3>Anodisointi ty\u00f6paja<\/h3>\n<p><img decoding=\"async\" src=\"\/wp-content\/uploads\/factory-10.webp\"\/><\/p>\n<h3>Syv\u00e4k\u00e4sittelyn ty\u00f6paja<\/h3>\n<p><img decoding=\"async\" src=\"\/wp-content\/uploads\/factory-11.webp\"\/><\/p>\n<h3>CNC-tarkkuuskoneistus ty\u00f6paja<\/h3>\n<p><img decoding=\"async\" src=\"\/wp-content\/uploads\/factory-11.5.webp\"\/><\/p>\n<h3>Valmiiden tuotteiden ja vientivarasto<\/h3>\n<p><img decoding=\"async\" src=\"\/wp-content\/uploads\/factory-12.webp\"\/><\/p>\n<p><img decoding=\"async\" src=\"\/wp-content\/uploads\/factory-13.webp\"\/><\/p>\n<p><img decoding=\"async\" src=\"\/wp-content\/uploads\/factory-14.webp\"\/><\/p>\n<h2>FAQ<\/h2>\n<p><strong>1. Mitk\u00e4 ovat alumiinikotelon j\u00e4\u00e4hdytyslevyn k\u00e4yt\u00f6n t\u00e4rkeimm\u00e4t edut?<\/strong><br \/>Se tarjoaa tehokkaan l\u00e4mm\u00f6nsiirron, kevyen rakenteen ja kest\u00e4vyyden.<\/p>\n<p><strong>2. Voidaanko alumiinikotelon j\u00e4\u00e4hdytyselementti r\u00e4\u00e4t\u00e4l\u00f6id\u00e4?<\/strong><br \/>Kyll\u00e4, tarjoamme r\u00e4\u00e4t\u00e4l\u00f6inti\u00e4 suunnittelussa ja mitoissa vastaamaan erityistarpeitasi.<\/p>\n<p><strong>3. Soveltuuko t\u00e4m\u00e4 j\u00e4\u00e4hdytyselementti korkean suorituskyvyn laitteisiin?<\/strong><br \/>Kyll\u00e4, se on suunniteltu tehokkaan l\u00e4mm\u00f6nhallinnan vaativiin korkean suorituskyvyn sovelluksiin.<\/p>\n<p><strong>4. Mist\u00e4 materiaalista j\u00e4\u00e4hdytyselementti on valmistettu?<\/strong><br \/>J\u00e4\u00e4hdytyselementti on valmistettu korkealaatuisesta alumiinista optimaalisen l\u00e4mm\u00f6njohtavuuden varmistamiseksi.<\/p>\n<p><strong>5. Voidaanko t\u00e4t\u00e4 tuotetta k\u00e4ytt\u00e4\u00e4 erilaisissa elektronisissa laitteissa?<\/strong><br \/>Kyll\u00e4, se on yhteensopiva useiden eri laitteiden kanssa ja sit\u00e4 voidaan k\u00e4ytt\u00e4\u00e4 monipuolisesti.<\/p>\n<p><strong>6. Miten j\u00e4\u00e4hdytyselementti parantaa laitteen suorituskyky\u00e4?<\/strong><br \/>Haihduttamalla tehokkaasti l\u00e4mp\u00f6\u00e4 se yll\u00e4pit\u00e4\u00e4 optimaalisen k\u00e4ytt\u00f6l\u00e4mp\u00f6tilan ja parantaa suorituskyky\u00e4.<\/p>\n<p><strong>7. Toimitatteko j\u00e4\u00e4hdytyslevyille kansainv\u00e4list\u00e4 logistiikkatukea?<\/strong><br \/>Kyll\u00e4, tarjoamme kattavia kuljetusratkaisuja maailmanlaajuiseen toimitukseen.<\/p>\n<p><\/p>","protected":false},"featured_media":10846,"template":"","categories":[72],"class_list":["post-10901","product","type-product","status-publish","has-post-thumbnail","hentry","category-extruded-aluminum-heatsink"],"meta_box":{"hilight_text_group":[{"product_hilight_text":"<li>Efficient heat dissipation for improved performance<\/li>\n<li>Customizable designs to fit specific device requirements<\/li>\n<li>Durable aluminum construction for long-lasting usage<\/li>\n<li>Lightweight design for easy integration<\/li>\n<li>Compatible with a wide range of electronic devices<\/li>"}],"feature_list":[]},"_links":{"self":[{"href":"https:\/\/sinoextrud.com\/fi\/wp-json\/wp\/v2\/product\/10901","targetHints":{"allow":["GET"]}}],"collection":[{"href":"https:\/\/sinoextrud.com\/fi\/wp-json\/wp\/v2\/product"}],"about":[{"href":"https:\/\/sinoextrud.com\/fi\/wp-json\/wp\/v2\/types\/product"}],"wp:featuredmedia":[{"embeddable":true,"href":"https:\/\/sinoextrud.com\/fi\/wp-json\/wp\/v2\/media\/10846"}],"wp:attachment":[{"href":"https:\/\/sinoextrud.com\/fi\/wp-json\/wp\/v2\/media?parent=10901"}],"wp:term":[{"taxonomy":"category","embeddable":true,"href":"https:\/\/sinoextrud.com\/fi\/wp-json\/wp\/v2\/categories?post=10901"}],"curies":[{"name":"wp","href":"https:\/\/api.w.org\/{rel}","templated":true}]}}