{"id":10899,"date":"2025-08-01T03:11:59","date_gmt":"2025-08-01T03:11:59","guid":{"rendered":"https:\/\/sinoextrud.com\/product\/round-processing-extruded-aluminum-heat-sink\/"},"modified":"2025-08-01T03:11:59","modified_gmt":"2025-08-01T03:11:59","slug":"pyorea-kasittely-suulakepuristettua-alumiinia-jaahdytyselementti","status":"publish","type":"product","link":"https:\/\/sinoextrud.com\/fi\/product\/round-processing-extruded-aluminum-heat-sink\/","title":{"rendered":"Py\u00f6re\u00e4 k\u00e4sittely suulakepuristettu alumiini j\u00e4\u00e4hdytyslevy"},"content":{"rendered":"<h2>Tuotteiden tiedot<\/h2>\n<div class=\"product-table\">\n<div class=\"row\">\n<div class=\"cell label\">Luokka<\/div>\n<div class=\"cell value\">6061;6063;6463<\/div>\n<\/div>\n<div class=\"row\">\n<div class=\"cell label\">Suvaitsevaisuus<\/div>\n<div class=\"cell value\">\u00c2\u00b11%<\/div>\n<\/div>\n<div class=\"row\">\n<div class=\"cell label\">Toimitusaika<\/div>\n<div class=\"cell value\">8-14 p\u00e4iv\u00e4\u00e4<\/div>\n<\/div>\n<div class=\"row\">\n<div class=\"cell label\">Temper<\/div>\n<div class=\"cell value\">T5;T6<\/div>\n<\/div>\n<div class=\"row\">\n<div class=\"cell label\">Hakemus<\/div>\n<div class=\"cell value\">j\u00e4\u00e4hdytin<\/div>\n<\/div>\n<div class=\"row\">\n<div class=\"cell label\">Muoto<\/div>\n<div class=\"cell value\">T - Profiili<\/div>\n<\/div>\n<div class=\"row\">\n<div class=\"cell label\">Metalliseos tai ei<\/div>\n<div class=\"cell value\">Onko seos<\/div>\n<\/div>\n<div class=\"row\">\n<div class=\"cell label\">K\u00e4sittelypalvelu<\/div>\n<div class=\"cell value\">L\u00e4vistys, leikkaus<\/div>\n<\/div>\n<div class=\"row\">\n<div class=\"cell label\">Tyyppi<\/div>\n<div class=\"cell value\">alumiininen j\u00e4\u00e4hdytyselementti<\/div>\n<\/div>\n<div class=\"row\">\n<div class=\"cell label\">Materiaali<\/div>\n<div class=\"cell value\">Alumiini<\/div>\n<\/div>\n<div class=\"row\">\n<div class=\"cell label\">Viimeistely<\/div>\n<div class=\"cell value\">Jauhemaalattu, maalaus, anodisointi, sinkitys, harjattu, luonnollinen, mukautettu<\/div>\n<\/div>\n<div class=\"row\">\n<div class=\"cell label\">Koko<\/div>\n<div class=\"cell value\">3D, CAD, PDF<\/div>\n<\/div>\n<div class=\"row\">\n<div class=\"cell label\">Tarkkuus<\/div>\n<div class=\"cell value\">+-0.1mm<\/div>\n<\/div>\n<div class=\"row\">\n<div class=\"cell label\">K\u00e4sittely<\/div>\n<div class=\"cell value\">CNC<\/div>\n<\/div>\n<div class=\"row\">\n<div class=\"cell label\">QC-j\u00e4rjestelm\u00e4<\/div>\n<div class=\"cell value\">Pid\u00e4 yksityiskohtaiset QC-tietueet<\/div>\n<\/div>\n<div class=\"row\">\n<div class=\"cell label\">Hitsaus<\/div>\n<div class=\"cell value\">TIG, MIG, Spot<\/div>\n<\/div>\n<div class=\"row\">\n<div class=\"cell label\">Todistus<\/div>\n<div class=\"cell value\">ISO9001:2008,ISO14000<\/div>\n<\/div>\n<div class=\"row\">\n<div class=\"cell label\">Yritystyyppi<\/div>\n<div class=\"cell value\">Valmistaja,tehdas<\/div>\n<\/div>\n<div class=\"row\">\n<div class=\"cell label\">Myyntiyksik\u00f6t<\/div>\n<div class=\"cell value\">Yksitt\u00e4inen tuote<\/div>\n<\/div>\n<div class=\"row\">\n<div class=\"cell label\">Yhden pakkauksen koko<\/div>\n<div class=\"cell value\">10X10X10 cm<\/div>\n<\/div>\n<div class=\"row\">\n<div class=\"cell label\">Yksitt\u00e4inen bruttopaino<\/div>\n<div class=\"cell value\">1.000 KG<\/div>\n<\/div>\n<\/div>\n<p><\/p>\n<h2>Tuotantopohjamme<\/h2>\n<h3>Tehtaan panoraama<\/h3>\n<p><img decoding=\"async\" src=\"\/wp-content\/uploads\/factory-01.webp\"\/><\/p>\n<h3>Alumiini Bar Manufacturing Workshop<\/h3>\n<p><img decoding=\"async\" src=\"\/wp-content\/uploads\/factory-02.webp\"\/><\/p>\n<p><img decoding=\"async\" src=\"\/wp-content\/uploads\/factory-03.webp\"\/><\/p>\n<h3>Muotin varastointi Varasto<\/h3>\n<p><img decoding=\"async\" src=\"\/wp-content\/uploads\/factory-04.webp\"\/><\/p>\n<h3>43 alumiinin ekstruusiolinjat (500-5500 tonnia)<\/h3>\n<p><img decoding=\"async\" src=\"\/wp-content\/uploads\/factory-05.webp\"\/><\/p>\n<p><img decoding=\"async\" src=\"\/wp-content\/uploads\/factory-06.webp\"\/><\/p>\n<p><img decoding=\"async\" src=\"\/wp-content\/uploads\/factory-07.webp\"\/><\/p>\n<h3>Jauhemaalaus ty\u00f6paja<\/h3>\n<p><img decoding=\"async\" src=\"\/wp-content\/uploads\/factory-09.webp\"\/><\/p>\n<h3>Anodisointi ty\u00f6paja<\/h3>\n<p><img decoding=\"async\" src=\"\/wp-content\/uploads\/factory-10.webp\"\/><\/p>\n<h3>Syv\u00e4k\u00e4sittelyn ty\u00f6paja<\/h3>\n<p><img decoding=\"async\" src=\"\/wp-content\/uploads\/factory-11.webp\"\/><\/p>\n<h3>CNC-tarkkuuskoneistus ty\u00f6paja<\/h3>\n<p><img decoding=\"async\" src=\"\/wp-content\/uploads\/factory-11.5.webp\"\/><\/p>\n<h3>Valmiiden tuotteiden ja vientivarasto<\/h3>\n<p><img decoding=\"async\" src=\"\/wp-content\/uploads\/factory-12.webp\"\/><\/p>\n<p><img decoding=\"async\" src=\"\/wp-content\/uploads\/factory-13.webp\"\/><\/p>\n<p><img decoding=\"async\" src=\"\/wp-content\/uploads\/factory-14.webp\"\/><\/p>\n<h2>FAQ<\/h2>\n<p><strong>1. Mik\u00e4 tekee suulakepuristetusta alumiinista j\u00e4\u00e4hdytyslevyj\u00e4 tehokkaita?<\/strong><br \/>Puristusprosessi mahdollistaa optimaalisen l\u00e4mm\u00f6ntuottamisen, mik\u00e4 parantaa laitteen suorituskyky\u00e4.<\/p>\n<p><strong>2. Voinko r\u00e4\u00e4t\u00e4l\u00f6id\u00e4 t\u00e4m\u00e4n alumiinisen j\u00e4\u00e4hdytyselementin tuotteeseeni?<\/strong><br \/>Kyll\u00e4, tarjoamme koon, muotoilun ja viimeistelyn r\u00e4\u00e4t\u00e4l\u00f6inti\u00e4 vastaamaan tarpeitasi.<\/p>\n<p><strong>3. Soveltuuko t\u00e4m\u00e4 j\u00e4\u00e4hdytyselementti korkean l\u00e4mp\u00f6tilan sovelluksiin?<\/strong><br \/>Kyll\u00e4, sen alumiinimateriaali on suunniteltu toimimaan luotettavasti korkeissa l\u00e4mp\u00f6tiloissa.<\/p>\n<p><strong>4. Tukeeko t\u00e4m\u00e4 tuote irtotilauksia teolliseen k\u00e4ytt\u00f6\u00f6n?<\/strong><br \/>Ehdottomasti palvelemme sek\u00e4 pieni\u00e4 ett\u00e4 laajamittaisia teollisia tilauksia joustavilla MOQ-arvoilla.<\/p>\n<p><strong>5. Kuinka kest\u00e4v\u00e4 suulakepuristettu alumiininen j\u00e4\u00e4hdytyselementti on?<\/strong><br \/>Se on valmistettu korkealaatuisesta alumiinista, joten sen kest\u00e4vyys ja korroosionkest\u00e4vyys on erinomainen.<\/p>\n<p><strong>6. Voinko pyyt\u00e4\u00e4 j\u00e4\u00e4hdytyselementin tietty\u00e4 v\u00e4ri\u00e4?<\/strong><br \/>Kyll\u00e4, tarjoamme vaihtoehtoja v\u00e4rin mukauttamiseen tuotteesi suunnittelun mukaisesti.<\/p>\n<p><strong>7. Tarjoatteko teknist\u00e4 tukea j\u00e4\u00e4hdytyselementtien integrointiin?<\/strong><br \/>Kyll\u00e4, tiimimme tarjoaa kattavaa tukea j\u00e4\u00e4hdytyslevyjen integroimiseksi j\u00e4rjestelmiinne.<\/p>\n<p><\/p>","protected":false},"featured_media":10863,"template":"","categories":[72],"class_list":["post-10899","product","type-product","status-publish","has-post-thumbnail","hentry","category-extruded-aluminum-heatsink"],"meta_box":{"hilight_text_group":[{"product_hilight_text":"<li>Efficient heat dissipation for enhanced performance<\/li>\n<li>Customizable sizes and finishes to meet specific needs<\/li>\n<li>Lightweight design suitable for various electronic applications<\/li>\n<li>Corrosion-resistant aluminum material ensures longevity<\/li>\n<li>Supports both small and large-scale production requirements<\/li>"}],"feature_list":[]},"_links":{"self":[{"href":"https:\/\/sinoextrud.com\/fi\/wp-json\/wp\/v2\/product\/10899","targetHints":{"allow":["GET"]}}],"collection":[{"href":"https:\/\/sinoextrud.com\/fi\/wp-json\/wp\/v2\/product"}],"about":[{"href":"https:\/\/sinoextrud.com\/fi\/wp-json\/wp\/v2\/types\/product"}],"wp:featuredmedia":[{"embeddable":true,"href":"https:\/\/sinoextrud.com\/fi\/wp-json\/wp\/v2\/media\/10863"}],"wp:attachment":[{"href":"https:\/\/sinoextrud.com\/fi\/wp-json\/wp\/v2\/media?parent=10899"}],"wp:term":[{"taxonomy":"category","embeddable":true,"href":"https:\/\/sinoextrud.com\/fi\/wp-json\/wp\/v2\/categories?post=10899"}],"curies":[{"name":"wp","href":"https:\/\/api.w.org\/{rel}","templated":true}]}}