{"id":10898,"date":"2025-08-01T03:11:57","date_gmt":"2025-08-01T03:11:57","guid":{"rendered":"https:\/\/sinoextrud.com\/product\/aluminum-battery-casing-for-power-modules\/"},"modified":"2025-08-01T03:11:57","modified_gmt":"2025-08-01T03:11:57","slug":"alumiininen-akkukotelo-tehomoduuleille","status":"publish","type":"product","link":"https:\/\/sinoextrud.com\/fi\/product\/aluminum-battery-casing-for-power-modules\/","title":{"rendered":"Alumiininen akkukotelo tehomoduuleille"},"content":{"rendered":"<h2>Tuotteiden tiedot<\/h2>\n<div class=\"product-table\">\n<div class=\"row\">\n<div class=\"cell label\">Paristotyyppi<\/div>\n<div class=\"cell value\">Prismaattinen<\/div>\n<\/div>\n<div class=\"row\">\n<div class=\"cell label\">L\u00e4ht\u00f6teho<\/div>\n<div class=\"cell value\">\/<\/div>\n<\/div>\n<div class=\"row\">\n<div class=\"cell label\">Maksimi kuormitusm\u00e4\u00e4r\u00e4 (solut)<\/div>\n<div class=\"cell value\">\/<\/div>\n<\/div>\n<div class=\"row\">\n<div class=\"cell label\">Akun hallintaj\u00e4rjestelm\u00e4<\/div>\n<div class=\"cell value\">N<\/div>\n<\/div>\n<div class=\"row\">\n<div class=\"cell label\">Pariston koko<\/div>\n<div class=\"cell value\">\/<\/div>\n<\/div>\n<div class=\"row\">\n<div class=\"cell label\">Tuotteen nimi<\/div>\n<div class=\"cell value\">72174207 Alumiinikotelo<\/div>\n<\/div>\n<div class=\"row\">\n<div class=\"cell label\">Koko<\/div>\n<div class=\"cell value\">72174207<\/div>\n<\/div>\n<div class=\"row\">\n<div class=\"cell label\">Materiaali<\/div>\n<div class=\"cell value\">Alumiini<\/div>\n<\/div>\n<div class=\"row\">\n<div class=\"cell label\">Moq<\/div>\n<div class=\"cell value\">10sets<\/div>\n<\/div>\n<div class=\"row\">\n<div class=\"cell label\">Hakemus<\/div>\n<div class=\"cell value\">Aurinkoenergian varastointij\u00e4rjestelm\u00e4t<\/div>\n<\/div>\n<div class=\"row\">\n<div class=\"cell label\">Myyntiyksik\u00f6t<\/div>\n<div class=\"cell value\">Yksitt\u00e4inen tuote<\/div>\n<\/div>\n<\/div>\n<p><\/p>\n<h2>Tuotantopohjamme<\/h2>\n<h3>Tehtaan panoraama<\/h3>\n<p><img decoding=\"async\" src=\"\/wp-content\/uploads\/factory-01.webp\"\/><\/p>\n<h3>Alumiini Bar Manufacturing Workshop<\/h3>\n<p><img decoding=\"async\" src=\"\/wp-content\/uploads\/factory-02.webp\"\/><\/p>\n<p><img decoding=\"async\" src=\"\/wp-content\/uploads\/factory-03.webp\"\/><\/p>\n<h3>Muotin varastointi Varasto<\/h3>\n<p><img decoding=\"async\" src=\"\/wp-content\/uploads\/factory-04.webp\"\/><\/p>\n<h3>43 alumiinin ekstruusiolinjat (500-5500 tonnia)<\/h3>\n<p><img decoding=\"async\" src=\"\/wp-content\/uploads\/factory-05.webp\"\/><\/p>\n<p><img decoding=\"async\" src=\"\/wp-content\/uploads\/factory-06.webp\"\/><\/p>\n<p><img decoding=\"async\" src=\"\/wp-content\/uploads\/factory-07.webp\"\/><\/p>\n<h3>Jauhemaalaus ty\u00f6paja<\/h3>\n<p><img decoding=\"async\" src=\"\/wp-content\/uploads\/factory-09.webp\"\/><\/p>\n<h3>Anodisointi ty\u00f6paja<\/h3>\n<p><img decoding=\"async\" src=\"\/wp-content\/uploads\/factory-10.webp\"\/><\/p>\n<h3>Syv\u00e4k\u00e4sittelyn ty\u00f6paja<\/h3>\n<p><img decoding=\"async\" src=\"\/wp-content\/uploads\/factory-11.webp\"\/><\/p>\n<h3>CNC-tarkkuuskoneistus ty\u00f6paja<\/h3>\n<p><img decoding=\"async\" src=\"\/wp-content\/uploads\/factory-11.5.webp\"\/><\/p>\n<h3>Valmiiden tuotteiden ja vientivarasto<\/h3>\n<p><img decoding=\"async\" src=\"\/wp-content\/uploads\/factory-12.webp\"\/><\/p>\n<p><img decoding=\"async\" src=\"\/wp-content\/uploads\/factory-13.webp\"\/><\/p>\n<p><img decoding=\"async\" src=\"\/wp-content\/uploads\/factory-14.webp\"\/><\/p>\n<h2>FAQ<\/h2>\n<p><strong>1. Mit\u00e4 materiaaleja k\u00e4ytet\u00e4\u00e4n alumiinisessa akkukotelossa?<\/strong><br \/>Kotelo on valmistettu korkealaatuisesta alumiinista, joka takaa kest\u00e4vyyden ja keveyden.<\/p>\n<p><strong>2. Voidaanko alumiininen akkukotelo r\u00e4\u00e4t\u00e4l\u00f6id\u00e4 kooltaan?<\/strong><br \/>Kyll\u00e4, koot voidaan r\u00e4\u00e4t\u00e4l\u00f6id\u00e4 asiakkaan m\u00e4\u00e4ritysten mukaan irtotilauksissa.<\/p>\n<p><strong>3. Soveltuuko alumiininen akkukotelo s\u00e4hk\u00f6ajoneuvojen akuille?<\/strong><br \/>Kyll\u00e4, se on suunniteltu niin, ett\u00e4 siihen mahtuu erilaisia akkutyyppej\u00e4, my\u00f6s s\u00e4hk\u00f6ajoneuvojen akkuja.<\/p>\n<p><strong>4. Onko kotelosta hy\u00f6ty\u00e4 l\u00e4mm\u00f6nhallinnassa?<\/strong><br \/>Kyll\u00e4, alumiinimateriaali tarjoaa erinomaiset l\u00e4mm\u00f6nhallintaominaisuudet, jotka auttavat s\u00e4\u00e4telem\u00e4\u00e4n akun l\u00e4mp\u00f6tilaa.<\/p>\n<p><strong>5. Voivatko asiakkaat saada tuotemerkkins\u00e4 logon alumiiniseen akkukoteloon?<\/strong><br \/>Kyll\u00e4, OEM-tilauksiin on saatavana br\u00e4ndivaihtoehtoja, kuten logopainatus.<\/p>\n<p><strong>6. Onko alumiininen akkukotelo korroosionkest\u00e4v\u00e4?<\/strong><br \/>Kyll\u00e4, se kest\u00e4\u00e4 hyvin korroosiota, mik\u00e4 pident\u00e4\u00e4 kotelon k\u00e4ytt\u00f6ik\u00e4\u00e4.<\/p>\n<p><strong>7. Tarjoatko alumiinisen akkukotelon kansainv\u00e4list\u00e4 toimitusta?<\/strong><br \/>Kyll\u00e4, tarjoamme kansainv\u00e4list\u00e4 toimitusta ja kattavaa logistiikkatukea.<\/p>\n<p><\/p>","protected":false},"featured_media":10837,"template":"","categories":[68],"class_list":["post-10898","product","type-product","status-publish","has-post-thumbnail","hentry","category-cnc-machining-aluminum-profile"],"meta_box":{"hilight_text_group":[{"product_hilight_text":"<li>Engineered to provide superior protection and performance<\/li>\n<li>Lightweight design suitable for a variety of battery types<\/li>\n<li>Customizable size and finish to meet specific B2B requirements<\/li>\n<li>Designed for efficient thermal management<\/li>\n<li>Durable and resistant to corrosion and impacts<\/li>"}],"feature_list":[]},"_links":{"self":[{"href":"https:\/\/sinoextrud.com\/fi\/wp-json\/wp\/v2\/product\/10898","targetHints":{"allow":["GET"]}}],"collection":[{"href":"https:\/\/sinoextrud.com\/fi\/wp-json\/wp\/v2\/product"}],"about":[{"href":"https:\/\/sinoextrud.com\/fi\/wp-json\/wp\/v2\/types\/product"}],"wp:featuredmedia":[{"embeddable":true,"href":"https:\/\/sinoextrud.com\/fi\/wp-json\/wp\/v2\/media\/10837"}],"wp:attachment":[{"href":"https:\/\/sinoextrud.com\/fi\/wp-json\/wp\/v2\/media?parent=10898"}],"wp:term":[{"taxonomy":"category","embeddable":true,"href":"https:\/\/sinoextrud.com\/fi\/wp-json\/wp\/v2\/categories?post=10898"}],"curies":[{"name":"wp","href":"https:\/\/api.w.org\/{rel}","templated":true}]}}