{"id":10897,"date":"2025-08-01T03:11:55","date_gmt":"2025-08-01T03:11:55","guid":{"rendered":"https:\/\/sinoextrud.com\/product\/gold-anodized-aluminum-phone-holder\/"},"modified":"2025-08-01T03:11:55","modified_gmt":"2025-08-01T03:11:55","slug":"kulta-anodisoitu-alumiini-puhelimen-pidike","status":"publish","type":"product","link":"https:\/\/sinoextrud.com\/fi\/product\/gold-anodized-aluminum-phone-holder\/","title":{"rendered":"Kulta anodisoitu alumiini puhelinpidike"},"content":{"rendered":"<h2>Tuotteiden tiedot<\/h2>\n<div class=\"product-table\">\n<div class=\"row\">\n<div class=\"cell label\">rakenne<\/div>\n<div class=\"cell value\">Yhden sivun kiinnike<\/div>\n<\/div>\n<div class=\"row\">\n<div class=\"cell label\">vakiomuotoinen tai ei-vakiomuotoinen<\/div>\n<div class=\"cell value\">Standardi<\/div>\n<\/div>\n<div class=\"row\">\n<div class=\"cell label\">Tuotteen nimi<\/div>\n<div class=\"cell value\">Alumiini Cell matkapuhelin taulukko jalusta pidike tai Tablet Bracket<\/div>\n<\/div>\n<div class=\"row\">\n<div class=\"cell label\">Kohde<\/div>\n<div class=\"cell value\">metallinen puhelimen pidike<\/div>\n<\/div>\n<div class=\"row\">\n<div class=\"cell label\">Koko<\/div>\n<div class=\"cell value\">Asiakkaan vaatimus<\/div>\n<\/div>\n<div class=\"row\">\n<div class=\"cell label\">Todistus<\/div>\n<div class=\"cell value\">ISO9001:2008<\/div>\n<\/div>\n<div class=\"row\">\n<div class=\"cell label\">Teknologia<\/div>\n<div class=\"cell value\">13 vuoden kokemus<\/div>\n<\/div>\n<div class=\"row\">\n<div class=\"cell label\">Palvelu<\/div>\n<div class=\"cell value\">R\u00e4\u00e4t\u00e4l\u00f6ity OEM<\/div>\n<\/div>\n<div class=\"row\">\n<div class=\"cell label\">Materiaali<\/div>\n<div class=\"cell value\">alumiini<\/div>\n<\/div>\n<div class=\"row\">\n<div class=\"cell label\">Viimeistely<\/div>\n<div class=\"cell value\">anodisoitu<\/div>\n<\/div>\n<div class=\"row\">\n<div class=\"cell label\">Prosessi<\/div>\n<div class=\"cell value\">leimaaminen<\/div>\n<\/div>\n<div class=\"row\">\n<div class=\"cell label\">Sertifiointi<\/div>\n<div class=\"cell value\">ISO9001<\/div>\n<\/div>\n<div class=\"row\">\n<div class=\"cell label\">Pakkaustiedot<\/div>\n<div class=\"cell value\">Factory Direct Sale Metal Stamping Anodisoitu alumiini Cell matkapuhelin taulukko jalusta haltija tai Tablet Bracket<\/div>\n<\/div>\n<div class=\"row\">\n<div class=\"cell label\">L\u00e4hetyssatama<\/div>\n<div class=\"cell value\">xiamen<\/div>\n<\/div>\n<div class=\"row\">\n<div class=\"cell label\">Myyntiyksik\u00f6t<\/div>\n<div class=\"cell value\">Yksitt\u00e4inen tuote<\/div>\n<\/div>\n<div class=\"row\">\n<div class=\"cell label\">Yhden pakkauksen koko<\/div>\n<div class=\"cell value\">12X11X8 cm<\/div>\n<\/div>\n<div class=\"row\">\n<div class=\"cell label\">Yksitt\u00e4inen bruttopaino<\/div>\n<div class=\"cell value\">0,080 KG<\/div>\n<\/div>\n<div class=\"row\">\n<div class=\"cell label\">Toimituskyky<\/div>\n<div class=\"cell value\">100000 kappaletta kuukaudessa<\/div>\n<\/div>\n<\/div>\n<p><\/p>\n<h2>Tuotantopohjamme<\/h2>\n<h3>Tehtaan panoraama<\/h3>\n<p><img decoding=\"async\" src=\"\/wp-content\/uploads\/factory-01.webp\"\/><\/p>\n<h3>Alumiini Bar Manufacturing Workshop<\/h3>\n<p><img decoding=\"async\" src=\"\/wp-content\/uploads\/factory-02.webp\"\/><\/p>\n<p><img decoding=\"async\" src=\"\/wp-content\/uploads\/factory-03.webp\"\/><\/p>\n<h3>Muotin varastointi Varasto<\/h3>\n<p><img decoding=\"async\" src=\"\/wp-content\/uploads\/factory-04.webp\"\/><\/p>\n<h3>43 alumiinin ekstruusiolinjat (500-5500 tonnia)<\/h3>\n<p><img decoding=\"async\" src=\"\/wp-content\/uploads\/factory-05.webp\"\/><\/p>\n<p><img decoding=\"async\" src=\"\/wp-content\/uploads\/factory-06.webp\"\/><\/p>\n<p><img decoding=\"async\" src=\"\/wp-content\/uploads\/factory-07.webp\"\/><\/p>\n<h3>Jauhemaalaus ty\u00f6paja<\/h3>\n<p><img decoding=\"async\" src=\"\/wp-content\/uploads\/factory-09.webp\"\/><\/p>\n<h3>Anodisointi ty\u00f6paja<\/h3>\n<p><img decoding=\"async\" src=\"\/wp-content\/uploads\/factory-10.webp\"\/><\/p>\n<h3>Syv\u00e4k\u00e4sittelyn ty\u00f6paja<\/h3>\n<p><img decoding=\"async\" src=\"\/wp-content\/uploads\/factory-11.webp\"\/><\/p>\n<h3>CNC-tarkkuuskoneistus ty\u00f6paja<\/h3>\n<p><img decoding=\"async\" src=\"\/wp-content\/uploads\/factory-11.5.webp\"\/><\/p>\n<h3>Valmiiden tuotteiden ja vientivarasto<\/h3>\n<p><img decoding=\"async\" src=\"\/wp-content\/uploads\/factory-12.webp\"\/><\/p>\n<p><img decoding=\"async\" src=\"\/wp-content\/uploads\/factory-13.webp\"\/><\/p>\n<p><img decoding=\"async\" src=\"\/wp-content\/uploads\/factory-14.webp\"\/><\/p>\n<h2>FAQ<\/h2>\n<p><strong>1. Onko Gold Anodized Aluminum Phone Holder s\u00e4\u00e4dett\u00e4viss\u00e4?<\/strong><br \/>Kyll\u00e4, siin\u00e4 on s\u00e4\u00e4dett\u00e4v\u00e4 kulma parhaan katseluasennon saavuttamiseksi.<\/p>\n<p><strong>2. Mitk\u00e4 puhelimet ovat yhteensopivia t\u00e4m\u00e4n pidikkeen kanssa?<\/strong><br \/>Pidike on suunniteltu sopimaan useimpiin \u00e4lypuhelinmalleihin.<\/p>\n<p><strong>3. Liukastuuko puhelimen pidike helposti pinnoilla?<\/strong><br \/>Ei, siin\u00e4 on liukumaton pohja, joka takaa vakauden eri pinnoilla.<\/p>\n<p><strong>4. Voiko puhelimen pidikett\u00e4 k\u00e4ytt\u00e4\u00e4 sek\u00e4 pysty- ett\u00e4 vaakakuvassa?<\/strong><br \/>Kyll\u00e4, se tukee sek\u00e4 pysty- ett\u00e4 vaakasuuntaisia asentoja.<\/p>\n<p><strong>5. Onko Gold Anodized Aluminum Phone Holder kest\u00e4v\u00e4?<\/strong><br \/>Kyll\u00e4, se on valmistettu kest\u00e4v\u00e4st\u00e4, kulta-anodisoidusta alumiinista, joka mahdollistaa pitk\u00e4n k\u00e4yt\u00f6n.<\/p>\n<p><strong>6. J\u00e4tt\u00e4\u00e4k\u00f6 pidike naarmuja puhelimeen?<\/strong><br \/>Ei, siin\u00e4 on suojapehmuste, joka est\u00e4\u00e4 puhelimen naarmuja.<\/p>\n<p><strong>7. Voinko k\u00e4ytt\u00e4\u00e4 puhelimen pidikett\u00e4 puhelimen lataamisen aikana?<\/strong><br \/>Kyll\u00e4, se on suunniteltu siten, ett\u00e4 latausportit ovat helposti k\u00e4ytett\u00e4viss\u00e4.<\/p>\n<p><\/p>","protected":false},"featured_media":10864,"template":"","categories":[68],"class_list":["post-10897","product","type-product","status-publish","has-post-thumbnail","hentry","category-cnc-machining-aluminum-profile"],"meta_box":{"hilight_text_group":[{"product_hilight_text":"<li>Constructed from durable gold anodized aluminum for long-lasting use<\/li>\n<li>Stylish design that complements any workspace or environment<\/li>\n<li>Adjustable angle to provide the best viewing experience<\/li>\n<li>Non-slip base to ensure the phone holder stays securely in place<\/li>\n<li>Compatible with a wide range of smartphone models<\/li>"}],"feature_list":[]},"_links":{"self":[{"href":"https:\/\/sinoextrud.com\/fi\/wp-json\/wp\/v2\/product\/10897","targetHints":{"allow":["GET"]}}],"collection":[{"href":"https:\/\/sinoextrud.com\/fi\/wp-json\/wp\/v2\/product"}],"about":[{"href":"https:\/\/sinoextrud.com\/fi\/wp-json\/wp\/v2\/types\/product"}],"wp:featuredmedia":[{"embeddable":true,"href":"https:\/\/sinoextrud.com\/fi\/wp-json\/wp\/v2\/media\/10864"}],"wp:attachment":[{"href":"https:\/\/sinoextrud.com\/fi\/wp-json\/wp\/v2\/media?parent=10897"}],"wp:term":[{"taxonomy":"category","embeddable":true,"href":"https:\/\/sinoextrud.com\/fi\/wp-json\/wp\/v2\/categories?post=10897"}],"curies":[{"name":"wp","href":"https:\/\/api.w.org\/{rel}","templated":true}]}}