{"id":10889,"date":"2025-08-01T03:11:36","date_gmt":"2025-08-01T03:11:36","guid":{"rendered":"https:\/\/sinoextrud.com\/product\/computer-stand-aluminum-heat-sink-for-cooling\/"},"modified":"2025-08-01T03:11:36","modified_gmt":"2025-08-01T03:11:36","slug":"tietokoneen-jalusta-alumiininen-jaahdytyselementti-jaahdytykseen","status":"publish","type":"product","link":"https:\/\/sinoextrud.com\/fi\/product\/computer-stand-aluminum-heat-sink-for-cooling\/","title":{"rendered":"Tietokoneen jalusta alumiininen j\u00e4\u00e4hdytyslevy j\u00e4\u00e4hdytykseen"},"content":{"rendered":"<h2>Tuotteiden tiedot<\/h2>\n<div class=\"product-table\">\n<div class=\"row\">\n<div class=\"cell label\">tyyppi<\/div>\n<div class=\"cell value\">J\u00e4\u00e4hdytyselementti<\/div>\n<\/div>\n<div class=\"row\">\n<div class=\"cell label\">hakemus<\/div>\n<div class=\"cell value\">Ei ole<\/div>\n<\/div>\n<div class=\"row\">\n<div class=\"cell label\">tuulettimen koko<\/div>\n<div class=\"cell value\">Ei ole<\/div>\n<\/div>\n<div class=\"row\">\n<div class=\"cell label\">teho<\/div>\n<div class=\"cell value\">Ei ole<\/div>\n<\/div>\n<div class=\"row\">\n<div class=\"cell label\">ilmam\u00e4\u00e4r\u00e4<\/div>\n<div class=\"cell value\">Ei ole<\/div>\n<\/div>\n<div class=\"row\">\n<div class=\"cell label\">j\u00e4\u00e4hdytyselementin materiaali<\/div>\n<div class=\"cell value\">Kupari ja alumiini<\/div>\n<\/div>\n<div class=\"row\">\n<div class=\"cell label\">virtaliit\u00e4nt\u00e4<\/div>\n<div class=\"cell value\">Ei ole<\/div>\n<\/div>\n<div class=\"row\">\n<div class=\"cell label\">melu<\/div>\n<div class=\"cell value\">Ei ole<\/div>\n<\/div>\n<div class=\"row\">\n<div class=\"cell label\">tuulettimen nopeuden s\u00e4\u00e4t\u00f6<\/div>\n<div class=\"cell value\">Ei ole<\/div>\n<\/div>\n<div class=\"row\">\n<div class=\"cell label\">Materiaali<\/div>\n<div class=\"cell value\">Alumiini ja kupari<\/div>\n<\/div>\n<div class=\"row\">\n<div class=\"cell label\">Viimeistely<\/div>\n<div class=\"cell value\">Erilaiset anodisoinnit\/kiillotukset\/harjaukset\/pinnoitukset<\/div>\n<\/div>\n<div class=\"row\">\n<div class=\"cell label\">K\u00e4ytt\u00f6<\/div>\n<div class=\"cell value\">L\u00e4mp\u00f6 kiihkottomuus<\/div>\n<\/div>\n<div class=\"row\">\n<div class=\"cell label\">Koko<\/div>\n<div class=\"cell value\">25*25*25\/ asiakkaan pyynn\u00f6st\u00e4<\/div>\n<\/div>\n<div class=\"row\">\n<div class=\"cell label\">V\u00e4ri<\/div>\n<div class=\"cell value\">Hopea \/ punainen \/ musta \/ r\u00e4\u00e4t\u00e4l\u00f6ity v\u00e4ri<\/div>\n<\/div>\n<div class=\"row\">\n<div class=\"cell label\">K\u00e4sittelypalvelu<\/div>\n<div class=\"cell value\">Taivuttaminen, kelauksen purkaminen, hitsaus, l\u00e4vistys, leikkaus<\/div>\n<\/div>\n<div class=\"row\">\n<div class=\"cell label\">Palvelu<\/div>\n<div class=\"cell value\">OEM&amp;ODM<\/div>\n<\/div>\n<div class=\"row\">\n<div class=\"cell label\">Luokka<\/div>\n<div class=\"cell value\">6000-sarja, 6063\/6061\/661\/6005\/6060 T5\/T6<\/div>\n<\/div>\n<div class=\"row\">\n<div class=\"cell label\">Syv\u00e4 prosessi<\/div>\n<div class=\"cell value\">CNC:n alla<\/div>\n<\/div>\n<div class=\"row\">\n<div class=\"cell label\">L\u00e4hetyssatama<\/div>\n<div class=\"cell value\">shenzhen<\/div>\n<\/div>\n<div class=\"row\">\n<div class=\"cell label\">Myyntiyksik\u00f6t<\/div>\n<div class=\"cell value\">Yksitt\u00e4inen tuote<\/div>\n<\/div>\n<div class=\"row\">\n<div class=\"cell label\">Yhden pakkauksen koko<\/div>\n<div class=\"cell value\">25X25X25 cm<\/div>\n<\/div>\n<div class=\"row\">\n<div class=\"cell label\">Yksitt\u00e4inen bruttopaino<\/div>\n<div class=\"cell value\">0,600 KG<\/div>\n<\/div>\n<div class=\"row\">\n<div class=\"cell label\">Toimituskyky<\/div>\n<div class=\"cell value\">30000 kappaletta viikossa<\/div>\n<\/div>\n<\/div>\n<p><\/p>\n<h2>Tuotantopohjamme<\/h2>\n<h3>Tehtaan panoraama<\/h3>\n<p><img decoding=\"async\" src=\"\/wp-content\/uploads\/factory-01.webp\"\/><\/p>\n<h3>Alumiini Bar Manufacturing Workshop<\/h3>\n<p><img decoding=\"async\" src=\"\/wp-content\/uploads\/factory-02.webp\"\/><\/p>\n<p><img decoding=\"async\" src=\"\/wp-content\/uploads\/factory-03.webp\"\/><\/p>\n<h3>Muotin varastointi Varasto<\/h3>\n<p><img decoding=\"async\" src=\"\/wp-content\/uploads\/factory-04.webp\"\/><\/p>\n<h3>43 alumiinin ekstruusiolinjat (500-5500 tonnia)<\/h3>\n<p><img decoding=\"async\" src=\"\/wp-content\/uploads\/factory-05.webp\"\/><\/p>\n<p><img decoding=\"async\" src=\"\/wp-content\/uploads\/factory-06.webp\"\/><\/p>\n<p><img decoding=\"async\" src=\"\/wp-content\/uploads\/factory-07.webp\"\/><\/p>\n<h3>Jauhemaalaus ty\u00f6paja<\/h3>\n<p><img decoding=\"async\" src=\"\/wp-content\/uploads\/factory-09.webp\"\/><\/p>\n<h3>Anodisointi ty\u00f6paja<\/h3>\n<p><img decoding=\"async\" src=\"\/wp-content\/uploads\/factory-10.webp\"\/><\/p>\n<h3>Syv\u00e4k\u00e4sittelyn ty\u00f6paja<\/h3>\n<p><img decoding=\"async\" src=\"\/wp-content\/uploads\/factory-11.webp\"\/><\/p>\n<h3>CNC-tarkkuuskoneistus ty\u00f6paja<\/h3>\n<p><img decoding=\"async\" src=\"\/wp-content\/uploads\/factory-11.5.webp\"\/><\/p>\n<h3>Valmiiden tuotteiden ja vientivarasto<\/h3>\n<p><img decoding=\"async\" src=\"\/wp-content\/uploads\/factory-12.webp\"\/><\/p>\n<p><img decoding=\"async\" src=\"\/wp-content\/uploads\/factory-13.webp\"\/><\/p>\n<p><img decoding=\"async\" src=\"\/wp-content\/uploads\/factory-14.webp\"\/><\/p>\n<h2>FAQ<\/h2>\n<p><strong>1. Mink\u00e4 kokoiset kannettavat tietokoneet ovat yhteensopivia t\u00e4m\u00e4n jalustan kanssa?<\/strong><br \/>T\u00e4m\u00e4 jalusta on yhteensopiva useimpien kannettavien tietokoneiden vakiokokojen kanssa.<\/p>\n<p><strong>2. Miten alumiininen j\u00e4\u00e4hdytyselementti parantaa tietokoneen suorituskyky\u00e4?<\/strong><br \/>Alumiininen j\u00e4\u00e4hdytyselementti parantaa l\u00e4mm\u00f6nsiirtoa, pit\u00e4\u00e4 laitteet viile\u00e4mpin\u00e4 ja parantaa suorituskyky\u00e4.<\/p>\n<p><strong>3. Voiko jalustaa k\u00e4ytt\u00e4\u00e4 kaupallisiin tarkoituksiin?<\/strong><br \/>Kyll\u00e4, se on suunniteltu sek\u00e4 henkil\u00f6kohtaiseen ett\u00e4 ammattik\u00e4ytt\u00f6\u00f6n.<\/p>\n<p><strong>4. Onko mahdollista mukauttaa tietokoneteline yrityksemme tarpeisiin?<\/strong><br \/>Kyll\u00e4, saatavilla on yrityksen br\u00e4ndivaihtoehtoja, kuten logopainatus.<\/p>\n<p><strong>5. Tukeeko tietokoneteline ergonomista k\u00e4ytt\u00f6\u00e4?<\/strong><br \/>Kyll\u00e4, sen ergonominen muotoilu parantaa ryhti\u00e4 k\u00e4yt\u00f6n aikana.<\/p>\n<p><strong>6. Mist\u00e4 materiaalista tietokoneteline on valmistettu?<\/strong><br \/>Jalusta on valmistettu korkealaatuisesta alumiinista kest\u00e4vyyden lis\u00e4\u00e4miseksi.<\/p>\n<p><strong>7. Tarjoatteko kansainv\u00e4list\u00e4 toimitusta irtotilauksille?<\/strong><br \/>Kyll\u00e4, kansainv\u00e4liset toimitukset ovat saatavilla, ja voimme auttaa tarvittavassa logistiikassa.<\/p>\n<p><\/p>","protected":false},"featured_media":10868,"template":"","categories":[55],"class_list":["post-10889","product","type-product","status-publish","has-post-thumbnail","hentry","category-extruded-aluminum-profiles"],"meta_box":{"hilight_text_group":[{"product_hilight_text":"<li>Enhanced heat dissipation to improve computer performance<\/li>\n<li>Durable aluminum construction for long-lasting use<\/li>\n<li>Ergonomic design to promote better posture<\/li>\n<li>Compatible with a wide range of laptop sizes<\/li>\n<li>Customizable design for corporate branding needs<\/li>"}],"feature_list":[]},"_links":{"self":[{"href":"https:\/\/sinoextrud.com\/fi\/wp-json\/wp\/v2\/product\/10889","targetHints":{"allow":["GET"]}}],"collection":[{"href":"https:\/\/sinoextrud.com\/fi\/wp-json\/wp\/v2\/product"}],"about":[{"href":"https:\/\/sinoextrud.com\/fi\/wp-json\/wp\/v2\/types\/product"}],"wp:featuredmedia":[{"embeddable":true,"href":"https:\/\/sinoextrud.com\/fi\/wp-json\/wp\/v2\/media\/10868"}],"wp:attachment":[{"href":"https:\/\/sinoextrud.com\/fi\/wp-json\/wp\/v2\/media?parent=10889"}],"wp:term":[{"taxonomy":"category","embeddable":true,"href":"https:\/\/sinoextrud.com\/fi\/wp-json\/wp\/v2\/categories?post=10889"}],"curies":[{"name":"wp","href":"https:\/\/api.w.org\/{rel}","templated":true}]}}