{"id":10878,"date":"2025-08-01T03:04:34","date_gmt":"2025-08-01T03:04:34","guid":{"rendered":"https:\/\/sinoextrud.com\/product\/aluminium-extruded-heatsink-for-power-modules\/"},"modified":"2025-08-01T03:04:34","modified_gmt":"2025-08-01T03:04:34","slug":"alumiinista-suulakepuristettu-jaahdytyselementti-tehomoduuleille","status":"publish","type":"product","link":"https:\/\/sinoextrud.com\/fi\/product\/aluminium-extruded-heatsink-for-power-modules\/","title":{"rendered":"Alumiinista suulakepuristettu j\u00e4\u00e4hdytyslevy tehomoduuleille"},"content":{"rendered":"<h2>Tuotteiden tiedot<\/h2>\n<div class=\"product-table\">\n<div class=\"row\">\n<div class=\"cell label\">Luokka<\/div>\n<div class=\"cell value\">6000-sarja<\/div>\n<\/div>\n<div class=\"row\">\n<div class=\"cell label\">Suvaitsevaisuus<\/div>\n<div class=\"cell value\">\u00c2\u00b11%<\/div>\n<\/div>\n<div class=\"row\">\n<div class=\"cell label\">Toimitusaika<\/div>\n<div class=\"cell value\">7 p\u00e4iv\u00e4n kuluessa<\/div>\n<\/div>\n<div class=\"row\">\n<div class=\"cell label\">Temper<\/div>\n<div class=\"cell value\">T1-T8<\/div>\n<\/div>\n<div class=\"row\">\n<div class=\"cell label\">Hakemus<\/div>\n<div class=\"cell value\">osat<\/div>\n<\/div>\n<div class=\"row\">\n<div class=\"cell label\">Muoto<\/div>\n<div class=\"cell value\">erikoismuotoinen<\/div>\n<\/div>\n<div class=\"row\">\n<div class=\"cell label\">Metalliseos tai ei<\/div>\n<div class=\"cell value\">Seostamattomat<\/div>\n<\/div>\n<div class=\"row\">\n<div class=\"cell label\">K\u00e4sittelypalvelu<\/div>\n<div class=\"cell value\">Leikkaus, l\u00e4vistys, hitsaus, k\u00e4\u00e4mitys, taivutus<\/div>\n<\/div>\n<div class=\"row\">\n<div class=\"cell label\">Tuotteen nimi<\/div>\n<div class=\"cell value\">alumiinij\u00e4\u00e4hdytin<\/div>\n<\/div>\n<div class=\"row\">\n<div class=\"cell label\">Materiaali<\/div>\n<div class=\"cell value\">Alumiini<\/div>\n<\/div>\n<div class=\"row\">\n<div class=\"cell label\">Hakemus<\/div>\n<div class=\"cell value\">Soveltuu useille teollisuudenaloille<\/div>\n<\/div>\n<div class=\"row\">\n<div class=\"cell label\">V\u00e4ri<\/div>\n<div class=\"cell value\">R\u00e4\u00e4t\u00e4l\u00f6idyt v\u00e4rit<\/div>\n<\/div>\n<div class=\"row\">\n<div class=\"cell label\">Koko<\/div>\n<div class=\"cell value\">Mukautettu koko<\/div>\n<\/div>\n<div class=\"row\">\n<div class=\"cell label\">Pintak\u00e4sittely<\/div>\n<div class=\"cell value\">Mukautettu pintak\u00e4sittely<\/div>\n<\/div>\n<div class=\"row\">\n<div class=\"cell label\">Sertifiointi<\/div>\n<div class=\"cell value\">ISO9000<\/div>\n<\/div>\n<div class=\"row\">\n<div class=\"cell label\">Paketti<\/div>\n<div class=\"cell value\">Muovipussi+kartonki+paletti<\/div>\n<\/div>\n<div class=\"row\">\n<div class=\"cell label\">Toimitusaika<\/div>\n<div class=\"cell value\">Ota yhteytt\u00e4<\/div>\n<\/div>\n<div class=\"row\">\n<div class=\"cell label\">Ominaisuus<\/div>\n<div class=\"cell value\">Korkea tarkkuus<\/div>\n<\/div>\n<div class=\"row\">\n<div class=\"cell label\">Myyntiyksik\u00f6t<\/div>\n<div class=\"cell value\">Yksitt\u00e4inen tuote<\/div>\n<\/div>\n<\/div>\n<p><\/p>\n<h2>Tuotantopohjamme<\/h2>\n<h3>Tehtaan panoraama<\/h3>\n<p><img decoding=\"async\" src=\"\/wp-content\/uploads\/factory-01.webp\"\/><\/p>\n<h3>Alumiini Bar Manufacturing Workshop<\/h3>\n<p><img decoding=\"async\" src=\"\/wp-content\/uploads\/factory-02.webp\"\/><\/p>\n<p><img decoding=\"async\" src=\"\/wp-content\/uploads\/factory-03.webp\"\/><\/p>\n<h3>Muotin varastointi Varasto<\/h3>\n<p><img decoding=\"async\" src=\"\/wp-content\/uploads\/factory-04.webp\"\/><\/p>\n<h3>43 alumiinin ekstruusiolinjat (500-5500 tonnia)<\/h3>\n<p><img decoding=\"async\" src=\"\/wp-content\/uploads\/factory-05.webp\"\/><\/p>\n<p><img decoding=\"async\" src=\"\/wp-content\/uploads\/factory-06.webp\"\/><\/p>\n<p><img decoding=\"async\" src=\"\/wp-content\/uploads\/factory-07.webp\"\/><\/p>\n<h3>Jauhemaalaus ty\u00f6paja<\/h3>\n<p><img decoding=\"async\" src=\"\/wp-content\/uploads\/factory-09.webp\"\/><\/p>\n<h3>Anodisointi ty\u00f6paja<\/h3>\n<p><img decoding=\"async\" src=\"\/wp-content\/uploads\/factory-10.webp\"\/><\/p>\n<h3>Syv\u00e4k\u00e4sittelyn ty\u00f6paja<\/h3>\n<p><img decoding=\"async\" src=\"\/wp-content\/uploads\/factory-11.webp\"\/><\/p>\n<h3>CNC-tarkkuuskoneistus ty\u00f6paja<\/h3>\n<p><img decoding=\"async\" src=\"\/wp-content\/uploads\/factory-11.5.webp\"\/><\/p>\n<h3>Valmiiden tuotteiden ja vientivarasto<\/h3>\n<p><img decoding=\"async\" src=\"\/wp-content\/uploads\/factory-12.webp\"\/><\/p>\n<p><img decoding=\"async\" src=\"\/wp-content\/uploads\/factory-13.webp\"\/><\/p>\n<p><img decoding=\"async\" src=\"\/wp-content\/uploads\/factory-14.webp\"\/><\/p>\n<h2>FAQ<\/h2>\n<p><strong>1. Mihin alumiinista suulakepuristettuja j\u00e4\u00e4hdytyslevyj\u00e4 k\u00e4ytet\u00e4\u00e4n?<\/strong><br \/>Niit\u00e4 k\u00e4ytet\u00e4\u00e4n ensisijaisesti elektronisten laitteiden l\u00e4mm\u00f6npoistoon ylikuumenemisen est\u00e4miseksi.<\/p>\n<p><strong>2. Voiko alumiinista suulakepuristettua j\u00e4\u00e4hdytyselementti\u00e4 r\u00e4\u00e4t\u00e4l\u00f6id\u00e4?<\/strong><br \/>Kyll\u00e4, tarjoamme koon, muodon ja viimeistelyn r\u00e4\u00e4t\u00e4l\u00f6inti\u00e4 tarpeidesi mukaan.<\/p>\n<p><strong>3. Mik\u00e4 on alumiinin k\u00e4yt\u00f6n etu j\u00e4\u00e4hdytyslevyiss\u00e4?<\/strong><br \/>Alumiini tarjoaa erinomaisen l\u00e4mm\u00f6njohtavuuden ja on samalla kevyt ja kustannustehokas.<\/p>\n<p><strong>4. Mill\u00e4 teollisuudenaloilla k\u00e4ytet\u00e4\u00e4n yleisesti suulakepuristettuja alumiinisia j\u00e4\u00e4hdytyslevyj\u00e4?<\/strong><br \/>Niit\u00e4 k\u00e4ytet\u00e4\u00e4n yleisesti elektroniikka-, auto- ja uusiutuvan energian teollisuudessa.<\/p>\n<p><strong>5. Miten valitsen oikean suulakepuristetun alumiinisen j\u00e4\u00e4hdytyselementin sovellukseeni?<\/strong><br \/>Valinta riippuu muun muassa l\u00e4mp\u00f6vaatimuksista, tilarajoituksista ja asennusvaihtoehdoista.<\/p>\n<p><strong>6. Tukevatko puristetut alumiiniset j\u00e4\u00e4hdytyslevyt vain passiivista j\u00e4\u00e4hdytyst\u00e4?<\/strong><br \/>Kyll\u00e4, ne on suunniteltu passiiviseen j\u00e4\u00e4hdytykseen, mutta niit\u00e4 voidaan parantaa aktiivisilla j\u00e4\u00e4hdytysratkaisuilla.<\/p>\n<p><strong>7. Ovatko n\u00e4m\u00e4 j\u00e4\u00e4hdytyselementit korroosionkest\u00e4vi\u00e4?<\/strong><br \/>Alumiini on luonnostaan korroosionkest\u00e4v\u00e4\u00e4, ja lis\u00e4k\u00e4sittelyt voivat parantaa t\u00e4t\u00e4 ominaisuutta entisest\u00e4\u00e4n.<\/p>\n<p><\/p>","protected":false},"featured_media":10873,"template":"","categories":[55],"class_list":["post-10878","product","type-product","status-publish","has-post-thumbnail","hentry","category-extruded-aluminum-profiles"],"meta_box":{"hilight_text_group":[{"product_hilight_text":"<li>High thermal conductivity for efficient heat dissipation<\/li>\n<li>Custom designs available to suit diverse applications<\/li>\n<li>Lightweight yet robust aluminum construction<\/li>\n<li>Suitable for both industrial and consumer electronics<\/li>\n<li>Environmentally friendly production process<\/li>"}],"feature_list":[]},"_links":{"self":[{"href":"https:\/\/sinoextrud.com\/fi\/wp-json\/wp\/v2\/product\/10878","targetHints":{"allow":["GET"]}}],"collection":[{"href":"https:\/\/sinoextrud.com\/fi\/wp-json\/wp\/v2\/product"}],"about":[{"href":"https:\/\/sinoextrud.com\/fi\/wp-json\/wp\/v2\/types\/product"}],"wp:featuredmedia":[{"embeddable":true,"href":"https:\/\/sinoextrud.com\/fi\/wp-json\/wp\/v2\/media\/10873"}],"wp:attachment":[{"href":"https:\/\/sinoextrud.com\/fi\/wp-json\/wp\/v2\/media?parent=10878"}],"wp:term":[{"taxonomy":"category","embeddable":true,"href":"https:\/\/sinoextrud.com\/fi\/wp-json\/wp\/v2\/categories?post=10878"}],"curies":[{"name":"wp","href":"https:\/\/api.w.org\/{rel}","templated":true}]}}