{"id":10875,"date":"2025-08-01T02:41:38","date_gmt":"2025-08-01T02:41:38","guid":{"rendered":"https:\/\/sinoextrud.com\/product\/20mm-round-heat-sink-for-compact-modules\/"},"modified":"2025-08-01T02:41:38","modified_gmt":"2025-08-01T02:41:38","slug":"20mm-pyorea-jaahdytyselementti-kompakteille-moduuleille","status":"publish","type":"product","link":"https:\/\/sinoextrud.com\/fi\/product\/20mm-round-heat-sink-for-compact-modules\/","title":{"rendered":"20mm py\u00f6re\u00e4 j\u00e4\u00e4hdytyslevy kompakteille moduuleille"},"content":{"rendered":"<h2>Tuotteiden tiedot<\/h2>\n<div class=\"product-table\">\n<div class=\"row\">\n<div class=\"cell label\">Pintak\u00e4sittely<\/div>\n<div class=\"cell value\">Anodisointi<\/div>\n<\/div>\n<div class=\"row\">\n<div class=\"cell label\">Muoto<\/div>\n<div class=\"cell value\">ROUND<\/div>\n<\/div>\n<div class=\"row\">\n<div class=\"cell label\">Rungon materiaali<\/div>\n<div class=\"cell value\">Alumiiniseos<\/div>\n<\/div>\n<div class=\"row\">\n<div class=\"cell label\">Tyyppi<\/div>\n<div class=\"cell value\">L\u00e4mm\u00f6neristeet<\/div>\n<\/div>\n<div class=\"row\">\n<div class=\"cell label\">Valaistusratkaisujen palvelu<\/div>\n<div class=\"cell value\">Valaistus- ja piirisuunnittelu, DIALux evo layout, LitePro DLX layout, Agi32 layout, automaattinen CAD layout, paikan p\u00e4\u00e4ll\u00e4 tapahtuva mittaus, projektin asennus<\/div>\n<\/div>\n<div class=\"row\">\n<div class=\"cell label\">Valotehokkuus (lm\/w)<\/div>\n<div class=\"cell value\">50<\/div>\n<\/div>\n<div class=\"row\">\n<div class=\"cell label\">Tuotteen paino\uff08kg\uff09<\/div>\n<div class=\"cell value\">0.6<\/div>\n<\/div>\n<div class=\"row\">\n<div class=\"cell label\">Takuu (vuosi)<\/div>\n<div class=\"cell value\">1 vuosi<\/div>\n<\/div>\n<div class=\"row\">\n<div class=\"cell label\">Prosessi<\/div>\n<div class=\"cell value\">Taonta<\/div>\n<\/div>\n<div class=\"row\">\n<div class=\"cell label\">IP-luokitus<\/div>\n<div class=\"cell value\">ip55<\/div>\n<\/div>\n<div class=\"row\">\n<div class=\"cell label\">Rungon v\u00e4ri<\/div>\n<div class=\"cell value\">Musta<\/div>\n<\/div>\n<div class=\"row\">\n<div class=\"cell label\">korkeus<\/div>\n<div class=\"cell value\">60mm<\/div>\n<\/div>\n<div class=\"row\">\n<div class=\"cell label\">halkaisija<\/div>\n<div class=\"cell value\">110mm<\/div>\n<\/div>\n<div class=\"row\">\n<div class=\"cell label\">Hakemus<\/div>\n<div class=\"cell value\">Led j\u00e4\u00e4hdytyselementti<\/div>\n<\/div>\n<div class=\"row\">\n<div class=\"cell label\">Materiaali<\/div>\n<div class=\"cell value\">AL1070<\/div>\n<\/div>\n<div class=\"row\">\n<div class=\"cell label\">Viimeistely<\/div>\n<div class=\"cell value\">Anodisoitu alumiini<\/div>\n<\/div>\n<div class=\"row\">\n<div class=\"cell label\">Palvelu<\/div>\n<div class=\"cell value\">OEM ODM R\u00e4\u00e4t\u00e4l\u00f6ity<\/div>\n<\/div>\n<div class=\"row\">\n<div class=\"cell label\">Syv\u00e4 prosessi<\/div>\n<div class=\"cell value\">CNC:n alla<\/div>\n<\/div>\n<div class=\"row\">\n<div class=\"cell label\">Tyyppi<\/div>\n<div class=\"cell value\">100% QC-testaus<\/div>\n<\/div>\n<div class=\"row\">\n<div class=\"cell label\">Paketti<\/div>\n<div class=\"cell value\">Pahvilaatikko<\/div>\n<\/div>\n<div class=\"row\">\n<div class=\"cell label\">Hyv\u00e4ksy piirustus<\/div>\n<div class=\"cell value\">AutoCAD(dxf<\/div>\n<\/div>\n<div class=\"row\">\n<div class=\"cell label\">L\u00e4hetyssatama<\/div>\n<div class=\"cell value\">Shanghai\/Ningbo<\/div>\n<\/div>\n<div class=\"row\">\n<div class=\"cell label\">Myyntiyksik\u00f6t<\/div>\n<div class=\"cell value\">Yksitt\u00e4inen tuote<\/div>\n<\/div>\n<div class=\"row\">\n<div class=\"cell label\">Yhden pakkauksen koko<\/div>\n<div class=\"cell value\">10X10X10 cm<\/div>\n<\/div>\n<div class=\"row\">\n<div class=\"cell label\">Yksitt\u00e4inen bruttopaino<\/div>\n<div class=\"cell value\">4.000 KG<\/div>\n<\/div>\n<div class=\"row\">\n<div class=\"cell label\">Toimituskyky<\/div>\n<div class=\"cell value\">100000 yksikk\u00f6\u00e4 kuukaudessa<\/div>\n<\/div>\n<\/div>\n<p><\/p>\n<h2>Tuotantopohjamme<\/h2>\n<h3>Tehtaan panoraama<\/h3>\n<p><img decoding=\"async\" src=\"\/wp-content\/uploads\/factory-01.webp\"\/><\/p>\n<h3>Alumiini Bar Manufacturing Workshop<\/h3>\n<p><img decoding=\"async\" src=\"\/wp-content\/uploads\/factory-02.webp\"\/><\/p>\n<p><img decoding=\"async\" src=\"\/wp-content\/uploads\/factory-03.webp\"\/><\/p>\n<h3>Muotin varastointi Varasto<\/h3>\n<p><img decoding=\"async\" src=\"\/wp-content\/uploads\/factory-04.webp\"\/><\/p>\n<h3>43 alumiinin ekstruusiolinjat (500-5500 tonnia)<\/h3>\n<p><img decoding=\"async\" src=\"\/wp-content\/uploads\/factory-05.webp\"\/><\/p>\n<p><img decoding=\"async\" src=\"\/wp-content\/uploads\/factory-06.webp\"\/><\/p>\n<p><img decoding=\"async\" src=\"\/wp-content\/uploads\/factory-07.webp\"\/><\/p>\n<h3>Jauhemaalaus ty\u00f6paja<\/h3>\n<p><img decoding=\"async\" src=\"\/wp-content\/uploads\/factory-09.webp\"\/><\/p>\n<h3>Anodisointi ty\u00f6paja<\/h3>\n<p><img decoding=\"async\" src=\"\/wp-content\/uploads\/factory-10.webp\"\/><\/p>\n<h3>Syv\u00e4k\u00e4sittelyn ty\u00f6paja<\/h3>\n<p><img decoding=\"async\" src=\"\/wp-content\/uploads\/factory-11.webp\"\/><\/p>\n<h3>CNC-tarkkuuskoneistus ty\u00f6paja<\/h3>\n<p><img decoding=\"async\" src=\"\/wp-content\/uploads\/factory-11.5.webp\"\/><\/p>\n<h3>Valmiiden tuotteiden ja vientivarasto<\/h3>\n<p><img decoding=\"async\" src=\"\/wp-content\/uploads\/factory-12.webp\"\/><\/p>\n<p><img decoding=\"async\" src=\"\/wp-content\/uploads\/factory-13.webp\"\/><\/p>\n<p><img decoding=\"async\" src=\"\/wp-content\/uploads\/factory-14.webp\"\/><\/p>\n<h2>FAQ<\/h2>\n<p><strong>1. Mik\u00e4 on 20 mm: n py\u00f6re\u00e4n j\u00e4\u00e4hdytyslevyn ensisijainen materiaali?<\/strong><br \/>Ensisijaisena materiaalina k\u00e4ytet\u00e4\u00e4n korkealaatuista alumiinia, joka johtaa tehokkaasti l\u00e4mp\u00f6\u00e4.<\/p>\n<p><strong>2. Voidaanko 20 mm:n py\u00f6re\u00e4\u00e4 j\u00e4\u00e4hdytyselementti\u00e4 k\u00e4ytt\u00e4\u00e4 LED-j\u00e4\u00e4hdytykseen?<\/strong><br \/>Kyll\u00e4, se on suunniteltu hallitsemaan tehokkaasti l\u00e4mp\u00f6\u00e4 LED-sovelluksissa.<\/p>\n<p><strong>3. Onko 20 mm:n py\u00f6re\u00e4n j\u00e4\u00e4hdytyslevyn r\u00e4\u00e4t\u00e4l\u00f6inti mahdollista?<\/strong><br \/>Kyll\u00e4, tarjoamme koon ja viimeistelyn r\u00e4\u00e4t\u00e4l\u00f6inti\u00e4 suurille tilauksille.<\/p>\n<p><strong>4. Mitk\u00e4 ovat 20 mm:n py\u00f6re\u00e4n j\u00e4\u00e4hdytyslevyn mitat?<\/strong><br \/>J\u00e4\u00e4hdytyselementin halkaisija on 20 mm, ja se on suunniteltu pieneen tilaan.<\/p>\n<p><strong>5. Voinko k\u00e4ytt\u00e4\u00e4 20 mm:n py\u00f6re\u00e4\u00e4 j\u00e4\u00e4hdytyselementti\u00e4 suorittimien kanssa?<\/strong><br \/>Se soveltuu sovelluksiin, jotka vaativat kompakteja j\u00e4\u00e4hdytyslevyj\u00e4; tarkista yhteensopivuus suorittimen spesifikaatioiden kanssa.<\/p>\n<p><strong>6. Vaatiiko 20 mm:n py\u00f6re\u00e4 j\u00e4\u00e4hdytyslevy erityist\u00e4 huoltoa?<\/strong><br \/>Erityist\u00e4 huoltoa ei tarvita, mutta s\u00e4\u00e4nn\u00f6llinen puhdistus voi parantaa suorituskyky\u00e4.<\/p>\n<p><strong>7. Onko 20 mm:n py\u00f6re\u00e4n j\u00e4\u00e4hdytyslevyn ostamisessa v\u00e4himm\u00e4istilausm\u00e4\u00e4ri\u00e4?<\/strong><br \/>Kyll\u00e4, MOQ koskee r\u00e4\u00e4t\u00e4l\u00f6ityj\u00e4 tilauksia; ota yhteytt\u00e4 saadaksesi lis\u00e4tietoja.<\/p>\n<p><\/p>","protected":false},"featured_media":10857,"template":"","categories":[72],"class_list":["post-10875","product","type-product","status-publish","has-post-thumbnail","hentry","category-extruded-aluminum-heatsink"],"meta_box":{"hilight_text_group":[],"feature_list":[]},"_links":{"self":[{"href":"https:\/\/sinoextrud.com\/fi\/wp-json\/wp\/v2\/product\/10875","targetHints":{"allow":["GET"]}}],"collection":[{"href":"https:\/\/sinoextrud.com\/fi\/wp-json\/wp\/v2\/product"}],"about":[{"href":"https:\/\/sinoextrud.com\/fi\/wp-json\/wp\/v2\/types\/product"}],"wp:featuredmedia":[{"embeddable":true,"href":"https:\/\/sinoextrud.com\/fi\/wp-json\/wp\/v2\/media\/10857"}],"wp:attachment":[{"href":"https:\/\/sinoextrud.com\/fi\/wp-json\/wp\/v2\/media?parent=10875"}],"wp:term":[{"taxonomy":"category","embeddable":true,"href":"https:\/\/sinoextrud.com\/fi\/wp-json\/wp\/v2\/categories?post=10875"}],"curies":[{"name":"wp","href":"https:\/\/api.w.org\/{rel}","templated":true}]}}