{"id":10683,"date":"2025-07-28T11:42:23","date_gmt":"2025-07-28T03:42:23","guid":{"rendered":"https:\/\/sinoextrud.com\/product\/vapor-chamber-heat-sink-for-efficient-thermal-management\/"},"modified":"2025-07-28T11:42:23","modified_gmt":"2025-07-28T03:42:23","slug":"hoyrykammion-jaahdytyselementti-tehokasta-lammonhallintaa-varten","status":"publish","type":"product","link":"https:\/\/sinoextrud.com\/fi\/product\/vapor-chamber-heat-sink-for-efficient-thermal-management\/","title":{"rendered":"H\u00f6yrykammion j\u00e4\u00e4hdytyselementti tehokasta l\u00e4mm\u00f6nhallintaa varten"},"content":{"rendered":"<h2>Tuotteiden tiedot<\/h2>\n<table class=\"custom-table\">\n<tr>\n<td class=\"label\">CNC-ty\u00f6st\u00f6 vai ei<\/td>\n<td>Cnc-ty\u00f6st\u00f6<\/td>\n<\/tr>\n<tr>\n<td class=\"label\">Materiaalivalmiudet<\/td>\n<td>Alumiini, Messinki, Pronssi, Kupari, Karkaistut metallit, Jalometallit, Ruostumaton ter\u00e4s, Ter\u00e4sseokset, Ter\u00e4sseokset<\/td>\n<\/tr>\n<tr>\n<td class=\"label\">Tyyppi<\/td>\n<td>Jyrsint\u00e4, Laserty\u00f6st\u00f6, Laserty\u00f6st\u00f6, Jyrsint\u00e4, Poraaminen, Sy\u00f6vytys \/ kemiallinen ty\u00f6st\u00f6, Muut ty\u00f6st\u00f6palvelut, Sorvaus, Langankorjaus, Nopea prototyyppien rakentaminen, Puristus<\/td>\n<\/tr>\n<tr>\n<td class=\"label\">Mikrokoneistus vai ei<\/td>\n<td>Mikrokoneistus<\/td>\n<\/tr>\n<tr>\n<td class=\"label\">Tuotteen nimi<\/td>\n<td>Alumiini ekstruusiosta j\u00e4\u00e4hdytyslevy<\/td>\n<\/tr>\n<tr>\n<td class=\"label\">Pintak\u00e4sittely<\/td>\n<td>Musta anodisointi<\/td>\n<\/tr>\n<tr>\n<td class=\"label\">MOQ<\/td>\n<td>100kpl<\/td>\n<\/tr>\n<tr>\n<td class=\"label\">Sertifiointi<\/td>\n<td>ISO9001:2015<\/td>\n<\/tr>\n<tr>\n<td class=\"label\">V\u00e4ri<\/td>\n<td>Musta<\/td>\n<\/tr>\n<tr>\n<td class=\"label\">Prosessi<\/td>\n<td>CNC, puristaminen jne.<\/td>\n<\/tr>\n<tr>\n<td class=\"label\">Pakkaus<\/td>\n<td>Sis\u00e4inen pp laukku ulompi puinen tapauksessa<\/td>\n<\/tr>\n<tr>\n<td class=\"label\">Ominaisuus<\/td>\n<td>Kevyt, ja korkea hy\u00f6tysuhde s\u00e4teilev\u00e4<\/td>\n<\/tr>\n<tr>\n<td class=\"label\">OEM-palvelu<\/td>\n<td>Kyll\u00e4<\/td>\n<\/tr>\n<tr>\n<td class=\"label\">Koko<\/td>\n<td>Custom<\/td>\n<\/tr>\n<tr>\n<td class=\"label\">Myyntiyksik\u00f6t<\/td>\n<td>Yksitt\u00e4inen tuote<\/td>\n<\/tr>\n<tr>\n<td class=\"label\">Yhden pakkauksen koko<\/td>\n<td>1X1X1 cm<\/td>\n<\/tr>\n<tr>\n<td class=\"label\">Yksitt\u00e4inen bruttopaino<\/td>\n<td>1.000 KG<\/td>\n<\/tr>\n<\/table>\n<h2>Tuotantopohjamme<\/h2>\n<h3>Tehtaan panoraama<\/h3>\n<p><img decoding=\"async\" src=\"\/wp-content\/uploads\/factory-01.webp\"\/><\/p>\n<h3>Alumiini Bar Manufacturing Workshop<\/h3>\n<p><img decoding=\"async\" src=\"\/wp-content\/uploads\/factory-02.webp\"\/><\/p>\n<p><img decoding=\"async\" src=\"\/wp-content\/uploads\/factory-03.webp\"\/><\/p>\n<h3>Muotin varastointi Varasto<\/h3>\n<p><img decoding=\"async\" src=\"\/wp-content\/uploads\/factory-04.webp\"\/><\/p>\n<h3>43 Alumiini ekstruusiolinjat (500\u00e2 5500 tonnia)<\/h3>\n<p><img decoding=\"async\" src=\"\/wp-content\/uploads\/factory-05.webp\"\/><\/p>\n<p><img decoding=\"async\" src=\"\/wp-content\/uploads\/factory-06.webp\"\/><\/p>\n<p><img decoding=\"async\" src=\"\/wp-content\/uploads\/factory-07.webp\"\/><\/p>\n<h3>Jauhemaalaus ty\u00f6paja<\/h3>\n<p><img decoding=\"async\" src=\"\/wp-content\/uploads\/factory-09.webp\"\/><\/p>\n<h3>Anodisointi ty\u00f6paja<\/h3>\n<p><img decoding=\"async\" src=\"\/wp-content\/uploads\/factory-10.webp\"\/><\/p>\n<h3>Syv\u00e4k\u00e4sittelyn ty\u00f6paja<\/h3>\n<p><img decoding=\"async\" src=\"\/wp-content\/uploads\/factory-11.webp\"\/><\/p>\n<h3>CNC-tarkkuuskoneistus ty\u00f6paja<\/h3>\n<p><img decoding=\"async\" src=\"\/wp-content\/uploads\/factory-11.5.webp\"\/><\/p>\n<h3>Valmiiden tuotteiden ja vientivarasto<\/h3>\n<p><img decoding=\"async\" src=\"\/wp-content\/uploads\/factory-12.webp\"\/><\/p>\n<p><img decoding=\"async\" src=\"\/wp-content\/uploads\/factory-13.webp\"\/><\/p>\n<p><img decoding=\"async\" src=\"\/wp-content\/uploads\/factory-14.webp\"\/><\/p>\n<h2>FAQ<\/h2>\n<p><p><b>1.Mik\u00e4 on h\u00f6yrykammiol\u00e4mm\u00f6nsiili ja miten se parantaa l\u00e4mm\u00f6nhallintaa?<\/b><\/p>\n<p>H\u00f6yrykammiol\u00e4mm\u00f6nsiili k\u00e4ytt\u00e4\u00e4 suljettua tyhji\u00f6kammiota l\u00e4mm\u00f6n nopeaan levitt\u00e4miseen ja haihduttamiseen, mik\u00e4 tarjoaa eritt\u00e4in tehokasta l\u00e4mm\u00f6nhallintaa elektroniikalle.<br \/>\n<\/p><br \/>\n<br \/>\n<p><b>2.Miten h\u00f6yrykammio eroaa perinteisist\u00e4 j\u00e4\u00e4hdytyslevyist\u00e4?<\/b><\/p>\n<p>Toisin kuin perinteiset j\u00e4\u00e4hdytyselementit, h\u00f6yrykammiot k\u00e4ytt\u00e4v\u00e4t faasimuutostekniikkaa l\u00e4mm\u00f6n nopeamman levi\u00e4misen varmistamiseksi, mik\u00e4 parantaa j\u00e4\u00e4hdytyksen tehokkuutta suuritehoisissa laitteissa.<br \/>\n<\/p><br \/>\n<br \/>\n<p><b>3.Mitk\u00e4 ovat h\u00f6yrykammion j\u00e4\u00e4hdytyslevyjen t\u00e4rkeimm\u00e4t sovellukset?<\/b><\/p>\n<p>H\u00f6yrykammiol\u00e4mm\u00f6nsiirtimi\u00e4 k\u00e4ytet\u00e4\u00e4n laajalti suorittimissa, n\u00e4yt\u00f6nohjaimissa, tehomoduuleissa ja kompakteissa elektroniikkalaitteissa, jotka vaativat tehokkaita l\u00e4mp\u00f6ratkaisuja.<br \/>\n<\/p><br \/>\n<br \/>\n<p><b>4.Soveltuvatko h\u00f6yrykammion j\u00e4\u00e4hdytyselementit korkean suorituskyvyn laskentaan?<\/b><\/p>\n<p>Kyll\u00e4, h\u00f6yrykammion j\u00e4\u00e4hdytyslevyt ovat ihanteellisia korkean suorituskyvyn tietojenk\u00e4sittelyyn, koska ne k\u00e4sittelev\u00e4t suurta l\u00e4mp\u00f6virtaa ja parantavat yleist\u00e4 l\u00e4mp\u00f6tehoa.<br \/>\n<\/p><br \/>\n<br \/>\n<p><b>5.Voidaanko h\u00f6yrykammion j\u00e4\u00e4hdytyslevyj\u00e4 r\u00e4\u00e4t\u00e4l\u00f6id\u00e4 tiettyj\u00e4 laitteita varten?<\/b><\/p>\n<p>H\u00f6yrykammion j\u00e4\u00e4hdytyslevyt voidaan ehdottomasti r\u00e4\u00e4t\u00e4l\u00f6id\u00e4 muodoltaan ja kooltaan tiettyihin sovelluksiin sopiviksi, mik\u00e4 takaa optimaalisen l\u00e4mm\u00f6nhallinnan.<br \/>\n<\/p><br \/>\n<br \/>\n<p><b>6.Onko h\u00f6yrykammion j\u00e4\u00e4hdytyslevyiss\u00e4 liikkuvia osia?<\/b><\/p>\n<p>Ei, h\u00f6yrykammiol\u00e4mm\u00f6nsiirtimet ovat passiivisia j\u00e4\u00e4hdytyslaitteita, joissa ei ole liikkuvia osia ja jotka toimivat \u00e4\u00e4nett\u00f6m\u00e4sti ja huoltovapaasti.<br \/>\n<\/p><br \/>\n<br \/>\n<p><b>7.Mit\u00e4 etuja h\u00f6yrykammion k\u00e4ytt\u00e4misest\u00e4 l\u00e4mm\u00f6npoistoon on?<\/b><\/p>\n<p>H\u00f6yrykammion k\u00e4ytt\u00f6 takaa nopean l\u00e4mm\u00f6nsiirron, tasaisen l\u00e4mp\u00f6tilan jakautumisen ja parantaa j\u00e4rjestelm\u00e4n luotettavuutta v\u00e4ltt\u00e4m\u00e4ll\u00e4 kuumat kohdat.<br \/>\n<\/p><br \/>\n<br \/>\n<p><b>8.Ovatko h\u00f6yrykammion j\u00e4\u00e4hdytyslevyt kevyit\u00e4 verrattuna perinteisiin ratkaisuihin?<\/b><\/p>\n<p>Kyll\u00e4, h\u00f6yrykammiol\u00e4mm\u00f6nsiirtimet ovat tyypillisesti kevyempi\u00e4 ja ohuempia kuin perinteiset ratkaisut, joten ne soveltuvat ahtaisiin sovelluksiin.<br \/>\n<\/p><br \/><\/p>","protected":false},"featured_media":10682,"template":"","categories":[74],"class_list":["post-10683","product","type-product","status-publish","has-post-thumbnail","hentry","category-vapor-chamber"],"meta_box":{"hilight_text_group":{"product_hilight_text":"<li>Ultra-thin vapor chamber design enables compact system integration<\/li>\r\n<li>Superior heat spreading for high-power electronic components<\/li>\r\n<li>Enhanced thermal performance with rapid heat dissipation<\/li>\r\n<li>Ideal for CPUs, GPUs, and power ICs in demanding applications<\/li>\r\n<li>Customizable sizes and shapes for diverse industrial needs<\/li>\r\n<li>Lightweight and passive cooling solution with no moving parts<\/li>\r\n<li>Improves system reliability by preventing thermal throttling<\/li>","product_chanpin_chanpin":"<ul>\r\n<li><a href=\"https:\/\/sinoextrud.com\/product\/aluminium-extrusion-6061-6082-7075-aluminum-alloy-profiles\/\" target=\"_blank\">6061 aluminum extrusion<\/a><\/li>\r\n<li><a href=\"https:\/\/sinoextrud.com\/product\/oval-aluminum-extrud-profile\/\" target=\"_blank\">oval aluminum extrusion<\/a><\/li>\r\n<li><a href=\"https:\/\/sinoextrud.com\/product\/aluminium-extrusion-anodised-aluminium-tube\/\" target=\"_blank\">anodised aluminium tube<\/a><\/li>\r\n<li><a href=\"https:\/\/sinoextrud.com\/product\/c-shaped-closed-linear-ceiling-system\/\" target=\"_blank\">linear closed ceilings<\/a><\/li>\r\n<li><a href=\"https:\/\/sinoextrud.com\/product\/the-new-perforated-ceiling-system\/\" target=\"_blank\">perforated french ceilings<\/a><\/li>\r\n<li><a href=\"https:\/\/sinoextrud.com\/product\/aluminum-extrusion-7003-7005-7020\/\" target=\"_blank\">7020 aluminum<\/a><\/li>\r\n<\/ul>","product_chanpin_blog":"<ul>\r\n<li><a href=\"https:\/\/sinoextrud.com\/t-slot-v-slot-differences\/\" target=\"_blank\">t slot vs v slot<\/a><\/li>\r\n<li><a href=\"https:\/\/sinoextrud.com\/what-is-4040-aluminium-extrud\/\" target=\"_blank\">4040 aluminium extrusion<\/a><\/li>\r\n<li><a href=\"https:\/\/sinoextrud.com\/what-is-4040-aluminium-extrud\/\" target=\"_blank\">aluminum extrusions for industrial racks<\/a><\/li>\r\n<li><a href=\"https:\/\/sinoextrud.com\/powder-coating-aluminium-process\/\" target=\"_blank\">powder coating aluminium<\/a><\/li>\r\n<li><a href=\"https:\/\/sinoextrud.com\/what-is-an-aluminium-strip-ceiling\/\" target=\"_blank\">aluminium strip ceiling<\/a><\/li>\r\n<li><a href=\"https:\/\/sinoextrud.com\/what-is-a-heat-sink\/\" target=\"_blank\">what is a heat sink<\/a><\/li>\r\n<\/ul>"},"feature_list":[]},"_links":{"self":[{"href":"https:\/\/sinoextrud.com\/fi\/wp-json\/wp\/v2\/product\/10683","targetHints":{"allow":["GET"]}}],"collection":[{"href":"https:\/\/sinoextrud.com\/fi\/wp-json\/wp\/v2\/product"}],"about":[{"href":"https:\/\/sinoextrud.com\/fi\/wp-json\/wp\/v2\/types\/product"}],"wp:featuredmedia":[{"embeddable":true,"href":"https:\/\/sinoextrud.com\/fi\/wp-json\/wp\/v2\/media\/10682"}],"wp:attachment":[{"href":"https:\/\/sinoextrud.com\/fi\/wp-json\/wp\/v2\/media?parent=10683"}],"wp:term":[{"taxonomy":"category","embeddable":true,"href":"https:\/\/sinoextrud.com\/fi\/wp-json\/wp\/v2\/categories?post=10683"}],"curies":[{"name":"wp","href":"https:\/\/api.w.org\/{rel}","templated":true}]}}