{"id":10669,"date":"2025-07-25T08:04:03","date_gmt":"2025-07-25T08:04:03","guid":{"rendered":"https:\/\/sinoextrud.com\/product\/custom-round-led-aluminum-heatsink-extrusion-fin-design\/"},"modified":"2025-07-25T08:04:03","modified_gmt":"2025-07-25T08:04:03","slug":"mukautettu-pyorea-led-alumiini-jaahdytyslevy-puristamiseen-fin-suunnittelu","status":"publish","type":"product","link":"https:\/\/sinoextrud.com\/fi\/product\/custom-round-led-aluminum-heatsink-extrusion-fin-design\/","title":{"rendered":"Mukautettu py\u00f6re\u00e4 LED Alumiini j\u00e4\u00e4hdytyselementti Extrusion Fin Design"},"content":{"rendered":"<h2>Tuotteiden tiedot<\/h2>\n<table class=\"custom-table\">\n<tr>\n<td class=\"label\">Luokka<\/td>\n<td>6000-sarja<\/td>\n<\/tr>\n<tr>\n<td class=\"label\">Suvaitsevaisuus<\/td>\n<td>\u00b11%<\/td>\n<\/tr>\n<tr>\n<td class=\"label\">Toimitusaika<\/td>\n<td>7 p\u00e4iv\u00e4n kuluessa<\/td>\n<\/tr>\n<tr>\n<td class=\"label\">Temper<\/td>\n<td>T3-T8<\/td>\n<\/tr>\n<tr>\n<td class=\"label\">Hakemus<\/td>\n<td>led\/elektroniikka\/cpu<\/td>\n<\/tr>\n<tr>\n<td class=\"label\">Muoto<\/td>\n<td>custom<\/td>\n<\/tr>\n<tr>\n<td class=\"label\">Metalliseos tai ei<\/td>\n<td>Onko seos<\/td>\n<\/tr>\n<tr>\n<td class=\"label\">K\u00e4sittelypalvelu<\/td>\n<td>Taivutus, purku, hitsaus, l\u00e4vistys, leikkaus<\/td>\n<\/tr>\n<tr>\n<td class=\"label\">Tuotteen nimi<\/td>\n<td>lamelli j\u00e4\u00e4hdytyselementti suulakepuristettua alumiinia j\u00e4\u00e4hdytyselementti<\/td>\n<\/tr>\n<tr>\n<td class=\"label\">Myyntiyksik\u00f6t<\/td>\n<td>Yksitt\u00e4inen tuote<\/td>\n<\/tr>\n<tr>\n<td class=\"label\">Yhden pakkauksen koko<\/td>\n<td>30X20X20 cm<\/td>\n<\/tr>\n<tr>\n<td class=\"label\">Yksitt\u00e4inen bruttopaino<\/td>\n<td>3.000 KG<\/td>\n<\/tr>\n<\/table>\n<h2>Tuotantopohjamme<\/h2>\n<h3>Tehtaan panoraama<\/h3>\n<p><img decoding=\"async\" src=\"\/wp-content\/uploads\/factory-01.webp\"\/><\/p>\n<h3>Alumiini Bar Manufacturing Workshop<\/h3>\n<p><img decoding=\"async\" src=\"\/wp-content\/uploads\/factory-02.webp\"\/><\/p>\n<p><img decoding=\"async\" src=\"\/wp-content\/uploads\/factory-03.webp\"\/><\/p>\n<h3>Muotin varastointi Varasto<\/h3>\n<p><img decoding=\"async\" src=\"\/wp-content\/uploads\/factory-04.webp\"\/><\/p>\n<h3>43 alumiinin ekstruusiolinjat (500-5500 tonnia)<\/h3>\n<p><img decoding=\"async\" src=\"\/wp-content\/uploads\/factory-05.webp\"\/><\/p>\n<p><img decoding=\"async\" src=\"\/wp-content\/uploads\/factory-06.webp\"\/><\/p>\n<p><img decoding=\"async\" src=\"\/wp-content\/uploads\/factory-07.webp\"\/><\/p>\n<h3>Jauhemaalaus ty\u00f6paja<\/h3>\n<p><img decoding=\"async\" src=\"\/wp-content\/uploads\/factory-09.webp\"\/><\/p>\n<h3>Anodisointi ty\u00f6paja<\/h3>\n<p><img decoding=\"async\" src=\"\/wp-content\/uploads\/factory-10.webp\"\/><\/p>\n<h3>Syv\u00e4k\u00e4sittelyn ty\u00f6paja<\/h3>\n<p><img decoding=\"async\" src=\"\/wp-content\/uploads\/factory-11.webp\"\/><\/p>\n<h3>CNC-tarkkuuskoneistus ty\u00f6paja<\/h3>\n<p><img decoding=\"async\" src=\"\/wp-content\/uploads\/factory-11.5.webp\"\/><\/p>\n<h3>Valmiiden tuotteiden ja vientivarasto<\/h3>\n<p><img decoding=\"async\" src=\"\/wp-content\/uploads\/factory-12.webp\"\/><\/p>\n<p><img decoding=\"async\" src=\"\/wp-content\/uploads\/factory-13.webp\"\/><\/p>\n<p><img decoding=\"async\" src=\"\/wp-content\/uploads\/factory-14.webp\"\/><\/p>\n<h2>FAQ<\/h2>\n<p><p><b>1.Mik\u00e4 on Custom Round LED Aluminum Heatsink muoto?<\/b><\/p>\n<p>Siin\u00e4 on py\u00f6re\u00e4 suulakepuristusrakenne, joka on optimoitu py\u00f6reisiin LED-valaisinsovelluksiin.<br \/>\n<\/p><br \/>\n<br \/>\n<p><b>2.Miksi k\u00e4ytt\u00e4\u00e4 suulakepuristettua alumiinia LED-j\u00e4\u00e4hdyttimiin?<\/b><\/p>\n<p>Suulakepuristettu alumiini tarjoaa korkean l\u00e4mm\u00f6njohtavuuden, on kevyt ja mahdollistaa joustavan lamellien suunnittelun j\u00e4\u00e4hdytyksen parantamiseksi.<br \/>\n<\/p><br \/>\n<br \/>\n<p><b>3.Can t\u00e4m\u00e4 py\u00f6re\u00e4 LED-j\u00e4\u00e4hdytyselementti voidaan r\u00e4\u00e4t\u00e4l\u00f6id\u00e4?<\/b><\/p>\n<p>Kyll\u00e4, tarjoamme OEM-r\u00e4\u00e4t\u00e4l\u00f6inti\u00e4 mittojen, lamellien asettelun, pintak\u00e4sittelyn ja asennusliit\u00e4nn\u00e4n osalta.<br \/>\n<\/p><br \/>\n<br \/>\n<p><b>4.Mitk\u00e4 ovat t\u00e4m\u00e4n j\u00e4\u00e4hdytyselementin lamellirakenteen edut?<\/b><\/p>\n<p>Lamellirakenne lis\u00e4\u00e4 pinta-alaa ja ilmavirtaa, mik\u00e4 parantaa passiivista l\u00e4mm\u00f6nsiirtoa ja j\u00e4\u00e4hdytyksen tehokkuutta.<br \/>\n<\/p><br \/>\n<br \/>\n<p><b>5.Mihin LED-tuotteisiin t\u00e4m\u00e4 j\u00e4\u00e4hdytyselementti sopii?<\/b><\/p>\n<p>Se on ihanteellinen py\u00f6reille LED-valoille, kuten alasvaloille, valonheittimille ja arkkitehtonisille valaisimille.<br \/>\n<\/p><br \/>\n<br \/>\n<p><b>6.Does j\u00e4\u00e4hdytyselementti parantaa LEDin k\u00e4ytt\u00f6ik\u00e4\u00e4?<\/b><\/p>\n<p>Kyll\u00e4, koska se auttaa yll\u00e4pit\u00e4m\u00e4\u00e4n LEDien vakaata suorituskyky\u00e4 ja pident\u00e4\u00e4 k\u00e4ytt\u00f6ik\u00e4\u00e4, koska se hallitsee l\u00e4mp\u00f6\u00e4 tehokkaasti.<br \/>\n<\/p><br \/>\n<br \/>\n<p><b>7.Onko j\u00e4\u00e4hdytyselementti yhteensopiva passiivisen ja aktiivisen j\u00e4\u00e4hdytyksen kanssa?<\/b><\/p>\n<p>Kyll\u00e4, se tukee sek\u00e4 luonnollista konvektiota ett\u00e4 integrointia aktiivisiin j\u00e4\u00e4hdytysj\u00e4rjestelmiin tarvittaessa.<br \/>\n<\/p><br \/>\n<br \/>\n<p><b>8.Mit\u00e4 viimeistelyvaihtoehtoja t\u00e4h\u00e4n j\u00e4\u00e4hdytyselementtiin on saatavilla?<\/b><\/p>\n<p>Saatavana on anodisoituja pinnoitteita eri v\u00e4reiss\u00e4 korroosionkest\u00e4vyyden ja tuotteen esteettisyyden parantamiseksi.<br \/>\n<\/p><br \/><\/p>","protected":false},"featured_media":10668,"template":"","categories":[72],"class_list":["post-10669","product","type-product","status-publish","has-post-thumbnail","hentry","category-extruded-aluminum-heatsink"],"meta_box":{"hilight_text_group":{"product_hilight_text":"<li>Custom round profile optimized for LED thermal management<\/li>\r\n<li>Extruded aluminum construction ensures lightweight and efficient heat dissipation<\/li>\r\n<li>Fin design maximizes surface area for improved airflow and passive cooling<\/li>\r\n<li>Ideal for downlights, spotlights, and other circular LED housings<\/li>\r\n<li>Supports OEM customization in size, fin geometry, and mounting features<\/li>\r\n<li>Durable and corrosion-resistant anodized finish available<\/li>\r\n<li>Designed to enhance LED performance and extend service life<\/li>","product_chanpin_chanpin":"<ul>\r\n<li><a href=\"https:\/\/sinoextrud.com\/product\/aluminium-extrusion-6061-6082-7075-aluminum-alloy-profiles\/\" target=\"_blank\">6061 aluminum extrusion<\/a><\/li>\r\n<li><a href=\"https:\/\/sinoextrud.com\/product\/oval-aluminum-extrud-profile\/\" target=\"_blank\">oval aluminum extrusion<\/a><\/li>\r\n<li><a href=\"https:\/\/sinoextrud.com\/product\/aluminium-extrusion-anodised-aluminium-tube\/\" target=\"_blank\">anodised aluminium tube<\/a><\/li>\r\n<li><a href=\"https:\/\/sinoextrud.com\/product\/c-shaped-closed-linear-ceiling-system\/\" target=\"_blank\">linear closed ceilings<\/a><\/li>\r\n<li><a href=\"https:\/\/sinoextrud.com\/product\/the-new-perforated-ceiling-system\/\" target=\"_blank\">perforated french ceilings<\/a><\/li>\r\n<li><a href=\"https:\/\/sinoextrud.com\/product\/aluminum-extrusion-7003-7005-7020\/\" target=\"_blank\">7020 aluminum<\/a><\/li>\r\n<\/ul>","product_chanpin_blog":"<ul>\r\n<li><a href=\"https:\/\/sinoextrud.com\/t-slot-v-slot-differences\/\" target=\"_blank\">t slot vs v slot<\/a><\/li>\r\n<li><a href=\"https:\/\/sinoextrud.com\/what-is-4040-aluminium-extrud\/\" target=\"_blank\">4040 aluminium extrusion<\/a><\/li>\r\n<li><a href=\"https:\/\/sinoextrud.com\/what-is-4040-aluminium-extrud\/\" target=\"_blank\">aluminum extrusions for industrial racks<\/a><\/li>\r\n<li><a href=\"https:\/\/sinoextrud.com\/powder-coating-aluminium-process\/\" target=\"_blank\">powder coating aluminium<\/a><\/li>\r\n<li><a href=\"https:\/\/sinoextrud.com\/what-is-an-aluminium-strip-ceiling\/\" target=\"_blank\">aluminium strip ceiling<\/a><\/li>\r\n<li><a href=\"https:\/\/sinoextrud.com\/what-is-a-heat-sink\/\" target=\"_blank\">what is a heat sink<\/a><\/li>\r\n<\/ul>"},"feature_list":[]},"_links":{"self":[{"href":"https:\/\/sinoextrud.com\/fi\/wp-json\/wp\/v2\/product\/10669","targetHints":{"allow":["GET"]}}],"collection":[{"href":"https:\/\/sinoextrud.com\/fi\/wp-json\/wp\/v2\/product"}],"about":[{"href":"https:\/\/sinoextrud.com\/fi\/wp-json\/wp\/v2\/types\/product"}],"wp:featuredmedia":[{"embeddable":true,"href":"https:\/\/sinoextrud.com\/fi\/wp-json\/wp\/v2\/media\/10668"}],"wp:attachment":[{"href":"https:\/\/sinoextrud.com\/fi\/wp-json\/wp\/v2\/media?parent=10669"}],"wp:term":[{"taxonomy":"category","embeddable":true,"href":"https:\/\/sinoextrud.com\/fi\/wp-json\/wp\/v2\/categories?post=10669"}],"curies":[{"name":"wp","href":"https:\/\/api.w.org\/{rel}","templated":true}]}}