{"id":10665,"date":"2025-07-25T08:01:48","date_gmt":"2025-07-25T08:01:48","guid":{"rendered":"https:\/\/sinoextrud.com\/product\/oem-black-anodized-led-aluminum-heatsink-radiator\/"},"modified":"2025-07-25T08:01:48","modified_gmt":"2025-07-25T08:01:48","slug":"oem-musta-anodisoitu-led-alumiini-jaahdytyslevy-jaahdytin","status":"publish","type":"product","link":"https:\/\/sinoextrud.com\/fi\/product\/oem-black-anodized-led-aluminum-heatsink-radiator\/","title":{"rendered":"OEM musta anodisoitu LED alumiini j\u00e4\u00e4hdytin j\u00e4\u00e4hdytin j\u00e4\u00e4hdytin"},"content":{"rendered":"<h2>Tuotteiden tiedot<\/h2>\n<table class=\"custom-table\">\n<tr>\n<td class=\"label\">Luokka<\/td>\n<td>6000-sarja<\/td>\n<\/tr>\n<tr>\n<td class=\"label\">Suvaitsevaisuus<\/td>\n<td>\u00b11%<\/td>\n<\/tr>\n<tr>\n<td class=\"label\">Toimitusaika<\/td>\n<td>7 p\u00e4iv\u00e4n kuluessa<\/td>\n<\/tr>\n<tr>\n<td class=\"label\">Temper<\/td>\n<td>T3-T8<\/td>\n<\/tr>\n<tr>\n<td class=\"label\">Hakemus<\/td>\n<td>led\/elektroniikka\/cpu<\/td>\n<\/tr>\n<tr>\n<td class=\"label\">Muoto<\/td>\n<td>custom<\/td>\n<\/tr>\n<tr>\n<td class=\"label\">Metalliseos tai ei<\/td>\n<td>Onko seos<\/td>\n<\/tr>\n<tr>\n<td class=\"label\">K\u00e4sittelypalvelu<\/td>\n<td>Taivutus, purku, hitsaus, l\u00e4vistys, leikkaus<\/td>\n<\/tr>\n<tr>\n<td class=\"label\">Tuotteen nimi<\/td>\n<td>Musta anodisoitu suulakepuristettu alumiini LED-j\u00e4\u00e4hdytyselementti<\/td>\n<\/tr>\n<tr>\n<td class=\"label\">Myyntiyksik\u00f6t<\/td>\n<td>Yksitt\u00e4inen tuote<\/td>\n<\/tr>\n<tr>\n<td class=\"label\">Yhden pakkauksen koko<\/td>\n<td>30X20X20 cm<\/td>\n<\/tr>\n<tr>\n<td class=\"label\">Yksitt\u00e4inen bruttopaino<\/td>\n<td>30.000 KG<\/td>\n<\/tr>\n<\/table>\n<h2>Tuotantopohjamme<\/h2>\n<h3>Tehtaan panoraama<\/h3>\n<p><img decoding=\"async\" src=\"\/wp-content\/uploads\/factory-01.webp\"\/><\/p>\n<h3>Alumiini Bar Manufacturing Workshop<\/h3>\n<p><img decoding=\"async\" src=\"\/wp-content\/uploads\/factory-02.webp\"\/><\/p>\n<p><img decoding=\"async\" src=\"\/wp-content\/uploads\/factory-03.webp\"\/><\/p>\n<h3>Muotin varastointi Varasto<\/h3>\n<p><img decoding=\"async\" src=\"\/wp-content\/uploads\/factory-04.webp\"\/><\/p>\n<h3>43 alumiinin ekstruusiolinjat (500-5500 tonnia)<\/h3>\n<p><img decoding=\"async\" src=\"\/wp-content\/uploads\/factory-05.webp\"\/><\/p>\n<p><img decoding=\"async\" src=\"\/wp-content\/uploads\/factory-06.webp\"\/><\/p>\n<p><img decoding=\"async\" src=\"\/wp-content\/uploads\/factory-07.webp\"\/><\/p>\n<h3>Jauhemaalaus ty\u00f6paja<\/h3>\n<p><img decoding=\"async\" src=\"\/wp-content\/uploads\/factory-09.webp\"\/><\/p>\n<h3>Anodisointi ty\u00f6paja<\/h3>\n<p><img decoding=\"async\" src=\"\/wp-content\/uploads\/factory-10.webp\"\/><\/p>\n<h3>Syv\u00e4k\u00e4sittelyn ty\u00f6paja<\/h3>\n<p><img decoding=\"async\" src=\"\/wp-content\/uploads\/factory-11.webp\"\/><\/p>\n<h3>CNC-tarkkuuskoneistus ty\u00f6paja<\/h3>\n<p><img decoding=\"async\" src=\"\/wp-content\/uploads\/factory-11.5.webp\"\/><\/p>\n<h3>Valmiiden tuotteiden ja vientivarasto<\/h3>\n<p><img decoding=\"async\" src=\"\/wp-content\/uploads\/factory-12.webp\"\/><\/p>\n<p><img decoding=\"async\" src=\"\/wp-content\/uploads\/factory-13.webp\"\/><\/p>\n<p><img decoding=\"async\" src=\"\/wp-content\/uploads\/factory-14.webp\"\/><\/p>\n<h2>FAQ<\/h2>\n<p><p><b>1.Mit\u00e4 materiaalia k\u00e4ytet\u00e4\u00e4n OEM Black Anodized LED Aluminum Heatsink j\u00e4\u00e4hdytin?<\/b><\/p>\n<p>Se on valmistettu ensiluokkaisesta alumiinista, joka tarjoaa korkean l\u00e4mm\u00f6njohtavuuden ja rakenteellisen lujuuden.<br \/>\n<\/p><br \/>\n<br \/>\n<p><b>2.Miksi j\u00e4\u00e4hdytyslevy on anodisoitu mustaksi?<\/b><\/p>\n<p>Musta anodisoitu viimeistely parantaa l\u00e4mp\u00f6s\u00e4teily\u00e4, parantaa korroosionkest\u00e4vyytt\u00e4 ja lis\u00e4\u00e4 tyylik\u00e4st\u00e4 ulkon\u00e4k\u00f6\u00e4.<br \/>\n<\/p><br \/>\n<br \/>\n<p><b>3.Can LED alumiini j\u00e4\u00e4hdytyselementti j\u00e4\u00e4hdytin voidaan r\u00e4\u00e4t\u00e4l\u00f6id\u00e4?<\/b><\/p>\n<p>Kyll\u00e4, tarjoamme OEM-r\u00e4\u00e4t\u00e4l\u00f6inti\u00e4 mittojen, lamellien suunnittelun ja asennusliit\u00e4nt\u00f6jen osalta.<br \/>\n<\/p><br \/>\n<br \/>\n<p><b>4.Mitk\u00e4 ovat t\u00e4m\u00e4n LED-j\u00e4\u00e4hdytyselementin ensisijaiset sovellukset?<\/b><\/p>\n<p>Se on suunniteltu LED-valaistusj\u00e4rjestelmiin, kuten valonheittimiin, valonheittimiin ja teollisuusvalaisimiin.<br \/>\n<\/p><br \/>\n<br \/>\n<p><b>5.Onko t\u00e4m\u00e4 j\u00e4\u00e4hdytyselementti sopiva passiiviseen j\u00e4\u00e4hdytykseen?<\/b><\/p>\n<p>Kyll\u00e4, lamellirakenne ja pintak\u00e4sittely tekev\u00e4t siit\u00e4 ihanteellisen passiiviseen l\u00e4mm\u00f6npoistoon.<br \/>\n<\/p><br \/>\n<br \/>\n<p><b>6.How t\u00e4m\u00e4 tuote parantaa LEDien k\u00e4ytt\u00f6ik\u00e4\u00e4?<\/b><\/p>\n<p>Se pit\u00e4\u00e4 ledien liitosl\u00e4mp\u00f6tilat alhaisina, mik\u00e4 v\u00e4hent\u00e4\u00e4 l\u00e4mp\u00f6rasitusta ja pident\u00e4\u00e4 k\u00e4ytt\u00f6ik\u00e4\u00e4.<br \/>\n<\/p><br \/>\n<br \/>\n<p><b>7.Onko j\u00e4\u00e4hdytyselementti yhteensopiva aktiivisten j\u00e4\u00e4hdytysj\u00e4rjestelmien kanssa?<\/b><\/p>\n<p>Kyll\u00e4, se voidaan integroida tuulettimiin tai l\u00e4mp\u00f6levyihin j\u00e4\u00e4hdytystehon parantamiseksi.<br \/>\n<\/p><br \/>\n<br \/>\n<p><b>8.Vaikuttaako musta anodisoitu pinta s\u00e4hk\u00f6eristykseen?<\/b><\/p>\n<p>Kyll\u00e4, anodisointi muodostaa ei-johtavan pintakerroksen, joka parantaa s\u00e4hk\u00f6eristyst\u00e4 ja turvallisuutta.<br \/>\n<\/p><br \/><\/p>","protected":false},"featured_media":10664,"template":"","categories":[72],"class_list":["post-10665","product","type-product","status-publish","has-post-thumbnail","hentry","category-extruded-aluminum-heatsink"],"meta_box":{"hilight_text_group":{"product_hilight_text":"<li>Black anodized surface improves thermal radiation and corrosion resistance<\/li>\r\n<li>Made from high-quality aluminum for excellent heat dissipation<\/li>\r\n<li>Designed specifically for LED lighting systems and thermal control<\/li>\r\n<li>OEM customization available for size, shape, and mounting features<\/li>\r\n<li>Lightweight, durable construction for easy integration into LED housings<\/li>\r\n<li>Supports both passive and active cooling methods<\/li>\r\n<li>Enhances LED performance and extends service life<\/li>","product_chanpin_chanpin":"<ul>\r\n<li><a href=\"https:\/\/sinoextrud.com\/product\/aluminium-extrusion-6061-6082-7075-aluminum-alloy-profiles\/\" target=\"_blank\">6061 aluminum extrusion<\/a><\/li>\r\n<li><a href=\"https:\/\/sinoextrud.com\/product\/oval-aluminum-extrud-profile\/\" target=\"_blank\">oval aluminum extrusion<\/a><\/li>\r\n<li><a href=\"https:\/\/sinoextrud.com\/product\/aluminium-extrusion-anodised-aluminium-tube\/\" target=\"_blank\">anodised aluminium tube<\/a><\/li>\r\n<li><a href=\"https:\/\/sinoextrud.com\/product\/c-shaped-closed-linear-ceiling-system\/\" target=\"_blank\">linear closed ceilings<\/a><\/li>\r\n<li><a href=\"https:\/\/sinoextrud.com\/product\/the-new-perforated-ceiling-system\/\" target=\"_blank\">perforated french ceilings<\/a><\/li>\r\n<li><a href=\"https:\/\/sinoextrud.com\/product\/aluminum-extrusion-7003-7005-7020\/\" target=\"_blank\">7020 aluminum<\/a><\/li>\r\n<\/ul>","product_chanpin_blog":"<ul>\r\n<li><a href=\"https:\/\/sinoextrud.com\/t-slot-v-slot-differences\/\" target=\"_blank\">t slot vs v slot<\/a><\/li>\r\n<li><a href=\"https:\/\/sinoextrud.com\/what-is-4040-aluminium-extrud\/\" target=\"_blank\">4040 aluminium extrusion<\/a><\/li>\r\n<li><a href=\"https:\/\/sinoextrud.com\/what-is-4040-aluminium-extrud\/\" target=\"_blank\">aluminum extrusions for industrial racks<\/a><\/li>\r\n<li><a href=\"https:\/\/sinoextrud.com\/powder-coating-aluminium-process\/\" target=\"_blank\">powder coating aluminium<\/a><\/li>\r\n<li><a href=\"https:\/\/sinoextrud.com\/what-is-an-aluminium-strip-ceiling\/\" target=\"_blank\">aluminium strip ceiling<\/a><\/li>\r\n<li><a href=\"https:\/\/sinoextrud.com\/what-is-a-heat-sink\/\" target=\"_blank\">what is a heat sink<\/a><\/li>\r\n<\/ul>"},"feature_list":[]},"_links":{"self":[{"href":"https:\/\/sinoextrud.com\/fi\/wp-json\/wp\/v2\/product\/10665","targetHints":{"allow":["GET"]}}],"collection":[{"href":"https:\/\/sinoextrud.com\/fi\/wp-json\/wp\/v2\/product"}],"about":[{"href":"https:\/\/sinoextrud.com\/fi\/wp-json\/wp\/v2\/types\/product"}],"wp:featuredmedia":[{"embeddable":true,"href":"https:\/\/sinoextrud.com\/fi\/wp-json\/wp\/v2\/media\/10664"}],"wp:attachment":[{"href":"https:\/\/sinoextrud.com\/fi\/wp-json\/wp\/v2\/media?parent=10665"}],"wp:term":[{"taxonomy":"category","embeddable":true,"href":"https:\/\/sinoextrud.com\/fi\/wp-json\/wp\/v2\/categories?post=10665"}],"curies":[{"name":"wp","href":"https:\/\/api.w.org\/{rel}","templated":true}]}}