{"id":10659,"date":"2025-07-25T07:59:21","date_gmt":"2025-07-25T07:59:21","guid":{"rendered":"https:\/\/sinoextrud.com\/product\/blue-anodized-led-heatsink-for-street-light-6000-series\/"},"modified":"2025-07-25T07:59:21","modified_gmt":"2025-07-25T07:59:21","slug":"sininen-anodisoitu-led-jaahdytyslevy-katuvalo-6000-sarjaan","status":"publish","type":"product","link":"https:\/\/sinoextrud.com\/fi\/product\/blue-anodized-led-heatsink-for-street-light-6000-series\/","title":{"rendered":"Sininen anodisoitu LED-j\u00e4\u00e4hdytyslevy katuvaloille 6000-sarjaan"},"content":{"rendered":"<h2>Tuotteiden tiedot<\/h2>\n<table class=\"custom-table\">\n<tr>\n<td class=\"label\">Luokka<\/td>\n<td>6000-sarja<\/td>\n<\/tr>\n<tr>\n<td class=\"label\">Suvaitsevaisuus<\/td>\n<td>\u00b11%<\/td>\n<\/tr>\n<tr>\n<td class=\"label\">Toimitusaika<\/td>\n<td>22-30 p\u00e4iv\u00e4\u00e4<\/td>\n<\/tr>\n<tr>\n<td class=\"label\">Temper<\/td>\n<td>T3-T8<\/td>\n<\/tr>\n<tr>\n<td class=\"label\">Hakemus<\/td>\n<td>led\/elektroniikka\/cpu\/teollisuus<\/td>\n<\/tr>\n<tr>\n<td class=\"label\">Muoto<\/td>\n<td>custom<\/td>\n<\/tr>\n<tr>\n<td class=\"label\">Metalliseos tai ei<\/td>\n<td>Onko seos<\/td>\n<\/tr>\n<tr>\n<td class=\"label\">K\u00e4sittelypalvelu<\/td>\n<td>Taivutus, purku, hitsaus, l\u00e4vistys, leikkaus<\/td>\n<\/tr>\n<tr>\n<td class=\"label\">Tuotteen nimi<\/td>\n<td>Mukautettu alumiininen j\u00e4\u00e4hdytyselementti<\/td>\n<\/tr>\n<tr>\n<td class=\"label\">Myyntiyksik\u00f6t<\/td>\n<td>Yksitt\u00e4inen tuote<\/td>\n<\/tr>\n<tr>\n<td class=\"label\">Yhden pakkauksen koko<\/td>\n<td>30X20X20 cm<\/td>\n<\/tr>\n<tr>\n<td class=\"label\">Yksitt\u00e4inen bruttopaino<\/td>\n<td>3.000 KG<\/td>\n<\/tr>\n<\/table>\n<h2>Tuotantopohjamme<\/h2>\n<h3>Tehtaan panoraama<\/h3>\n<p><img decoding=\"async\" src=\"\/wp-content\/uploads\/factory-01.webp\"\/><\/p>\n<h3>Alumiini Bar Manufacturing Workshop<\/h3>\n<p><img decoding=\"async\" src=\"\/wp-content\/uploads\/factory-02.webp\"\/><\/p>\n<p><img decoding=\"async\" src=\"\/wp-content\/uploads\/factory-03.webp\"\/><\/p>\n<h3>Muotin varastointi Varasto<\/h3>\n<p><img decoding=\"async\" src=\"\/wp-content\/uploads\/factory-04.webp\"\/><\/p>\n<h3>43 alumiinin ekstruusiolinjat (500-5500 tonnia)<\/h3>\n<p><img decoding=\"async\" src=\"\/wp-content\/uploads\/factory-05.webp\"\/><\/p>\n<p><img decoding=\"async\" src=\"\/wp-content\/uploads\/factory-06.webp\"\/><\/p>\n<p><img decoding=\"async\" src=\"\/wp-content\/uploads\/factory-07.webp\"\/><\/p>\n<h3>Jauhemaalaus ty\u00f6paja<\/h3>\n<p><img decoding=\"async\" src=\"\/wp-content\/uploads\/factory-09.webp\"\/><\/p>\n<h3>Anodisointi ty\u00f6paja<\/h3>\n<p><img decoding=\"async\" src=\"\/wp-content\/uploads\/factory-10.webp\"\/><\/p>\n<h3>Syv\u00e4k\u00e4sittelyn ty\u00f6paja<\/h3>\n<p><img decoding=\"async\" src=\"\/wp-content\/uploads\/factory-11.webp\"\/><\/p>\n<h3>CNC-tarkkuuskoneistus ty\u00f6paja<\/h3>\n<p><img decoding=\"async\" src=\"\/wp-content\/uploads\/factory-11.5.webp\"\/><\/p>\n<h3>Valmiiden tuotteiden ja vientivarasto<\/h3>\n<p><img decoding=\"async\" src=\"\/wp-content\/uploads\/factory-12.webp\"\/><\/p>\n<p><img decoding=\"async\" src=\"\/wp-content\/uploads\/factory-13.webp\"\/><\/p>\n<p><img decoding=\"async\" src=\"\/wp-content\/uploads\/factory-14.webp\"\/><\/p>\n<h2>FAQ<\/h2>\n<p><p><b>1.Mik\u00e4 on sinisen anodisoidun LED-j\u00e4\u00e4hdytyslevyn materiaali katuvalaisimelle?<\/b><\/p>\n<p>J\u00e4\u00e4hdytyslevy on valmistettu korkealaatuisesta 6000-sarjan alumiinista, joka tunnetaan lujuudestaan ja l\u00e4mm\u00f6njohtavuudestaan.<br \/>\n<\/p><br \/>\n<br \/>\n<p><b>2.Miksi LED-j\u00e4\u00e4hdytyslevy on anodisoitu siniseksi?<\/b><\/p>\n<p>Sininen anodisoitu pinnoite parantaa korroosionkest\u00e4vyytt\u00e4 ja antaa tuotteelle erottuvan ulkon\u00e4\u00f6n, joka sopii ulkok\u00e4ytt\u00f6\u00f6n.<br \/>\n<\/p><br \/>\n<br \/>\n<p><b>3.Onko t\u00e4m\u00e4 j\u00e4\u00e4hdytyselementti sopiva LED-katuvalosovelluksiin?<\/b><\/p>\n<p>Kyll\u00e4, se on suunniteltu erityisesti suuritehoisiin LED-katuvaloihin, jotka vaativat tehokasta l\u00e4mm\u00f6nhallintaa.<br \/>\n<\/p><br \/>\n<br \/>\n<p><b>4.Miten j\u00e4\u00e4hdytyselementti parantaa LED-katuvalojen suorituskyky\u00e4?<\/b><\/p>\n<p>Se yll\u00e4pit\u00e4\u00e4 alhaisia k\u00e4ytt\u00f6l\u00e4mp\u00f6tiloja, mik\u00e4 pident\u00e4\u00e4 LEDien k\u00e4ytt\u00f6ik\u00e4\u00e4 ja takaa vakaan valotehon.<br \/>\n<\/p><br \/>\n<br \/>\n<p><b>5.Can LED-katuvalojen j\u00e4\u00e4hdytyselementti voidaan r\u00e4\u00e4t\u00e4l\u00f6id\u00e4?<\/b><\/p>\n<p>Kyll\u00e4, tarjoamme r\u00e4\u00e4t\u00e4l\u00f6inti\u00e4 koon, lamellien muotoilun ja kiinnityksen osalta, jotta ne sopivat erilaisiin LED-moduuleihin ja koteloihin.<br \/>\n<\/p><br \/>\n<br \/>\n<p><b>6.Onko 6000-sarjan alumiini kest\u00e4v\u00e4 ulkoymp\u00e4rist\u00f6iss\u00e4?<\/b><\/p>\n<p>Ehdottomasti 6000-sarjan alumiini yhdistettyn\u00e4 anodisointiin takaa kest\u00e4vyyden ja korroosionkest\u00e4vyyden ankarissa olosuhteissa.<br \/>\n<\/p><br \/>\n<br \/>\n<p><b>7.Tukeeko j\u00e4\u00e4hdytyselementti passiivista j\u00e4\u00e4hdytyst\u00e4?<\/b><\/p>\n<p>Kyll\u00e4, lamellirakenne on optimoitu passiivista j\u00e4\u00e4hdytyst\u00e4 varten, joten se on huoltovapaa ja energiatehokas.<br \/>\n<\/p><br \/>\n<br \/>\n<p><b>8.Mitk\u00e4 ovat t\u00e4m\u00e4n j\u00e4\u00e4hdytyselementin t\u00e4rkeimm\u00e4t sovellukset?<\/b><\/p>\n<p>Se sopii erinomaisesti LED-katuvalaistukseen, maanteiden valaistukseen ja ulkotilojen valaistusj\u00e4rjestelmiin.<br \/>\n<\/p><br \/><\/p>","protected":false},"featured_media":10658,"template":"","categories":[72],"class_list":["post-10659","product","type-product","status-publish","has-post-thumbnail","hentry","category-extruded-aluminum-heatsink"],"meta_box":{"hilight_text_group":{"product_hilight_text":"<li>Made from 6000 series aluminum for excellent thermal conductivity and durability<\/li>\r\n<li>Blue anodized finish provides corrosion resistance and enhanced aesthetic appeal<\/li>\r\n<li>Optimized design for LED street light applications with high heat dissipation needs<\/li>\r\n<li>Lightweight and robust structure for outdoor environments<\/li>\r\n<li>Supports passive cooling with extended fin design for maximum airflow<\/li>\r\n<li>Customizable dimensions and mounting options for various street light models<\/li>\r\n<li>Ideal for long-term, maintenance-free LED lighting systems<\/li>","product_chanpin_chanpin":"<ul>\r\n<li><a href=\"https:\/\/sinoextrud.com\/product\/aluminium-extrusion-6061-6082-7075-aluminum-alloy-profiles\/\" target=\"_blank\">6061 aluminum extrusion<\/a><\/li>\r\n<li><a href=\"https:\/\/sinoextrud.com\/product\/oval-aluminum-extrud-profile\/\" target=\"_blank\">oval aluminum extrusion<\/a><\/li>\r\n<li><a href=\"https:\/\/sinoextrud.com\/product\/aluminium-extrusion-anodised-aluminium-tube\/\" target=\"_blank\">anodised aluminium tube<\/a><\/li>\r\n<li><a href=\"https:\/\/sinoextrud.com\/product\/c-shaped-closed-linear-ceiling-system\/\" target=\"_blank\">linear closed ceilings<\/a><\/li>\r\n<li><a href=\"https:\/\/sinoextrud.com\/product\/the-new-perforated-ceiling-system\/\" target=\"_blank\">perforated french ceilings<\/a><\/li>\r\n<li><a href=\"https:\/\/sinoextrud.com\/product\/aluminum-extrusion-7003-7005-7020\/\" target=\"_blank\">7020 aluminum<\/a><\/li>\r\n<\/ul>","product_chanpin_blog":"<ul>\r\n<li><a href=\"https:\/\/sinoextrud.com\/t-slot-v-slot-differences\/\" target=\"_blank\">t slot vs v slot<\/a><\/li>\r\n<li><a href=\"https:\/\/sinoextrud.com\/what-is-4040-aluminium-extrud\/\" target=\"_blank\">4040 aluminium extrusion<\/a><\/li>\r\n<li><a href=\"https:\/\/sinoextrud.com\/what-is-4040-aluminium-extrud\/\" target=\"_blank\">aluminum extrusions for industrial racks<\/a><\/li>\r\n<li><a href=\"https:\/\/sinoextrud.com\/powder-coating-aluminium-process\/\" target=\"_blank\">powder coating aluminium<\/a><\/li>\r\n<li><a href=\"https:\/\/sinoextrud.com\/what-is-an-aluminium-strip-ceiling\/\" target=\"_blank\">aluminium strip ceiling<\/a><\/li>\r\n<li><a href=\"https:\/\/sinoextrud.com\/what-is-a-heat-sink\/\" target=\"_blank\">what is a heat sink<\/a><\/li>\r\n<\/ul>"},"feature_list":[]},"_links":{"self":[{"href":"https:\/\/sinoextrud.com\/fi\/wp-json\/wp\/v2\/product\/10659","targetHints":{"allow":["GET"]}}],"collection":[{"href":"https:\/\/sinoextrud.com\/fi\/wp-json\/wp\/v2\/product"}],"about":[{"href":"https:\/\/sinoextrud.com\/fi\/wp-json\/wp\/v2\/types\/product"}],"wp:featuredmedia":[{"embeddable":true,"href":"https:\/\/sinoextrud.com\/fi\/wp-json\/wp\/v2\/media\/10658"}],"wp:attachment":[{"href":"https:\/\/sinoextrud.com\/fi\/wp-json\/wp\/v2\/media?parent=10659"}],"wp:term":[{"taxonomy":"category","embeddable":true,"href":"https:\/\/sinoextrud.com\/fi\/wp-json\/wp\/v2\/categories?post=10659"}],"curies":[{"name":"wp","href":"https:\/\/api.w.org\/{rel}","templated":true}]}}