{"id":10654,"date":"2025-07-25T07:55:41","date_gmt":"2025-07-25T07:55:41","guid":{"rendered":"https:\/\/sinoextrud.com\/product\/large-custom-extruded-industrial-aluminum-heatsink\/"},"modified":"2025-07-25T07:55:41","modified_gmt":"2025-07-25T07:55:41","slug":"suuri-mukautettu-suulakepuristettu-teollinen-alumiininen-jaahdytyselementti","status":"publish","type":"product","link":"https:\/\/sinoextrud.com\/fi\/product\/large-custom-extruded-industrial-aluminum-heatsink\/","title":{"rendered":"Suuri mukautettu suulakepuristettu teollinen alumiininen j\u00e4\u00e4hdytyslevy"},"content":{"rendered":"<h2>Tuotteiden tiedot<\/h2>\n<table class=\"custom-table\">\n<tr>\n<td class=\"label\">Luokka<\/td>\n<td>6000-sarja<\/td>\n<\/tr>\n<tr>\n<td class=\"label\">Suvaitsevaisuus<\/td>\n<td>\u00b11%<\/td>\n<\/tr>\n<tr>\n<td class=\"label\">Toimitusaika<\/td>\n<td>22-30 p\u00e4iv\u00e4\u00e4<\/td>\n<\/tr>\n<tr>\n<td class=\"label\">Temper<\/td>\n<td>T3-T8<\/td>\n<\/tr>\n<tr>\n<td class=\"label\">Hakemus<\/td>\n<td>led\/elektroniikka\/cpu\/teollisuus<\/td>\n<\/tr>\n<tr>\n<td class=\"label\">Muoto<\/td>\n<td>custom<\/td>\n<\/tr>\n<tr>\n<td class=\"label\">Metalliseos tai ei<\/td>\n<td>Onko seos<\/td>\n<\/tr>\n<tr>\n<td class=\"label\">K\u00e4sittelypalvelu<\/td>\n<td>Taivutus, purku, hitsaus, l\u00e4vistys, leikkaus<\/td>\n<\/tr>\n<tr>\n<td class=\"label\">Tuotteen nimi<\/td>\n<td>Mukautettu alumiininen j\u00e4\u00e4hdytyselementti<\/td>\n<\/tr>\n<tr>\n<td class=\"label\">Myyntiyksik\u00f6t<\/td>\n<td>Yksitt\u00e4inen tuote<\/td>\n<\/tr>\n<tr>\n<td class=\"label\">Yhden pakkauksen koko<\/td>\n<td>30X20X20 cm<\/td>\n<\/tr>\n<tr>\n<td class=\"label\">Yksitt\u00e4inen bruttopaino<\/td>\n<td>3.000 KG<\/td>\n<\/tr>\n<\/table>\n<h2>Tuotantopohjamme<\/h2>\n<h3>Tehtaan panoraama<\/h3>\n<p><img decoding=\"async\" src=\"\/wp-content\/uploads\/factory-01.webp\"\/><\/p>\n<h3>Alumiini Bar Manufacturing Workshop<\/h3>\n<p><img decoding=\"async\" src=\"\/wp-content\/uploads\/factory-02.webp\"\/><\/p>\n<p><img decoding=\"async\" src=\"\/wp-content\/uploads\/factory-03.webp\"\/><\/p>\n<h3>Muotin varastointi Varasto<\/h3>\n<p><img decoding=\"async\" src=\"\/wp-content\/uploads\/factory-04.webp\"\/><\/p>\n<h3>43 alumiinin ekstruusiolinjat (500-5500 tonnia)<\/h3>\n<p><img decoding=\"async\" src=\"\/wp-content\/uploads\/factory-05.webp\"\/><\/p>\n<p><img decoding=\"async\" src=\"\/wp-content\/uploads\/factory-06.webp\"\/><\/p>\n<p><img decoding=\"async\" src=\"\/wp-content\/uploads\/factory-07.webp\"\/><\/p>\n<h3>Jauhemaalaus ty\u00f6paja<\/h3>\n<p><img decoding=\"async\" src=\"\/wp-content\/uploads\/factory-09.webp\"\/><\/p>\n<h3>Anodisointi ty\u00f6paja<\/h3>\n<p><img decoding=\"async\" src=\"\/wp-content\/uploads\/factory-10.webp\"\/><\/p>\n<h3>Syv\u00e4k\u00e4sittelyn ty\u00f6paja<\/h3>\n<p><img decoding=\"async\" src=\"\/wp-content\/uploads\/factory-11.webp\"\/><\/p>\n<h3>CNC-tarkkuuskoneistus ty\u00f6paja<\/h3>\n<p><img decoding=\"async\" src=\"\/wp-content\/uploads\/factory-11.5.webp\"\/><\/p>\n<h3>Valmiiden tuotteiden ja vientivarasto<\/h3>\n<p><img decoding=\"async\" src=\"\/wp-content\/uploads\/factory-12.webp\"\/><\/p>\n<p><img decoding=\"async\" src=\"\/wp-content\/uploads\/factory-13.webp\"\/><\/p>\n<p><img decoding=\"async\" src=\"\/wp-content\/uploads\/factory-14.webp\"\/><\/p>\n<h2>FAQ<\/h2>\n<p><p><b>1.What on suuri mukautettu suulakepuristettu teollinen alumiini j\u00e4\u00e4hdytyslevy k\u00e4ytet\u00e4\u00e4n?<\/b><\/p>\n<p>Sit\u00e4 k\u00e4ytet\u00e4\u00e4n tehokkaaseen j\u00e4\u00e4hdytykseen teollisissa sovelluksissa, kuten tehoelektroniikassa, automaatioj\u00e4rjestelmiss\u00e4 ja energialaitteissa.<br \/>\n<\/p><br \/>\n<br \/>\n<p><b>2.Can suulakepuristettu alumiini j\u00e4\u00e4hdytyslevy on r\u00e4\u00e4t\u00e4l\u00f6ity?<\/b><\/p>\n<p>Kyll\u00e4, tarjoamme t\u00e4ydellisen r\u00e4\u00e4t\u00e4l\u00f6innin koon, lamellien tiheyden, kiinnitysreikien ja pintak\u00e4sittelyn osalta tarkkojen vaatimusten mukaan.<br \/>\n<\/p><br \/>\n<br \/>\n<p><b>3.Mitk\u00e4 ovat suulakepuristetun alumiinin edut j\u00e4\u00e4hdytyslevyiss\u00e4?<\/b><\/p>\n<p>Suulakepuristettu alumiini tarjoaa erinomaisen l\u00e4mm\u00f6njohtavuuden, kevyen rakenteen ja skaalautuvan tuotannon kustannustehokasta j\u00e4\u00e4hdytyst\u00e4 varten.<br \/>\n<\/p><br \/>\n<br \/>\n<p><b>4.Onko t\u00e4m\u00e4 j\u00e4\u00e4hdytyselementti sopiva passiiviseen j\u00e4\u00e4hdytykseen?<\/b><\/p>\n<p>Suuri pinta-ala ja optimoidut lamellit tekev\u00e4t siit\u00e4 ihanteellisen passiiviseen j\u00e4\u00e4hdytykseen tai sen voi yhdist\u00e4\u00e4 tuulettimien kanssa aktiivisiin j\u00e4rjestelmiin.<br \/>\n<\/p><br \/>\n<br \/>\n<p><b>5.Mill\u00e4 teollisuudenaloilla k\u00e4ytet\u00e4\u00e4n tyypillisesti t\u00e4m\u00e4ntyyppist\u00e4 j\u00e4\u00e4hdytyselementti\u00e4?<\/b><\/p>\n<p>Teollisuusaloilla, kuten teollisuusautomaatiossa, s\u00e4hk\u00f6voimassa, uusiutuvassa energiassa ja televiestinn\u00e4ss\u00e4, k\u00e4ytet\u00e4\u00e4n yleisesti n\u00e4it\u00e4 suuria alumiinisia j\u00e4\u00e4hdytyslevyj\u00e4.<br \/>\n<\/p><br \/>\n<br \/>\n<p><b>6.Miten j\u00e4\u00e4hdytyselementti parantaa laitteiden suorituskyky\u00e4?<\/b><\/p>\n<p>Se johtaa tehokkaasti l\u00e4mp\u00f6\u00e4 pois, est\u00e4\u00e4 l\u00e4mp\u00f6kertymi\u00e4 ja parantaa kriittisten komponenttien suorituskyky\u00e4 ja k\u00e4ytt\u00f6ik\u00e4\u00e4.<br \/>\n<\/p><br \/>\n<br \/>\n<p><b>7.Onko alumiininen j\u00e4\u00e4hdytyselementti korroosionkest\u00e4v\u00e4?<\/b><\/p>\n<p>Kyll\u00e4, siin\u00e4 on suojaava viimeistely, kuten anodisointi tai jauhemaalaus, joka takaa kest\u00e4vyyden teollisuusymp\u00e4rist\u00f6iss\u00e4.<br \/>\n<\/p><br \/>\n<br \/>\n<p><b>8.Does j\u00e4\u00e4hdytyselementti tukee OEM- ja ODM-projekteja?<\/b><\/p>\n<p>Ehdottomasti tuemme sek\u00e4 OEM- ett\u00e4 ODM-ratkaisuja, jotka on r\u00e4\u00e4t\u00e4l\u00f6ity teknisten ja sovellustarpeidesi mukaan.<br \/>\n<\/p><br \/><\/p>","protected":false},"featured_media":10653,"template":"","categories":[72],"class_list":["post-10654","product","type-product","status-publish","has-post-thumbnail","hentry","category-extruded-aluminum-heatsink"],"meta_box":{"hilight_text_group":{"product_hilight_text":"<li>Large extruded profile designed for high-performance industrial cooling<\/li>\r\n<li>Made from high thermal conductivity aluminum for efficient heat dissipation<\/li>\r\n<li>Fully customizable dimensions, fin structure, and mounting options<\/li>\r\n<li>Ideal for power electronics, automation systems, and renewable energy devices<\/li>\r\n<li>Supports both passive and forced-air cooling configurations<\/li>\r\n<li>Durable and corrosion-resistant finish for long-term industrial use<\/li>\r\n<li>OEM\/ODM services available for tailored thermal solutions<\/li>","product_chanpin_chanpin":"<ul>\r\n<li><a href=\"https:\/\/sinoextrud.com\/product\/aluminium-extrusion-6061-6082-7075-aluminum-alloy-profiles\/\" target=\"_blank\">6061 aluminum extrusion<\/a><\/li>\r\n<li><a href=\"https:\/\/sinoextrud.com\/product\/oval-aluminum-extrud-profile\/\" target=\"_blank\">oval aluminum extrusion<\/a><\/li>\r\n<li><a href=\"https:\/\/sinoextrud.com\/product\/aluminium-extrusion-anodised-aluminium-tube\/\" target=\"_blank\">anodised aluminium tube<\/a><\/li>\r\n<li><a href=\"https:\/\/sinoextrud.com\/product\/c-shaped-closed-linear-ceiling-system\/\" target=\"_blank\">linear closed ceilings<\/a><\/li>\r\n<li><a href=\"https:\/\/sinoextrud.com\/product\/the-new-perforated-ceiling-system\/\" target=\"_blank\">perforated french ceilings<\/a><\/li>\r\n<li><a href=\"https:\/\/sinoextrud.com\/product\/aluminum-extrusion-7003-7005-7020\/\" target=\"_blank\">7020 aluminum<\/a><\/li>\r\n<\/ul>","product_chanpin_blog":"<ul>\r\n<li><a href=\"https:\/\/sinoextrud.com\/t-slot-v-slot-differences\/\" target=\"_blank\">t slot vs v slot<\/a><\/li>\r\n<li><a href=\"https:\/\/sinoextrud.com\/what-is-4040-aluminium-extrud\/\" target=\"_blank\">4040 aluminium extrusion<\/a><\/li>\r\n<li><a href=\"https:\/\/sinoextrud.com\/what-is-4040-aluminium-extrud\/\" target=\"_blank\">aluminum extrusions for industrial racks<\/a><\/li>\r\n<li><a href=\"https:\/\/sinoextrud.com\/powder-coating-aluminium-process\/\" target=\"_blank\">powder coating aluminium<\/a><\/li>\r\n<li><a href=\"https:\/\/sinoextrud.com\/what-is-an-aluminium-strip-ceiling\/\" target=\"_blank\">aluminium strip ceiling<\/a><\/li>\r\n<li><a href=\"https:\/\/sinoextrud.com\/what-is-a-heat-sink\/\" target=\"_blank\">what is a heat sink<\/a><\/li>\r\n<\/ul>"},"feature_list":[]},"_links":{"self":[{"href":"https:\/\/sinoextrud.com\/fi\/wp-json\/wp\/v2\/product\/10654","targetHints":{"allow":["GET"]}}],"collection":[{"href":"https:\/\/sinoextrud.com\/fi\/wp-json\/wp\/v2\/product"}],"about":[{"href":"https:\/\/sinoextrud.com\/fi\/wp-json\/wp\/v2\/types\/product"}],"wp:featuredmedia":[{"embeddable":true,"href":"https:\/\/sinoextrud.com\/fi\/wp-json\/wp\/v2\/media\/10653"}],"wp:attachment":[{"href":"https:\/\/sinoextrud.com\/fi\/wp-json\/wp\/v2\/media?parent=10654"}],"wp:term":[{"taxonomy":"category","embeddable":true,"href":"https:\/\/sinoextrud.com\/fi\/wp-json\/wp\/v2\/categories?post=10654"}],"curies":[{"name":"wp","href":"https:\/\/api.w.org\/{rel}","templated":true}]}}