{"id":10652,"date":"2025-07-25T07:53:48","date_gmt":"2025-07-25T07:53:48","guid":{"rendered":"https:\/\/sinoextrud.com\/product\/aluminum-heat-sink-with-heat-pipe-for-high-power-cooling\/"},"modified":"2025-07-25T07:53:48","modified_gmt":"2025-07-25T07:53:48","slug":"alumiininen-jaahdytyselementti-lampoputkella-korkean-tehon-jaahdytykseen","status":"publish","type":"product","link":"https:\/\/sinoextrud.com\/fi\/product\/aluminum-heat-sink-with-heat-pipe-for-high-power-cooling\/","title":{"rendered":"Alumiininen j\u00e4\u00e4hdytyselementti, jossa on l\u00e4mp\u00f6putki korkean tehon j\u00e4\u00e4hdytykseen"},"content":{"rendered":"<h2>Tuotteiden tiedot<\/h2>\n<table class=\"custom-table\">\n<tr>\n<td class=\"label\">Pintak\u00e4sittely<\/td>\n<td>Vaatimusten mukaan<\/td>\n<\/tr>\n<tr>\n<td class=\"label\">Muoto<\/td>\n<td>Custom<\/td>\n<\/tr>\n<tr>\n<td class=\"label\">Rungon materiaali<\/td>\n<td>Alumiiniseos + Cooper<\/td>\n<\/tr>\n<tr>\n<td class=\"label\">Tyyppi<\/td>\n<td>L\u00e4mm\u00f6neristeet<\/td>\n<\/tr>\n<tr>\n<td class=\"label\">Valaistusratkaisujen palvelu<\/td>\n<td>automaattinen CAD-asettelu<\/td>\n<\/tr>\n<tr>\n<td class=\"label\">Takuu (vuosi)<\/td>\n<td>5<\/td>\n<\/tr>\n<tr>\n<td class=\"label\">Prosessi<\/td>\n<td>Puristaminen + CNC + leimaaminen<\/td>\n<\/tr>\n<tr>\n<td class=\"label\">IP-luokitus<\/td>\n<td>ip55<\/td>\n<\/tr>\n<tr>\n<td class=\"label\">Rungon v\u00e4ri<\/td>\n<td>Hopea<\/td>\n<\/tr>\n<tr>\n<td class=\"label\">Vakiomuotit M\u00e4\u00e4r\u00e4<\/td>\n<td>30,000+sets<\/td>\n<\/tr>\n<tr>\n<td class=\"label\">Myyntiyksik\u00f6t<\/td>\n<td>Yksitt\u00e4inen tuote<\/td>\n<\/tr>\n<\/table>\n<h2>Tuotantopohjamme<\/h2>\n<h3>Tehtaan panoraama<\/h3>\n<p><img decoding=\"async\" src=\"\/wp-content\/uploads\/factory-01.webp\"\/><\/p>\n<h3>Alumiini Bar Manufacturing Workshop<\/h3>\n<p><img decoding=\"async\" src=\"\/wp-content\/uploads\/factory-02.webp\"\/><\/p>\n<p><img decoding=\"async\" src=\"\/wp-content\/uploads\/factory-03.webp\"\/><\/p>\n<h3>Muotin varastointi Varasto<\/h3>\n<p><img decoding=\"async\" src=\"\/wp-content\/uploads\/factory-04.webp\"\/><\/p>\n<h3>43 alumiinin ekstruusiolinjat (500-5500 tonnia)<\/h3>\n<p><img decoding=\"async\" src=\"\/wp-content\/uploads\/factory-05.webp\"\/><\/p>\n<p><img decoding=\"async\" src=\"\/wp-content\/uploads\/factory-06.webp\"\/><\/p>\n<p><img decoding=\"async\" src=\"\/wp-content\/uploads\/factory-07.webp\"\/><\/p>\n<h3>Jauhemaalaus ty\u00f6paja<\/h3>\n<p><img decoding=\"async\" src=\"\/wp-content\/uploads\/factory-09.webp\"\/><\/p>\n<h3>Anodisointi ty\u00f6paja<\/h3>\n<p><img decoding=\"async\" src=\"\/wp-content\/uploads\/factory-10.webp\"\/><\/p>\n<h3>Syv\u00e4k\u00e4sittelyn ty\u00f6paja<\/h3>\n<p><img decoding=\"async\" src=\"\/wp-content\/uploads\/factory-11.webp\"\/><\/p>\n<h3>CNC-tarkkuuskoneistus ty\u00f6paja<\/h3>\n<p><img decoding=\"async\" src=\"\/wp-content\/uploads\/factory-11.5.webp\"\/><\/p>\n<h3>Valmiiden tuotteiden ja vientivarasto<\/h3>\n<p><img decoding=\"async\" src=\"\/wp-content\/uploads\/factory-12.webp\"\/><\/p>\n<p><img decoding=\"async\" src=\"\/wp-content\/uploads\/factory-13.webp\"\/><\/p>\n<p><img decoding=\"async\" src=\"\/wp-content\/uploads\/factory-14.webp\"\/><\/p>\n<h2>FAQ<\/h2>\n<p><p><b>1.Mihin k\u00e4ytet\u00e4\u00e4n alumiinista j\u00e4\u00e4hdytyselementti\u00e4, jossa on l\u00e4mp\u00f6putki?<\/b><\/p>\n<p>Sit\u00e4 k\u00e4ytet\u00e4\u00e4n korkean tehon j\u00e4\u00e4hdytykseen sovelluksissa, kuten suorittimissa, IGBT:ss\u00e4, tehomoduuleissa ja muussa korkean l\u00e4mp\u00f6tilan elektroniikassa.<br \/>\n<\/p><br \/>\n<br \/>\n<p><b>2.Miten l\u00e4mp\u00f6putket parantavat j\u00e4\u00e4hdytyselementin suorituskyky\u00e4?<\/b><\/p>\n<p>L\u00e4mp\u00f6putket siirt\u00e4v\u00e4t l\u00e4mm\u00f6n nopeasti l\u00e4mm\u00f6nl\u00e4hteest\u00e4 alumiinipinnoille, mik\u00e4 parantaa yleist\u00e4 l\u00e4mp\u00f6tehokkuutta.<br \/>\n<\/p><br \/>\n<br \/>\n<p><b>3.Onko t\u00e4m\u00e4 j\u00e4\u00e4hdytyselementti sopiva passiiviseen vai aktiiviseen j\u00e4\u00e4hdytykseen?<\/b><\/p>\n<p>Kyll\u00e4, se tukee sek\u00e4 passiivista ett\u00e4 aktiivista j\u00e4\u00e4hdytyst\u00e4 j\u00e4rjestelm\u00e4n vaatimusten mukaan.<br \/>\n<\/p><br \/>\n<br \/>\n<p><b>4.Can alumiini j\u00e4\u00e4hdytyselementti voidaan r\u00e4\u00e4t\u00e4l\u00f6id\u00e4 eri laitteille?<\/b><\/p>\n<p>Kyll\u00e4, tarjoamme OEM-kustomointia koon, lamellien asettelun ja l\u00e4mp\u00f6putkikokoonpanon osalta vastaamaan erityistarpeitasi.<br \/>\n<\/p><br \/>\n<br \/>\n<p><b>5.Mitk\u00e4 teollisuudenalat hy\u00f6tyv\u00e4t t\u00e4m\u00e4ntyyppisest\u00e4 j\u00e4\u00e4hdytyselementist\u00e4?<\/b><\/p>\n<p>T\u00e4t\u00e4 j\u00e4\u00e4hdytyselementti\u00e4 k\u00e4ytet\u00e4\u00e4n yleisesti esimerkiksi televiestinn\u00e4n, teollisuusautomaation, tehoelektroniikan ja uusiutuvan energian aloilla.<br \/>\n<\/p><br \/>\n<br \/>\n<p><b>6.Onko j\u00e4\u00e4hdytyselementti kevyt j\u00e4rjestelm\u00e4integraatiota varten?<\/b><\/p>\n<p>Kyll\u00e4, alumiinirakenne tekee siit\u00e4 kevyen s\u00e4ilytt\u00e4en samalla erinomaisen l\u00e4mp\u00f6tehokkuuden.<br \/>\n<\/p><br \/>\n<br \/>\n<p><b>7.Mitk\u00e4 ovat l\u00e4mp\u00f6putkien ja alumiinin yhdist\u00e4misen edut?<\/b><\/p>\n<p>Yhdistelm\u00e4 mahdollistaa nopean l\u00e4mm\u00f6nsiirron ja laajan pinta-alan h\u00e4vi\u00e4misen, mik\u00e4 parantaa suuritehoisten komponenttien j\u00e4\u00e4hdytyst\u00e4.<br \/>\n<\/p><br \/>\n<br \/>\n<p><b>8.Voiko t\u00e4m\u00e4 j\u00e4\u00e4hdytyselementti k\u00e4sitell\u00e4 jatkuvaa suurta l\u00e4mp\u00f6kuormaa?<\/b><\/p>\n<p>Kyll\u00e4, se on suunniteltu vakaaseen ja tehokkaaseen toimintaan jatkuvissa korkean tehon l\u00e4mm\u00f6npoisto-olosuhteissa.<br \/>\n<\/p><br \/><\/p>","protected":false},"featured_media":10651,"template":"","categories":[72],"class_list":["post-10652","product","type-product","status-publish","has-post-thumbnail","hentry","category-extruded-aluminum-heatsink"],"meta_box":{"hilight_text_group":{"product_hilight_text":"<li>Combines aluminum fins and heat pipe technology for superior thermal conductivity<\/li>\r\n<li>Designed for high power cooling applications such as CPUs, IGBTs, and power modules<\/li>\r\n<li>Lightweight aluminum construction with excellent heat spreading capability<\/li>\r\n<li>Heat pipes accelerate thermal transfer from heat source to fins<\/li>\r\n<li>Customizable design to fit various power electronics and cooling systems<\/li>\r\n<li>Supports passive or active cooling configurations<\/li>\r\n<li>Ideal for industrial automation, telecom, and renewable energy systems<\/li>","product_chanpin_chanpin":"<ul>\r\n<li><a href=\"https:\/\/sinoextrud.com\/product\/aluminium-extrusion-6061-6082-7075-aluminum-alloy-profiles\/\" target=\"_blank\">6061 aluminum extrusion<\/a><\/li>\r\n<li><a href=\"https:\/\/sinoextrud.com\/product\/oval-aluminum-extrud-profile\/\" target=\"_blank\">oval aluminum extrusion<\/a><\/li>\r\n<li><a href=\"https:\/\/sinoextrud.com\/product\/aluminium-extrusion-anodised-aluminium-tube\/\" target=\"_blank\">anodised aluminium tube<\/a><\/li>\r\n<li><a href=\"https:\/\/sinoextrud.com\/product\/c-shaped-closed-linear-ceiling-system\/\" target=\"_blank\">linear closed ceilings<\/a><\/li>\r\n<li><a href=\"https:\/\/sinoextrud.com\/product\/the-new-perforated-ceiling-system\/\" target=\"_blank\">perforated french ceilings<\/a><\/li>\r\n<li><a href=\"https:\/\/sinoextrud.com\/product\/aluminum-extrusion-7003-7005-7020\/\" target=\"_blank\">7020 aluminum<\/a><\/li>\r\n<\/ul>","product_chanpin_blog":"<ul>\r\n<li><a href=\"https:\/\/sinoextrud.com\/t-slot-v-slot-differences\/\" target=\"_blank\">t slot vs v slot<\/a><\/li>\r\n<li><a href=\"https:\/\/sinoextrud.com\/what-is-4040-aluminium-extrud\/\" target=\"_blank\">4040 aluminium extrusion<\/a><\/li>\r\n<li><a href=\"https:\/\/sinoextrud.com\/what-is-4040-aluminium-extrud\/\" target=\"_blank\">aluminum extrusions for industrial racks<\/a><\/li>\r\n<li><a href=\"https:\/\/sinoextrud.com\/powder-coating-aluminium-process\/\" target=\"_blank\">powder coating aluminium<\/a><\/li>\r\n<li><a href=\"https:\/\/sinoextrud.com\/what-is-an-aluminium-strip-ceiling\/\" target=\"_blank\">aluminium strip ceiling<\/a><\/li>\r\n<li><a href=\"https:\/\/sinoextrud.com\/what-is-a-heat-sink\/\" target=\"_blank\">what is a heat sink<\/a><\/li>\r\n<\/ul>"},"feature_list":[]},"_links":{"self":[{"href":"https:\/\/sinoextrud.com\/fi\/wp-json\/wp\/v2\/product\/10652","targetHints":{"allow":["GET"]}}],"collection":[{"href":"https:\/\/sinoextrud.com\/fi\/wp-json\/wp\/v2\/product"}],"about":[{"href":"https:\/\/sinoextrud.com\/fi\/wp-json\/wp\/v2\/types\/product"}],"wp:featuredmedia":[{"embeddable":true,"href":"https:\/\/sinoextrud.com\/fi\/wp-json\/wp\/v2\/media\/10651"}],"wp:attachment":[{"href":"https:\/\/sinoextrud.com\/fi\/wp-json\/wp\/v2\/media?parent=10652"}],"wp:term":[{"taxonomy":"category","embeddable":true,"href":"https:\/\/sinoextrud.com\/fi\/wp-json\/wp\/v2\/categories?post=10652"}],"curies":[{"name":"wp","href":"https:\/\/api.w.org\/{rel}","templated":true}]}}