{"id":10650,"date":"2025-07-25T07:50:00","date_gmt":"2025-07-25T07:50:00","guid":{"rendered":"https:\/\/sinoextrud.com\/product\/copper-tube-water-cooling-aluminum-cold-plate\/"},"modified":"2025-07-25T07:51:50","modified_gmt":"2025-07-25T07:51:50","slug":"kupariputki-veden-jaahdytys-alumiini-kylma-levy","status":"publish","type":"product","link":"https:\/\/sinoextrud.com\/fi\/product\/copper-tube-water-cooling-aluminum-cold-plate\/","title":{"rendered":"Kupariputki veden j\u00e4\u00e4hdytys alumiini kylm\u00e4 levy"},"content":{"rendered":"<h2>Tuotteiden tiedot<\/h2>\n<table class=\"custom-table\">\n<tr>\n<td class=\"label\">koneiden testausraportti<\/td>\n<td>Toimitettu<\/td>\n<\/tr>\n<tr>\n<td class=\"label\">video l\u00e4htev\u00e4-tarkastus<\/td>\n<td>Toimitettu<\/td>\n<\/tr>\n<tr>\n<td class=\"label\">takuu<\/td>\n<td>5 vuotta<\/td>\n<\/tr>\n<tr>\n<td class=\"label\">hakemus<\/td>\n<td>J\u00e4\u00e4hdytysosat<\/td>\n<\/tr>\n<tr>\n<td class=\"label\">tyyppi<\/td>\n<td>Vesij\u00e4\u00e4hdytys j\u00e4\u00e4hdytyselementti<\/td>\n<\/tr>\n<tr>\n<td class=\"label\">paino (kg)<\/td>\n<td>1.3<\/td>\n<\/tr>\n<tr>\n<td class=\"label\">Pitch<\/td>\n<td>3.8mm<\/td>\n<\/tr>\n<tr>\n<td class=\"label\">Ev\u00e4t M\u00e4\u00e4r\u00e4<\/td>\n<td>32<\/td>\n<\/tr>\n<tr>\n<td class=\"label\">Paino<\/td>\n<td>6,05 kg\/m<\/td>\n<\/tr>\n<tr>\n<td class=\"label\">Pintak\u00e4sittely<\/td>\n<td>(musta) anodisointi<\/td>\n<\/tr>\n<tr>\n<td class=\"label\">Vakiomuotit M\u00e4\u00e4r\u00e4<\/td>\n<td>30,000+sets<\/td>\n<\/tr>\n<tr>\n<td class=\"label\">Myyntiyksik\u00f6t<\/td>\n<td>Yksitt\u00e4inen tuote<\/td>\n<\/tr>\n<tr>\n<td class=\"label\">Yhden pakkauksen koko<\/td>\n<td>30X15X5 cm<\/td>\n<\/tr>\n<tr>\n<td class=\"label\">Yksitt\u00e4inen bruttopaino<\/td>\n<td>2.000 KG<\/td>\n<\/tr>\n<\/table>\n<h2>Tuotantopohjamme<\/h2>\n<h3>Tehtaan panoraama<\/h3>\n<p><img decoding=\"async\" src=\"\/wp-content\/uploads\/factory-01.webp\"\/><\/p>\n<h3>Alumiini Bar Manufacturing Workshop<\/h3>\n<p><img decoding=\"async\" src=\"\/wp-content\/uploads\/factory-02.webp\"\/><\/p>\n<\/p>\n<p><img decoding=\"async\" src=\"\/wp-content\/uploads\/factory-03.webp\"\/><\/p>\n<h3>Muotin varastointi Varasto<\/h3>\n<p><img decoding=\"async\" src=\"\/wp-content\/uploads\/factory-04.webp\"\/><\/p>\n<h3>43 alumiinin ekstruusiolinjat (500-5500 tonnia)<\/h3>\n<p><img decoding=\"async\" src=\"\/wp-content\/uploads\/factory-05.webp\"\/><\/p>\n<p><img decoding=\"async\" src=\"\/wp-content\/uploads\/factory-06.webp\"\/><\/p>\n<p><img decoding=\"async\" src=\"\/wp-content\/uploads\/factory-07.webp\"\/><\/p>\n<h3>Jauhemaalaus ty\u00f6paja<\/h3>\n<p><img decoding=\"async\" src=\"\/wp-content\/uploads\/factory-09.webp\"\/><\/p>\n<h3>Anodisointi ty\u00f6paja<\/h3>\n<p><img decoding=\"async\" src=\"\/wp-content\/uploads\/factory-10.webp\"\/><\/p>\n<h3>Syv\u00e4k\u00e4sittelyn ty\u00f6paja<\/h3>\n<p><img decoding=\"async\" src=\"\/wp-content\/uploads\/factory-11.webp\"\/><\/p>\n<h3>CNC-tarkkuuskoneistus ty\u00f6paja<\/h3>\n<p><img decoding=\"async\" src=\"\/wp-content\/uploads\/factory-11.5.webp\"\/><\/p>\n<h3>Valmiiden tuotteiden ja vientivarasto<\/h3>\n<p><img decoding=\"async\" src=\"\/wp-content\/uploads\/factory-12.webp\"\/><\/p>\n<p><img decoding=\"async\" src=\"\/wp-content\/uploads\/factory-13.webp\"\/><\/p>\n<p><img decoding=\"async\" src=\"\/wp-content\/uploads\/factory-14.webp\"\/><\/p>\n<h2>FAQ<\/h2>\n<p><b>1.Mik\u00e4 on kupariputken vesij\u00e4\u00e4hdytys alumiininen kylm\u00e4levy?<\/b><\/p>\n<p>Se on l\u00e4mm\u00f6nhallintaratkaisu, jossa yhdistyv\u00e4t kupariputket ja alumiinipohja, ja se johtaa tehokkaasti l\u00e4mp\u00f6\u00e4 elektronisissa tai teollisissa j\u00e4rjestelmiss\u00e4.\n<\/p>\n<p><\/p>\n<p><b>2.Miten kupariputki parantaa j\u00e4\u00e4hdytystehoa?<\/b><\/p>\n<p>Kupariputki tarjoaa erinomaisen l\u00e4mm\u00f6njohtavuuden, joka mahdollistaa nopean l\u00e4mm\u00f6nsiirron l\u00e4mm\u00f6nl\u00e4hteist\u00e4 j\u00e4\u00e4hdytysnesteeseen.\n<\/p>\n<p><\/p>\n<p><b>3.Miksi alumiinia k\u00e4ytet\u00e4\u00e4n kylm\u00e4levypohjassa?<\/b><\/p>\n<p>Alumiini tarjoaa kevyen rakenteen, jolla on korkea l\u00e4mm\u00f6njohtavuus, joten se on ihanteellinen nopeaan ja tehokkaaseen l\u00e4mm\u00f6nsiirtoon.\n<\/p>\n<p><\/p>\n<p><b>4.Onko kylm\u00e4levy yhteensopiva mukautettujen j\u00e4\u00e4hdytyssilmukoiden kanssa?<\/b><\/p>\n<p>Kyll\u00e4, kupariputkinen vesij\u00e4\u00e4hdytyksen alumiininen kylm\u00e4levy on yhteensopiva sek\u00e4 mukautettujen ett\u00e4 tavallisten nestej\u00e4\u00e4hdytysasetusten kanssa.\n<\/p>\n<p><\/p>\n<p><b>5.Mihin sovelluksiin t\u00e4m\u00e4 kylm\u00e4levy soveltuu?<\/b><\/p>\n<p>Sit\u00e4 k\u00e4ytet\u00e4\u00e4n laajalti tehoelektroniikassa, laserj\u00e4rjestelmiss\u00e4, s\u00e4hk\u00f6autojen akkujen j\u00e4\u00e4hdytyksess\u00e4 ja korkean suorituskyvyn laskentaymp\u00e4rist\u00f6iss\u00e4.\n<\/p>\n<p><\/p>\n<p><b>6.Voiko kupariputkien asettelua r\u00e4\u00e4t\u00e4l\u00f6id\u00e4?<\/b><\/p>\n<p>Kyll\u00e4, kupariputken asettelu ja alumiinilevyn mitat voidaan mukauttaa vastaamaan erityisi\u00e4 l\u00e4mp\u00f6- ja mekaanisia vaatimuksia.\n<\/p>\n<p><\/p>\n<p><b>7.Kest\u00e4\u00e4k\u00f6 t\u00e4m\u00e4 tuote suuria l\u00e4mp\u00f6kuormia?<\/b><\/p>\n<p>Integroitu kupariputkirakenne ja alumiinipohja takaavat vakaan suorituskyvyn suurissa l\u00e4mp\u00f6kuormituksissa.\n<\/p>\n<p><\/p>\n<p><b>8.Kuinka kest\u00e4v\u00e4 on kupariputken vesij\u00e4\u00e4hdytys alumiininen kylm\u00e4levy?<\/b><\/p>\n<p>Tuotteessa on korroosionkest\u00e4v\u00e4t materiaalit ja vankka rakenne, jotka takaavat pitk\u00e4aikaisen ja luotettavan j\u00e4\u00e4hdytystehon.\n<\/p>\n<p><\/p>","protected":false},"featured_media":10649,"template":"","categories":[73],"class_list":["post-10650","product","type-product","status-publish","has-post-thumbnail","hentry","category-water-cooling-plate"],"meta_box":{"hilight_text_group":{"product_hilight_text":"<li>Efficient heat dissipation with integrated copper tube design<\/li>\r\n<li>Lightweight aluminum base ensures optimal thermal conductivity<\/li>\r\n<li>Customizable size and tube layout for various industrial applications<\/li>\r\n<li>Reliable long-term cooling performance in high-heat environments<\/li>\r\n<li>Compatible with standard and high-performance liquid cooling systems<\/li>","product_chanpin_chanpin":"<ul>\r\n<li><a href=\"https:\/\/sinoextrud.com\/product\/aluminium-extrusion-6061-6082-7075-aluminum-alloy-profiles\/\" target=\"_blank\">6061 aluminum extrusion<\/a><\/li>\r\n<li><a href=\"https:\/\/sinoextrud.com\/product\/oval-aluminum-extrud-profile\/\" target=\"_blank\">oval aluminum extrusion<\/a><\/li>\r\n<li><a href=\"https:\/\/sinoextrud.com\/product\/aluminium-extrusion-anodised-aluminium-tube\/\" target=\"_blank\">anodised aluminium tube<\/a><\/li>\r\n<li><a href=\"https:\/\/sinoextrud.com\/product\/c-shaped-closed-linear-ceiling-system\/\" target=\"_blank\">linear closed ceilings<\/a><\/li>\r\n<li><a href=\"https:\/\/sinoextrud.com\/product\/the-new-perforated-ceiling-system\/\" target=\"_blank\">perforated french ceilings<\/a><\/li>\r\n<li><a href=\"https:\/\/sinoextrud.com\/product\/aluminum-extrusion-7003-7005-7020\/\" target=\"_blank\">7020 aluminum<\/a><\/li>\r\n<\/ul>","product_chanpin_blog":"<ul>\r\n<li><a href=\"https:\/\/sinoextrud.com\/t-slot-v-slot-differences\/\" target=\"_blank\">t slot vs v slot<\/a><\/li>\r\n<li><a href=\"https:\/\/sinoextrud.com\/what-is-4040-aluminium-extrud\/\" target=\"_blank\">4040 aluminium extrusion<\/a><\/li>\r\n<li><a href=\"https:\/\/sinoextrud.com\/what-is-4040-aluminium-extrud\/\" target=\"_blank\">aluminum extrusions for industrial racks<\/a><\/li>\r\n<li><a href=\"https:\/\/sinoextrud.com\/powder-coating-aluminium-process\/\" target=\"_blank\">powder coating aluminium<\/a><\/li>\r\n<li><a href=\"https:\/\/sinoextrud.com\/what-is-an-aluminium-strip-ceiling\/\" target=\"_blank\">aluminium strip ceiling<\/a><\/li>\r\n<li><a href=\"https:\/\/sinoextrud.com\/what-is-a-heat-sink\/\" target=\"_blank\">what is a heat sink<\/a><\/li>\r\n<\/ul>"},"feature_list":[]},"_links":{"self":[{"href":"https:\/\/sinoextrud.com\/fi\/wp-json\/wp\/v2\/product\/10650","targetHints":{"allow":["GET"]}}],"collection":[{"href":"https:\/\/sinoextrud.com\/fi\/wp-json\/wp\/v2\/product"}],"about":[{"href":"https:\/\/sinoextrud.com\/fi\/wp-json\/wp\/v2\/types\/product"}],"wp:featuredmedia":[{"embeddable":true,"href":"https:\/\/sinoextrud.com\/fi\/wp-json\/wp\/v2\/media\/10649"}],"wp:attachment":[{"href":"https:\/\/sinoextrud.com\/fi\/wp-json\/wp\/v2\/media?parent=10650"}],"wp:term":[{"taxonomy":"category","embeddable":true,"href":"https:\/\/sinoextrud.com\/fi\/wp-json\/wp\/v2\/categories?post=10650"}],"curies":[{"name":"wp","href":"https:\/\/api.w.org\/{rel}","templated":true}]}}