{"id":10648,"date":"2025-07-25T04:04:35","date_gmt":"2025-07-25T04:04:35","guid":{"rendered":"https:\/\/sinoextrud.com\/product\/thick-water-cooling-aluminum-cold-plate-copper-tubes\/"},"modified":"2025-07-25T04:04:35","modified_gmt":"2025-07-25T04:04:35","slug":"paksu-veden-jaahdytys-alumiini-kylmalevy-kupariputket","status":"publish","type":"product","link":"https:\/\/sinoextrud.com\/fi\/product\/thick-water-cooling-aluminum-cold-plate-copper-tubes\/","title":{"rendered":"Paksu veden j\u00e4\u00e4hdytys alumiini kylm\u00e4levy kupariputket"},"content":{"rendered":"<h2>Tuotteiden tiedot<\/h2>\n<table class=\"custom-table\">\n<tr>\n<td class=\"label\">koneiden testausraportti<\/td>\n<td>Toimitettu<\/td>\n<\/tr>\n<tr>\n<td class=\"label\">video l\u00e4htev\u00e4-tarkastus<\/td>\n<td>Toimitettu<\/td>\n<\/tr>\n<tr>\n<td class=\"label\">Materiaali<\/td>\n<td>Kupari, alumiiniseos<\/td>\n<\/tr>\n<tr>\n<td class=\"label\">takuu<\/td>\n<td>5 vuotta<\/td>\n<\/tr>\n<tr>\n<td class=\"label\">hakemus<\/td>\n<td>IGBG-moduulit, Elektroniset laitteet,Laserit<\/td>\n<\/tr>\n<tr>\n<td class=\"label\">tyyppi<\/td>\n<td>L\u00e4mm\u00f6nvaihdin<\/td>\n<\/tr>\n<tr>\n<td class=\"label\">paino (kg)<\/td>\n<td>3.5<\/td>\n<\/tr>\n<tr>\n<td class=\"label\">Materiaali<\/td>\n<td>Alumiini + Cooper-putki<\/td>\n<\/tr>\n<tr>\n<td class=\"label\">Takuun j\u00e4lkeinen palvelu<\/td>\n<td>Online-tuki<\/td>\n<\/tr>\n<tr>\n<td class=\"label\">Sertifiointi<\/td>\n<td>RoHS<\/td>\n<\/tr>\n<tr>\n<td class=\"label\">Myyntiyksik\u00f6t<\/td>\n<td>Yksitt\u00e4inen tuote<\/td>\n<\/tr>\n<tr>\n<td class=\"label\">Yhden pakkauksen koko<\/td>\n<td>25X20X5 cm<\/td>\n<\/tr>\n<tr>\n<td class=\"label\">Yksitt\u00e4inen bruttopaino<\/td>\n<td>4.000 KG<\/td>\n<\/tr>\n<\/table>\n<h2>Tuotantopohjamme<\/h2>\n<h3>Tehtaan panoraama<\/h3>\n<p><img decoding=\"async\" src=\"\/wp-content\/uploads\/factory-01.webp\"\/><\/p>\n<h3>Alumiini Bar Manufacturing Workshop<\/h3>\n<p><img decoding=\"async\" src=\"\/wp-content\/uploads\/factory-02.webp\"\/><\/p>\n<p><img decoding=\"async\" src=\"\/wp-content\/uploads\/factory-03.webp\"\/><\/p>\n<h3>Muotin varastointi Varasto<\/h3>\n<p><img decoding=\"async\" src=\"\/wp-content\/uploads\/factory-04.webp\"\/><\/p>\n<h3>43 alumiinin ekstruusiolinjat (500-5500 tonnia)<\/h3>\n<p><img decoding=\"async\" src=\"\/wp-content\/uploads\/factory-05.webp\"\/><\/p>\n<p><img decoding=\"async\" src=\"\/wp-content\/uploads\/factory-06.webp\"\/><\/p>\n<p><img decoding=\"async\" src=\"\/wp-content\/uploads\/factory-07.webp\"\/><\/p>\n<h3>Jauhemaalaus ty\u00f6paja<\/h3>\n<p><img decoding=\"async\" src=\"\/wp-content\/uploads\/factory-09.webp\"\/><\/p>\n<h3>Anodisointi ty\u00f6paja<\/h3>\n<p><img decoding=\"async\" src=\"\/wp-content\/uploads\/factory-10.webp\"\/><\/p>\n<h3>Syv\u00e4k\u00e4sittelyn ty\u00f6paja<\/h3>\n<p><img decoding=\"async\" src=\"\/wp-content\/uploads\/factory-11.webp\"\/><\/p>\n<h3>CNC-tarkkuuskoneistus ty\u00f6paja<\/h3>\n<p><img decoding=\"async\" src=\"\/wp-content\/uploads\/factory-11.5.webp\"\/><\/p>\n<h3>Valmiiden tuotteiden ja vientivarasto<\/h3>\n<p><img decoding=\"async\" src=\"\/wp-content\/uploads\/factory-12.webp\"\/><\/p>\n<p><img decoding=\"async\" src=\"\/wp-content\/uploads\/factory-13.webp\"\/><\/p>\n<p><img decoding=\"async\" src=\"\/wp-content\/uploads\/factory-14.webp\"\/><\/p>\n<h2>FAQ<\/h2>\n<p><p><b>1.Mik\u00e4 on paksun vesij\u00e4\u00e4hdytysalumiinikylm\u00e4levyn koko?<\/b><\/p>\n<p>Kylm\u00e4levyn mitat ovat 180\u00d7220\u00d730 mm, mik\u00e4 tarjoaa suuren l\u00e4mp\u00f6kosketuspinnan tehokkaaseen j\u00e4\u00e4hdytykseen.<br \/>\n<\/p><br \/>\n<br \/>\n<p><b>2.Miksi k\u00e4ytt\u00e4\u00e4 20 mm kupariputkia kylm\u00e4levyss\u00e4?<\/b><\/p>\n<p>20 mm:n kupariputket takaavat tehokkaan veden virtauksen ja erinomaisen l\u00e4mm\u00f6nsiirron, mik\u00e4 parantaa yleist\u00e4 j\u00e4\u00e4hdytysominaisuutta.<br \/>\n<\/p><br \/>\n<br \/>\n<p><b>3.Onko 30 mm:n paksuudesta hy\u00f6ty\u00e4 l\u00e4mp\u00f6tehokkuuden kannalta?<\/b><\/p>\n<p>Kyll\u00e4, 30 mm:n paksuinen alumiinipohja lis\u00e4\u00e4 l\u00e4mp\u00f6massaa, mik\u00e4 mahdollistaa paremman l\u00e4mm\u00f6n imeytymisen ja haihduttamisen.<br \/>\n<\/p><br \/>\n<br \/>\n<p><b>4.Mihin sovelluksiin t\u00e4m\u00e4 kylm\u00e4levy soveltuu?<\/b><\/p>\n<p>T\u00e4m\u00e4 kylm\u00e4levy on ihanteellinen suuritehoiseen elektroniikkaan, taajuusmuuttajiin, teollisuusk\u00e4ytt\u00f6ihin ja l\u00e4mp\u00f6testipenkkeihin, jotka vaativat kovaa j\u00e4\u00e4hdytyst\u00e4.<br \/>\n<\/p><br \/>\n<br \/>\n<p><b>5.Can alumiini kylm\u00e4levy voidaan r\u00e4\u00e4t\u00e4l\u00f6id\u00e4?<\/b><\/p>\n<p>Kyll\u00e4, alumiininen kylm\u00e4levy voidaan r\u00e4\u00e4t\u00e4l\u00f6id\u00e4 asennuksen, sis\u00e4\u00e4nmeno- ja ulostuloaukkojen sijainnin ja putkikokoonpanon osalta OEM-integraatiota varten.<br \/>\n<\/p><br \/>\n<br \/>\n<p><b>6.Onko tuote korroosionkest\u00e4v\u00e4?<\/b><\/p>\n<p>Kyll\u00e4, paksu alumiinilevy ja kupariputket on k\u00e4sitelty korroosionkest\u00e4viksi, mik\u00e4 takaa luotettavan pitk\u00e4aikaisen toiminnan.<br \/>\n<\/p><br \/>\n<br \/>\n<p><b>7.How t\u00e4m\u00e4 tuote parantaa j\u00e4\u00e4hdytyksen tehokkuutta?<\/b><\/p>\n<p>Sen suuri pinta-ala, paksu pohja ja upotetut 20 mm:n kupariputket mahdollistavat tehokkaan l\u00e4mm\u00f6ntalteenoton ja nopean l\u00e4mm\u00f6nsiirron.<br \/>\n<\/p><br \/>\n<br \/>\n<p><b>8.Mit\u00e4 etuja se tarjoaa tavallisiin kylm\u00e4levyihin verrattuna?<\/b><\/p>\n<p>Tavallisiin levyihin verrattuna se tarjoaa suuremman l\u00e4mp\u00f6kuorman k\u00e4sittelyn, paremman virtaustehon ja paremman rakenteellisen j\u00e4ykkyyden.<br \/>\n<\/p><br \/><\/p>","protected":false},"featured_media":10647,"template":"","categories":[73],"class_list":["post-10648","product","type-product","status-publish","has-post-thumbnail","hentry","category-water-cooling-plate"],"meta_box":{"hilight_text_group":{"product_hilight_text":"<li>Robust 30mm thick aluminum cold plate ensures superior thermal capacity for heavy-duty cooling<\/li>\r\n<li>Integrated 20mm copper tubes offer enhanced heat transfer efficiency<\/li>\r\n<li>Large 180\u00c3\u2014220mm surface area ideal for high-power component coverage<\/li>\r\n<li>Durable aluminum body provides long-lasting performance in industrial environments<\/li>\r\n<li>Customizable for OEM applications across power electronics and thermal management systems<\/li>","product_chanpin_chanpin":"<ul>\r\n<li><a href=\"https:\/\/sinoextrud.com\/product\/aluminium-extrusion-6061-6082-7075-aluminum-alloy-profiles\/\" target=\"_blank\">6061 aluminum extrusion<\/a><\/li>\r\n<li><a href=\"https:\/\/sinoextrud.com\/product\/oval-aluminum-extrud-profile\/\" target=\"_blank\">oval aluminum extrusion<\/a><\/li>\r\n<li><a href=\"https:\/\/sinoextrud.com\/product\/aluminium-extrusion-anodised-aluminium-tube\/\" target=\"_blank\">anodised aluminium tube<\/a><\/li>\r\n<li><a href=\"https:\/\/sinoextrud.com\/product\/c-shaped-closed-linear-ceiling-system\/\" target=\"_blank\">linear closed ceilings<\/a><\/li>\r\n<li><a href=\"https:\/\/sinoextrud.com\/product\/the-new-perforated-ceiling-system\/\" target=\"_blank\">perforated french ceilings<\/a><\/li>\r\n<li><a href=\"https:\/\/sinoextrud.com\/product\/aluminum-extrusion-7003-7005-7020\/\" target=\"_blank\">7020 aluminum<\/a><\/li>\r\n<\/ul>","product_chanpin_blog":"<ul>\r\n<li><a href=\"https:\/\/sinoextrud.com\/t-slot-v-slot-differences\/\" target=\"_blank\">t slot vs v slot<\/a><\/li>\r\n<li><a href=\"https:\/\/sinoextrud.com\/what-is-4040-aluminium-extrud\/\" target=\"_blank\">4040 aluminium extrusion<\/a><\/li>\r\n<li><a href=\"https:\/\/sinoextrud.com\/what-is-4040-aluminium-extrud\/\" target=\"_blank\">aluminum extrusions for industrial racks<\/a><\/li>\r\n<li><a href=\"https:\/\/sinoextrud.com\/powder-coating-aluminium-process\/\" target=\"_blank\">powder coating aluminium<\/a><\/li>\r\n<li><a href=\"https:\/\/sinoextrud.com\/what-is-an-aluminium-strip-ceiling\/\" target=\"_blank\">aluminium strip ceiling<\/a><\/li>\r\n<li><a href=\"https:\/\/sinoextrud.com\/what-is-a-heat-sink\/\" target=\"_blank\">what is a heat sink<\/a><\/li>\r\n<\/ul>"},"feature_list":[]},"_links":{"self":[{"href":"https:\/\/sinoextrud.com\/fi\/wp-json\/wp\/v2\/product\/10648","targetHints":{"allow":["GET"]}}],"collection":[{"href":"https:\/\/sinoextrud.com\/fi\/wp-json\/wp\/v2\/product"}],"about":[{"href":"https:\/\/sinoextrud.com\/fi\/wp-json\/wp\/v2\/types\/product"}],"wp:featuredmedia":[{"embeddable":true,"href":"https:\/\/sinoextrud.com\/fi\/wp-json\/wp\/v2\/media\/10647"}],"wp:attachment":[{"href":"https:\/\/sinoextrud.com\/fi\/wp-json\/wp\/v2\/media?parent=10648"}],"wp:term":[{"taxonomy":"category","embeddable":true,"href":"https:\/\/sinoextrud.com\/fi\/wp-json\/wp\/v2\/categories?post=10648"}],"curies":[{"name":"wp","href":"https:\/\/api.w.org\/{rel}","templated":true}]}}