{"id":10646,"date":"2025-07-25T04:02:40","date_gmt":"2025-07-25T04:02:40","guid":{"rendered":"https:\/\/sinoextrud.com\/product\/custom-water-cooling-aluminum-cold-plate-with-copper-tubes\/"},"modified":"2025-07-25T04:02:40","modified_gmt":"2025-07-25T04:02:40","slug":"mukautetun-veden-jaahdytys-alumiini-kylmalevy-kupariputket","status":"publish","type":"product","link":"https:\/\/sinoextrud.com\/fi\/product\/custom-water-cooling-aluminum-cold-plate-with-copper-tubes\/","title":{"rendered":"Custom veden j\u00e4\u00e4hdytys alumiini kylm\u00e4 levy kupari putket"},"content":{"rendered":"<h2>Tuotteiden tiedot<\/h2>\n<table class=\"custom-table\">\n<tr>\n<td class=\"label\">koneiden testausraportti<\/td>\n<td>Toimitettu<\/td>\n<\/tr>\n<tr>\n<td class=\"label\">video l\u00e4htev\u00e4-tarkastus<\/td>\n<td>Toimitettu<\/td>\n<\/tr>\n<tr>\n<td class=\"label\">Materiaali<\/td>\n<td>Alumiiniseos, kupari<\/td>\n<\/tr>\n<tr>\n<td class=\"label\">takuu<\/td>\n<td>5 vuotta<\/td>\n<\/tr>\n<tr>\n<td class=\"label\">hakemus<\/td>\n<td>IGBG-moduulit, Elektroniset laitteet,Laserit<\/td>\n<\/tr>\n<tr>\n<td class=\"label\">tyyppi<\/td>\n<td>L\u00e4mm\u00f6nvaihtimen putki<\/td>\n<\/tr>\n<tr>\n<td class=\"label\">paino (kg)<\/td>\n<td>1<\/td>\n<\/tr>\n<tr>\n<td class=\"label\">Takuun j\u00e4lkeinen palvelu<\/td>\n<td>Online-tuki<\/td>\n<\/tr>\n<tr>\n<td class=\"label\">Myynnin j\u00e4lkeinen palvelu<\/td>\n<td>Online-tuki<\/td>\n<\/tr>\n<tr>\n<td class=\"label\">Sovellettavat toimialat<\/td>\n<td>Tuotantolaitos<\/td>\n<\/tr>\n<tr>\n<td class=\"label\">Myyntiyksik\u00f6t<\/td>\n<td>Yksitt\u00e4inen tuote<\/td>\n<\/tr>\n<tr>\n<td class=\"label\">Yhden pakkauksen koko<\/td>\n<td>21X15X1.5 cm<\/td>\n<\/tr>\n<tr>\n<td class=\"label\">Yksitt\u00e4inen bruttopaino<\/td>\n<td>1.000 KG<\/td>\n<\/tr>\n<\/table>\n<h2>Tuotantopohjamme<\/h2>\n<h3>Tehtaan panoraama<\/h3>\n<p><img decoding=\"async\" src=\"\/wp-content\/uploads\/factory-01.webp\"\/><\/p>\n<h3>Alumiini Bar Manufacturing Workshop<\/h3>\n<p><img decoding=\"async\" src=\"\/wp-content\/uploads\/factory-02.webp\"\/><\/p>\n<p><img decoding=\"async\" src=\"\/wp-content\/uploads\/factory-03.webp\"\/><\/p>\n<h3>Muotin varastointi Varasto<\/h3>\n<p><img decoding=\"async\" src=\"\/wp-content\/uploads\/factory-04.webp\"\/><\/p>\n<h3>43 Alumiini ekstruusiolinjat (500\u00e2 5500 tonnia)<\/h3>\n<p><img decoding=\"async\" src=\"\/wp-content\/uploads\/factory-05.webp\"\/><\/p>\n<p><img decoding=\"async\" src=\"\/wp-content\/uploads\/factory-06.webp\"\/><\/p>\n<p><img decoding=\"async\" src=\"\/wp-content\/uploads\/factory-07.webp\"\/><\/p>\n<h3>Jauhemaalaus ty\u00f6paja<\/h3>\n<p><img decoding=\"async\" src=\"\/wp-content\/uploads\/factory-09.webp\"\/><\/p>\n<h3>Anodisointi ty\u00f6paja<\/h3>\n<p><img decoding=\"async\" src=\"\/wp-content\/uploads\/factory-10.webp\"\/><\/p>\n<h3>Syv\u00e4k\u00e4sittelyn ty\u00f6paja<\/h3>\n<p><img decoding=\"async\" src=\"\/wp-content\/uploads\/factory-11.webp\"\/><\/p>\n<h3>CNC-tarkkuuskoneistus ty\u00f6paja<\/h3>\n<p><img decoding=\"async\" src=\"\/wp-content\/uploads\/factory-11.5.webp\"\/><\/p>\n<h3>Valmiiden tuotteiden ja vientivarasto<\/h3>\n<p><img decoding=\"async\" src=\"\/wp-content\/uploads\/factory-12.webp\"\/><\/p>\n<p><img decoding=\"async\" src=\"\/wp-content\/uploads\/factory-13.webp\"\/><\/p>\n<p><img decoding=\"async\" src=\"\/wp-content\/uploads\/factory-14.webp\"\/><\/p>\n<h2>FAQ<\/h2>\n<p><p><b>1.Mik\u00e4 on mukautettu vesij\u00e4\u00e4hdytys alumiininen kylm\u00e4levy kupariputkilla?<\/b><\/p>\n<p>Se on tehokas l\u00e4mp\u00f6ratkaisu, jossa yhdistyv\u00e4t alumiinilevyt ja upotetut kupariputket, jotka haihduttavat tehokkaasti l\u00e4mp\u00f6\u00e4 mukautetuissa j\u00e4\u00e4hdytysj\u00e4rjestelmiss\u00e4.<br \/>\n<\/p><br \/>\n<br \/>\n<p><b>2.Miksi k\u00e4ytt\u00e4\u00e4 kupariputkia alumiinisessa kylm\u00e4levyss\u00e4?<\/b><\/p>\n<p>Kupariputket tarjoavat erinomaisen l\u00e4mm\u00f6njohtavuuden, mik\u00e4 parantaa alumiinisen kylm\u00e4levyn yleist\u00e4 j\u00e4\u00e4hdytystehokkuutta.<br \/>\n<\/p><br \/>\n<br \/>\n<p><b>3.Onko alumiininen kylm\u00e4levy muokattavissa eri sovelluksiin?<\/b><\/p>\n<p>Kyll\u00e4, alumiinikylm\u00e4levy voidaan r\u00e4\u00e4t\u00e4l\u00f6id\u00e4 muodoltaan, kooltaan ja putkien asettelultaan vastaamaan erityisi\u00e4 l\u00e4mp\u00f6- ja mekaanisia vaatimuksia.<br \/>\n<\/p><br \/>\n<br \/>\n<p><b>4.Miten t\u00e4m\u00e4 kylm\u00e4levy parantaa l\u00e4mm\u00f6nhallintaa?<\/b><\/p>\n<p>Yhdist\u00e4m\u00e4ll\u00e4 kuparin korkean johtavuuden ja alumiinin kevyet ominaisuudet kylm\u00e4levy takaa nopean l\u00e4mm\u00f6nsiirron ja luotettavan j\u00e4\u00e4hdytystehon.<br \/>\n<\/p><br \/>\n<br \/>\n<p><b>5.Mitk\u00e4 teollisuudenalat k\u00e4ytt\u00e4v\u00e4t yleisesti t\u00e4m\u00e4ntyyppist\u00e4 kylm\u00e4levy\u00e4?<\/b><\/p>\n<p>Teollisuudenaloilla, kuten tehoelektroniikassa, EV-j\u00e4rjestelmiss\u00e4, lasereissa ja l\u00e4\u00e4kinn\u00e4llisiss\u00e4 laitteissa, k\u00e4ytet\u00e4\u00e4n usein r\u00e4\u00e4t\u00e4l\u00f6ityj\u00e4 vesij\u00e4\u00e4hdytysalumiinikylm\u00e4levyj\u00e4, joissa on kupariputkia l\u00e4mm\u00f6ns\u00e4\u00e4telyyn.<br \/>\n<\/p><br \/>\n<br \/>\n<p><b>6.Kest\u00e4\u00e4k\u00f6 t\u00e4m\u00e4 tuote korroosiota?<\/b><\/p>\n<p>Kyll\u00e4, alumiinipohja ja kupariputket on k\u00e4sitelty erinomaisen korroosionkest\u00e4vyyden vuoksi, joten ne soveltuvat pitk\u00e4aikaiseen k\u00e4ytt\u00f6\u00f6n vaativissa ymp\u00e4rist\u00f6iss\u00e4.<br \/>\n<\/p><br \/>\n<br \/>\n<p><b>7.Miten t\u00e4m\u00e4 kylm\u00e4levy hy\u00f6dytt\u00e4\u00e4 OEM-valmistajia?<\/b><\/p>\n<p>OEM-valmistajat hy\u00f6tyv\u00e4t suunnittelun joustavuudesta, tehokkaasta l\u00e4mm\u00f6nsiirrosta ja helposta integroitavuudesta monimutkaisiin l\u00e4mp\u00f6j\u00e4rjestelmiin k\u00e4ytt\u00e4m\u00e4ll\u00e4 r\u00e4\u00e4t\u00e4l\u00f6ityj\u00e4 vesij\u00e4\u00e4hdytyksen alumiinisia kylm\u00e4levyj\u00e4, joissa on kupariputkia.<br \/>\n<\/p><br \/>\n<br \/>\n<p><b>8.Onko se sopiva suuritehoisiin sovelluksiin?<\/b><\/p>\n<p>Alumiini- ja kupariputkien yhdistetty k\u00e4ytt\u00f6 tekee siit\u00e4 ihanteellisen tehokkaan ja luotettavan j\u00e4\u00e4hdytyksen vaativalle suuritehoiselle elektroniikalle.<br \/>\n<\/p><br \/><\/p>","protected":false},"featured_media":10645,"template":"","categories":[73],"class_list":["post-10646","product","type-product","status-publish","has-post-thumbnail","hentry","category-water-cooling-plate"],"meta_box":{"hilight_text_group":{"product_hilight_text":"<li>High-efficiency heat dissipation with copper tube integration for optimal cooling performance<\/li>\r\n<li>Customizable aluminum cold plate design tailored to specific thermal management needs<\/li>\r\n<li>Excellent corrosion resistance and durability for long-term industrial use<\/li>\r\n<li>Lightweight aluminum base ensures easy installation and reduced system weight<\/li>\r\n<li>Supports high-precision machining for tight thermal interface control<\/li>","product_chanpin_chanpin":"<ul>\r\n<li><a href=\"https:\/\/sinoextrud.com\/product\/aluminium-extrusion-6061-6082-7075-aluminum-alloy-profiles\/\" target=\"_blank\">6061 aluminum extrusion<\/a><\/li>\r\n<li><a href=\"https:\/\/sinoextrud.com\/product\/oval-aluminum-extrud-profile\/\" target=\"_blank\">oval aluminum extrusion<\/a><\/li>\r\n<li><a href=\"https:\/\/sinoextrud.com\/product\/aluminium-extrusion-anodised-aluminium-tube\/\" target=\"_blank\">anodised aluminium tube<\/a><\/li>\r\n<li><a href=\"https:\/\/sinoextrud.com\/product\/c-shaped-closed-linear-ceiling-system\/\" target=\"_blank\">linear closed ceilings<\/a><\/li>\r\n<li><a href=\"https:\/\/sinoextrud.com\/product\/the-new-perforated-ceiling-system\/\" target=\"_blank\">perforated french ceilings<\/a><\/li>\r\n<li><a href=\"https:\/\/sinoextrud.com\/product\/aluminum-extrusion-7003-7005-7020\/\" target=\"_blank\">7020 aluminum<\/a><\/li>\r\n<\/ul>","product_chanpin_blog":"<ul>\r\n<li><a href=\"https:\/\/sinoextrud.com\/t-slot-v-slot-differences\/\" target=\"_blank\">t slot vs v slot<\/a><\/li>\r\n<li><a href=\"https:\/\/sinoextrud.com\/what-is-4040-aluminium-extrud\/\" target=\"_blank\">4040 aluminium extrusion<\/a><\/li>\r\n<li><a href=\"https:\/\/sinoextrud.com\/what-is-4040-aluminium-extrud\/\" target=\"_blank\">aluminum extrusions for industrial racks<\/a><\/li>\r\n<li><a href=\"https:\/\/sinoextrud.com\/powder-coating-aluminium-process\/\" target=\"_blank\">powder coating aluminium<\/a><\/li>\r\n<li><a href=\"https:\/\/sinoextrud.com\/what-is-an-aluminium-strip-ceiling\/\" target=\"_blank\">aluminium strip ceiling<\/a><\/li>\r\n<li><a href=\"https:\/\/sinoextrud.com\/what-is-a-heat-sink\/\" target=\"_blank\">what is a heat sink<\/a><\/li>\r\n<\/ul>"},"feature_list":[]},"_links":{"self":[{"href":"https:\/\/sinoextrud.com\/fi\/wp-json\/wp\/v2\/product\/10646","targetHints":{"allow":["GET"]}}],"collection":[{"href":"https:\/\/sinoextrud.com\/fi\/wp-json\/wp\/v2\/product"}],"about":[{"href":"https:\/\/sinoextrud.com\/fi\/wp-json\/wp\/v2\/types\/product"}],"wp:featuredmedia":[{"embeddable":true,"href":"https:\/\/sinoextrud.com\/fi\/wp-json\/wp\/v2\/media\/10645"}],"wp:attachment":[{"href":"https:\/\/sinoextrud.com\/fi\/wp-json\/wp\/v2\/media?parent=10646"}],"wp:term":[{"taxonomy":"category","embeddable":true,"href":"https:\/\/sinoextrud.com\/fi\/wp-json\/wp\/v2\/categories?post=10646"}],"curies":[{"name":"wp","href":"https:\/\/api.w.org\/{rel}","templated":true}]}}