{"id":10644,"date":"2025-07-25T03:59:00","date_gmt":"2025-07-25T03:59:00","guid":{"rendered":"https:\/\/sinoextrud.com\/product\/led-spot-light-aluminum-heatsink\/"},"modified":"2025-07-25T03:59:00","modified_gmt":"2025-07-25T03:59:00","slug":"led-spot-valo-alumiini-jaahdytyslevy","status":"publish","type":"product","link":"https:\/\/sinoextrud.com\/fi\/product\/led-spot-light-aluminum-heatsink\/","title":{"rendered":"LED Spot Light alumiini j\u00e4\u00e4hdytyslevy"},"content":{"rendered":"<h2>Tuotteiden tiedot<\/h2>\n<table class=\"custom-table\">\n<tr>\n<td class=\"label\">Pintak\u00e4sittely<\/td>\n<td>Anodisointi<\/td>\n<\/tr>\n<tr>\n<td class=\"label\">Muoto<\/td>\n<td>Custom<\/td>\n<\/tr>\n<tr>\n<td class=\"label\">Rungon materiaali<\/td>\n<td>Alumiiniseos<\/td>\n<\/tr>\n<tr>\n<td class=\"label\">Hakemus<\/td>\n<td>ledin j\u00e4\u00e4hdytyselementti<\/td>\n<\/tr>\n<tr>\n<td class=\"label\">Tyyppi<\/td>\n<td>J\u00e4\u00e4hdytyselementti<\/td>\n<\/tr>\n<tr>\n<td class=\"label\">Valaistusratkaisujen palvelu<\/td>\n<td>automaattinen CAD-asettelu<\/td>\n<\/tr>\n<tr>\n<td class=\"label\">Tuotteen paino\uff08kg\uff09<\/td>\n<td>1.2<\/td>\n<\/tr>\n<tr>\n<td class=\"label\">Takuu (vuosi)<\/td>\n<td>5<\/td>\n<\/tr>\n<tr>\n<td class=\"label\">Prosessi<\/td>\n<td>Puristaminen+CNC<\/td>\n<\/tr>\n<tr>\n<td class=\"label\">IP-luokitus<\/td>\n<td>ip55<\/td>\n<\/tr>\n<tr>\n<td class=\"label\">Rungon v\u00e4ri<\/td>\n<td>Hopea<\/td>\n<\/tr>\n<tr>\n<td class=\"label\">Pitch<\/td>\n<td>3.8mm<\/td>\n<\/tr>\n<tr>\n<td class=\"label\">Paino<\/td>\n<td>6,05 kg\/m<\/td>\n<\/tr>\n<tr>\n<td class=\"label\">Pintak\u00e4sittely<\/td>\n<td>(musta) anodisointi<\/td>\n<\/tr>\n<tr>\n<td class=\"label\">Vakiomuotit M\u00e4\u00e4r\u00e4<\/td>\n<td>30,000+sets<\/td>\n<\/tr>\n<tr>\n<td class=\"label\">Myyntiyksik\u00f6t<\/td>\n<td>Yksitt\u00e4inen tuote<\/td>\n<\/tr>\n<tr>\n<td class=\"label\">Yhden pakkauksen koko<\/td>\n<td>14X20X5 cm<\/td>\n<\/tr>\n<tr>\n<td class=\"label\">Yksitt\u00e4inen bruttopaino<\/td>\n<td>1.500 KG<\/td>\n<\/tr>\n<\/table>\n<h2>Tuotantopohjamme<\/h2>\n<h3>Tehtaan panoraama<\/h3>\n<p><img decoding=\"async\" src=\"\/wp-content\/uploads\/factory-01.webp\"\/><\/p>\n<h3>Alumiini Bar Manufacturing Workshop<\/h3>\n<p><img decoding=\"async\" src=\"\/wp-content\/uploads\/factory-02.webp\"\/><\/p>\n<p><img decoding=\"async\" src=\"\/wp-content\/uploads\/factory-03.webp\"\/><\/p>\n<h3>Muotin varastointi Varasto<\/h3>\n<p><img decoding=\"async\" src=\"\/wp-content\/uploads\/factory-04.webp\"\/><\/p>\n<h3>43 alumiinin ekstruusiolinjat (500-5500 tonnia)<\/h3>\n<p><img decoding=\"async\" src=\"\/wp-content\/uploads\/factory-05.webp\"\/><\/p>\n<p><img decoding=\"async\" src=\"\/wp-content\/uploads\/factory-06.webp\"\/><\/p>\n<p><img decoding=\"async\" src=\"\/wp-content\/uploads\/factory-07.webp\"\/><\/p>\n<h3>Jauhemaalaus ty\u00f6paja<\/h3>\n<p><img decoding=\"async\" src=\"\/wp-content\/uploads\/factory-09.webp\"\/><\/p>\n<h3>Anodisointi ty\u00f6paja<\/h3>\n<p><img decoding=\"async\" src=\"\/wp-content\/uploads\/factory-10.webp\"\/><\/p>\n<h3>Syv\u00e4k\u00e4sittelyn ty\u00f6paja<\/h3>\n<p><img decoding=\"async\" src=\"\/wp-content\/uploads\/factory-11.webp\"\/><\/p>\n<h3>CNC-tarkkuuskoneistus ty\u00f6paja<\/h3>\n<p><img decoding=\"async\" src=\"\/wp-content\/uploads\/factory-11.5.webp\"\/><\/p>\n<h3>Valmiiden tuotteiden ja vientivarasto<\/h3>\n<p><img decoding=\"async\" src=\"\/wp-content\/uploads\/factory-12.webp\"\/><\/p>\n<p><img decoding=\"async\" src=\"\/wp-content\/uploads\/factory-13.webp\"\/><\/p>\n<p><img decoding=\"async\" src=\"\/wp-content\/uploads\/factory-14.webp\"\/><\/p>\n<h2>FAQ<\/h2>\n<p><p><b>1.Mik\u00e4 on LED Spot Light alumiininen j\u00e4\u00e4hdytyslevy?<\/b><\/p>\n<p>LED-valonheitin Alumiininen j\u00e4\u00e4hdytyselementti on alumiinista valmistettu j\u00e4\u00e4hdytyskomponentti, joka on suunniteltu haihduttamaan LED-valonheitinj\u00e4rjestelmien tuottamaa l\u00e4mp\u00f6\u00e4.<br \/>\n<\/p><br \/>\n<br \/>\n<p><b>2.Miksi alumiinia k\u00e4ytet\u00e4\u00e4n LED-valonheittimien j\u00e4\u00e4hdytyslevyiss\u00e4?<\/b><\/p>\n<p>Alumiini on kevyt ja sill\u00e4 on korkea l\u00e4mm\u00f6njohtavuus, mik\u00e4 tekee siit\u00e4 ihanteellisen LED Spot Light Aluminum Heatsink -sovelluksiin.<br \/>\n<\/p><br \/>\n<br \/>\n<p><b>3.Miten alumiininen j\u00e4\u00e4hdytyselementti parantaa LEDien k\u00e4ytt\u00f6ik\u00e4\u00e4?<\/b><\/p>\n<p>LED-valon alumiininen j\u00e4\u00e4hdytyselementti v\u00e4hent\u00e4\u00e4 tehokkaasti k\u00e4ytt\u00f6l\u00e4mp\u00f6tilaa, est\u00e4\u00e4 ylikuumenemisen ja pident\u00e4\u00e4 LEDin k\u00e4ytt\u00f6ik\u00e4\u00e4.<br \/>\n<\/p><br \/>\n<br \/>\n<p><b>4.Onko j\u00e4\u00e4hdytyselementti sopiva suuritehoisille LED-valonheittimille?<\/b><\/p>\n<p>Kyll\u00e4, LED Spot Light -alumiinij\u00e4\u00e4hdytyslevy on suunniteltu k\u00e4sittelem\u00e4\u00e4n suuria l\u00e4mp\u00f6kuormia, jotka soveltuvat suuritehoisille LED-valonheittimille.<br \/>\n<\/p><br \/>\n<br \/>\n<p><b>5.Voinko mukauttaa j\u00e4\u00e4hdytyselementin kokoa LED-sovellukseeni?<\/b><\/p>\n<p>Kyll\u00e4, LED Spot Lightin alumiininen j\u00e4\u00e4hdytyslevy voidaan r\u00e4\u00e4t\u00e4l\u00f6id\u00e4 muodoltaan ja mitoiltaan vastaamaan erityisi\u00e4 LED-suunnitteluvaatimuksia.<br \/>\n<\/p><br \/>\n<br \/>\n<p><b>6.Vaikuttaako anodisoitu viimeistely l\u00e4mm\u00f6n haihtumiseen?<\/b><\/p>\n<p>LED Spot Light -alumiinij\u00e4\u00e4hdytyslevyn anodisoitu viimeistely parantaa korroosionkest\u00e4vyytt\u00e4 tinkim\u00e4tt\u00e4 l\u00e4mp\u00f6tehosta.<br \/>\n<\/p><br \/>\n<br \/>\n<p><b>7.Onko alumiininen j\u00e4\u00e4hdytyselementti ymp\u00e4rist\u00f6yst\u00e4v\u00e4llinen?<\/b><\/p>\n<p>Kyll\u00e4, LED Spot Light -alumiinij\u00e4\u00e4hdytyslevyt on valmistettu kierr\u00e4tett\u00e4v\u00e4st\u00e4 alumiinista, joten ne ovat ymp\u00e4rist\u00f6yst\u00e4v\u00e4llinen l\u00e4mp\u00f6ratkaisu.<br \/>\n<\/p><br \/><\/p>","protected":false},"featured_media":10643,"template":"","categories":[72],"class_list":["post-10644","product","type-product","status-publish","has-post-thumbnail","hentry","category-extruded-aluminum-heatsink"],"meta_box":{"hilight_text_group":{"product_hilight_text":"<li>High thermal conductivity aluminum for efficient heat dissipation<\/li>\r\n<li>Precision CNC machined for tight tolerance fitting<\/li>\r\n<li>Lightweight design suitable for compact LED spotlights<\/li>\r\n<li>Corrosion-resistant anodized surface for extended lifespan<\/li>\r\n<li>Customizable size and shape for different LED applications<\/li>\r\n<li>Supports passive cooling with optimized fin structure<\/li>\r\n<li>Eco-friendly material with recyclable properties<\/li>","product_chanpin_chanpin":"<ul>\r\n<li><a href=\"https:\/\/sinoextrud.com\/product\/aluminium-extrusion-6061-6082-7075-aluminum-alloy-profiles\/\" target=\"_blank\">6061 aluminum extrusion<\/a><\/li>\r\n<li><a href=\"https:\/\/sinoextrud.com\/product\/oval-aluminum-extrud-profile\/\" target=\"_blank\">oval aluminum extrusion<\/a><\/li>\r\n<li><a href=\"https:\/\/sinoextrud.com\/product\/aluminium-extrusion-anodised-aluminium-tube\/\" target=\"_blank\">anodised aluminium tube<\/a><\/li>\r\n<li><a href=\"https:\/\/sinoextrud.com\/product\/c-shaped-closed-linear-ceiling-system\/\" target=\"_blank\">linear closed ceilings<\/a><\/li>\r\n<li><a href=\"https:\/\/sinoextrud.com\/product\/the-new-perforated-ceiling-system\/\" target=\"_blank\">perforated french ceilings<\/a><\/li>\r\n<li><a href=\"https:\/\/sinoextrud.com\/product\/aluminum-extrusion-7003-7005-7020\/\" target=\"_blank\">7020 aluminum<\/a><\/li>\r\n<\/ul>","product_chanpin_blog":"<ul>\r\n<li><a href=\"https:\/\/sinoextrud.com\/t-slot-v-slot-differences\/\" target=\"_blank\">t slot vs v slot<\/a><\/li>\r\n<li><a href=\"https:\/\/sinoextrud.com\/what-is-4040-aluminium-extrud\/\" target=\"_blank\">4040 aluminium extrusion<\/a><\/li>\r\n<li><a href=\"https:\/\/sinoextrud.com\/what-is-4040-aluminium-extrud\/\" target=\"_blank\">aluminum extrusions for industrial racks<\/a><\/li>\r\n<li><a href=\"https:\/\/sinoextrud.com\/powder-coating-aluminium-process\/\" target=\"_blank\">powder coating aluminium<\/a><\/li>\r\n<li><a href=\"https:\/\/sinoextrud.com\/what-is-an-aluminium-strip-ceiling\/\" target=\"_blank\">aluminium strip ceiling<\/a><\/li>\r\n<li><a href=\"https:\/\/sinoextrud.com\/what-is-a-heat-sink\/\" target=\"_blank\">what is a heat sink<\/a><\/li>\r\n<\/ul>"},"feature_list":[]},"_links":{"self":[{"href":"https:\/\/sinoextrud.com\/fi\/wp-json\/wp\/v2\/product\/10644","targetHints":{"allow":["GET"]}}],"collection":[{"href":"https:\/\/sinoextrud.com\/fi\/wp-json\/wp\/v2\/product"}],"about":[{"href":"https:\/\/sinoextrud.com\/fi\/wp-json\/wp\/v2\/types\/product"}],"wp:featuredmedia":[{"embeddable":true,"href":"https:\/\/sinoextrud.com\/fi\/wp-json\/wp\/v2\/media\/10643"}],"wp:attachment":[{"href":"https:\/\/sinoextrud.com\/fi\/wp-json\/wp\/v2\/media?parent=10644"}],"wp:term":[{"taxonomy":"category","embeddable":true,"href":"https:\/\/sinoextrud.com\/fi\/wp-json\/wp\/v2\/categories?post=10644"}],"curies":[{"name":"wp","href":"https:\/\/api.w.org\/{rel}","templated":true}]}}