{"id":10616,"date":"2025-07-24T03:26:24","date_gmt":"2025-07-24T03:26:24","guid":{"rendered":"https:\/\/sinoextrud.com\/product\/red-anodized-pcb-aluminum-heatsink\/"},"modified":"2025-07-24T03:26:24","modified_gmt":"2025-07-24T03:26:24","slug":"punainen-anodisoitu-pcb-alumiini-jaahdytyselementti","status":"publish","type":"product","link":"https:\/\/sinoextrud.com\/fi\/product\/red-anodized-pcb-aluminum-heatsink\/","title":{"rendered":"Punainen anodisoitu PCB alumiini j\u00e4\u00e4hdytyselementti"},"content":{"rendered":"<h2>Tuotteiden tiedot<\/h2>\n<table class=\"custom-table\">\n<tr>\n<td class=\"label\">Luokka<\/td>\n<td>6000-sarja<\/td>\n<\/tr>\n<tr>\n<td class=\"label\">Suvaitsevaisuus<\/td>\n<td>GB\/T 3190-2008,GB\/T 14846-2008,ISO 2768<\/td>\n<\/tr>\n<tr>\n<td class=\"label\">Toimitusaika<\/td>\n<td>22-30 p\u00e4iv\u00e4\u00e4<\/td>\n<\/tr>\n<tr>\n<td class=\"label\">Temper<\/td>\n<td>T3-T8<\/td>\n<\/tr>\n<tr>\n<td class=\"label\">Hakemus<\/td>\n<td>L\u00e4mm\u00f6nsiili<\/td>\n<\/tr>\n<tr>\n<td class=\"label\">Muoto<\/td>\n<td>Custom<\/td>\n<\/tr>\n<tr>\n<td class=\"label\">Metalliseos tai ei<\/td>\n<td>Onko seos<\/td>\n<\/tr>\n<tr>\n<td class=\"label\">K\u00e4sittelypalvelu<\/td>\n<td>Hitsaus, l\u00e4vistys, leikkaus, CNC-ty\u00f6st\u00f6t<\/td>\n<\/tr>\n<tr>\n<td class=\"label\">Pitch<\/td>\n<td>4,3 mm<\/td>\n<\/tr>\n<tr>\n<td class=\"label\">Myyntiyksik\u00f6t<\/td>\n<td>Yksitt\u00e4inen tuote<\/td>\n<\/tr>\n<tr>\n<td class=\"label\">Yhden pakkauksen koko<\/td>\n<td>5X5X5 cm<\/td>\n<\/tr>\n<tr>\n<td class=\"label\">Yksitt\u00e4inen bruttopaino<\/td>\n<td>0,050 KG<\/td>\n<\/tr>\n<\/table>\n<h2>Tuotantopohjamme<\/h2>\n<h3>Tehtaan panoraama<\/h3>\n<p><img decoding=\"async\" src=\"\/wp-content\/uploads\/factory-01.webp\"\/><\/p>\n<h3>Alumiini Bar Manufacturing Workshop<\/h3>\n<p><img decoding=\"async\" src=\"\/wp-content\/uploads\/factory-02.webp\"\/><\/p>\n<p><img decoding=\"async\" src=\"\/wp-content\/uploads\/factory-03.webp\"\/><\/p>\n<h3>Muotin varastointi Varasto<\/h3>\n<p><img decoding=\"async\" src=\"\/wp-content\/uploads\/factory-04.webp\"\/><\/p>\n<h3>43 Alumiini ekstruusiolinjat (500\u00e2 5500 tonnia)<\/h3>\n<p><img decoding=\"async\" src=\"\/wp-content\/uploads\/factory-05.webp\"\/><\/p>\n<p><img decoding=\"async\" src=\"\/wp-content\/uploads\/factory-06.webp\"\/><\/p>\n<p><img decoding=\"async\" src=\"\/wp-content\/uploads\/factory-07.webp\"\/><\/p>\n<h3>Jauhemaalaus ty\u00f6paja<\/h3>\n<p><img decoding=\"async\" src=\"\/wp-content\/uploads\/factory-09.webp\"\/><\/p>\n<h3>Anodisointi ty\u00f6paja<\/h3>\n<p><img decoding=\"async\" src=\"\/wp-content\/uploads\/factory-10.webp\"\/><\/p>\n<h3>Syv\u00e4k\u00e4sittelyn ty\u00f6paja<\/h3>\n<p><img decoding=\"async\" src=\"\/wp-content\/uploads\/factory-11.webp\"\/><\/p>\n<h3>CNC-tarkkuuskoneistus ty\u00f6paja<\/h3>\n<p><img decoding=\"async\" src=\"\/wp-content\/uploads\/factory-11.5.webp\"\/><\/p>\n<h3>Valmiiden tuotteiden ja vientivarasto<\/h3>\n<p><img decoding=\"async\" src=\"\/wp-content\/uploads\/factory-12.webp\"\/><\/p>\n<p><img decoding=\"async\" src=\"\/wp-content\/uploads\/factory-13.webp\"\/><\/p>\n<p><img decoding=\"async\" src=\"\/wp-content\/uploads\/factory-14.webp\"\/><\/p>\n<h2>FAQ<\/h2>\n<p><p><b>1.Mik\u00e4 on punainen anodisoitu PCB-alumiinij\u00e4\u00e4hdytin?<\/b><\/p>\n<p>Se on alumiinista valmistettu j\u00e4\u00e4hdytyselementti, jossa on punainen anodisoitu viimeistely, joka on suunniteltu johtamaan l\u00e4mp\u00f6\u00e4 piirilevykomponenteista tehokkaasti.<br \/>\n<\/p><br \/>\n<br \/>\n<p><b>2.Miksi valita punainen anodisoitu viimeistely?<\/b><\/p>\n<p>Punainen anodisoitu pinnoite tarjoaa erinomaisen korroosionkest\u00e4vyyden ja parantaa alumiinisen j\u00e4\u00e4hdytyselementin kest\u00e4vyytt\u00e4.<br \/>\n<\/p><br \/>\n<br \/>\n<p><b>3.Miten alumiininen j\u00e4\u00e4hdytyselementti parantaa piirilevyn suorituskyky\u00e4?<\/b><\/p>\n<p>Alumiininen j\u00e4\u00e4hdytyselementti tarjoaa tehokkaan l\u00e4mm\u00f6nhallinnan, v\u00e4hent\u00e4\u00e4 komponenttien l\u00e4mp\u00f6tilaa ja pident\u00e4\u00e4 piirilevyn k\u00e4ytt\u00f6ik\u00e4\u00e4.<br \/>\n<\/p><br \/>\n<br \/>\n<p><b>4.Onko punainen anodisoitu PCB-alumiini j\u00e4\u00e4hdytyslevy muokattavissa?<\/b><\/p>\n<p>Kyll\u00e4, se voidaan r\u00e4\u00e4t\u00e4l\u00f6id\u00e4 muodoltaan, kooltaan ja kiinnitysominaisuuksiltaan erilaisiin piirilevykokoonpanoihin sopivaksi.<br \/>\n<\/p><br \/>\n<br \/>\n<p><b>5.Onko t\u00e4m\u00e4 j\u00e4\u00e4hdytyselementti sopiva suuritehoiselle elektroniikalle?<\/b><\/p>\n<p>Kyll\u00e4, se on ihanteellinen suuritehoisille sovelluksille, jotka vaativat tehokasta l\u00e4mm\u00f6npoistoa pienikokoisilla piirilevyill\u00e4.<br \/>\n<\/p><br \/>\n<br \/>\n<p><b>6.Miten j\u00e4\u00e4hdytyselementti on asennettu piirilevylle?<\/b><\/p>\n<p>Se voidaan asentaa l\u00e4mp\u00f6liimalla, ruuveilla tai klipseill\u00e4 suunnitteluvaatimusten mukaan.<br \/>\n<\/p><br \/>\n<br \/>\n<p><b>7.Does v\u00e4ri vaikuttaa l\u00e4mp\u00f6tehokkuuteen?<\/b><\/p>\n<p>Punainen anodisoitu v\u00e4ri on ensisijaisesti korroosionkest\u00e4vyyden ja visuaalisen tunnistettavuuden vuoksi, ja sen vaikutus l\u00e4mp\u00f6tehokkuuteen on minimaalinen.<br \/>\n<\/p><br \/>\n<br \/>\n<p><b>8.Can t\u00e4t\u00e4 j\u00e4\u00e4hdytyselementti\u00e4 voidaan k\u00e4ytt\u00e4\u00e4 ulkok\u00e4ytt\u00f6\u00f6n?<\/b><\/p>\n<p>Kyll\u00e4, anodisoitu alumiinipinta parantaa s\u00e4\u00e4- ja korroosionkest\u00e4vyytt\u00e4, joten se soveltuu ulkotiloihin.<br \/>\n<\/p><br \/><\/p>","protected":false},"featured_media":10615,"template":"","categories":[72],"class_list":["post-10616","product","type-product","status-publish","has-post-thumbnail","hentry","category-extruded-aluminum-heatsink"],"meta_box":{"hilight_text_group":{"product_hilight_text":"<li>Efficient thermal conductivity for PCB heat dissipation<\/li>\r\n<li>Red anodized finish enhances corrosion resistance<\/li>\r\n<li>Lightweight aluminum ensures structural integrity with minimal weight<\/li>\r\n<li>Customizable dimensions for diverse PCB layouts<\/li>\r\n<li>Improves overall device performance and lifespan<\/li>","product_chanpin_chanpin":"<ul>\r\n<li><a href=\"https:\/\/sinoextrud.com\/product\/aluminium-extrusion-6061-6082-7075-aluminum-alloy-profiles\/\" target=\"_blank\">6061 aluminum extrusion<\/a><\/li>\r\n<li><a href=\"https:\/\/sinoextrud.com\/product\/oval-aluminum-extrud-profile\/\" target=\"_blank\">oval aluminum extrusion<\/a><\/li>\r\n<li><a href=\"https:\/\/sinoextrud.com\/product\/aluminium-extrusion-anodised-aluminium-tube\/\" target=\"_blank\">anodised aluminium tube<\/a><\/li>\r\n<li><a href=\"https:\/\/sinoextrud.com\/product\/c-shaped-closed-linear-ceiling-system\/\" target=\"_blank\">linear closed ceilings<\/a><\/li>\r\n<li><a href=\"https:\/\/sinoextrud.com\/product\/the-new-perforated-ceiling-system\/\" target=\"_blank\">perforated french ceilings<\/a><\/li>\r\n<li><a href=\"https:\/\/sinoextrud.com\/product\/aluminum-extrusion-7003-7005-7020\/\" target=\"_blank\">7020 aluminum<\/a><\/li>\r\n<\/ul>","product_chanpin_blog":"<ul>\r\n<li><a href=\"https:\/\/sinoextrud.com\/t-slot-v-slot-differences\/\" target=\"_blank\">t slot vs v slot<\/a><\/li>\r\n<li><a href=\"https:\/\/sinoextrud.com\/what-is-4040-aluminium-extrud\/\" target=\"_blank\">4040 aluminium extrusion<\/a><\/li>\r\n<li><a href=\"https:\/\/sinoextrud.com\/what-is-4040-aluminium-extrud\/\" target=\"_blank\">aluminum extrusions for industrial racks<\/a><\/li>\r\n<li><a href=\"https:\/\/sinoextrud.com\/powder-coating-aluminium-process\/\" target=\"_blank\">powder coating aluminium<\/a><\/li>\r\n<li><a href=\"https:\/\/sinoextrud.com\/what-is-an-aluminium-strip-ceiling\/\" target=\"_blank\">aluminium strip ceiling<\/a><\/li>\r\n<li><a href=\"https:\/\/sinoextrud.com\/what-is-a-heat-sink\/\" target=\"_blank\">what is a heat sink<\/a><\/li>\r\n<\/ul>"},"feature_list":[]},"_links":{"self":[{"href":"https:\/\/sinoextrud.com\/fi\/wp-json\/wp\/v2\/product\/10616","targetHints":{"allow":["GET"]}}],"collection":[{"href":"https:\/\/sinoextrud.com\/fi\/wp-json\/wp\/v2\/product"}],"about":[{"href":"https:\/\/sinoextrud.com\/fi\/wp-json\/wp\/v2\/types\/product"}],"wp:featuredmedia":[{"embeddable":true,"href":"https:\/\/sinoextrud.com\/fi\/wp-json\/wp\/v2\/media\/10615"}],"wp:attachment":[{"href":"https:\/\/sinoextrud.com\/fi\/wp-json\/wp\/v2\/media?parent=10616"}],"wp:term":[{"taxonomy":"category","embeddable":true,"href":"https:\/\/sinoextrud.com\/fi\/wp-json\/wp\/v2\/categories?post=10616"}],"curies":[{"name":"wp","href":"https:\/\/api.w.org\/{rel}","templated":true}]}}