{"id":10614,"date":"2025-07-24T03:14:00","date_gmt":"2025-07-24T03:14:00","guid":{"rendered":"https:\/\/sinoextrud.com\/product\/large-cnc-custom-aluminum-heatsink\/"},"modified":"2025-07-24T03:14:00","modified_gmt":"2025-07-24T03:14:00","slug":"suuri-cnc-custom-alumiini-jaahdytyslevy","status":"publish","type":"product","link":"https:\/\/sinoextrud.com\/fi\/product\/large-cnc-custom-aluminum-heatsink\/","title":{"rendered":"Suuri CNC mukautettu alumiininen j\u00e4\u00e4hdytyslevy"},"content":{"rendered":"<h2>Tuotteiden tiedot<\/h2>\n<table class=\"custom-table\">\n<tr>\n<td class=\"label\">Luokka<\/td>\n<td>6000-sarja<\/td>\n<\/tr>\n<tr>\n<td class=\"label\">Suvaitsevaisuus<\/td>\n<td>GB\/T 3190-2008,GB\/T 14846-2008,ISO 2768<\/td>\n<\/tr>\n<tr>\n<td class=\"label\">Toimitusaika<\/td>\n<td>22-30 p\u00e4iv\u00e4\u00e4<\/td>\n<\/tr>\n<tr>\n<td class=\"label\">Temper<\/td>\n<td>T3-T8<\/td>\n<\/tr>\n<tr>\n<td class=\"label\">Hakemus<\/td>\n<td>L\u00e4mm\u00f6nsiili<\/td>\n<\/tr>\n<tr>\n<td class=\"label\">Muoto<\/td>\n<td>Neli\u00f6<\/td>\n<\/tr>\n<tr>\n<td class=\"label\">Metalliseos tai ei<\/td>\n<td>Onko seos<\/td>\n<\/tr>\n<tr>\n<td class=\"label\">K\u00e4sittelypalvelu<\/td>\n<td>Taivutus, purku, hitsaus, l\u00e4vistys, leikkaus, CNC-ty\u00f6st\u00f6t<\/td>\n<\/tr>\n<tr>\n<td class=\"label\">Pitch<\/td>\n<td>10mm<\/td>\n<\/tr>\n<tr>\n<td class=\"label\">Myyntiyksik\u00f6t<\/td>\n<td>Yksitt\u00e4inen tuote<\/td>\n<\/tr>\n<tr>\n<td class=\"label\">Yhden pakkauksen koko<\/td>\n<td>20X20X10 cm<\/td>\n<\/tr>\n<tr>\n<td class=\"label\">Yksitt\u00e4inen bruttopaino<\/td>\n<td>3.000 KG<\/td>\n<\/tr>\n<\/table>\n<h2>Tuotantopohjamme<\/h2>\n<h3>Tehtaan panoraama<\/h3>\n<p><img decoding=\"async\" src=\"\/wp-content\/uploads\/factory-01.webp\"\/><\/p>\n<h3>Alumiini Bar Manufacturing Workshop<\/h3>\n<p><img decoding=\"async\" src=\"\/wp-content\/uploads\/factory-02.webp\"\/><\/p>\n<p><img decoding=\"async\" src=\"\/wp-content\/uploads\/factory-03.webp\"\/><\/p>\n<h3>Muotin varastointi Varasto<\/h3>\n<p><img decoding=\"async\" src=\"\/wp-content\/uploads\/factory-04.webp\"\/><\/p>\n<h3>43 Alumiini ekstruusiolinjat (500\u00e2 5500 tonnia)<\/h3>\n<p><img decoding=\"async\" src=\"\/wp-content\/uploads\/factory-05.webp\"\/><\/p>\n<p><img decoding=\"async\" src=\"\/wp-content\/uploads\/factory-06.webp\"\/><\/p>\n<p><img decoding=\"async\" src=\"\/wp-content\/uploads\/factory-07.webp\"\/><\/p>\n<h3>Jauhemaalaus ty\u00f6paja<\/h3>\n<p><img decoding=\"async\" src=\"\/wp-content\/uploads\/factory-09.webp\"\/><\/p>\n<h3>Anodisointi ty\u00f6paja<\/h3>\n<p><img decoding=\"async\" src=\"\/wp-content\/uploads\/factory-10.webp\"\/><\/p>\n<h3>Syv\u00e4k\u00e4sittelyn ty\u00f6paja<\/h3>\n<p><img decoding=\"async\" src=\"\/wp-content\/uploads\/factory-11.webp\"\/><\/p>\n<h3>CNC-tarkkuuskoneistus ty\u00f6paja<\/h3>\n<p><img decoding=\"async\" src=\"\/wp-content\/uploads\/factory-11.5.webp\"\/><\/p>\n<h3>Valmiiden tuotteiden ja vientivarasto<\/h3>\n<p><img decoding=\"async\" src=\"\/wp-content\/uploads\/factory-12.webp\"\/><\/p>\n<p><img decoding=\"async\" src=\"\/wp-content\/uploads\/factory-13.webp\"\/><\/p>\n<p><img decoding=\"async\" src=\"\/wp-content\/uploads\/factory-14.webp\"\/><\/p>\n<h2>FAQ<\/h2>\n<p><p><b>1.Mik\u00e4 on suuri CNC Custom alumiini j\u00e4\u00e4hdytyslevy?<\/b><\/p>\n<p>Suuri CNC-valmisteinen alumiininen j\u00e4\u00e4hdytyselementti on alumiinista valmistettu tarkasti ty\u00f6stetty komponentti, joka haihduttaa l\u00e4mp\u00f6\u00e4 suuritehoisissa elektronisissa j\u00e4rjestelmiss\u00e4.<br \/>\n<\/p><br \/>\n<br \/>\n<p><b>2.Mitk\u00e4 ovat alumiinij\u00e4\u00e4hdyttimien CNC-ty\u00f6st\u00f6n t\u00e4rkeimm\u00e4t edut?<\/b><\/p>\n<p>CNC-ty\u00f6st\u00f6 tarjoaa korkean tarkkuuden, sile\u00e4n pinnan ja mahdollistaa mukautetun j\u00e4\u00e4hdytyselementin suunnittelun monimutkaisilla ominaisuuksilla.<br \/>\n<\/p><br \/>\n<br \/>\n<p><b>3.Miksi valita alumiini suureen mukautettuun j\u00e4\u00e4hdytyselementtiin?<\/b><\/p>\n<p>Alumiini tarjoaa erinomaisen l\u00e4mm\u00f6njohtavuuden, keveyden ja korroosionkest\u00e4vyyden, joten se on ihanteellinen j\u00e4\u00e4hdytyselementtisovelluksiin.<br \/>\n<\/p><br \/>\n<br \/>\n<p><b>4.Voinko pyyt\u00e4\u00e4 alumiinisen j\u00e4\u00e4hdytyselementin mukautettuja mittoja ja muotoja?<\/b><\/p>\n<p>Kyll\u00e4, CNC-palvelumme tukevat t\u00e4ysin r\u00e4\u00e4t\u00e4l\u00f6ityj\u00e4 kokoja ja monimutkaisia geometrioita eritelmiesi mukaan.<br \/>\n<\/p><br \/>\n<br \/>\n<p><b>5.Mitk\u00e4 teollisuudenalat k\u00e4ytt\u00e4v\u00e4t yleisesti suuria CNC-valmisteisia alumiinisia j\u00e4\u00e4hdytyslevyj\u00e4?<\/b><\/p>\n<p>Teollisuudessa, kuten televiestinn\u00e4ss\u00e4, autoteollisuudessa, LED-valaistuksessa ja teollisuusautomaatiossa, k\u00e4ytet\u00e4\u00e4n usein n\u00e4it\u00e4 j\u00e4\u00e4hdytyslevyj\u00e4 l\u00e4mm\u00f6nhallintaan.<br \/>\n<\/p><br \/>\n<br \/>\n<p><b>6.Tarjoatteko pintak\u00e4sittelyvaihtoehtoja alumiinisille j\u00e4\u00e4hdytyslevyille?<\/b><\/p>\n<p>Kyll\u00e4, tarjoamme anodisointia, jauhemaalausta, hiekkapuhallusta ja muita viimeistelyj\u00e4 suorituskyvyn ja ulkon\u00e4\u00f6n parantamiseksi.<br \/>\n<\/p><br \/>\n<br \/>\n<p><b>7.Miten suuri mukautettu alumiininen j\u00e4\u00e4hdytyselementti parantaa laitteen luotettavuutta?<\/b><\/p>\n<p>Se johtaa tehokkaasti l\u00e4mp\u00f6\u00e4 pois, est\u00e4\u00e4 l\u00e4mp\u00f6kertym\u00e4t ja varmistaa elektronisten komponenttien vakaan toiminnan ajan my\u00f6t\u00e4.<br \/>\n<\/p><br \/>\n<br \/>\n<p><b>8.Voidaanko n\u00e4it\u00e4 j\u00e4\u00e4hdytyslevyj\u00e4 valmistaa suuria m\u00e4\u00e4ri\u00e4?<\/b><\/p>\n<p>Kyll\u00e4, tuemme skaalautuvaa CNC-valmistusta, joka takaa tasaisen laadun sek\u00e4 pieniss\u00e4 ett\u00e4 suurissa tuotantosarjoissa.<br \/>\n<\/p><br \/><\/p>","protected":false},"featured_media":10613,"template":"","categories":[72],"class_list":["post-10614","product","type-product","status-publish","has-post-thumbnail","hentry","category-extruded-aluminum-heatsink"],"meta_box":{"hilight_text_group":{"product_hilight_text":"<li>High-precision CNC machining ensures tight tolerances for optimal thermal performance<\/li>\r\n<li>Customized aluminum design supports complex geometries and unique project needs<\/li>\r\n<li>Excellent heat dissipation capabilities ideal for high-power industrial electronics<\/li>\r\n<li>Lightweight and corrosion-resistant 6061\/7075 aluminum materials available<\/li>\r\n<li>Supports batch production with consistent quality and fast lead times<\/li>\r\n<li>Compatible with anodizing, powder coating, and other surface treatments<\/li>\r\n<li>Engineered for durability in demanding thermal management applications<\/li>","product_chanpin_chanpin":"<ul>\r\n<li><a href=\"https:\/\/sinoextrud.com\/product\/aluminium-extrusion-6061-6082-7075-aluminum-alloy-profiles\/\" target=\"_blank\">6061 aluminum extrusion<\/a><\/li>\r\n<li><a href=\"https:\/\/sinoextrud.com\/product\/oval-aluminum-extrud-profile\/\" target=\"_blank\">oval aluminum extrusion<\/a><\/li>\r\n<li><a href=\"https:\/\/sinoextrud.com\/product\/aluminium-extrusion-anodised-aluminium-tube\/\" target=\"_blank\">anodised aluminium tube<\/a><\/li>\r\n<li><a href=\"https:\/\/sinoextrud.com\/product\/c-shaped-closed-linear-ceiling-system\/\" target=\"_blank\">linear closed ceilings<\/a><\/li>\r\n<li><a href=\"https:\/\/sinoextrud.com\/product\/the-new-perforated-ceiling-system\/\" target=\"_blank\">perforated french ceilings<\/a><\/li>\r\n<li><a href=\"https:\/\/sinoextrud.com\/product\/aluminum-extrusion-7003-7005-7020\/\" target=\"_blank\">7020 aluminum<\/a><\/li>\r\n<\/ul>","product_chanpin_blog":"<ul>\r\n<li><a href=\"https:\/\/sinoextrud.com\/t-slot-v-slot-differences\/\" target=\"_blank\">t slot vs v slot<\/a><\/li>\r\n<li><a href=\"https:\/\/sinoextrud.com\/what-is-4040-aluminium-extrud\/\" target=\"_blank\">4040 aluminium extrusion<\/a><\/li>\r\n<li><a href=\"https:\/\/sinoextrud.com\/what-is-4040-aluminium-extrud\/\" target=\"_blank\">aluminum extrusions for industrial racks<\/a><\/li>\r\n<li><a href=\"https:\/\/sinoextrud.com\/powder-coating-aluminium-process\/\" target=\"_blank\">powder coating aluminium<\/a><\/li>\r\n<li><a href=\"https:\/\/sinoextrud.com\/what-is-an-aluminium-strip-ceiling\/\" target=\"_blank\">aluminium strip ceiling<\/a><\/li>\r\n<li><a href=\"https:\/\/sinoextrud.com\/what-is-a-heat-sink\/\" target=\"_blank\">what is a heat sink<\/a><\/li>\r\n<\/ul>"},"feature_list":[]},"_links":{"self":[{"href":"https:\/\/sinoextrud.com\/fi\/wp-json\/wp\/v2\/product\/10614","targetHints":{"allow":["GET"]}}],"collection":[{"href":"https:\/\/sinoextrud.com\/fi\/wp-json\/wp\/v2\/product"}],"about":[{"href":"https:\/\/sinoextrud.com\/fi\/wp-json\/wp\/v2\/types\/product"}],"wp:featuredmedia":[{"embeddable":true,"href":"https:\/\/sinoextrud.com\/fi\/wp-json\/wp\/v2\/media\/10613"}],"wp:attachment":[{"href":"https:\/\/sinoextrud.com\/fi\/wp-json\/wp\/v2\/media?parent=10614"}],"wp:term":[{"taxonomy":"category","embeddable":true,"href":"https:\/\/sinoextrud.com\/fi\/wp-json\/wp\/v2\/categories?post=10614"}],"curies":[{"name":"wp","href":"https:\/\/api.w.org\/{rel}","templated":true}]}}