{"id":10078,"date":"2025-07-10T09:19:30","date_gmt":"2025-07-10T09:19:30","guid":{"rendered":"https:\/\/sinoextrud.com\/?post_type=product&#038;p=10078"},"modified":"2025-07-10T09:28:16","modified_gmt":"2025-07-10T09:28:16","slug":"alumiini-lasi-u-kanavat","status":"publish","type":"product","link":"https:\/\/sinoextrud.com\/fi\/product\/aluminum-glass-u-channels\/","title":{"rendered":"Alumiini lasi U-kanavat"},"content":{"rendered":"<ul>\n<li>\n    <a href=\"\/fi\/tuote\/alumiiniprofiili-lasikaiteeseen\/\"><br \/>\n      <img decoding=\"async\" src=\"\/wp-content\/uploads\/Aluminium-Profile-For-Glass-Railing.webp\" alt=\"Alumiiniprofiili lasikaiteelle\" width=\"200\"><br \/>\n      Alumiiniprofiili lasikaiteelle<br \/>\n    <\/a>\n  <\/li>\n<li>\n    <a href=\"\/fi\/tuote\/alumiini-lasikanava\/\"><br \/>\n      <img decoding=\"async\" src=\"\/wp-content\/uploads\/Aluminum-Glass-Channel.webp\" alt=\"Alumiini lasi kanava\" width=\"200\"><br \/>\n      Alumiini lasi kanava<br \/>\n    <\/a>\n  <\/li>\n<li>\n    <a href=\"\/fi\/tuote\/alumiiniprofiili-lasikaiteisiin\/\"><br \/>\n      <img decoding=\"async\" src=\"\/wp-content\/uploads\/Aluminum-Profile-For-Glass-Railings.webp\" alt=\"Alumiiniprofiili lasi kaiteet\" width=\"200\"><br \/>\n      Alumiiniprofiili lasi kaiteet<br \/>\n    <\/a>\n  <\/li>\n<li>\n    <a href=\"\/fi\/tuote\/alumiiniprofiilit-lasia-varten\/\"><br \/>\n      <img decoding=\"async\" src=\"\/wp-content\/uploads\/Aluminum-Profiles-For-Glass.webp\" alt=\"Alumiiniprofiilit lasille\" width=\"200\"><br \/>\n      Alumiiniprofiilit lasille<br \/>\n    <\/a>\n  <\/li>\n<li>\n    <a href=\"\/fi\/tuote\/alumiiniprofiililasi-verhoseinajarjestelma\/\"><br \/>\n      <img decoding=\"async\" src=\"\/wp-content\/uploads\/Aluminum-Profile-Glass-Curtain-Wall-System.webp\" alt=\"Alumiiniprofiili lasi verho sein\u00e4j\u00e4rjestelm\u00e4\" width=\"200\"><br \/>\n      Alumiiniprofiili lasi verho sein\u00e4j\u00e4rjestelm\u00e4<br \/>\n    <\/a>\n  <\/li>\n<li>\n    <a href=\"\/fi\/tuote\/uusin-vakaa-suulakepuristettua-alumiinia-u-kanava-profiilin-kehykseton-lasi-kaidejarjestelma-kaiteen-kaide-varusteet\/\"><br \/>\n      <img decoding=\"async\" src=\"\/wp-content\/uploads\/Newest-Stable-Extruded-Aluminum-U-Channel-Profile-Frameless-Glass-Railing-System-With-Balustrade-Handrail-Fittings.webp\" alt=\"Uusin vakaa suulakepuristettu alumiini U-kanavaprofiili kehykset\u00f6n lasikaidej\u00e4rjestelm\u00e4 kaiteen kaiteen k\u00e4sijohteen varusteilla\" width=\"200\"><br \/>\n      Uusin vakaa suulakepuristettu alumiini U-kanavaprofiili kehykset\u00f6n lasikaidej\u00e4rjestelm\u00e4 kaiteen kaiteen k\u00e4sijohteen varusteilla<br \/>\n    <\/a>\n  <\/li>\n<li>\n    <a href=\"\/fi\/tuote\/alumiini-u-profiili-lasi-kaide\/\"><br \/>\n      <img decoding=\"async\" src=\"\/wp-content\/uploads\/Aluminum-U-profile-Glass-Railing.webp\" alt=\"Alumiini U-profiili lasi kaide\" width=\"200\"><br \/>\n      Alumiini U-profiili lasi kaide<br \/>\n    <\/a>\n  <\/li>\n<li>\n    <a href=\"\/fi\/tuote\/alumiiniprofiililasi-verhoseinajarjestelma-2\/\"><br \/>\n      <img decoding=\"async\" src=\"\/wp-content\/uploads\/Aluminium-Profile-Glass-Curtain-Wall-System.webp\" alt=\"Alumiiniprofiililasi-verhosein\u00e4j\u00e4rjestelm\u00e4\" width=\"200\"><br \/>\n      Alumiiniprofiililasi-verhosein\u00e4j\u00e4rjestelm\u00e4<br \/>\n    <\/a>\n  <\/li>\n<li>\n    <a href=\"\/fi\/tuote\/alumiinikanava-pleksilasia-varten\/\"><br \/>\n      <img decoding=\"async\" src=\"\/wp-content\/uploads\/Aluminum-Channel-For-Plexiglass.webp\" alt=\"Alumiinikanava pleksilasia varten\" width=\"200\"><br \/>\n      Alumiinikanava pleksilasia varten<br \/>\n    <\/a>\n  <\/li>\n<li>\n    <a href=\"\/fi\/tuote\/66-mm-alumiini-lasi-kaide-parvekkeelle-johti-nauhat-u-kanavan-portaiden-kaiteet\/\"><br \/>\n      <img decoding=\"async\" src=\"\/wp-content\/uploads\/66-MM-Aluminum-Glass-Railing-For-Balcony-LED-Strip-U-Channel-Stair-Railings.webp\" alt=\"6 + 6 MM alumiini lasi kaiteet parvekkeelle LED Strip U-kanava portaiden kaiteet\" width=\"200\"><br \/>\n      6 + 6 MM alumiini lasi kaiteet parvekkeelle LED Strip U-kanava portaiden kaiteet<br \/>\n    <\/a>\n  <\/li>\n<li>\n    <a href=\"\/fi\/tuote\/l-alumiiniprofiili-lasikaiteeseen\/\"><br \/>\n      <img decoding=\"async\" src=\"\/wp-content\/uploads\/L-Aluminum-Profile-For-Glass-Railing.webp\" alt=\"L Alumiiniprofiili lasi kaide\" width=\"200\"><br \/>\n      L Alumiiniprofiili lasi kaide<br \/>\n    <\/a>\n  <\/li>\n<li>\n    <a href=\"\/fi\/tuote\/aanieristetty-alumiini-lasi-lasi-ikkunat-liukuikkunat-ja-ovet-alumiiniprofiili-rakennusten-saleikkojarjestelma\/\"><br \/>\n      <img decoding=\"async\" src=\"\/wp-content\/uploads\/Sound-proof-Aluminum-Glass-Casement-Windows-Sliding-Windows-And-Doors-Aluminum-Profile-For-Buildings-Louver-System.webp\" alt=\"\u00c4\u00e4nieristetty alumiini lasi Casement ikkunat liukuikkunat ja ovet alumiini profiili rakennusten Louver j\u00e4rjestelm\u00e4\" width=\"200\"><br \/>\n      \u00c4\u00e4nieristetty alumiini lasi Casement ikkunat liukuikkunat ja ovet alumiini profiili rakennusten Louver j\u00e4rjestelm\u00e4<br \/>\n    <\/a>\n  <\/li>\n<li>\n    <a href=\"\/fi\/tuote\/alumiininen-lasin-asennuskanava\/\"><br \/>\n      <img decoding=\"async\" src=\"\/wp-content\/uploads\/Aluminium-Glass-Fitting-Channel.webp\" alt=\"Alumiininen lasin asennuskanava\" width=\"200\"><br \/>\n      Alumiininen lasin asennuskanava<br \/>\n    <\/a>\n  <\/li>\n<li>\n    <a href=\"\/fi\/tuote\/alumiininen-lasiprofiili\/\"><br \/>\n      <img decoding=\"async\" src=\"\/wp-content\/uploads\/Aluminium-Glass-Profile.webp\" alt=\"Alumiininen lasiprofiili\" width=\"200\"><br \/>\n      Alumiininen lasiprofiili<br \/>\n    <\/a>\n  <\/li>\n<li>\n    <a href=\"\/fi\/tuote\/alumiini-lasikehys-suulakepuristus\/\"><br \/>\n      <img decoding=\"async\" src=\"\/wp-content\/uploads\/Aluminum-Glass-Frame-Extrusion.webp\" alt=\"Alumiini lasikehyksen puristaminen\" width=\"200\"><br \/>\n      Alumiini lasikehyksen puristaminen<br \/>\n    <\/a>\n  <\/li>\n<li>\n    <a href=\"\/fi\/tuote\/alumiininen-liukuovi-ranskalaisella-tyylilla-bi-taittuva-lasiseinaovi-energiansaasto-lammoneristys\/\"><br \/>\n      <img decoding=\"async\" src=\"\/wp-content\/uploads\/Aluminium-Sliding-Door-With-French-Style-Bi-folding-Glass-Wall-Door-Energy-Saving-Heat-Insulation.webp\" alt=\"Alumiininen liukuovi, jossa on ranskalainen tyyli Bi-folding Glass Wall Door Energiaa s\u00e4\u00e4st\u00e4v\u00e4 l\u00e4mm\u00f6neristys\" width=\"200\"><br \/>\n      Alumiininen liukuovi, jossa on ranskalainen tyyli Bi-folding Glass Wall Door Energiaa s\u00e4\u00e4st\u00e4v\u00e4 l\u00e4mm\u00f6neristys<br \/>\n    <\/a>\n  <\/li>\n<li>\n    <a href=\"\/fi\/tuote\/12-20-mm-lasi-alumiini-lasi-lasi-kaide-hinta-per-jalka\/\"><br \/>\n      <img decoding=\"async\" src=\"\/wp-content\/uploads\/12-To-20-MM-Glass-Aluminum-Glass-Railing-Price-Per-Foot.webp\" alt=\"12-20 MM lasi alumiini lasi lasi kaiteet hinta per jalka\" width=\"200\"><br \/>\n      12-20 MM lasi alumiini lasi lasi kaiteet hinta per jalka<br \/>\n    <\/a>\n  <\/li>\n<li>\n    <a href=\"\/fi\/tuote\/kaupalliset-lasi-alumiinikaidejarjestelmat\/\"><br \/>\n      <img decoding=\"async\" src=\"\/wp-content\/uploads\/Commercial-Glass-Aluminium-Railing-Systems.webp\" alt=\"Kaupalliset lasi-alumiinikaidej\u00e4rjestelm\u00e4t\" width=\"200\"><br \/>\n      Kaupalliset lasi-alumiinikaidej\u00e4rjestelm\u00e4t<br \/>\n    <\/a>\n  <\/li>\n<li>\n    <a href=\"\/fi\/tuote\/alumiiniprofiili-lasikattoa-varten\/\"><br \/>\n      <img decoding=\"async\" src=\"\/wp-content\/uploads\/Aluminium-Profile-For-Glass-Roof.webp\" alt=\"Alumiiniprofiili lasikatolle\" width=\"200\"><br \/>\n      Alumiiniprofiili lasikatolle<br \/>\n    <\/a>\n  <\/li>\n<li>\n    <a href=\"\/fi\/tuote\/lasi-parveke-kaide-alumiini-u-kanava-suunnittelu\/\"><br \/>\n      <img decoding=\"async\" src=\"\/wp-content\/uploads\/Glass-Balcony-Railing-Aluminum-U-Channel-Design.webp\" alt=\"Lasi parveke kaiteet alumiini U-kanava suunnittelu\" width=\"200\"><br \/>\n      Lasi parveke kaiteet alumiini U-kanava suunnittelu<br \/>\n    <\/a>\n  <\/li>\n<li>\n    <a href=\"\/fi\/tuote\/aanieristetty-vesitiivis\/\"><br \/>\n      <img decoding=\"async\" src=\"\/wp-content\/uploads\/PVDF-Coating-Aluminum-profile-Curtain-Wall.webp\" alt=\"\u00c4\u00e4nieristetty Vesitiivis Tuulenkest\u00e4v\u00e4 peitt\u00e4v\u00e4 runko jauhemaalattu julkisivupinnoite ja lasisein\u00e4 alumiiniprofiili\" width=\"200\"><br \/>\n      \u00c4\u00e4nieristetty Vesitiivis Tuulenkest\u00e4v\u00e4 peitt\u00e4v\u00e4 runko jauhemaalattu julkisivupinnoite ja lasisein\u00e4 alumiiniprofiili<br \/>\n    <\/a>\n  <\/li>\n<li>\n    <a href=\"\/fi\/tuote\/suulakepuristettu-alumiiniseos-profiili-lasi-lattia-kanava\/\"><br \/>\n      <img decoding=\"async\" src=\"\/wp-content\/uploads\/Extruded-Aluminum-Alloy-Profile-For-Glass-Floor-Channel.webp\" alt=\"Suulakepuristettu alumiiniseos profiili lasi lattia kanava\" width=\"200\"><br \/>\n      Suulakepuristettu alumiiniseos profiili lasi lattia kanava<br \/>\n    <\/a>\n  <\/li>\n<li>\n    <a href=\"\/fi\/tuote\/alumiini-suulakepuristetut-kehykseton-lasi-kaide-alumiini-profiilit\/\"><br \/>\n      <img decoding=\"async\" src=\"\/wp-content\/uploads\/Aluminium-Extrusion-Frameless-Glass-Railing-Aluminum-Profiles.webp\" alt=\"Alumiini suulakepuristus kehykset\u00f6n lasi kaide alumiini profiilit\" width=\"200\"><br \/>\n      Alumiini suulakepuristus kehykset\u00f6n lasi kaide alumiini profiilit<br \/>\n    <\/a>\n  <\/li>\n<\/ul>\n<h2>FAQ<\/h2>\n<p><b>1.Mik\u00e4 on alumiinilasi U-kanava?<\/b><\/p>\n<p>Alumiinilasi-U-kanava on rakenneprofiili, joka on suunniteltu pit\u00e4m\u00e4\u00e4n ja kiinnitt\u00e4m\u00e4\u00e4n lasipaneelit, joita k\u00e4ytet\u00e4\u00e4n yleens\u00e4 kehyksett\u00f6miss\u00e4 asennuksissa.\n<\/p>\n<p><\/p>\n<p><b>2.Mitk\u00e4 ovat alumiinisten U-kanavien k\u00e4yt\u00f6n edut lasille?<\/b><\/p>\n<p>Alumiiniset U-kanavat tarjoavat vahvan tuen, korroosionkest\u00e4vyyden ja modernin ulkon\u00e4\u00f6n, joten ne sopivat erinomaisesti sek\u00e4 asuin- ett\u00e4 kaupallisiin sovelluksiin.\n<\/p>\n<p><\/p>\n<p><b>3.Ovatko alumiinilasi-U-kanavat soveltuvat ulkok\u00e4ytt\u00f6\u00f6n?<\/b><\/p>\n<p>Kyll\u00e4, alumiiniset lasi-U-kanavat on valmistettu korroosionkest\u00e4v\u00e4st\u00e4 alumiinista, joka sopii erinomaisesti sek\u00e4 sis\u00e4- ett\u00e4 ulkotiloihin.\n<\/p>\n<p><\/p>\n<p><b>4.What lasin paksuus voi alumiininen U-kanavat mahtuu?<\/b><\/p>\n<p>Useimmat alumiiniset lasi-U-kanavat tukevat lasin paksuuksia 6 mm:st\u00e4 12 mm:iin profiilin muotoilusta riippuen.\n<\/p>\n<p><\/p>\n<p><b>5.Kuinka helppoa on asentaa alumiinilasi U-kanava?<\/b><\/p>\n<p>Alumiiniset lasi-U-kanavat on suunniteltu nopeaan ja helppoon asennukseen, mik\u00e4 v\u00e4hent\u00e4\u00e4 ty\u00f6aikaa ja kustannuksia.\n<\/p>\n<p><\/p>\n<p><b>6.Voinko saada mukautettuja kokoja tai viimeistelyj\u00e4 alumiinisille U-kanaville?<\/b><\/p>\n<p>Kyll\u00e4, alumiinilasi-U-kanavia on saatavana r\u00e4\u00e4t\u00e4l\u00f6ityin\u00e4 pituuksina ja pintak\u00e4sittelyin\u00e4 vastaamaan projektisi erityisvaatimuksia.\n<\/p>\n<p><\/p>\n<p><b>7.Do alumiini lasi U-kanavat vaativat huoltoa?<\/b><\/p>\n<p>Niiden kest\u00e4vien ja korroosionkest\u00e4vien ominaisuuksien ansiosta ne vaativat vain v\u00e4h\u00e4n huoltoa.\n<\/p>\n<p><\/p>\n<p><b>8.Ovatko alumiiniset U-kanavat yhteensopivia karkaistun tai laminoidun lasin kanssa?<\/b><\/p>\n<p>Kyll\u00e4, alumiinilasin U-kanavat sopivat hyvin sek\u00e4 karkaistun ett\u00e4 laminoidun lasin kanssa, ja ne tarjoavat turvallisen tuen ja siistin ulkon\u00e4\u00f6n.\n<\/p>\n<p><\/p>","protected":false},"featured_media":7756,"template":"","categories":[57],"class_list":["post-10078","product","type-product","status-publish","has-post-thumbnail","hentry","category-anodized-aluminum-profile"],"meta_box":{"hilight_text_group":{"product_hilight_text":"<li>Durable aluminum construction ensures long-lasting structural integrity<\/li>\r\n<li>Ideal for frameless glass installations in commercial projects<\/li>\r\n<li>Sleek modern design enhances architectural aesthetics<\/li>\r\n<li>Corrosion-resistant finish suitable for indoor and outdoor use<\/li>\r\n<li>Compatible with various glass thicknesses for flexible applications<\/li>\r\n<li>Easy installation reduces labor time and costs<\/li>\r\n<li>Custom lengths and finishes available for project-specific needs<\/li>"},"feature_list":[]},"_links":{"self":[{"href":"https:\/\/sinoextrud.com\/fi\/wp-json\/wp\/v2\/product\/10078","targetHints":{"allow":["GET"]}}],"collection":[{"href":"https:\/\/sinoextrud.com\/fi\/wp-json\/wp\/v2\/product"}],"about":[{"href":"https:\/\/sinoextrud.com\/fi\/wp-json\/wp\/v2\/types\/product"}],"wp:featuredmedia":[{"embeddable":true,"href":"https:\/\/sinoextrud.com\/fi\/wp-json\/wp\/v2\/media\/7756"}],"wp:attachment":[{"href":"https:\/\/sinoextrud.com\/fi\/wp-json\/wp\/v2\/media?parent=10078"}],"wp:term":[{"taxonomy":"category","embeddable":true,"href":"https:\/\/sinoextrud.com\/fi\/wp-json\/wp\/v2\/categories?post=10078"}],"curies":[{"name":"wp","href":"https:\/\/api.w.org\/{rel}","templated":true}]}}