{"id":10067,"date":"2025-07-09T02:02:18","date_gmt":"2025-07-09T02:02:18","guid":{"rendered":"https:\/\/sinoextrud.com\/product\/fiber-laser-marking-machine\/"},"modified":"2025-07-09T02:03:58","modified_gmt":"2025-07-09T02:03:58","slug":"kuitulaser-merkintakone","status":"publish","type":"product","link":"https:\/\/sinoextrud.com\/fi\/product\/fiber-laser-marking-machine\/","title":{"rendered":"Kuitu Laser merkint\u00e4 kone"},"content":{"rendered":"<h2>Tuotteiden tiedot<\/h2>\n<table class=\"custom-table\">\n<tr>\n<td class=\"label\">lasertyyppi<\/td>\n<td>Kuitulaser<\/td>\n<\/tr>\n<tr>\n<td class=\"label\">tuettu graafinen muoto<\/td>\n<td>AI, BMP, DXF, DXP, DXP, Dst, Dwg, LAS, PLT.<\/td>\n<\/tr>\n<tr>\n<td class=\"label\">ominaisuus<\/td>\n<td>Syv\u00e4 merkint\u00e4<\/td>\n<\/tr>\n<tr>\n<td class=\"label\">t\u00e4rkeimm\u00e4t myyntivaltit<\/td>\n<td>Helppo k\u00e4ytt\u00e4\u00e4<\/td>\n<\/tr>\n<tr>\n<td class=\"label\">takuu<\/td>\n<td>2 vuotta<\/td>\n<\/tr>\n<tr>\n<td class=\"label\">ehto<\/td>\n<td>Uusi<\/td>\n<\/tr>\n<tr>\n<td class=\"label\">J\u00e4\u00e4hdytysj\u00e4rjestelm\u00e4<\/td>\n<td>Ilman j\u00e4\u00e4hdytys<\/td>\n<\/tr>\n<tr>\n<td class=\"label\">cnc vai ei<\/td>\n<td>Kyll\u00e4<\/td>\n<\/tr>\n<tr>\n<td class=\"label\">ohjausj\u00e4rjestelm\u00e4n merkki<\/td>\n<td>ezcard<\/td>\n<\/tr>\n<tr>\n<td class=\"label\">ty\u00f6st\u00f6tarkkuus<\/td>\n<td>0.01mm<\/td>\n<\/tr>\n<tr>\n<td class=\"label\">Merkint\u00e4syvyys<\/td>\n<td>0.5-2mm<\/td>\n<\/tr>\n<tr>\n<td class=\"label\">Merkint\u00e4nopeus<\/td>\n<td>7000-12000 mm\/s<\/td>\n<\/tr>\n<tr>\n<td class=\"label\">Myyntiyksik\u00f6t<\/td>\n<td>Yksitt\u00e4inen tuote<\/td>\n<\/tr>\n<tr>\n<td class=\"label\">Yhden pakkauksen koko<\/td>\n<td>10X10X10 cm<\/td>\n<\/tr>\n<tr>\n<td class=\"label\">Yksitt\u00e4inen bruttopaino<\/td>\n<td>55.000 KG<\/td>\n<\/tr>\n<\/table>\n<h2>FAQ<\/h2>\n<p><b>1.Mit\u00e4 materiaaleja kuitulaser-merkint\u00e4kone voi merkit\u00e4?<\/b><\/p>\n<p>Kuitulasermerkint\u00e4koneet soveltuvat erinomaisesti metallien, kuten ruostumattoman ter\u00e4ksen, alumiinin, kullan ja joidenkin kovien muovien merkitsemiseen.\n<\/p>\n<p><\/p>\n<p><b>2.Miksi kuitulasermerkint\u00e4 sopii teollisuusk\u00e4ytt\u00f6\u00f6n?<\/b><\/p>\n<p>Kuitulasermerkint\u00e4 tarjoaa nopean suorituskyvyn, vakaan toiminnan ja kest\u00e4vyyden vaativissa ymp\u00e4rist\u00f6iss\u00e4, joten se sopii erinomaisesti teollisiin sovelluksiin.\n<\/p>\n<p><\/p>\n<p><b>3.Mitk\u00e4 ovat kuitulaser-merkint\u00e4koneiden edut?<\/b><\/p>\n<p>Kuitulaser-merkint\u00e4koneet tarjoavat korkean tarkkuuden, nopean k\u00e4sittelynopeuden, alhaisen virrankulutuksen ja pitk\u00e4n k\u00e4ytt\u00f6i\u00e4n.\n<\/p>\n<p><\/p>\n<p><b>4.Onko kuitulaser merkint\u00e4kone huoltovapaa?<\/b><\/p>\n<p>Kyll\u00e4, kuitulaserj\u00e4rjestelm\u00e4t vaativat vain v\u00e4h\u00e4n tai ei lainkaan huoltoa kiinte\u00e4n rakenteensa ja kest\u00e4v\u00e4n laserl\u00e4hteens\u00e4 ansiosta.\n<\/p>\n<p><\/p>\n<p><b>5.Voiko kuitulaserilla tehd\u00e4 syv\u00e4\u00e4 kaiverrusta?<\/b><\/p>\n<p>Kyll\u00e4, kuitulasermerkint\u00e4koneet tukevat sek\u00e4 hienoa pintamerkint\u00e4\u00e4 ett\u00e4 syv\u00e4\u00e4 kaiverrusta erilaisiin metallimateriaaleihin.\n<\/p>\n<p><\/p>\n<p><b>6.Kuinka kauan kuitulaserl\u00e4hde kest\u00e4\u00e4?<\/b><\/p>\n<p>Kuitulaserl\u00e4hteet kest\u00e4v\u00e4t tyypillisesti yli 100 000 tuntia, mik\u00e4 pident\u00e4\u00e4 k\u00e4ytt\u00f6ik\u00e4\u00e4 ja alentaa k\u00e4ytt\u00f6kustannuksia.\n<\/p>\n<p><\/p>\n<p><b>7.Onko kuitulasermerkint\u00e4 energiatehokas?<\/b><\/p>\n<p>Kyll\u00e4, kuitulasermerkint\u00e4koneet ovat eritt\u00e4in energiatehokkaita, sill\u00e4 ne muuttavat suurimman osan s\u00e4hk\u00f6energiasta lasertuotannoksi.\n<\/p>\n<p><\/p>\n<p><b>8.Voiko kuitulaserlaitteita k\u00e4ytt\u00e4\u00e4 automaattisissa j\u00e4rjestelmiss\u00e4?<\/b><\/p>\n<p>Lis\u00e4ksi niiden kompakti ja modulaarinen rakenne tekee kuitulaserlaitteista ihanteellisia integroitaviksi automatisoituihin tuotantolinjoihin.\n<\/p>\n<p><\/p>","protected":false},"featured_media":10066,"template":"","categories":[70],"class_list":["post-10067","product","type-product","status-publish","has-post-thumbnail","hentry","category-aluminum-machinery"],"meta_box":{"hilight_text_group":{"product_hilight_text":"<li>High-speed marking with excellent beam quality<\/li>\r\n<li>Suitable for metals and some hard plastics<\/li>\r\n<li>Low power consumption and high energy efficiency<\/li>\r\n<li>Long service life with maintenance-free operation<\/li>\r\n<li>Compact design for easy integration into production lines<\/li>\r\n<li>Supports deep engraving and fine marking<\/li>\r\n<li>Stable performance in harsh industrial environments<\/li>","product_chanpin_chanpin":"<ul>\r\n<li><a href=\"https:\/\/sinoextrud.com\/product\/aluminium-extrusion-6061-6082-7075-aluminum-alloy-profiles\/\" target=\"_blank\">6061 aluminum extrusion<\/a><\/li>\r\n<li><a href=\"https:\/\/sinoextrud.com\/product\/oval-aluminum-extrud-profile\/\" target=\"_blank\">oval aluminum extrusion<\/a><\/li>\r\n<li><a href=\"https:\/\/sinoextrud.com\/product\/aluminium-extrusion-anodised-aluminium-tube\/\" target=\"_blank\">anodised aluminium tube<\/a><\/li>\r\n<li><a href=\"https:\/\/sinoextrud.com\/product\/c-shaped-closed-linear-ceiling-system\/\" target=\"_blank\">linear closed ceilings<\/a><\/li>\r\n<li><a href=\"https:\/\/sinoextrud.com\/product\/the-new-perforated-ceiling-system\/\" target=\"_blank\">perforated french ceilings<\/a><\/li>\r\n<li><a href=\"https:\/\/sinoextrud.com\/product\/aluminum-extrusion-7003-7005-7020\/\" target=\"_blank\">7020 aluminum<\/a><\/li>\r\n<\/ul>","product_chanpin_blog":"<ul>\r\n<li><a href=\"https:\/\/sinoextrud.com\/t-slot-v-slot-differences\/\" target=\"_blank\">t slot vs v slot<\/a><\/li>\r\n<li><a href=\"https:\/\/sinoextrud.com\/what-is-4040-aluminium-extrud\/\" target=\"_blank\">4040 aluminium extrusion<\/a><\/li>\r\n<li><a href=\"https:\/\/sinoextrud.com\/what-is-4040-aluminium-extrud\/\" target=\"_blank\">aluminum extrusions for industrial racks<\/a><\/li>\r\n<li><a href=\"https:\/\/sinoextrud.com\/powder-coating-aluminium-process\/\" target=\"_blank\">powder coating aluminium<\/a><\/li>\r\n<li><a href=\"https:\/\/sinoextrud.com\/what-is-an-aluminium-strip-ceiling\/\" target=\"_blank\">aluminium strip ceiling<\/a><\/li>\r\n<li><a href=\"https:\/\/sinoextrud.com\/what-is-a-heat-sink\/\" target=\"_blank\">what is a heat sink<\/a><\/li>\r\n<\/ul>"},"feature_list":[]},"_links":{"self":[{"href":"https:\/\/sinoextrud.com\/fi\/wp-json\/wp\/v2\/product\/10067","targetHints":{"allow":["GET"]}}],"collection":[{"href":"https:\/\/sinoextrud.com\/fi\/wp-json\/wp\/v2\/product"}],"about":[{"href":"https:\/\/sinoextrud.com\/fi\/wp-json\/wp\/v2\/types\/product"}],"wp:featuredmedia":[{"embeddable":true,"href":"https:\/\/sinoextrud.com\/fi\/wp-json\/wp\/v2\/media\/10066"}],"wp:attachment":[{"href":"https:\/\/sinoextrud.com\/fi\/wp-json\/wp\/v2\/media?parent=10067"}],"wp:term":[{"taxonomy":"category","embeddable":true,"href":"https:\/\/sinoextrud.com\/fi\/wp-json\/wp\/v2\/categories?post=10067"}],"curies":[{"name":"wp","href":"https:\/\/api.w.org\/{rel}","templated":true}]}}