{"id":10065,"date":"2025-07-09T01:38:03","date_gmt":"2025-07-09T01:38:03","guid":{"rendered":"https:\/\/sinoextrud.com\/product\/uv-laser-marking-machine\/"},"modified":"2025-07-09T01:39:02","modified_gmt":"2025-07-09T01:39:02","slug":"uv-lasermerkintakone","status":"publish","type":"product","link":"https:\/\/sinoextrud.com\/fi\/product\/uv-laser-marking-machine\/","title":{"rendered":"UV-lasermerkint\u00e4kone"},"content":{"rendered":"<h2>Tuotteiden tiedot<\/h2>\n<table class=\"custom-table\">\n<tr>\n<td class=\"label\">lasertyyppi<\/td>\n<td>Kuitulaser<\/td>\n<\/tr>\n<tr>\n<td class=\"label\">tuettu graafinen muoto<\/td>\n<td>AI, PLT, DXF, BMP, Dst, Dwg<\/td>\n<\/tr>\n<tr>\n<td class=\"label\">ominaisuus<\/td>\n<td>Ilmaj\u00e4\u00e4hdytteinen<\/td>\n<\/tr>\n<tr>\n<td class=\"label\">t\u00e4rkeimm\u00e4t myyntivaltit<\/td>\n<td>Yksityinen r\u00e4\u00e4t\u00e4l\u00f6inti<\/td>\n<\/tr>\n<tr>\n<td class=\"label\">takuu<\/td>\n<td>2 vuotta<\/td>\n<\/tr>\n<tr>\n<td class=\"label\">ehto<\/td>\n<td>Uusi<\/td>\n<\/tr>\n<tr>\n<td class=\"label\">J\u00e4\u00e4hdytysj\u00e4rjestelm\u00e4<\/td>\n<td>Ilman j\u00e4\u00e4hdytys<\/td>\n<\/tr>\n<tr>\n<td class=\"label\">cnc vai ei<\/td>\n<td>Kyll\u00e4<\/td>\n<\/tr>\n<tr>\n<td class=\"label\">ohjausj\u00e4rjestelm\u00e4n merkki<\/td>\n<td>JinChengzi<\/td>\n<\/tr>\n<tr>\n<td class=\"label\">ty\u00f6st\u00f6tarkkuus<\/td>\n<td>0.001MM<\/td>\n<\/tr>\n<tr>\n<td class=\"label\">paino (kg)<\/td>\n<td>150<\/td>\n<\/tr>\n<tr>\n<td class=\"label\">Myyntiyksik\u00f6t<\/td>\n<td>Yksitt\u00e4inen tuote<\/td>\n<\/tr>\n<tr>\n<td class=\"label\">Yhden pakkauksen koko<\/td>\n<td>100X100X100 cm<\/td>\n<\/tr>\n<tr>\n<td class=\"label\">Yksitt\u00e4inen bruttopaino<\/td>\n<td>100.000 KG<\/td>\n<\/tr>\n<\/table>\n<h2>FAQ<\/h2>\n<p><b>1.Mit\u00e4 materiaaleja UV-lasermerkint\u00e4koneet voivat k\u00e4sitell\u00e4?<\/b><\/p>\n<p>UV-lasermerkint\u00e4koneet soveltuvat erinomaisesti l\u00e4mp\u00f6herkkien materiaalien, kuten muovin, lasin, keramiikan ja ohuiden kalvojen merkitsemiseen.\n<\/p>\n<p><\/p>\n<p><b>2.Miten UV-lasermerkint\u00e4koneella saavutetaan korkea tarkkuus?<\/b><\/p>\n<p>UV-lasermerkint\u00e4koneet k\u00e4ytt\u00e4v\u00e4t lyhyen aallonpituuden lasers\u00e4dett\u00e4 eritt\u00e4in hienojen ja tarkkojen merkint\u00e4tulosten aikaansaamiseksi.\n<\/p>\n<p><\/p>\n<p><b>3.Onko UV-lasermerkint\u00e4 ymp\u00e4rist\u00f6yst\u00e4v\u00e4llinen?<\/b><\/p>\n<p>Kyll\u00e4, UV-lasermerkint\u00e4 on puhdas, kosketukseton prosessi, joka ei tuota haitallisia p\u00e4\u00e4st\u00f6j\u00e4, joten se on ymp\u00e4rist\u00f6yst\u00e4v\u00e4llinen.\n<\/p>\n<p><\/p>\n<p><b>4.Mitk\u00e4 ovat UV-laserin k\u00e4yt\u00f6n edut muovimerkinn\u00e4ss\u00e4?<\/b><\/p>\n<p>UV-lasermerkint\u00e4koneilla saadaan aikaan tasaisia ja kontrastikkaita merkint\u00f6j\u00e4 muoviin polttamatta tai sulattamatta pintaa.\n<\/p>\n<p><\/p>\n<p><b>5.Kuinka kauan UV-laserl\u00e4hde kest\u00e4\u00e4?<\/b><\/p>\n<p>UV-laserl\u00e4hteiden k\u00e4ytt\u00f6ik\u00e4 on tyypillisesti pitk\u00e4, jopa 20 000 tuntia, mik\u00e4 v\u00e4hent\u00e4\u00e4 k\u00e4ytt\u00f6katkoksia ja huoltokustannuksia.\n<\/p>\n<p><\/p>\n<p><b>6.Voidaanko UV-lasermerkint\u00e4koneita k\u00e4ytt\u00e4\u00e4 automaattisissa j\u00e4rjestelmiss\u00e4?<\/b><\/p>\n<p>Kyll\u00e4, niiden kompakti rakenne ja vakaa tuotos tekev\u00e4t niist\u00e4 t\u00e4ydellisi\u00e4 integroitaviksi automatisoituihin tuotantolinjoihin.\n<\/p>\n<p><\/p>\n<p><b>7.Miksi valita UV-lasermerkint\u00e4 perinteisten menetelmien sijaan?<\/b><\/p>\n<p>UV-lasermerkint\u00e4 tarjoaa perinteisiin merkint\u00e4tekniikoihin verrattuna suuremman tarkkuuden, minimaalisen l\u00e4mp\u00f6vaikutuksen ja paremmat tulokset herkiss\u00e4 materiaaleissa.\n<\/p>\n<p><\/p>\n<p><b>8.Tarvitaanko UV-lasermerkint\u00e4koneissa usein huoltoa?<\/b><\/p>\n<p>Ei, UV-lasermerkint\u00e4koneet vaativat v\u00e4h\u00e4n huoltoa, koska niiden lasertekniikka on vankkaa ja vakaata.<\/p>\n<p><\/p>","protected":false},"featured_media":10064,"template":"","categories":[70],"class_list":["post-10065","product","type-product","status-publish","has-post-thumbnail","hentry","category-aluminum-machinery"],"meta_box":{"hilight_text_group":{"product_hilight_text":"<li>High precision marking with ultra-fine UV laser beam<\/li>\r\n<li>Suitable for heat-sensitive materials like plastic and glass<\/li>\r\n<li>Non-contact, eco-friendly marking process<\/li>\r\n<li>Stable performance with long-lasting laser source<\/li>\r\n<li>Supports complex pattern engraving with high speed<\/li>\r\n<li>Low maintenance cost and long service life<\/li>\r\n<li>Compact design suitable for automated production lines<\/li>","product_chanpin_chanpin":"<ul>\r\n<li><a href=\"https:\/\/sinoextrud.com\/product\/aluminium-extrusion-6061-6082-7075-aluminum-alloy-profiles\/\" target=\"_blank\">6061 aluminum extrusion<\/a><\/li>\r\n<li><a href=\"https:\/\/sinoextrud.com\/product\/oval-aluminum-extrud-profile\/\" target=\"_blank\">oval aluminum extrusion<\/a><\/li>\r\n<li><a href=\"https:\/\/sinoextrud.com\/product\/aluminium-extrusion-anodised-aluminium-tube\/\" target=\"_blank\">anodised aluminium tube<\/a><\/li>\r\n<li><a href=\"https:\/\/sinoextrud.com\/product\/c-shaped-closed-linear-ceiling-system\/\" target=\"_blank\">linear closed ceilings<\/a><\/li>\r\n<li><a href=\"https:\/\/sinoextrud.com\/product\/the-new-perforated-ceiling-system\/\" target=\"_blank\">perforated french ceilings<\/a><\/li>\r\n<li><a href=\"https:\/\/sinoextrud.com\/product\/aluminum-extrusion-7003-7005-7020\/\" target=\"_blank\">7020 aluminum<\/a><\/li>\r\n<\/ul>","product_chanpin_blog":"<ul>\r\n<li><a href=\"https:\/\/sinoextrud.com\/t-slot-v-slot-differences\/\" target=\"_blank\">t slot vs v slot<\/a><\/li>\r\n<li><a href=\"https:\/\/sinoextrud.com\/what-is-4040-aluminium-extrud\/\" target=\"_blank\">4040 aluminium extrusion<\/a><\/li>\r\n<li><a href=\"https:\/\/sinoextrud.com\/what-is-4040-aluminium-extrud\/\" target=\"_blank\">aluminum extrusions for industrial racks<\/a><\/li>\r\n<li><a href=\"https:\/\/sinoextrud.com\/powder-coating-aluminium-process\/\" target=\"_blank\">powder coating aluminium<\/a><\/li>\r\n<li><a href=\"https:\/\/sinoextrud.com\/what-is-an-aluminium-strip-ceiling\/\" target=\"_blank\">aluminium strip ceiling<\/a><\/li>\r\n<li><a href=\"https:\/\/sinoextrud.com\/what-is-a-heat-sink\/\" target=\"_blank\">what is a heat sink<\/a><\/li>\r\n<\/ul>"},"feature_list":[]},"_links":{"self":[{"href":"https:\/\/sinoextrud.com\/fi\/wp-json\/wp\/v2\/product\/10065","targetHints":{"allow":["GET"]}}],"collection":[{"href":"https:\/\/sinoextrud.com\/fi\/wp-json\/wp\/v2\/product"}],"about":[{"href":"https:\/\/sinoextrud.com\/fi\/wp-json\/wp\/v2\/types\/product"}],"wp:featuredmedia":[{"embeddable":true,"href":"https:\/\/sinoextrud.com\/fi\/wp-json\/wp\/v2\/media\/10064"}],"wp:attachment":[{"href":"https:\/\/sinoextrud.com\/fi\/wp-json\/wp\/v2\/media?parent=10065"}],"wp:term":[{"taxonomy":"category","embeddable":true,"href":"https:\/\/sinoextrud.com\/fi\/wp-json\/wp\/v2\/categories?post=10065"}],"curies":[{"name":"wp","href":"https:\/\/api.w.org\/{rel}","templated":true}]}}