{"id":8593,"date":"2025-06-17T03:41:31","date_gmt":"2025-06-17T03:41:31","guid":{"rendered":"https:\/\/sinoextrud.com\/product\/aluminium-extrusion-hinge\/"},"modified":"2025-06-24T06:34:28","modified_gmt":"2025-06-24T06:34:28","slug":"alumiinium-ekstrusioonist-hinge","status":"publish","type":"product","link":"https:\/\/sinoextrud.com\/et\/product\/aluminium-extrusion-hinge\/","title":{"rendered":"Alumiiniumist ekstrusioonisangad"},"content":{"rendered":"<h2>Toodete \u00fcksikasjad<\/h2>\n<table class=\"custom-table\">\n<tbody>\n<tr>\n<td> Mudel nr.:<\/td>\n<td> h810<\/td>\n<\/tr>\n<tr>\n<td> Kuju:<\/td>\n<td> alumiiniumist hing<\/td>\n<\/tr>\n<tr>\n<td> Temperament:<\/td>\n<td> T3-T8<\/td>\n<\/tr>\n<tr>\n<td> Sulam:<\/td>\n<td> Sulam<\/td>\n<\/tr>\n<tr>\n<td> Legeeriv koostisosa:<\/td>\n<td> 6063<\/td>\n<\/tr>\n<tr>\n<td> Pinna viimistlemine:<\/td>\n<td> anodeeritud h\u00f5be<\/td>\n<\/tr>\n<tr>\n<td> Muu viimistlus:<\/td>\n<td> Pulbriga katmine, poleerimine<\/td>\n<\/tr>\n<tr>\n<td> Aktsepteeritav valuuta:<\/td>\n<td> USD, Hiina RMB, EUR<\/td>\n<\/tr>\n<tr>\n<td> Sertifitseerimine:<\/td>\n<td> ISO 9001<\/td>\n<\/tr>\n<tr>\n<td> HS-kood:<\/td>\n<td> 760429900<\/td>\n<\/tr>\n<tr>\n<td> T\u00fc\u00fcp:<\/td>\n<td> cnc mehaaniline alumiiniumi t\u00f6\u00f6tlemine<\/td>\n<\/tr>\n<tr>\n<td> T\u00f6\u00f6tlemine:<\/td>\n<td> Rafineeritud l\u00f5ikamine, freesimine, puurimine, stantsimine, C<\/td>\n<\/tr>\n<tr>\n<td> P\u00e4ritolu:<\/td>\n<td> Foshan, Guangdong.<\/td>\n<\/tr>\n<\/tbody>\n<\/table>\n<h2>Meie tootmisbaas<\/h2>\n<h3>Tehase panoraam<\/h3>\n<p><img decoding=\"async\" src=\"\/wp-content\/uploads\/factory-01.webp\"\/><\/p>\n<h3>Alumiiniumvarraste tootmise t\u00f6\u00f6koda<\/h3>\n<p><img decoding=\"async\" src=\"\/wp-content\/uploads\/factory-02.webp\"\/><\/p>\n<p><img decoding=\"async\" src=\"\/wp-content\/uploads\/factory-03.webp\"\/><\/p>\n<h3>hallituse ladustamise ladu<\/h3>\n<p><img decoding=\"async\" src=\"\/wp-content\/uploads\/factory-04.webp\"\/><\/p>\n<h3>43 alumiiniumi ekstrusiooniliini (500-5500 tonni)<\/h3>\n<p><img decoding=\"async\" src=\"\/wp-content\/uploads\/factory-05.webp\"\/><\/p>\n<p><img decoding=\"async\" src=\"\/wp-content\/uploads\/factory-06.webp\"\/><\/p>\n<p><img decoding=\"async\" src=\"\/wp-content\/uploads\/factory-07.webp\"\/><\/p>\n<h3>Pulberv\u00e4rvimise t\u00f6\u00f6koda<\/h3>\n<p><img decoding=\"async\" src=\"\/wp-content\/uploads\/factory-09.webp\"\/><\/p>\n<h3>Anodiseerimise t\u00f6\u00f6koda<\/h3>\n<p><img decoding=\"async\" src=\"\/wp-content\/uploads\/factory-10.webp\"\/><\/p>\n<h3>S\u00fcgavt\u00f6\u00f6tlemise t\u00f6\u00f6tuba<\/h3>\n<p><img decoding=\"async\" src=\"\/wp-content\/uploads\/factory-11.webp\"\/><\/p>\n<h3>CNC-t\u00e4ppist\u00f6\u00f6tlemise t\u00f6\u00f6koda<\/h3>\n<p><img decoding=\"async\" src=\"\/wp-content\/uploads\/factory-11.5.webp\"\/><\/p>\n<h3>Valmistoodete ja ekspordi ladu<\/h3>\n<p><img decoding=\"async\" src=\"\/wp-content\/uploads\/factory-12.webp\"\/><\/p>\n<p><img decoding=\"async\" src=\"\/wp-content\/uploads\/factory-13.webp\"\/><\/p>\n<p><img decoding=\"async\" src=\"\/wp-content\/uploads\/factory-14.webp\"\/><\/p>\n<h2>KKK<\/h2>\n<p><p><b>1.Mis on alumiiniumist ekstrusioonisangad?<\/b><\/p>\n<p>Alumiiniumist ekstrusioonisangad on alumiiniumist valmistatud sangad, mis on valmistatud ekstrusiooniprotsessi abil, pakkudes vastupidavust, kergust ja korrosioonikindlust mitmesuguste rakenduste jaoks.<br \/>\n<\/p><br \/>\n<br \/>\n<p><b>2.Miks kasutatakse alumiiniumist ekstrusioonilinkide jaoks?<\/b><\/p>\n<p>Alumiinium on kerge, tugev ja korrosioonikindel, mist\u00f5ttu on see ideaalne materjal pressitud hingede jaoks, mis peavad vastu pidama kulumisele ja keskkonnatingimustele, s\u00e4ilitades samal ajal j\u00f5udluse.<br \/>\n<\/p><br \/>\n<br \/>\n<p><b>3.Kui vastupidavad on alumiiniumist ekstrusioonisangad?<\/b><\/p>\n<p>Alumiiniumist pressitud hinged on t\u00e4nu alumiiniumi tugevusele v\u00e4ga vastupidavad, pakkudes pikaajalist j\u00f5udlust ja usaldusv\u00e4\u00e4rsust erinevates rakendustes.<br \/>\n<\/p><br \/>\n<br \/>\n<p><b>4.Kas alumiiniumist ekstrusioonisangad saab kohandada?<\/b><\/p>\n<p>Jah, alumiiniumist pressitud hinged saab kohandada suuruse, disaini ja konfiguratsiooni poolest, et vastata erinevate rakenduste erivajadustele ja -n\u00f5uetele.<br \/>\n<\/p><br \/>\n<br \/>\n<p><b>5.Millised t\u00f6\u00f6stusharud kasutavad alumiiniumist ekstrusioonisangad?<\/b><\/p>\n<p>Sellised t\u00f6\u00f6stusharud nagu ehitus, autot\u00f6\u00f6stus, elektroonika ja t\u00f6\u00f6stusseadmed kasutavad alumiiniumist pressitud hinged nende tugevuse, kerguse ja korrosioonikindluse t\u00f5ttu.<br \/>\n<\/p><br \/>\n<br \/>\n<p><b>6.Kui lihtne on alumiiniumist ekstrusioonisangad paigaldada?<\/b><\/p>\n<p>Alumiiniumist pressitud hinged on t\u00e4nu lihtsale konstruktsioonile ja kergele materjalile h\u00f5lpsasti paigaldatavad, pakkudes h\u00f5lpsat paigaldamist erinevatele ustele, paneelidele ja masinatele.<br \/>\n<\/p><br \/>\n<br \/>\n<p><b>7.Kas alumiiniumist ekstrusioonisangad on kuluefektiivsed?<\/b><\/p>\n<p>Jah, alumiiniumist pressitud hinged on kuluefektiivsed, pakkudes kvaliteetset lahendust konkurentsiv\u00f5imelise hinnaga, eriti suurtootmise ja pikaajalise kasutamise puhul.<br \/>\n<\/p><br \/><\/p>","protected":false},"featured_media":8592,"template":"","categories":[68],"class_list":["post-8593","product","type-product","status-publish","has-post-thumbnail","hentry","category-cnc-machining-aluminum-profile"],"meta_box":{"hilight_text_group":{"product_hilight_text":"<li>High-strength aluminum extrusion material for durable hinges<\/li>\r\r\n<li>Corrosion-resistant and lightweight, ideal for various applications<\/li>\r\r\n<li>Customizable sizes and designs to meet specific project needs<\/li>\r\r\n<li>Smooth operation with precision engineering for reliable performance<\/li>\r\r\n<li>Easy to install and maintain, offering long-term reliability<\/li>\r\r\n<li>Cost-effective solution for both small and large-scale production runs<\/li>","product_chanpin_blog":"<ul>\r\r\n<li><a href=\"https:\/\/sinoextrud.com\/t-slot-v-slot-differences\/\" target=\"_blank\">t slot vs v slot<\/a><\/li>\r\r\n<li><a href=\"https:\/\/sinoextrud.com\/what-is-4040-aluminium-extrud\/\" target=\"_blank\">4040 aluminium extrusion<\/a><\/li>\r\r\n<li><a href=\"https:\/\/sinoextrud.com\/what-is-4040-aluminium-extrud\/\" target=\"_blank\">aluminum extrusions for industrial racks<\/a><\/li>\r\r\n<li><a href=\"https:\/\/sinoextrud.com\/powder-coating-aluminium-process\/\" target=\"_blank\">powder coating aluminium<\/a><\/li>\r\r\n<li><a href=\"https:\/\/sinoextrud.com\/what-is-an-aluminium-strip-ceiling\/\" target=\"_blank\">aluminium strip ceiling<\/a><\/li>\r\r\n<li><a href=\"https:\/\/sinoextrud.com\/what-is-a-heat-sink\/\" target=\"_blank\">what is a heat sink<\/a><\/li>\r\r\n<\/ul>","product_chanpin_chanpin":"<li><a href=\"https:\/\/sinoextrud.com\/product\/aluminium-profile-rail\/\" target=\"_blank\">Aluminium Profile Rail<\/a><\/li>\r\n<li><a href=\"https:\/\/sinoextrud.com\/product\/machined-aluminum-extrusion\/\" target=\"_blank\">Machined Aluminum Extrusion<\/a><\/li>\r\n<li><a href=\"https:\/\/sinoextrud.com\/product\/aluminum-extrusion-accessories\/\" target=\"_blank\">Aluminum Extrusion Accessories<\/a><\/li>\r\n<li><a href=\"https:\/\/sinoextrud.com\/product\/extruded-aluminum-brackets\/\" target=\"_blank\">Extruded Aluminum Brackets<\/a><\/li>\r\n<li><a href=\"https:\/\/sinoextrud.com\/product\/aluminium-extrusion-hinge\/\" target=\"_blank\">Aluminium Extrusion Hinge<\/a><\/li>\r\n<li><a href=\"https:\/\/sinoextrud.com\/product\/cnc-aluminium\/\" target=\"_blank\">Cnc Aluminium<\/a><\/li>\r\n<li><a href=\"https:\/\/sinoextrud.com\/product\/aluminium-profile-accessories\/\" target=\"_blank\">Aluminium Profile Accessories<\/a><\/li>\r\n<li><a href=\"https:\/\/sinoextrud.com\/product\/round-aluminum-extrusion-tubular-cnc-bending\/\" target=\"_blank\">Round Aluminum Extrusion Tubular Cnc Bending<\/a><\/li>\r\n<li><a href=\"https:\/\/sinoextrud.com\/product\/controller-shell-instrument-box-industrial-aluminum-profile-electromechanical-shell\/\" target=\"_blank\">Controller Shell Instrument Box Industrial Aluminum Profile Electromechanical Shell<\/a><\/li>\r\n<li><a href=\"https:\/\/sinoextrud.com\/product\/aluminium-extrusion-table\/\" target=\"_blank\">Aluminium Extrusion Table<\/a><\/li>\r\n<li><a href=\"https:\/\/sinoextrud.com\/product\/v-shaped-linear-ceiling-system\/\" target=\"_blank\">V-Shaped Linear Ceiling System<\/a><\/li>"},"feature_list":[]},"_links":{"self":[{"href":"https:\/\/sinoextrud.com\/et\/wp-json\/wp\/v2\/product\/8593","targetHints":{"allow":["GET"]}}],"collection":[{"href":"https:\/\/sinoextrud.com\/et\/wp-json\/wp\/v2\/product"}],"about":[{"href":"https:\/\/sinoextrud.com\/et\/wp-json\/wp\/v2\/types\/product"}],"wp:featuredmedia":[{"embeddable":true,"href":"https:\/\/sinoextrud.com\/et\/wp-json\/wp\/v2\/media\/8592"}],"wp:attachment":[{"href":"https:\/\/sinoextrud.com\/et\/wp-json\/wp\/v2\/media?parent=8593"}],"wp:term":[{"taxonomy":"category","embeddable":true,"href":"https:\/\/sinoextrud.com\/et\/wp-json\/wp\/v2\/categories?post=8593"}],"curies":[{"name":"wp","href":"https:\/\/api.w.org\/{rel}","templated":true}]}}