{"id":8585,"date":"2025-06-17T03:33:19","date_gmt":"2025-06-17T03:33:19","guid":{"rendered":"https:\/\/sinoextrud.com\/product\/aluminium-profile-rail\/"},"modified":"2025-06-24T06:34:27","modified_gmt":"2025-06-24T06:34:27","slug":"alumiiniumprofiili-roobas","status":"publish","type":"product","link":"https:\/\/sinoextrud.com\/et\/product\/aluminium-profile-rail\/","title":{"rendered":"Alumiiniumprofiili r\u00f6\u00f6bas"},"content":{"rendered":"<h2>Toodete \u00fcksikasjad<\/h2>\n<table class=\"custom-table\">\n<tr>\n<td class=\"label\">Objekt:<\/td>\n<td> Alumiiniumprofiiliga piirded<\/td>\n<\/tr>\n<tr>\n<td class=\"label\">T\u00fc\u00fcp:<\/td>\n<td> Dekoratsioon Alumiiniumprofiil<\/td>\n<\/tr>\n<tr>\n<td class=\"label\">Hinne:<\/td>\n<td> 6000 seeria<\/td>\n<\/tr>\n<tr>\n<td class=\"label\">Pinna viimistlemine:<\/td>\n<td> Pulbri pihustamine<\/td>\n<\/tr>\n<tr>\n<td class=\"label\">Sertifitseerimine:<\/td>\n<td> CE, ISO, RoHS, TUV<\/td>\n<\/tr>\n<tr>\n<td class=\"label\">S\u00fcgavt\u00f6\u00f6tlus:<\/td>\n<td> L\u00f5ikamine, l\u00f6\u00f6mine, tembeldamine, painutamine, lihvimine, poleerimine, harjamine jne.<\/td>\n<\/tr>\n<tr>\n<td class=\"label\">Suurus:<\/td>\n<td> kui joonis v\u00f5i kohandatud<\/td>\n<\/tr>\n<tr>\n<td class=\"label\">Transpordipakett:<\/td>\n<td> Kartong, k\u00e4sit\u00f6\u00f6paber, kokkut\u00f5mmatud pakendatud<\/td>\n<\/tr>\n<tr>\n<td class=\"label\">P\u00e4ritolu:<\/td>\n<td> Foshan, Guangdong<\/td>\n<\/tr>\n<tr>\n<td class=\"label\">Kuju:<\/td>\n<td> Kohandatud<\/td>\n<\/tr>\n<tr>\n<td class=\"label\">Temperament:<\/td>\n<td> T3-T8<\/td>\n<\/tr>\n<tr>\n<td class=\"label\">Sulam:<\/td>\n<td> Sulam<\/td>\n<\/tr>\n<tr>\n<td class=\"label\">Legeeriv koostisosa:<\/td>\n<td> 6063<\/td>\n<\/tr>\n<tr>\n<td class=\"label\">Pinnat\u00f6\u00f6tlus:<\/td>\n<td> Anodeeritud, puidumass, pulberv\u00e4rvitud, elektroforees jne.<\/td>\n<\/tr>\n<tr>\n<td class=\"label\">V\u00e4rv:<\/td>\n<td> H\u00f5be, kuld, pronks, must, valge jne.<\/td>\n<\/tr>\n<tr>\n<td class=\"label\">Kaubam\u00e4rk:<\/td>\n<td> Sinoextrud<\/td>\n<\/tr>\n<tr>\n<td class=\"label\">Spetsifikatsioon:<\/td>\n<td> SGS<\/td>\n<\/tr>\n<tr>\n<td class=\"label\">HS-kood:<\/td>\n<td> 7604299000<\/td>\n<\/tr>\n<\/table>\n<h2>Meie tootmisbaas<\/h2>\n<h3>Tehase panoraam<\/h3>\n<p><img decoding=\"async\" src=\"\/wp-content\/uploads\/factory-01.webp\"\/><\/p>\n<h3>Alumiiniumvarraste tootmise t\u00f6\u00f6koda<\/h3>\n<p><img decoding=\"async\" src=\"\/wp-content\/uploads\/factory-02.webp\"\/><\/p>\n<p><img decoding=\"async\" src=\"\/wp-content\/uploads\/factory-03.webp\"\/><\/p>\n<h3>hallituse ladustamise ladu<\/h3>\n<p><img decoding=\"async\" src=\"\/wp-content\/uploads\/factory-04.webp\"\/><\/p>\n<h3>43 alumiiniumi ekstrusiooniliini (500-5500 tonni)<\/h3>\n<p><img decoding=\"async\" src=\"\/wp-content\/uploads\/factory-05.webp\"\/><\/p>\n<p><img decoding=\"async\" src=\"\/wp-content\/uploads\/factory-06.webp\"\/><\/p>\n<p><img decoding=\"async\" src=\"\/wp-content\/uploads\/factory-07.webp\"\/><\/p>\n<h3>Pulberv\u00e4rvimise t\u00f6\u00f6koda<\/h3>\n<p><img decoding=\"async\" src=\"\/wp-content\/uploads\/factory-09.webp\"\/><\/p>\n<h3>Anodiseerimise t\u00f6\u00f6koda<\/h3>\n<p><img decoding=\"async\" src=\"\/wp-content\/uploads\/factory-10.webp\"\/><\/p>\n<h3>S\u00fcgavt\u00f6\u00f6tlemise t\u00f6\u00f6tuba<\/h3>\n<p><img decoding=\"async\" src=\"\/wp-content\/uploads\/factory-11.webp\"\/><\/p>\n<h3>CNC-t\u00e4ppist\u00f6\u00f6tlemise t\u00f6\u00f6koda<\/h3>\n<p><img decoding=\"async\" src=\"\/wp-content\/uploads\/factory-11.5.webp\"\/><\/p>\n<h3>Valmistoodete ja ekspordi ladu<\/h3>\n<p><img decoding=\"async\" src=\"\/wp-content\/uploads\/factory-12.webp\"\/><\/p>\n<p><img decoding=\"async\" src=\"\/wp-content\/uploads\/factory-13.webp\"\/><\/p>\n<p><img decoding=\"async\" src=\"\/wp-content\/uploads\/factory-14.webp\"\/><\/p>\n<h2>KKK<\/h2>\n<p><p><b>1.Mis on alumiiniumprofiili r\u00f6\u00f6bas?<\/b><\/p>\n<p>Alumiiniumprofiili r\u00f6\u00f6bas on konstruktsioonielement, mis on m\u00f5eldud erinevate mehaaniliste s\u00fcsteemide lineaarsete liikumiste toetamiseks, tagades t\u00e4psuse ja stabiilsuse.<br \/>\n<\/p><br \/>\n<br \/>\n<p><b>2.Millised on alumiiniumprofiili r\u00f6\u00f6baste eelised?<\/b><\/p>\n<p>Alumiiniumprofiilide r\u00f6\u00f6pad pakuvad suurt tugevust, korrosioonikindlust, kerget konstruktsiooni ja t\u00e4ppistehnikat, mist\u00f5ttu on need ideaalsed mitmesuguste t\u00f6\u00f6stuslike rakenduste jaoks.<br \/>\n<\/p><br \/>\n<br \/>\n<p><b>3.Kas alumiiniumprofiili r\u00f6\u00f6paid saab kohandada?<\/b><\/p>\n<p>Jah, alumiiniumprofiili r\u00f6\u00f6paid saab kohandada suuruse, pikkuse ja disaini poolest, et vastata eri t\u00f6\u00f6stusharude spetsiifilistele rakendusn\u00f5uetele.<br \/>\n<\/p><br \/>\n<br \/>\n<p><b>4.Kuidas on alumiiniumprofiilide korrosioonikindlus nende j\u00f5udlusele kasulik?<\/b><\/p>\n<p>Korrosioonikindlus tagab, et alumiiniumprofiilidest r\u00f6\u00f6pad s\u00e4ilitavad vastupidavuse ja usaldusv\u00e4\u00e4rse toimimise ka karmides tingimustes, pikendades nende kasutusiga.<br \/>\n<\/p><br \/>\n<br \/>\n<p><b>5.Millised t\u00f6\u00f6stusharud kasutavad alumiiniumprofiili r\u00f6\u00f6paid?<\/b><\/p>\n<p>Sellised t\u00f6\u00f6stusharud nagu automaatika, robootika ja tootmine kasutavad alumiiniumprofiili r\u00f6\u00f6paid rakendustes, mis n\u00f5uavad sujuvat ja t\u00e4pset lineaarset liikumist.<br \/>\n<\/p><br \/>\n<br \/>\n<p><b>6.Kuidas parandab alumiiniumprofiili r\u00f6\u00f6baste kerge konstruktsioon t\u00f5husust?<\/b><\/p>\n<p>T\u00e4nu kergele konstruktsioonile on alumiiniumprofiili r\u00f6\u00f6paid lihtne k\u00e4sitseda ja paigaldada, v\u00e4hendades mehaanilise s\u00fcsteemi \u00fcldist kaalu ja suurendades s\u00fcsteemi t\u00f5husust.<br \/>\n<\/p><br \/>\n<br \/>\n<p><b>7.Kas alumiiniumprofiili r\u00f6\u00f6pad on keskkonnas\u00f5bralikud?<\/b><\/p>\n<p>Jah, alumiinium on taaskasutatav materjal, mist\u00f5ttu on alumiiniumprofiilidest r\u00f6\u00f6pad keskkonnas\u00f5bralik valik t\u00f6\u00f6stuslike rakenduste jaoks.<br \/>\n<\/p><br \/>\n<br \/>\n<p><b>8.Kas alumiiniumprofiilir\u00f6\u00f6pad sobivad raskeveokitele?<\/b><\/p>\n<p>Jah, alumiiniumprofiili r\u00f6\u00f6pad on konstrueeritud tugevuse ja t\u00e4psuse tagamiseks, mist\u00f5ttu sobivad need nii kergete kui ka raskete lineaarsete liikumiss\u00fcsteemide jaoks.<br \/>\n<\/p><br \/><\/p>","protected":false},"featured_media":8584,"template":"","categories":[68],"class_list":["post-8585","product","type-product","status-publish","has-post-thumbnail","hentry","category-cnc-machining-aluminum-profile"],"meta_box":{"hilight_text_group":{"product_hilight_text":"<li>High-strength aluminum profile rail designed for smooth, precise linear motion.<\/li>\r\r\n<li>Durable and lightweight material for easy handling and long-lasting performance.<\/li>\r\r\n<li>Corrosion-resistant surface, ensuring reliable operation in challenging environments.<\/li>\r\r\n<li>Customizable to meet specific application needs, offering versatility in design.<\/li>\r\r\n<li>Precision-engineered for high accuracy and minimal friction in linear motion systems.<\/li>\r\r\n<li>Cost-effective solution for both small and large-scale manufacturing projects.<\/li>\r\r\n<li>Eco-friendly, as aluminum is fully recyclable and sustainable.<\/li>","product_chanpin_blog":"<ul>\r\r\n<li><a href=\"https:\/\/sinoextrud.com\/t-slot-v-slot-differences\/\" target=\"_blank\">t slot vs v slot<\/a><\/li>\r\r\n<li><a href=\"https:\/\/sinoextrud.com\/what-is-4040-aluminium-extrud\/\" target=\"_blank\">4040 aluminium extrusion<\/a><\/li>\r\r\n<li><a href=\"https:\/\/sinoextrud.com\/what-is-4040-aluminium-extrud\/\" target=\"_blank\">aluminum extrusions for industrial racks<\/a><\/li>\r\r\n<li><a href=\"https:\/\/sinoextrud.com\/powder-coating-aluminium-process\/\" target=\"_blank\">powder coating aluminium<\/a><\/li>\r\r\n<li><a href=\"https:\/\/sinoextrud.com\/what-is-an-aluminium-strip-ceiling\/\" target=\"_blank\">aluminium strip ceiling<\/a><\/li>\r\r\n<li><a href=\"https:\/\/sinoextrud.com\/what-is-a-heat-sink\/\" target=\"_blank\">what is a heat sink<\/a><\/li>\r\r\n<\/ul>","product_chanpin_chanpin":"<li><a href=\"https:\/\/sinoextrud.com\/product\/profile-aluminum-cnc\/\" target=\"_blank\">Profile Aluminum CNC<\/a><\/li>\r\n<li><a href=\"https:\/\/sinoextrud.com\/product\/cnc-aluminium-extrusion\/\" target=\"_blank\">CNC Aluminium Extrusion<\/a><\/li>\r\n<li><a href=\"https:\/\/sinoextrud.com\/product\/extruded-aluminum-housing\/\" target=\"_blank\">Extruded Aluminum Housing<\/a><\/li>\r\n<li><a href=\"https:\/\/sinoextrud.com\/product\/aluminum-machining-round-tube-processing-by-aluminum-profile-cad-vs-aluminium-alloy-customized-anodized\/\" target=\"_blank\">aluminum machining round tube processing by aluminum profile cad  vs aluminium alloy Customized Anodized<\/a><\/li>\r\n<li><a href=\"https:\/\/sinoextrud.com\/product\/aluminium-profile-rail\/\" target=\"_blank\">Aluminium Profile Rail<\/a><\/li>\r\n<li><a href=\"https:\/\/sinoextrud.com\/product\/machined-aluminum-extrusion\/\" target=\"_blank\">Machined Aluminum Extrusion<\/a><\/li>\r\n<li><a href=\"https:\/\/sinoextrud.com\/product\/aluminum-extrusion-accessories\/\" target=\"_blank\">Aluminum Extrusion Accessories<\/a><\/li>\r\n<li><a href=\"https:\/\/sinoextrud.com\/product\/extruded-aluminum-brackets\/\" target=\"_blank\">Extruded Aluminum Brackets<\/a><\/li>\r\n<li><a href=\"https:\/\/sinoextrud.com\/product\/aluminium-extrusion-hinge\/\" target=\"_blank\">Aluminium Extrusion Hinge<\/a><\/li>\r\n<li><a href=\"https:\/\/sinoextrud.com\/product\/aluminum-extrusion-minimalist-office-partition-aluminum-profiles\/\" target=\"_blank\">Aluminum Extrusion Minimalist Office Partition Aluminum Profiles<\/a><\/li>\r\n<li><a href=\"https:\/\/sinoextrud.com\/product\/customized-led-strip-light-aluminium-profile-led-aluminum-extrusion\/\" target=\"_blank\">Customized LED Strip Light Aluminium Profile  LED Aluminum Extrusion<\/a><\/li>"},"feature_list":[]},"_links":{"self":[{"href":"https:\/\/sinoextrud.com\/et\/wp-json\/wp\/v2\/product\/8585","targetHints":{"allow":["GET"]}}],"collection":[{"href":"https:\/\/sinoextrud.com\/et\/wp-json\/wp\/v2\/product"}],"about":[{"href":"https:\/\/sinoextrud.com\/et\/wp-json\/wp\/v2\/types\/product"}],"wp:featuredmedia":[{"embeddable":true,"href":"https:\/\/sinoextrud.com\/et\/wp-json\/wp\/v2\/media\/8584"}],"wp:attachment":[{"href":"https:\/\/sinoextrud.com\/et\/wp-json\/wp\/v2\/media?parent=8585"}],"wp:term":[{"taxonomy":"category","embeddable":true,"href":"https:\/\/sinoextrud.com\/et\/wp-json\/wp\/v2\/categories?post=8585"}],"curies":[{"name":"wp","href":"https:\/\/api.w.org\/{rel}","templated":true}]}}