{"id":8577,"date":"2025-06-17T03:24:19","date_gmt":"2025-06-17T03:24:19","guid":{"rendered":"https:\/\/sinoextrud.com\/product\/profile-aluminum-cnc\/"},"modified":"2025-06-24T06:34:25","modified_gmt":"2025-06-24T06:34:25","slug":"profiil-alumiinium-cnc","status":"publish","type":"product","link":"https:\/\/sinoextrud.com\/et\/product\/profile-aluminum-cnc\/","title":{"rendered":"Profiil Alumiinium CNC"},"content":{"rendered":"<h2>Toodete \u00fcksikasjad<\/h2>\n<table class=\"custom-table\">\n<tbody>\n<tr>\n<td> Toote nimi<\/td>\n<td> Profiil Alumiinium CNC<\/td>\n<\/tr>\n<tr>\n<td> Materjal<\/td>\n<td> 6063-T5<\/td>\n<\/tr>\n<tr>\n<td> Kuju&amp;Suurus<\/td>\n<td> Vastavalt kliendi esitatud joonisele v\u00f5i n\u00e4idisele<\/td>\n<\/tr>\n<tr>\n<td> Paksus<\/td>\n<td> 1.0mm-10mm<\/td>\n<\/tr>\n<tr>\n<td> T\u00e4ppisl\u00f5ikamise tolerantsus<\/td>\n<td> \u22641m : \u00b10.25mm<br \/>\n1m&lt; : \u22642m, \u00b10.35mm<br \/>\n\u22652m : \u00b10.50mm<\/td>\n<\/tr>\n<tr>\n<td> Puurimise tolerantsus<\/td>\n<td> \u00b10.15~0.20mm<\/td>\n<\/tr>\n<tr>\n<td> Tavalise l\u00f5ikamise taluvus<\/td>\n<td> \u00b110 ~ 0mm<\/td>\n<\/tr>\n<tr>\n<td> T\u00fc\u00fcpilised rakendused<\/td>\n<td> T\u00f6\u00f6stus, elektroonika, masinaosad ja nii edasi<\/td>\n<\/tr>\n<tr>\n<td> Kohandatud t\u00fc\u00fcp<\/td>\n<td> Kliendi joonis v\u00f5i n\u00e4idis<\/td>\n<\/tr>\n<tr>\n<td> S\u00fcgav protsess<\/td>\n<td> CNC-freesimine, puurimine, stantsimine, puurimine, keermestamine, painutamine, keevitamine jne.<\/td>\n<\/tr>\n<tr>\n<td> Br\u00e4nd<\/td>\n<td> Sinoextrud, Sinoextrud, , custom trademark avalaible<\/td>\n<\/tr>\n<tr>\n<td> Pinnat\u00f6\u00f6tlus<\/td>\n<td> Veski valmis, puidumass, anodeeritud, pulberv\u00e4rvitud jne.<\/td>\n<\/tr>\n<tr>\n<td> V\u00e4rv<\/td>\n<td> H\u00f5bedane, must, \u0161ampanja jne.<\/td>\n<\/tr>\n<tr>\n<td> MOQ<\/td>\n<td> 300 kg<\/td>\n<\/tr>\n<tr>\n<td> Garantii<\/td>\n<td> K\u00f5rge kvaliteeditase<\/td>\n<\/tr>\n<tr>\n<td> Sertifikaadid<\/td>\n<td> ISO9001, ISO4001, CQM, SGS, CE, BV jne.<\/td>\n<\/tr>\n<\/tbody>\n<\/table>\n<h2>Meie tootmisbaas<\/h2>\n<h3>Tehase panoraam<\/h3>\n<p><img decoding=\"async\" src=\"\/wp-content\/uploads\/factory-01.webp\"\/><\/p>\n<h3>Alumiiniumvarraste tootmise t\u00f6\u00f6koda<\/h3>\n<p><img decoding=\"async\" src=\"\/wp-content\/uploads\/factory-02.webp\"\/><\/p>\n<p><img decoding=\"async\" src=\"\/wp-content\/uploads\/factory-03.webp\"\/><\/p>\n<h3>hallituse ladustamise ladu<\/h3>\n<p><img decoding=\"async\" src=\"\/wp-content\/uploads\/factory-04.webp\"\/><\/p>\n<h3>43 alumiiniumi ekstrusiooniliini (500-5500 tonni)<\/h3>\n<p><img decoding=\"async\" src=\"\/wp-content\/uploads\/factory-05.webp\"\/><\/p>\n<p><img decoding=\"async\" src=\"\/wp-content\/uploads\/factory-06.webp\"\/><\/p>\n<p><img decoding=\"async\" src=\"\/wp-content\/uploads\/factory-07.webp\"\/><\/p>\n<h3>Pulberv\u00e4rvimise t\u00f6\u00f6koda<\/h3>\n<p><img decoding=\"async\" src=\"\/wp-content\/uploads\/factory-09.webp\"\/><\/p>\n<h3>Anodiseerimise t\u00f6\u00f6koda<\/h3>\n<p><img decoding=\"async\" src=\"\/wp-content\/uploads\/factory-10.webp\"\/><\/p>\n<h3>S\u00fcgavt\u00f6\u00f6tlemise t\u00f6\u00f6tuba<\/h3>\n<p><img decoding=\"async\" src=\"\/wp-content\/uploads\/factory-11.webp\"\/><\/p>\n<h3>CNC-t\u00e4ppist\u00f6\u00f6tlemise t\u00f6\u00f6koda<\/h3>\n<p><img decoding=\"async\" src=\"\/wp-content\/uploads\/factory-11.5.webp\"\/><\/p>\n<h3>Valmistoodete ja ekspordi ladu<\/h3>\n<p><img decoding=\"async\" src=\"\/wp-content\/uploads\/factory-12.webp\"\/><\/p>\n<p><img decoding=\"async\" src=\"\/wp-content\/uploads\/factory-13.webp\"\/><\/p>\n<p><img decoding=\"async\" src=\"\/wp-content\/uploads\/factory-14.webp\"\/><\/p>\n<h2>KKK<\/h2>\n<p><p><b>1.Profile Aluminum CNC: Mis kasu on alumiiniumprofiilide CNC-t\u00f6\u00f6tlemise kasutamisest?<\/b><\/p>\n<p>CNC-t\u00f6\u00f6tlus tagab suure t\u00e4psuse ja korratavuse, v\u00f5imaldades toota keerukaid ja kohandatud alumiiniumprofiile kitsaste tolerantsidega.<br \/>\n<\/p><br \/>\n<br \/>\n<p><b>2.Kas CNC-t\u00f6\u00f6tlemist saab kasutada erinevate alumiiniumisulamite puhul?<\/b><\/p>\n<p>Jah, CNC-t\u00f6\u00f6tlemine on v\u00e4ga mitmek\u00fclgne ja suudab t\u00f6\u00f6delda erinevaid alumiiniumisulameid, v\u00f5imaldades kohandamist vastavalt konkreetsetele materjalin\u00f5uetele.<br \/>\n<\/p><br \/>\n<br \/>\n<p><b>3.Kui t\u00e4pne on alumiiniumprofiili CNC-t\u00f6\u00f6tlus?<\/b><\/p>\n<p>Alumiiniumprofiilide CNC-t\u00f6\u00f6tlemine pakub \u00e4\u00e4rmiselt tihedaid tolerantse, tagades, et isegi k\u00f5ige keerukamad profiilid valmistatakse suure t\u00e4psusega.<br \/>\n<\/p><br \/>\n<br \/>\n<p><b>4.Millised t\u00f6\u00f6stusharud saavad kasu alumiiniumprofiili CNC-t\u00f6\u00f6tlusest?<\/b><\/p>\n<p>Sellised t\u00f6\u00f6stusharud nagu lennundus, autot\u00f6\u00f6stus, elektroonika ja tootmine toetuvad alumiiniumprofiili CNC-t\u00f6\u00f6tlusele selle t\u00e4psuse ja keeruliste konstruktsioonide k\u00e4sitlemise v\u00f5ime t\u00f5ttu.<br \/>\n<\/p><br \/>\n<br \/>\n<p><b>5. kuidas CNC-t\u00f6\u00f6tlemine parandab tootmise t\u00f5husust?<\/b><\/p>\n<p>CNC-t\u00f6\u00f6tlemine automatiseerib tootmisprotsessi, v\u00e4hendades k\u00e4sitsi tehtavat t\u00f6\u00f6d, parandades j\u00e4rjepidevust ning v\u00e4hendades oluliselt tootmisaega ja -kulusid.<br \/>\n<\/p><br \/>\n<br \/>\n<p><b>6.Kas CNC-t\u00f6\u00f6deldud alumiiniumprofiilide pinnaviimistlus on sile?<\/b><\/p>\n<p>Jah, CNC-t\u00f6\u00f6tlus annab suurep\u00e4rase pinnaviimistluse, mis n\u00f5uab sageli v\u00e4he v\u00f5i \u00fcldse mitte mingit t\u00e4iendavat j\u00e4relt\u00f6\u00f6tlust paljude rakenduste puhul.<br \/>\n<\/p><br \/>\n<br \/>\n<p><b>7.Miks valida alumiiniumprofiili CNC-t\u00f6\u00f6tlus traditsiooniliste meetodite asemel?<\/b><\/p>\n<p>Alumiiniumprofiili CNC-t\u00f6\u00f6tlemine pakub suuremat paindlikkust, t\u00e4psust ja v\u00f5imalust luua kohandatud konstruktsioone, mist\u00f5ttu on see ideaalne kvaliteetse ja keerulise tootmise jaoks.<br \/>\n<\/p><br \/><\/p>","protected":false},"featured_media":8576,"template":"","categories":[68],"class_list":["post-8577","product","type-product","status-publish","has-post-thumbnail","hentry","category-cnc-machining-aluminum-profile"],"meta_box":{"hilight_text_group":{"product_hilight_text":"<li>High precision machining for complex and intricate aluminum profiles<\/li>\r\r\n<li>Versatile for a wide range of applications, from aerospace to automotive<\/li>\r\r\n<li>Excellent surface finish with minimal post-processing required<\/li>\r\r\n<li>Ability to handle different aluminum alloys and achieve custom specifications<\/li>\r\r\n<li>Efficient production process that reduces lead times and costs<\/li>","product_chanpin_blog":"<ul>\r\r\n<li><a href=\"https:\/\/sinoextrud.com\/t-slot-v-slot-differences\/\" target=\"_blank\">t slot vs v slot<\/a><\/li>\r\r\n<li><a href=\"https:\/\/sinoextrud.com\/what-is-4040-aluminium-extrud\/\" target=\"_blank\">4040 aluminium extrusion<\/a><\/li>\r\r\n<li><a href=\"https:\/\/sinoextrud.com\/what-is-4040-aluminium-extrud\/\" target=\"_blank\">aluminum extrusions for industrial racks<\/a><\/li>\r\r\n<li><a href=\"https:\/\/sinoextrud.com\/powder-coating-aluminium-process\/\" target=\"_blank\">powder coating aluminium<\/a><\/li>\r\r\n<li><a href=\"https:\/\/sinoextrud.com\/what-is-an-aluminium-strip-ceiling\/\" target=\"_blank\">aluminium strip ceiling<\/a><\/li>\r\r\n<li><a href=\"https:\/\/sinoextrud.com\/what-is-a-heat-sink\/\" target=\"_blank\">what is a heat sink<\/a><\/li>\r\r\n<\/ul>","product_chanpin_chanpin":"<li><a href=\"https:\/\/sinoextrud.com\/product\/cnc-aluminium-profile\/\" target=\"_blank\">CNC aluminium profile<\/a><\/li>\r\n<li><a href=\"https:\/\/sinoextrud.com\/product\/custom-extruded-aluminum-enclosures-used-for-motor-shell\/\" target=\"_blank\">Custom Extruded Aluminum Enclosures Used For Motor Shell<\/a><\/li>\r\n<li><a href=\"https:\/\/sinoextrud.com\/product\/high-precision-aluminium-profiles\/\" target=\"_blank\">High Precision Aluminium Profiles<\/a><\/li>\r\n<li><a href=\"https:\/\/sinoextrud.com\/product\/joining-aluminium-extrusions\/\" target=\"_blank\">Joining Aluminium Extrusions<\/a><\/li>\r\n<li><a href=\"https:\/\/sinoextrud.com\/product\/profile-aluminum-cnc\/\" target=\"_blank\">Profile Aluminum CNC<\/a><\/li>\r\n<li><a href=\"https:\/\/sinoextrud.com\/product\/cnc-aluminium-extrusion\/\" target=\"_blank\">CNC Aluminium Extrusion<\/a><\/li>\r\n<li><a href=\"https:\/\/sinoextrud.com\/product\/extruded-aluminum-housing\/\" target=\"_blank\">Extruded Aluminum Housing<\/a><\/li>\r\n<li><a href=\"https:\/\/sinoextrud.com\/product\/aluminum-machining-round-tube-processing-by-aluminum-profile-cad-vs-aluminium-alloy-customized-anodized\/\" target=\"_blank\">aluminum machining round tube processing by aluminum profile cad  vs aluminium alloy Customized Anodized<\/a><\/li>\r\n<li><a href=\"https:\/\/sinoextrud.com\/product\/aluminium-profile-rail\/\" target=\"_blank\">Aluminium Profile Rail<\/a><\/li>\r\n<li><a href=\"https:\/\/sinoextrud.com\/product\/aluminium-window-frame-section\/\" target=\"_blank\">Aluminium Window Frame Section<\/a><\/li>\r\n<li><a href=\"https:\/\/sinoextrud.com\/product\/extruded-aluminum-tubing-for-stair-rail\/\" target=\"_blank\">Extruded Aluminum Tubing For Stair Rail<\/a><\/li>"},"feature_list":[]},"_links":{"self":[{"href":"https:\/\/sinoextrud.com\/et\/wp-json\/wp\/v2\/product\/8577","targetHints":{"allow":["GET"]}}],"collection":[{"href":"https:\/\/sinoextrud.com\/et\/wp-json\/wp\/v2\/product"}],"about":[{"href":"https:\/\/sinoextrud.com\/et\/wp-json\/wp\/v2\/types\/product"}],"wp:featuredmedia":[{"embeddable":true,"href":"https:\/\/sinoextrud.com\/et\/wp-json\/wp\/v2\/media\/8576"}],"wp:attachment":[{"href":"https:\/\/sinoextrud.com\/et\/wp-json\/wp\/v2\/media?parent=8577"}],"wp:term":[{"taxonomy":"category","embeddable":true,"href":"https:\/\/sinoextrud.com\/et\/wp-json\/wp\/v2\/categories?post=8577"}],"curies":[{"name":"wp","href":"https:\/\/api.w.org\/{rel}","templated":true}]}}