{"id":8570,"date":"2025-06-17T03:17:05","date_gmt":"2025-06-17T03:17:05","guid":{"rendered":"https:\/\/sinoextrud.com\/product\/custom-extruded-aluminum-enclosures-used-for-motor-shell\/"},"modified":"2025-06-24T06:34:25","modified_gmt":"2025-06-24T06:34:25","slug":"kohandatud-pressitud-alumiiniumist-korpused-mida-kasutatakse-mootori-korpuse-jaoks","status":"publish","type":"product","link":"https:\/\/sinoextrud.com\/et\/product\/custom-extruded-aluminum-enclosures-used-for-motor-shell\/","title":{"rendered":"Kohandatud pressitud alumiiniumist korpused, mida kasutatakse mootori korpuse jaoks"},"content":{"rendered":"<h2>Toodete \u00fcksikasjad<\/h2>\n<table class=\"custom-table\">\n<tbody>\n<tr>\n<td> Toote nimi<\/td>\n<td> Mootori korpuse jaoks kasutatavad kohandatud pressitud alumiiniumist korpused<\/td>\n<\/tr>\n<tr>\n<td> Alumiiniumsulam<\/td>\n<td> 6063-T5 v\u00f5i kohandamine<\/td>\n<\/tr>\n<tr>\n<td> Pinnak\u00e4sitlus<\/td>\n<td> Anodiseeritud v\u00f5i kohandamine<\/td>\n<\/tr>\n<tr>\n<td> V\u00e4rv<\/td>\n<td> H\u00f5bedane valge v\u00f5i kohandamine<\/td>\n<\/tr>\n<tr>\n<td> Suurus<\/td>\n<td> Kohandamine<\/td>\n<\/tr>\n<tr>\n<td> Craft<\/td>\n<td> Kuumad alumiiniumprofiilid, l\u00f5ikamine vastavalt kliendi joonisele ja seej\u00e4rel CNC-t\u00f6\u00f6tlemine edasine t\u00f6\u00f6tlemine<\/td>\n<\/tr>\n<tr>\n<td> Taotlus<\/td>\n<td> Mootori korpus<\/td>\n<\/tr>\n<tr>\n<td> Br\u00e4nd<\/td>\n<td> Sinoextrud \/ Sinoextrud \/ Sinoextrud Aluminium<\/td>\n<\/tr>\n<tr>\n<td> P\u00e4ritolu<\/td>\n<td> Foshan, Hiina<\/td>\n<\/tr>\n<\/tbody>\n<\/table>\n<h2>Meie tootmisbaas<\/h2>\n<h3>Tehase panoraam<\/h3>\n<p><img decoding=\"async\" src=\"\/wp-content\/uploads\/factory-01.webp\"\/><\/p>\n<h3>Alumiiniumvarraste tootmise t\u00f6\u00f6koda<\/h3>\n<p><img decoding=\"async\" src=\"\/wp-content\/uploads\/factory-02.webp\"\/><\/p>\n<p><img decoding=\"async\" src=\"\/wp-content\/uploads\/factory-03.webp\"\/><\/p>\n<h3>hallituse ladustamise ladu<\/h3>\n<p><img decoding=\"async\" src=\"\/wp-content\/uploads\/factory-04.webp\"\/><\/p>\n<h3>43 alumiiniumi ekstrusiooniliini (500-5500 tonni)<\/h3>\n<p><img decoding=\"async\" src=\"\/wp-content\/uploads\/factory-05.webp\"\/><\/p>\n<p><img decoding=\"async\" src=\"\/wp-content\/uploads\/factory-06.webp\"\/><\/p>\n<p><img decoding=\"async\" src=\"\/wp-content\/uploads\/factory-07.webp\"\/><\/p>\n<h3>Pulberv\u00e4rvimise t\u00f6\u00f6koda<\/h3>\n<p><img decoding=\"async\" src=\"\/wp-content\/uploads\/factory-09.webp\"\/><\/p>\n<h3>Anodiseerimise t\u00f6\u00f6koda<\/h3>\n<p><img decoding=\"async\" src=\"\/wp-content\/uploads\/factory-10.webp\"\/><\/p>\n<h3>S\u00fcgavt\u00f6\u00f6tlemise t\u00f6\u00f6tuba<\/h3>\n<p><img decoding=\"async\" src=\"\/wp-content\/uploads\/factory-11.webp\"\/><\/p>\n<h3>CNC-t\u00e4ppist\u00f6\u00f6tlemise t\u00f6\u00f6koda<\/h3>\n<p><img decoding=\"async\" src=\"\/wp-content\/uploads\/factory-11.5.webp\"\/><\/p>\n<h3>Valmistoodete ja ekspordi ladu<\/h3>\n<p><img decoding=\"async\" src=\"\/wp-content\/uploads\/factory-12.webp\"\/><\/p>\n<p><img decoding=\"async\" src=\"\/wp-content\/uploads\/factory-13.webp\"\/><\/p>\n<p><img decoding=\"async\" src=\"\/wp-content\/uploads\/factory-14.webp\"\/><\/p>\n<h2>KKK<\/h2>\n<p><p><b>1.Mis on kohandatud pressitud alumiiniumist korpused, mida kasutatakse mootori kestade jaoks?<\/b><\/p>\n<p>Kohandatud pressitud alumiiniumist korpused on alumiiniumist valmistatud kaitsev korpus, mis on spetsiaalselt m\u00f5eldud mootorite majutamiseks ja kaitsmiseks, pakkudes vastupidavust, soojuse hajutamist ja korrosioonikindlust.<br \/>\n<\/p><br \/>\n<br \/>\n<p><b>2.Miks kasutatakse alumiiniumi mootori korpuste puhul?<\/b><\/p>\n<p>Alumiinium on kerge, vastupidav ja korrosioonikindel, mist\u00f5ttu on see ideaalne materjal mootori korpuse jaoks, mis peab kaitsma mootori sisemisi komponente, taludes samal ajal karmi keskkonda.<br \/>\n<\/p><br \/>\n<br \/>\n<p><b>3.Kuidas kaitseb alumiiniumkapp mootorit?<\/b><\/p>\n<p>Alumiiniumist korpused kaitsevad mootoreid, kaitstes neid v\u00e4liste kahjustuste eest, tagades struktuurilise terviklikkuse ja parandades soojuse hajutamist, et s\u00e4ilitada optimaalne t\u00f6\u00f6temperatuur.<br \/>\n<\/p><br \/>\n<br \/>\n<p><b>4.Kas kohandatud pressitud alumiiniumist korpused saab kohandada erinevate mootorim\u00f5\u00f5tude jaoks?<\/b><\/p>\n<p>Jah, kohandatud pressitud alumiiniumist korpusi saab kohandada suuruse, kuju ja disaini poolest, et need vastaksid erinevate mootorite ja rakenduste erin\u00f5uetele.<br \/>\n<\/p><br \/>\n<br \/>\n<p><b>5.Millised t\u00f6\u00f6stusharud kasutavad mootori kestade jaoks kohandatud pressitud alumiiniumist korpuseid?<\/b><\/p>\n<p>Sellised t\u00f6\u00f6stusharud nagu autot\u00f6\u00f6stus, robootika, tootmine ja taastuvenergia kasutavad mootorite kaitseks kohandatud pressitud alumiiniumist korpuseid nende tugevuse ja soojuse hajutamise v\u00f5ime t\u00f5ttu.<br \/>\n<\/p><br \/>\n<br \/>\n<p><b>6.Kui t\u00f5hus on alumiiniummootori korpuse soojusjuhtimine?<\/b><\/p>\n<p>Alumiinium tagab suurep\u00e4rase soojuse hajutamise, aidates s\u00e4ilitada mootori komponentide temperatuuri, v\u00e4ltides \u00fclekuumenemist ning parandades mootori j\u00f5udlust ja pikaealisust.<br \/>\n<\/p><br \/>\n<br \/>\n<p><b>7.Kas kohandatud pressitud alumiiniumist korpused on kuluefektiivsed?<\/b><\/p>\n<p>Jah, kohandatud pressitud alumiiniumist korpused pakuvad mootorite kaitsmiseks kuluefektiivset lahendust, \u00fchendades vastupidavuse, kohandamise ja t\u00f5husa tootmisprotsessi konkurentsiv\u00f5imeliste hindadega.<br \/>\n<\/p><br \/><\/p>","protected":false},"featured_media":8569,"template":"","categories":[68],"class_list":["post-8570","product","type-product","status-publish","has-post-thumbnail","hentry","category-cnc-machining-aluminum-profile"],"meta_box":{"hilight_text_group":{"product_hilight_text":"<li>Custom extruded aluminum enclosures designed specifically for motor shells<\/li>\r\r\n<li>Durable, lightweight, and corrosion-resistant aluminum material<\/li>\r\r\n<li>Excellent heat dissipation properties to protect motor components<\/li>\r\r\n<li>Customizable sizes, shapes, and designs to meet motor specifications<\/li>\r\r\n<li>Cost-effective production with high-quality standards and fast lead times<\/li>\r\r\n<li>Provides reliable protection for motors in various industrial environments<\/li>","product_chanpin_blog":"<ul>\r\r\n<li><a href=\"https:\/\/sinoextrud.com\/t-slot-v-slot-differences\/\" target=\"_blank\">t slot vs v slot<\/a><\/li>\r\r\n<li><a href=\"https:\/\/sinoextrud.com\/what-is-4040-aluminium-extrud\/\" target=\"_blank\">4040 aluminium extrusion<\/a><\/li>\r\r\n<li><a href=\"https:\/\/sinoextrud.com\/what-is-4040-aluminium-extrud\/\" target=\"_blank\">aluminum extrusions for industrial racks<\/a><\/li>\r\r\n<li><a href=\"https:\/\/sinoextrud.com\/powder-coating-aluminium-process\/\" target=\"_blank\">powder coating aluminium<\/a><\/li>\r\r\n<li><a href=\"https:\/\/sinoextrud.com\/what-is-an-aluminium-strip-ceiling\/\" target=\"_blank\">aluminium strip ceiling<\/a><\/li>\r\r\n<li><a href=\"https:\/\/sinoextrud.com\/what-is-a-heat-sink\/\" target=\"_blank\">what is a heat sink<\/a><\/li>\r\r\n<\/ul>","product_chanpin_chanpin":"<li><a href=\"https:\/\/sinoextrud.com\/product\/cutting-aluminium-extrusion\/\" target=\"_blank\">Cutting Aluminium Extrusion<\/a><\/li>\r\n<li><a href=\"https:\/\/sinoextrud.com\/product\/cnc-machining-aluminum-profiles\/\" target=\"_blank\">CNC Machining Aluminum Profiles<\/a><\/li>\r\n<li><a href=\"https:\/\/sinoextrud.com\/product\/circular-aluminum-extrusions\/\" target=\"_blank\">Circular Aluminum Extrusions<\/a><\/li>\r\n<li><a href=\"https:\/\/sinoextrud.com\/product\/cnc-aluminium-profile\/\" target=\"_blank\">CNC aluminium profile<\/a><\/li>\r\n<li><a href=\"https:\/\/sinoextrud.com\/product\/custom-extruded-aluminum-enclosures-used-for-motor-shell\/\" target=\"_blank\">Custom Extruded Aluminum Enclosures Used For Motor Shell<\/a><\/li>\r\n<li><a href=\"https:\/\/sinoextrud.com\/product\/high-precision-aluminium-profiles\/\" target=\"_blank\">High Precision Aluminium Profiles<\/a><\/li>\r\n<li><a href=\"https:\/\/sinoextrud.com\/product\/joining-aluminium-extrusions\/\" target=\"_blank\">Joining Aluminium Extrusions<\/a><\/li>\r\n<li><a href=\"https:\/\/sinoextrud.com\/product\/profile-aluminum-cnc\/\" target=\"_blank\">Profile Aluminum CNC<\/a><\/li>\r\n<li><a href=\"https:\/\/sinoextrud.com\/product\/cnc-aluminium-extrusion\/\" target=\"_blank\">CNC Aluminium Extrusion<\/a><\/li>\r\n<li><a href=\"https:\/\/sinoextrud.com\/product\/aluminum-extrusion-alloys\/\" target=\"_blank\">Aluminum Extrusion Alloys<\/a><\/li>\r\n<li><a href=\"https:\/\/sinoextrud.com\/product\/aluminium-industrial-profile\/\" target=\"_blank\">Aluminium Industrial Profile<\/a><\/li>"},"feature_list":[]},"_links":{"self":[{"href":"https:\/\/sinoextrud.com\/et\/wp-json\/wp\/v2\/product\/8570","targetHints":{"allow":["GET"]}}],"collection":[{"href":"https:\/\/sinoextrud.com\/et\/wp-json\/wp\/v2\/product"}],"about":[{"href":"https:\/\/sinoextrud.com\/et\/wp-json\/wp\/v2\/types\/product"}],"wp:featuredmedia":[{"embeddable":true,"href":"https:\/\/sinoextrud.com\/et\/wp-json\/wp\/v2\/media\/8569"}],"wp:attachment":[{"href":"https:\/\/sinoextrud.com\/et\/wp-json\/wp\/v2\/media?parent=8570"}],"wp:term":[{"taxonomy":"category","embeddable":true,"href":"https:\/\/sinoextrud.com\/et\/wp-json\/wp\/v2\/categories?post=8570"}],"curies":[{"name":"wp","href":"https:\/\/api.w.org\/{rel}","templated":true}]}}