{"id":8568,"date":"2025-06-17T03:15:29","date_gmt":"2025-06-17T03:15:29","guid":{"rendered":"https:\/\/sinoextrud.com\/product\/cnc-aluminium-profile\/"},"modified":"2025-06-24T06:34:24","modified_gmt":"2025-06-24T06:34:24","slug":"cnc-alumiiniumprofiil","status":"publish","type":"product","link":"https:\/\/sinoextrud.com\/et\/product\/cnc-aluminium-profile\/","title":{"rendered":"CNC alumiiniumprofiil"},"content":{"rendered":"<h2>Toodete \u00fcksikasjad<\/h2>\n<table class=\"custom-table\">\n<tr>\n<td class=\"label\">Mudel nr.:<\/td>\n<td> 7002 alumiiniumprofiil<\/td>\n<\/tr>\n<tr>\n<td class=\"label\">Sertifitseerimine:<\/td>\n<td> RoHS, SGS, ISO9001<\/td>\n<\/tr>\n<tr>\n<td class=\"label\">Materjal:<\/td>\n<td> Alumiinium 6063<\/td>\n<\/tr>\n<tr>\n<td class=\"label\">Toote nimi:<\/td>\n<td> CNC alumiiniumprofiil<\/td>\n<\/tr>\n<tr>\n<td class=\"label\">Pinnat\u00f6\u00f6tlus:<\/td>\n<td> Liivapritsimine, anodeerimine, v\u00e4rvimine<\/td>\n<\/tr>\n<tr>\n<td class=\"label\">MOQ:<\/td>\n<td> 2000 tk<\/td>\n<\/tr>\n<tr>\n<td class=\"label\">Kvaliteedikontroll:<\/td>\n<td> ISO 9001 kvaliteedis\u00fcsteemi kontroll<\/td>\n<\/tr>\n<tr>\n<td class=\"label\">Peamised omadused:<\/td>\n<td> T\u00e4pne suurus, v\u00e4rviline<\/td>\n<\/tr>\n<tr>\n<td class=\"label\">Spetsifikatsioon:<\/td>\n<td> OEM<\/td>\n<\/tr>\n<tr>\n<td class=\"label\">Tingimus:<\/td>\n<td> Uus<\/td>\n<\/tr>\n<tr>\n<td class=\"label\">Taotlus:<\/td>\n<td> Metalli \u00fcmbert\u00f6\u00f6tlemismasin, metallil\u00f5ikamismasinad, metallit\u00f6\u00f6tlemismasinate osad, metalli graveerimismasinad, metallkattemasinad, metallvalumasinad, metallvalumasinad<\/td>\n<\/tr>\n<tr>\n<td class=\"label\">N\u00e4ide:<\/td>\n<td> Kohandatud<\/td>\n<\/tr>\n<tr>\n<td class=\"label\">T\u00f6\u00f6kindlus:<\/td>\n<td> +\/- 0,2 mm<\/td>\n<\/tr>\n<tr>\n<td class=\"label\">OEM\/ODM:<\/td>\n<td> Aktsepteeritav<\/td>\n<\/tr>\n<tr>\n<td class=\"label\">Transpordipakett:<\/td>\n<td> Pol\u00fckott iga t\u00fcki jaoks, sadu kartongkarbi jaoks v\u00f5i klientide soovil.<\/td>\n<\/tr>\n<tr>\n<td class=\"label\">P\u00e4ritolu:<\/td>\n<td> Foshan Hiina<\/td>\n<\/tr>\n<\/table>\n<h2>Meie tootmisbaas<\/h2>\n<h3>Tehase panoraam<\/h3>\n<p><img decoding=\"async\" src=\"\/wp-content\/uploads\/factory-01.webp\"\/><\/p>\n<h3>Alumiiniumvarraste tootmise t\u00f6\u00f6koda<\/h3>\n<p><img decoding=\"async\" src=\"\/wp-content\/uploads\/factory-02.webp\"\/><\/p>\n<\/p>\n<p><img decoding=\"async\" src=\"\/wp-content\/uploads\/factory-03.webp\"\/><\/p>\n<h3>hallituse ladustamise ladu<\/h3>\n<p><img decoding=\"async\" src=\"\/wp-content\/uploads\/factory-04.webp\"\/><\/p>\n<h3>43 alumiiniumi ekstrusiooniliini (500-5500 tonni)<\/h3>\n<p><img decoding=\"async\" src=\"\/wp-content\/uploads\/factory-05.webp\"\/><\/p>\n<p><img decoding=\"async\" src=\"\/wp-content\/uploads\/factory-06.webp\"\/><\/p>\n<p><img decoding=\"async\" src=\"\/wp-content\/uploads\/factory-07.webp\"\/><\/p>\n<h3>Pulberv\u00e4rvimise t\u00f6\u00f6koda<\/h3>\n<p><img decoding=\"async\" src=\"\/wp-content\/uploads\/factory-09.webp\"\/><\/p>\n<h3>Anodiseerimise t\u00f6\u00f6koda<\/h3>\n<p><img decoding=\"async\" src=\"\/wp-content\/uploads\/factory-10.webp\"\/><\/p>\n<h3>S\u00fcgavt\u00f6\u00f6tlemise t\u00f6\u00f6tuba<\/h3>\n<p><img decoding=\"async\" src=\"\/wp-content\/uploads\/factory-11.webp\"\/><\/p>\n<h3>CNC-t\u00e4ppist\u00f6\u00f6tlemise t\u00f6\u00f6koda<\/h3>\n<p><img decoding=\"async\" src=\"\/wp-content\/uploads\/factory-11.5.webp\"\/><\/p>\n<h3>Valmistoodete ja ekspordi ladu<\/h3>\n<p><img decoding=\"async\" src=\"\/wp-content\/uploads\/factory-12.webp\"\/><\/p>\n<p><img decoding=\"async\" src=\"\/wp-content\/uploads\/factory-13.webp\"\/><\/p>\n<p><img decoding=\"async\" src=\"\/wp-content\/uploads\/factory-14.webp\"\/><\/p>\n<h2>KKK<\/h2>\n<p><b>1.Mis on CNC alumiiniumprofiil?<\/b><\/p>\n<p>CNC-alumiiniumprofiil on CNC-t\u00f6\u00f6tlustehnoloogiaga valmistatud alumiiniumosad, mis pakuvad suurt t\u00e4psust ja paindlikku disaini erinevate t\u00f6\u00f6stuslike rakenduste jaoks.\n<\/p>\n<p><\/p>\n<p><b>2.Miks kasutatakse alumiiniumprofiilide CNC-t\u00f6\u00f6tlemist?<\/b><\/p>\n<p>CNC-t\u00f6\u00f6tlemine v\u00f5imaldab suurt t\u00e4psust ning v\u00f5imet luua keerulisi ja kohandatud kujundeid, mist\u00f5ttu on see ideaalne paljudes t\u00f6\u00f6stusharudes kasutatavate alumiiniumprofiilide tootmiseks.\n<\/p>\n<p><\/p>\n<p><b>3.Kui t\u00e4psed on CNC alumiiniumprofiilid?<\/b><\/p>\n<p>CNC alumiiniumprofiilid valmistatakse suure t\u00e4psusega, tagades tihedad tolerantsid ja suurep\u00e4rase m\u00f5\u00f5tmete t\u00e4psuse n\u00f5udlike rakenduste jaoks.\n<\/p>\n<p><\/p>\n<p><b>4.Kas CNC alumiiniumprofiile saab kohandada?<\/b><\/p>\n<p>Jah, CNC alumiiniumprofiile saab h\u00f5lpsasti kohandada vastavalt erin\u00f5uetele, sealhulgas eri rakenduste jaoks kohandatud kuju, suuruse ja kujunduse j\u00e4rgi.\n<\/p>\n<p><\/p>\n<p><b>5.Millised t\u00f6\u00f6stusharud saavad CNC alumiiniumprofiilidest kasu?<\/b><\/p>\n<p>Sellised t\u00f6\u00f6stusharud nagu ehitus, autot\u00f6\u00f6stus, lennundus ja elektroonika saavad kasu CNC alumiiniumprofiilidest t\u00e4nu nende tugevusele, kergusele ja paindlikkusele disainis.\n<\/p>\n<p><\/p>\n<p><b>6.Kui kiiresti saab CNC alumiiniumprofiile toota?<\/b><\/p>\n<p>CNC alumiiniumprofiile saab valmistada kiiresti, kasutades t\u00f5husaid t\u00f6\u00f6tlemisprotsesse, mis pakuvad kiireid t\u00e4htaegu nii v\u00e4ikese kui ka suuremahulise tootmise jaoks.\n<\/p>\n<p><\/p>\n<p><b>7.Kas CNC alumiiniumprofiilid on kulut\u00f5husad?<\/b><\/p>\n<p>Jah, CNC alumiiniumprofiilid pakuvad kuluefektiivset lahendust kohandatud detailide jaoks, pakkudes k\u00f5rget kvaliteeti konkurentsiv\u00f5imeliste hindadega, mis sobivad erinevate tootmismahtude jaoks.\n<\/p>\n<p><\/p>","protected":false},"featured_media":8567,"template":"","categories":[68],"class_list":["post-8568","product","type-product","status-publish","has-post-thumbnail","hentry","category-cnc-machining-aluminum-profile"],"meta_box":{"hilight_text_group":{"product_hilight_text":"<li>High precision CNC machining for custom aluminum profiles<\/li>\r\r\n<li>Versatile designs for various industries including construction, automotive, and electronics<\/li>\r\r\n<li>Durable, corrosion-resistant, and lightweight aluminum material<\/li>\r\r\n<li>Cost-effective production with fast turnaround times<\/li>\r\r\n<li>Tailored solutions for complex shapes and dimensions<\/li>\r\r\n<li>Superior surface finish and dimensional accuracy<\/li>","product_chanpin_blog":"<ul>\r\r\n<li><a href=\"https:\/\/sinoextrud.com\/t-slot-v-slot-differences\/\" target=\"_blank\">t slot vs v slot<\/a><\/li>\r\r\n<li><a href=\"https:\/\/sinoextrud.com\/what-is-4040-aluminium-extrud\/\" target=\"_blank\">4040 aluminium extrusion<\/a><\/li>\r\r\n<li><a href=\"https:\/\/sinoextrud.com\/what-is-4040-aluminium-extrud\/\" target=\"_blank\">aluminum extrusions for industrial racks<\/a><\/li>\r\r\n<li><a href=\"https:\/\/sinoextrud.com\/powder-coating-aluminium-process\/\" target=\"_blank\">powder coating aluminium<\/a><\/li>\r\r\n<li><a href=\"https:\/\/sinoextrud.com\/what-is-an-aluminium-strip-ceiling\/\" target=\"_blank\">aluminium strip ceiling<\/a><\/li>\r\r\n<li><a href=\"https:\/\/sinoextrud.com\/what-is-a-heat-sink\/\" target=\"_blank\">what is a heat sink<\/a><\/li>\r\r\n<\/ul>","product_chanpin_chanpin":"<li><a href=\"https:\/\/sinoextrud.com\/product\/special-aluminium-extrusions\/\" target=\"_blank\">Special Aluminium Extrusions<\/a><\/li>\r\n<li><a href=\"https:\/\/sinoextrud.com\/product\/cutting-aluminium-extrusion\/\" target=\"_blank\">Cutting Aluminium Extrusion<\/a><\/li>\r\n<li><a href=\"https:\/\/sinoextrud.com\/product\/cnc-machining-aluminum-profiles\/\" target=\"_blank\">CNC Machining Aluminum Profiles<\/a><\/li>\r\n<li><a href=\"https:\/\/sinoextrud.com\/product\/circular-aluminum-extrusions\/\" target=\"_blank\">Circular Aluminum Extrusions<\/a><\/li>\r\n<li><a href=\"https:\/\/sinoextrud.com\/product\/cnc-aluminium-profile\/\" target=\"_blank\">CNC aluminium profile<\/a><\/li>\r\n<li><a href=\"https:\/\/sinoextrud.com\/product\/custom-extruded-aluminum-enclosures-used-for-motor-shell\/\" target=\"_blank\">Custom Extruded Aluminum Enclosures Used For Motor Shell<\/a><\/li>\r\n<li><a href=\"https:\/\/sinoextrud.com\/product\/high-precision-aluminium-profiles\/\" target=\"_blank\">High Precision Aluminium Profiles<\/a><\/li>\r\n<li><a href=\"https:\/\/sinoextrud.com\/product\/joining-aluminium-extrusions\/\" target=\"_blank\">Joining Aluminium Extrusions<\/a><\/li>\r\n<li><a href=\"https:\/\/sinoextrud.com\/product\/profile-aluminum-cnc\/\" target=\"_blank\">Profile Aluminum CNC<\/a><\/li>\r\n<li><a href=\"https:\/\/sinoextrud.com\/product\/aluminium-solar-frame-profile\/\" target=\"_blank\">Aluminium Solar Frame Profile<\/a><\/li>\r\n<li><a href=\"https:\/\/sinoextrud.com\/product\/10x10-aluminum-extrusion-for-decoration\/\" target=\"_blank\">10\u00c3\u201410 Aluminum Extrusion For Decoration<\/a><\/li>"},"feature_list":[]},"_links":{"self":[{"href":"https:\/\/sinoextrud.com\/et\/wp-json\/wp\/v2\/product\/8568","targetHints":{"allow":["GET"]}}],"collection":[{"href":"https:\/\/sinoextrud.com\/et\/wp-json\/wp\/v2\/product"}],"about":[{"href":"https:\/\/sinoextrud.com\/et\/wp-json\/wp\/v2\/types\/product"}],"wp:featuredmedia":[{"embeddable":true,"href":"https:\/\/sinoextrud.com\/et\/wp-json\/wp\/v2\/media\/8567"}],"wp:attachment":[{"href":"https:\/\/sinoextrud.com\/et\/wp-json\/wp\/v2\/media?parent=8568"}],"wp:term":[{"taxonomy":"category","embeddable":true,"href":"https:\/\/sinoextrud.com\/et\/wp-json\/wp\/v2\/categories?post=8568"}],"curies":[{"name":"wp","href":"https:\/\/api.w.org\/{rel}","templated":true}]}}