{"id":8566,"date":"2025-06-17T03:13:46","date_gmt":"2025-06-17T03:13:46","guid":{"rendered":"https:\/\/sinoextrud.com\/product\/circular-aluminum-extrusions\/"},"modified":"2025-06-24T06:34:22","modified_gmt":"2025-06-24T06:34:22","slug":"ummargused-alumiiniumprofiilid-2","status":"publish","type":"product","link":"https:\/\/sinoextrud.com\/et\/product\/circular-aluminum-extrusions\/","title":{"rendered":"\u00dcmmargused alumiiniumist ekstrusioonid"},"content":{"rendered":"<h2>Toodete \u00fcksikasjad<\/h2>\n<table class=\"custom-table\">\n<tbody>\n<tr>\n<td> Nimi<\/td>\n<td> \u00dcmmargused alumiiniumprofiilid<\/td>\n<\/tr>\n<tr>\n<td> Br\u00e4nd<\/td>\n<td> Sinoextrud\/<\/td>\n<\/tr>\n<tr>\n<td> Kategooria<\/td>\n<td> Alumiiniumi ekstrusioon<\/td>\n<\/tr>\n<tr>\n<td> Materjal<\/td>\n<td> 6000-seeria alumiiniumisulam<\/td>\n<\/tr>\n<tr>\n<td> Temper<\/td>\n<td> T5-T8<\/td>\n<\/tr>\n<tr>\n<td> Pikkus<\/td>\n<td> Vastavalt joonisele<\/td>\n<\/tr>\n<tr>\n<td> Suurus (mm)<\/td>\n<td> Kohandatud<\/td>\n<\/tr>\n<tr>\n<td> Kuju<\/td>\n<td> Ringikujuline<\/td>\n<\/tr>\n<tr>\n<td> Pinnat\u00f6\u00f6tlus<\/td>\n<td> Power coating; Mill valmis, anodeeritud, liivapritsimine, Electrophoresis on ka saadaval<\/td>\n<\/tr>\n<tr>\n<td> V\u00e4rv<\/td>\n<td> H\u00f5be, must, kuld, Champange, pronks, punane. sinine ja me saame kohandada v\u00e4rve vastavalt klientide proovidele.<\/td>\n<\/tr>\n<tr>\n<td> Garantii<\/td>\n<td> BV , TUV ,ISO<\/td>\n<\/tr>\n<tr>\n<td> Standard<\/td>\n<td> Keskmine ja k\u00f5rge kvaliteet<\/td>\n<\/tr>\n<tr>\n<td> MOQ<\/td>\n<td> 200KGS iga eseme kohta<\/td>\n<\/tr>\n<tr>\n<td> Alates<\/td>\n<td> Guangdong, Hiina<\/td>\n<\/tr>\n<tr>\n<td> Taotlus<\/td>\n<td> T\u00f6\u00f6stus, ehitus, dekoreerimine<\/td>\n<\/tr>\n<tr>\n<td> S\u00fcgav t\u00f6\u00f6tlemine<\/td>\n<td> L\u00f5ikamine, puurimine, mehaaniline t\u00f6\u00f6tlemine, l\u00f6\u00f6mine, painutamine, koputades jne.<\/td>\n<\/tr>\n<tr>\n<td> Pakett<\/td>\n<td> Seestpoolt kaitsekile, plastmassist kokkut\u00f5mbekile v\u00f5i PE-vaht. V\u00e4ljaspool karbi, kartongi v\u00f5i puitkarkassiga v\u00f5i kohandatud.<\/td>\n<\/tr>\n<tr>\n<td> Tarneaeg<\/td>\n<td> Vormi v\u00e4ljat\u00f6\u00f6tamine ja n\u00e4idise kujundamine on 12-18 p\u00e4eva, seej\u00e4rel tootmise kestus on 25-30 p\u00e4eva p\u00e4rast ostjalt tagatisraha saamist.<\/td>\n<\/tr>\n<tr>\n<td> Toote maht<\/td>\n<td> 15 000+ tonni \/ kuu<\/td>\n<\/tr>\n<\/tbody>\n<\/table>\n<h2>Meie tootmisbaas<\/h2>\n<h3>Tehase panoraam<\/h3>\n<p><img decoding=\"async\" src=\"\/wp-content\/uploads\/factory-01.webp\"\/><\/p>\n<h3>Alumiiniumvarraste tootmise t\u00f6\u00f6koda<\/h3>\n<p><img decoding=\"async\" src=\"\/wp-content\/uploads\/factory-02.webp\"\/><\/p>\n<p><img decoding=\"async\" src=\"\/wp-content\/uploads\/factory-03.webp\"\/><\/p>\n<h3>hallituse ladustamise ladu<\/h3>\n<p><img decoding=\"async\" src=\"\/wp-content\/uploads\/factory-04.webp\"\/><\/p>\n<h3>43 alumiiniumi ekstrusiooniliini (500-5500 tonni)<\/h3>\n<p><img decoding=\"async\" src=\"\/wp-content\/uploads\/factory-05.webp\"\/><\/p>\n<p><img decoding=\"async\" src=\"\/wp-content\/uploads\/factory-06.webp\"\/><\/p>\n<p><img decoding=\"async\" src=\"\/wp-content\/uploads\/factory-07.webp\"\/><\/p>\n<h3>Pulberv\u00e4rvimise t\u00f6\u00f6koda<\/h3>\n<p><img decoding=\"async\" src=\"\/wp-content\/uploads\/factory-09.webp\"\/><\/p>\n<h3>Anodiseerimise t\u00f6\u00f6koda<\/h3>\n<p><img decoding=\"async\" src=\"\/wp-content\/uploads\/factory-10.webp\"\/><\/p>\n<h3>S\u00fcgavt\u00f6\u00f6tlemise t\u00f6\u00f6tuba<\/h3>\n<p><img decoding=\"async\" src=\"\/wp-content\/uploads\/factory-11.webp\"\/><\/p>\n<h3>CNC-t\u00e4ppist\u00f6\u00f6tlemise t\u00f6\u00f6koda<\/h3>\n<p><img decoding=\"async\" src=\"\/wp-content\/uploads\/factory-11.5.webp\"\/><\/p>\n<h3>Valmistoodete ja ekspordi ladu<\/h3>\n<p><img decoding=\"async\" src=\"\/wp-content\/uploads\/factory-12.webp\"\/><\/p>\n<p><img decoding=\"async\" src=\"\/wp-content\/uploads\/factory-13.webp\"\/><\/p>\n<p><img decoding=\"async\" src=\"\/wp-content\/uploads\/factory-14.webp\"\/><\/p>\n<h2>KKK<\/h2>\n<p><p><b>1.Mis on \u00fcmmargused alumiiniumist ekstrusioonid?<\/b><\/p>\n<p>\u00dcmmargused alumiiniumprofiilid on alumiiniumprofiilid, mis on loodud ekstrusiooniprotsessi abil ja millel on \u00fcmmargune ristl\u00f5ige, mis pakub suurt tugevust, vastupidavust ja mitmek\u00fclgsust mitmetes t\u00f6\u00f6stusharudes.<br \/>\n<\/p><br \/>\n<br \/>\n<p><b>2.Miks valida \u00fcmmargused alumiiniumprofiilid?<\/b><\/p>\n<p>\u00dcmmargused alumiiniumprofiilid on kerged, korrosioonikindlad ja pakuvad kulut\u00f5husat lahendust kohandatud profiilide jaoks erinevates rakendustes, sealhulgas autot\u00f6\u00f6stuses ja ehituses.<br \/>\n<\/p><br \/>\n<br \/>\n<p><b>3.How t\u00e4pne on \u00fcmmargune alumiiniumist ekstrusioonid?<\/b><\/p>\n<p>\u00dcmmargused alumiiniumprofiilid valmistatakse suure t\u00e4psusega, tagades suure m\u00f5\u00f5tmete t\u00e4psuse ja tihedad tolerantsid erinevate rakenduste jaoks.<br \/>\n<\/p><br \/>\n<br \/>\n<p><b>4.Can \u00fcmmargune alumiiniumist ekstrusioonid saab kohandada?<\/b><\/p>\n<p>Jah, ringikujulisi alumiiniumprofiile saab h\u00f5lpsasti kohandada suuruse, kuju ja disaini poolest, et need vastaksid erinevate t\u00f6\u00f6stusharude ja projektide erin\u00f5uetele.<br \/>\n<\/p><br \/>\n<br \/>\n<p><b>5.Millised t\u00f6\u00f6stusharud kasutavad \u00fcmmargusi alumiiniumist ekstrusioone?<\/b><\/p>\n<p>Sellised t\u00f6\u00f6stusharud nagu autot\u00f6\u00f6stus, ehitus, tootmine ja elektroonika kasutavad \u00fcmmargusi alumiiniumprofiile nende tugevuse, kerguse ja mitmek\u00fclgsuse t\u00f5ttu.<br \/>\n<\/p><br \/>\n<br \/>\n<p><b>6.How kiiresti on tootmine \u00fcmmargune alumiiniumist ekstrusioonid?<\/b><\/p>\n<p>\u00dcmmarguste alumiiniumprofiilide tootmine on kiire ja t\u00f5hus, tagades kiire valmimisaja, s\u00e4ilitades samal ajal kvaliteetsed standardid.<br \/>\n<\/p><br \/>\n<br \/>\n<p><b>7.Kas \u00fcmmargused alumiiniumist ekstrusioonid on kuluefektiivsed?<\/b><\/p>\n<p>Jah, \u00fcmmargused alumiiniumprofiilid on kuluefektiivsed, pakkudes konkurentsiv\u00f5imelist hinda ja k\u00f5rget j\u00f5udlust, mist\u00f5ttu on need eelistatud valik paljude rakenduste jaoks.<br \/>\n<\/p><br \/><\/p>","protected":false},"featured_media":8565,"template":"","categories":[68],"class_list":["post-8566","product","type-product","status-publish","has-post-thumbnail","hentry","category-cnc-machining-aluminum-profile"],"meta_box":{"hilight_text_group":{"product_hilight_text":"<li>High-strength and durable circular aluminum extrusions<\/li>\r\r\n<li>Customizable sizes and shapes to meet specific design needs<\/li>\r\r\n<li>Corrosion-resistant and lightweight material ideal for various applications<\/li>\r\r\n<li>Fast and efficient production with tight tolerances<\/li>\r\r\n<li>Perfect for industries like automotive, construction, and manufacturing<\/li>\r\r\n<li>Superior surface finish and dimensional accuracy<\/li>","product_chanpin_blog":"<ul>\r\r\n<li><a href=\"https:\/\/sinoextrud.com\/t-slot-v-slot-differences\/\" target=\"_blank\">t slot vs v slot<\/a><\/li>\r\r\n<li><a href=\"https:\/\/sinoextrud.com\/what-is-4040-aluminium-extrud\/\" target=\"_blank\">4040 aluminium extrusion<\/a><\/li>\r\r\n<li><a href=\"https:\/\/sinoextrud.com\/what-is-4040-aluminium-extrud\/\" target=\"_blank\">aluminum extrusions for industrial racks<\/a><\/li>\r\r\n<li><a href=\"https:\/\/sinoextrud.com\/powder-coating-aluminium-process\/\" target=\"_blank\">powder coating aluminium<\/a><\/li>\r\r\n<li><a href=\"https:\/\/sinoextrud.com\/what-is-an-aluminium-strip-ceiling\/\" target=\"_blank\">aluminium strip ceiling<\/a><\/li>\r\r\n<li><a href=\"https:\/\/sinoextrud.com\/what-is-a-heat-sink\/\" target=\"_blank\">what is a heat sink<\/a><\/li>\r\r\n<\/ul>","product_chanpin_chanpin":"<li><a href=\"https:\/\/sinoextrud.com\/product\/custom-finishing-aluminum-extrusion-profile-fabrication-and-cnc-machining\/\" target=\"_blank\">Custom Finishing Aluminum Extrusion Profile Fabrication and CNC Machining<\/a><\/li>\r\n<li><a href=\"https:\/\/sinoextrud.com\/product\/special-aluminium-extrusions\/\" target=\"_blank\">Special Aluminium Extrusions<\/a><\/li>\r\n<li><a href=\"https:\/\/sinoextrud.com\/product\/cutting-aluminium-extrusion\/\" target=\"_blank\">Cutting Aluminium Extrusion<\/a><\/li>\r\n<li><a href=\"https:\/\/sinoextrud.com\/product\/cnc-machining-aluminum-profiles\/\" target=\"_blank\">CNC Machining Aluminum Profiles<\/a><\/li>\r\n<li><a href=\"https:\/\/sinoextrud.com\/product\/circular-aluminum-extrusions\/\" target=\"_blank\">Circular Aluminum Extrusions<\/a><\/li>\r\n<li><a href=\"https:\/\/sinoextrud.com\/product\/cnc-aluminium-profile\/\" target=\"_blank\">CNC aluminium profile<\/a><\/li>\r\n<li><a href=\"https:\/\/sinoextrud.com\/product\/custom-extruded-aluminum-enclosures-used-for-motor-shell\/\" target=\"_blank\">Custom Extruded Aluminum Enclosures Used For Motor Shell<\/a><\/li>\r\n<li><a href=\"https:\/\/sinoextrud.com\/product\/high-precision-aluminium-profiles\/\" target=\"_blank\">High Precision Aluminium Profiles<\/a><\/li>\r\n<li><a href=\"https:\/\/sinoextrud.com\/product\/joining-aluminium-extrusions\/\" target=\"_blank\">Joining Aluminium Extrusions<\/a><\/li>\r\n<li><a href=\"https:\/\/sinoextrud.com\/product\/aluminum-cnc\/\" target=\"_blank\">Aluminum CNC<\/a><\/li>\r\n<li><a href=\"https:\/\/sinoextrud.com\/product\/aluminum-handle-profile\/\" target=\"_blank\">Aluminum Handle Profile<\/a><\/li>"},"feature_list":[]},"_links":{"self":[{"href":"https:\/\/sinoextrud.com\/et\/wp-json\/wp\/v2\/product\/8566","targetHints":{"allow":["GET"]}}],"collection":[{"href":"https:\/\/sinoextrud.com\/et\/wp-json\/wp\/v2\/product"}],"about":[{"href":"https:\/\/sinoextrud.com\/et\/wp-json\/wp\/v2\/types\/product"}],"wp:featuredmedia":[{"embeddable":true,"href":"https:\/\/sinoextrud.com\/et\/wp-json\/wp\/v2\/media\/8565"}],"wp:attachment":[{"href":"https:\/\/sinoextrud.com\/et\/wp-json\/wp\/v2\/media?parent=8566"}],"wp:term":[{"taxonomy":"category","embeddable":true,"href":"https:\/\/sinoextrud.com\/et\/wp-json\/wp\/v2\/categories?post=8566"}],"curies":[{"name":"wp","href":"https:\/\/api.w.org\/{rel}","templated":true}]}}