{"id":8564,"date":"2025-06-17T03:11:51","date_gmt":"2025-06-17T03:11:51","guid":{"rendered":"https:\/\/sinoextrud.com\/product\/cnc-machining-aluminum-profiles\/"},"modified":"2025-06-24T06:34:23","modified_gmt":"2025-06-24T06:34:23","slug":"cnc-alumiiniumprofiilide-mehaaniline-tootlemine","status":"publish","type":"product","link":"https:\/\/sinoextrud.com\/et\/product\/cnc-machining-aluminum-profiles\/","title":{"rendered":"CNC alumiiniumprofiilide mehaaniline t\u00f6\u00f6tlemine"},"content":{"rendered":"<h2>Toodete \u00fcksikasjad<\/h2>\n<table class=\"custom-table\">\n<tbody>\n<tr>\n<td> Toote nimi<\/td>\n<td> CNC alumiiniumprofiilide mehaaniline t\u00f6\u00f6tlemine<\/td>\n<\/tr>\n<tr>\n<td> Materjal<\/td>\n<td> 6063,6061 jne.<\/td>\n<\/tr>\n<tr>\n<td> Kuju<\/td>\n<td> Kohandamine<\/td>\n<\/tr>\n<tr>\n<td> Paksus<\/td>\n<td> 0.7mm-10mm<\/td>\n<\/tr>\n<tr>\n<td> Suurus<\/td>\n<td> Vastavalt kliendi joonisele v\u00f5i n\u00e4idisele<\/td>\n<\/tr>\n<tr>\n<td> T\u00e4ppisl\u00f5ikamise tolerantsus<\/td>\n<td> \u22641m : \u00b10.25mm 1m&lt; : \u22642m, \u00b10.35mm \u22652m : \u00b10.50mm<\/td>\n<\/tr>\n<tr>\n<td> Puurimise tolerantsus<\/td>\n<td> \u00b10.15~0.20mm<\/td>\n<\/tr>\n<tr>\n<td> Tavalise l\u00f5ikamise taluvus<\/td>\n<td> \u00b110 ~ 0mm<\/td>\n<\/tr>\n<tr>\n<td> T\u00fc\u00fcpilised rakendused<\/td>\n<td> T\u00f6\u00f6stus, elektroonika, masinad jne.<\/td>\n<\/tr>\n<tr>\n<td> Kohandatud t\u00fc\u00fcp<\/td>\n<td> Kliendi esitatud joonis v\u00f5i n\u00e4idis<\/td>\n<\/tr>\n<tr>\n<td> S\u00fcgav protsess<\/td>\n<td> CNC freesimine, puurimine, augustamine, puurimine, koputades, painutamine, keevitamine jne.<\/td>\n<\/tr>\n<tr>\n<td> Pinnat\u00f6\u00f6tlus<\/td>\n<td> Valmis, anodeeritud, pulberv\u00e4rvitud jne.<\/td>\n<\/tr>\n<tr>\n<td> V\u00e4rv<\/td>\n<td> H\u00f5bedane, must jne.<\/td>\n<\/tr>\n<tr>\n<td> MOQ<\/td>\n<td> 200 kg<\/td>\n<\/tr>\n<tr>\n<td> Kvaliteedistandard<\/td>\n<td> Keskmine ja k\u00f5rge kvaliteeditase<\/td>\n<\/tr>\n<tr>\n<td> Sertifikaadid<\/td>\n<td> ISO9001, ISO4001, CQM, SGS, CE, BV jne.<\/td>\n<\/tr>\n<tr>\n<td> Tehase tootmisv\u00f5imsus<\/td>\n<td> 15 000 tonni kuus<\/td>\n<\/tr>\n<tr>\n<td> Pakkimine<\/td>\n<td> Seestpoolt kaitsekile v\u00f5i kilekott, PE-vaht.V\u00e4ljaspool kartongi, puidust raam v\u00f5i muu kohandatud pakendamismeetodiga.<\/td>\n<\/tr>\n<\/tbody>\n<\/table>\n<h2>Meie tootmisbaas<\/h2>\n<h3>Tehase panoraam<\/h3>\n<p><img decoding=\"async\" src=\"\/wp-content\/uploads\/factory-01.webp\"\/><\/p>\n<h3>Alumiiniumvarraste tootmise t\u00f6\u00f6koda<\/h3>\n<p><img decoding=\"async\" src=\"\/wp-content\/uploads\/factory-02.webp\"\/><\/p>\n<\/p>\n<p><img decoding=\"async\" src=\"\/wp-content\/uploads\/factory-03.webp\"\/><\/p>\n<h3>hallituse ladustamise ladu<\/h3>\n<p><img decoding=\"async\" src=\"\/wp-content\/uploads\/factory-04.webp\"\/><\/p>\n<h3>43 alumiiniumi ekstrusiooniliini (500-5500 tonni)<\/h3>\n<p><img decoding=\"async\" src=\"\/wp-content\/uploads\/factory-05.webp\"\/><\/p>\n<p><img decoding=\"async\" src=\"\/wp-content\/uploads\/factory-06.webp\"\/><\/p>\n<p><img decoding=\"async\" src=\"\/wp-content\/uploads\/factory-07.webp\"\/><\/p>\n<h3>Pulberv\u00e4rvimise t\u00f6\u00f6koda<\/h3>\n<p><img decoding=\"async\" src=\"\/wp-content\/uploads\/factory-09.webp\"\/><\/p>\n<h3>Anodiseerimise t\u00f6\u00f6koda<\/h3>\n<p><img decoding=\"async\" src=\"\/wp-content\/uploads\/factory-10.webp\"\/><\/p>\n<h3>S\u00fcgavt\u00f6\u00f6tlemise t\u00f6\u00f6tuba<\/h3>\n<p><img decoding=\"async\" src=\"\/wp-content\/uploads\/factory-11.webp\"\/><\/p>\n<h3>CNC-t\u00e4ppist\u00f6\u00f6tlemise t\u00f6\u00f6koda<\/h3>\n<p><img decoding=\"async\" src=\"\/wp-content\/uploads\/factory-11.5.webp\"\/><\/p>\n<h3>Valmistoodete ja ekspordi ladu<\/h3>\n<p><img decoding=\"async\" src=\"\/wp-content\/uploads\/factory-12.webp\"\/><\/p>\n<p><img decoding=\"async\" src=\"\/wp-content\/uploads\/factory-13.webp\"\/><\/p>\n<p><img decoding=\"async\" src=\"\/wp-content\/uploads\/factory-14.webp\"\/><\/p>\n<h2>KKK<\/h2>\n<p><b>1.Mis on CNC alumiiniumprofiilide mehaaniline t\u00f6\u00f6tlemine?<\/b><\/p>\n<p>CNC-t\u00f6\u00f6tlusega alumiiniumprofiilid on CNC-t\u00f6\u00f6tlusega valmistatud alumiiniumkomponendid, mis pakuvad suurt t\u00e4psust, vastupidavust ja kohandatavust erinevateks t\u00f6\u00f6stuslikeks kasutusaladeks.\n<\/p>\n<p><\/p>\n<p><b>2.Miks valida alumiinium CNC-t\u00f6\u00f6tlemisprofiilide jaoks?<\/b><\/p>\n<p>Alumiinium on kerge, vastupidav, korrosioonikindel ja kergesti t\u00f6\u00f6deldav, mist\u00f5ttu on see ideaalne materjal erinevate t\u00f6\u00f6stusharude CNC-t\u00f6\u00f6tlusprofiilide t\u00f6\u00f6tlemiseks.\n<\/p>\n<p><\/p>\n<p><b>3.Kui t\u00e4pne on CNC alumiiniumprofiilide mehaaniline t\u00f6\u00f6tlemine?<\/b><\/p>\n<p>CNC-t\u00f6\u00f6tlusega alumiiniumprofiilid valmistatakse suure t\u00e4psusega, tagades tihedad tolerantsid ja k\u00f5rge kvaliteedi n\u00f5udlike rakenduste jaoks.\n<\/p>\n<p><\/p>\n<p><b>4.Can CNC mehaaniline alumiinium profiilid on kohandatud?<\/b><\/p>\n<p>Jah, CNC-t\u00f6\u00f6tlusega alumiiniumprofiile saab h\u00f5lpsasti kohandada, et need vastaksid erinevate projektide konkreetsetele disaini-, suuruse- ja funktsionaalsetele n\u00f5uetele.\n<\/p>\n<p><\/p>\n<p><b>5.Millised t\u00f6\u00f6stusharud kasutavad CNC alumiiniumprofiilide t\u00f6\u00f6tlemist?<\/b><\/p>\n<p>Sellised t\u00f6\u00f6stusharud nagu ehitus, autot\u00f6\u00f6stus, lennundus ja elektroonika kasutavad alumiiniumprofiilide CNC-t\u00f6\u00f6tlemist nende tugevuse, kerguse ja kohandatavuse t\u00f5ttu.\n<\/p>\n<p><\/p>\n<p><b>6.How kiiresti on tootmine CNC mehaaniline alumiinium profiilid?<\/b><\/p>\n<p>Alumiiniumprofiilide CNC-t\u00f6\u00f6tlemise tootmisprotsess on kiire ja t\u00f5hus, tagades projektide t\u00e4htaegadest kinnipidamiseks kiire valmimisaja.\n<\/p>\n<p><\/p>\n<p><b>7.Kas CNC alumiiniumprofiilide mehaaniline t\u00f6\u00f6tlemine on kuluefektiivne?<\/b><\/p>\n<p>Jah, alumiiniumprofiilide CNC-t\u00f6\u00f6tlemine on kuluefektiivne, pakkudes suurtootmise puhul k\u00f5rget t\u00e4psust ja kvaliteeti, s\u00e4ilitades samal ajal konkurentsiv\u00f5imelise hinna.\n<\/p>\n<p><\/p>","protected":false},"featured_media":8563,"template":"","categories":[68],"class_list":["post-8564","product","type-product","status-publish","has-post-thumbnail","hentry","category-cnc-machining-aluminum-profile"],"meta_box":{"hilight_text_group":{"product_hilight_text":"<li>High precision CNC machining for aluminum profiles<\/li>\r\r\n<li>Customizable shapes and sizes to meet specific design requirements<\/li>\r\r\n<li>Lightweight, durable, and corrosion-resistant aluminum material<\/li>\r\r\n<li>Ideal for a wide range of industries including construction, automotive, and electronics<\/li>\r\r\n<li>Fast and cost-effective production with tight tolerances<\/li>\r\r\n<li>Superior surface finish and dimensional accuracy<\/li>","product_chanpin_blog":"<ul>\r\r\n<li><a href=\"https:\/\/sinoextrud.com\/t-slot-v-slot-differences\/\" target=\"_blank\">t slot vs v slot<\/a><\/li>\r\r\n<li><a href=\"https:\/\/sinoextrud.com\/what-is-4040-aluminium-extrud\/\" target=\"_blank\">4040 aluminium extrusion<\/a><\/li>\r\r\n<li><a href=\"https:\/\/sinoextrud.com\/what-is-4040-aluminium-extrud\/\" target=\"_blank\">aluminum extrusions for industrial racks<\/a><\/li>\r\r\n<li><a href=\"https:\/\/sinoextrud.com\/powder-coating-aluminium-process\/\" target=\"_blank\">powder coating aluminium<\/a><\/li>\r\r\n<li><a href=\"https:\/\/sinoextrud.com\/what-is-an-aluminium-strip-ceiling\/\" target=\"_blank\">aluminium strip ceiling<\/a><\/li>\r\r\n<li><a href=\"https:\/\/sinoextrud.com\/what-is-a-heat-sink\/\" target=\"_blank\">what is a heat sink<\/a><\/li>\r\r\n<\/ul>","product_chanpin_chanpin":"<li><a href=\"https:\/\/sinoextrud.com\/product\/aluminum-enclosure-housing-and-shell\/\" target=\"_blank\">Aluminum Enclosure Housing And Shell<\/a><\/li>\r\n<li><a href=\"https:\/\/sinoextrud.com\/product\/custom-finishing-aluminum-extrusion-profile-fabrication-and-cnc-machining\/\" target=\"_blank\">Custom Finishing Aluminum Extrusion Profile Fabrication and CNC Machining<\/a><\/li>\r\n<li><a href=\"https:\/\/sinoextrud.com\/product\/special-aluminium-extrusions\/\" target=\"_blank\">Special Aluminium Extrusions<\/a><\/li>\r\n<li><a href=\"https:\/\/sinoextrud.com\/product\/cutting-aluminium-extrusion\/\" target=\"_blank\">Cutting Aluminium Extrusion<\/a><\/li>\r\n<li><a href=\"https:\/\/sinoextrud.com\/product\/cnc-machining-aluminum-profiles\/\" target=\"_blank\">CNC Machining Aluminum Profiles<\/a><\/li>\r\n<li><a href=\"https:\/\/sinoextrud.com\/product\/circular-aluminum-extrusions\/\" target=\"_blank\">Circular Aluminum Extrusions<\/a><\/li>\r\n<li><a href=\"https:\/\/sinoextrud.com\/product\/cnc-aluminium-profile\/\" target=\"_blank\">CNC aluminium profile<\/a><\/li>\r\n<li><a href=\"https:\/\/sinoextrud.com\/product\/custom-extruded-aluminum-enclosures-used-for-motor-shell\/\" target=\"_blank\">Custom Extruded Aluminum Enclosures Used For Motor Shell<\/a><\/li>\r\n<li><a href=\"https:\/\/sinoextrud.com\/product\/high-precision-aluminium-profiles\/\" target=\"_blank\">High Precision Aluminium Profiles<\/a><\/li>\r\n<li><a href=\"https:\/\/sinoextrud.com\/product\/aluminium-u-channel\/\" target=\"_blank\">Aluminium U Channel<\/a><\/li>\r\n<li><a href=\"https:\/\/sinoextrud.com\/product\/aluminum-extrusion-electroplated-shower-room-aluminum-profile\/\" target=\"_blank\">Aluminum Extrusion Electroplated Shower Room Aluminum Profile<\/a><\/li>"},"feature_list":[]},"_links":{"self":[{"href":"https:\/\/sinoextrud.com\/et\/wp-json\/wp\/v2\/product\/8564","targetHints":{"allow":["GET"]}}],"collection":[{"href":"https:\/\/sinoextrud.com\/et\/wp-json\/wp\/v2\/product"}],"about":[{"href":"https:\/\/sinoextrud.com\/et\/wp-json\/wp\/v2\/types\/product"}],"wp:featuredmedia":[{"embeddable":true,"href":"https:\/\/sinoextrud.com\/et\/wp-json\/wp\/v2\/media\/8563"}],"wp:attachment":[{"href":"https:\/\/sinoextrud.com\/et\/wp-json\/wp\/v2\/media?parent=8564"}],"wp:term":[{"taxonomy":"category","embeddable":true,"href":"https:\/\/sinoextrud.com\/et\/wp-json\/wp\/v2\/categories?post=8564"}],"curies":[{"name":"wp","href":"https:\/\/api.w.org\/{rel}","templated":true}]}}