{"id":8558,"date":"2025-06-17T03:06:49","date_gmt":"2025-06-17T03:06:49","guid":{"rendered":"https:\/\/sinoextrud.com\/product\/custom-finishing-aluminum-extrusion-profile-fabrication-and-cnc-machining\/"},"modified":"2025-06-24T06:24:23","modified_gmt":"2025-06-24T06:24:23","slug":"alumiiniumprofiilide-valmistamine-ja-cnc-tootlemine-kohandatud-viimistluseks","status":"publish","type":"product","link":"https:\/\/sinoextrud.com\/et\/product\/custom-finishing-aluminum-extrusion-profile-fabrication-and-cnc-machining\/","title":{"rendered":"Custom viimistlus alumiiniumi ekstrusiooni profiili valmistamine ja CNC mehaaniline t\u00f6\u00f6tlemine"},"content":{"rendered":"<h2>Toodete \u00fcksikasjad<\/h2>\n<table class=\"custom-table\">\n<tbody>\n<tr>\n<td> Objekt:<\/td>\n<td> Custom viimistlus alumiinium ekstrusiooni profiili valmistamine ja CNC mehaaniline t\u00f6\u00f6tlemine<\/td>\n<td> Hinne:<\/td>\n<td> 6000 seeria 6063<\/td>\n<\/tr>\n<tr>\n<td> Temperament:<\/td>\n<td> 6063-T5<\/td>\n<td> P\u00e4ritolukoht:<\/td>\n<td> Foshan, Guangdong<\/td>\n<\/tr>\n<tr>\n<td> Kuju:<\/td>\n<td> Kohandamine<\/td>\n<td> Sulam v\u00f5i mitte:<\/td>\n<td> Alunimun sulam<\/td>\n<\/tr>\n<tr>\n<td> Sallivus:<\/td>\n<td> \u00b10,5%<\/td>\n<td> Br\u00e4ndi:<\/td>\n<td> Sinoextrud, Sinoextrud<\/td>\n<\/tr>\n<tr>\n<td> Standard:<\/td>\n<td> keskmine ja k\u00f5rge kvaliteet<\/td>\n<td> Pinnat\u00f6\u00f6tlus:<\/td>\n<td> pulberv\u00e4rvimine, elektroforees, puidumass, anodeeritud, harjatud, poleerimine<\/td>\n<\/tr>\n<tr>\n<td> Tarneaeg:<\/td>\n<td> 25-30 p\u00e4eva<\/td>\n<td> MOQ:<\/td>\n<td> 200KG<\/td>\n<\/tr>\n<tr>\n<td> Makset\u00e4htaeg:<\/td>\n<td> T \/ T (30% tagatisraha), L \/ C<\/td>\n<td> T\u00f6\u00f6tlemisteenus:<\/td>\n<td> Painutamine, keevitamine, keevitamine, stantsimine, l\u00f5ikamine<\/td>\n<\/tr>\n<tr>\n<td> Sadam:<\/td>\n<td> Guangzhou, Shenzhen, Foshan<\/td>\n<td> Pikkus::<\/td>\n<td> 1-9m v\u00f5i kohandatud<\/td>\n<\/tr>\n<\/tbody>\n<\/table>\n<h2>Meie tootmisbaas<\/h2>\n<h3>Tehase panoraam<\/h3>\n<p><img decoding=\"async\" src=\"\/wp-content\/uploads\/factory-01.webp\"\/><\/p>\n<h3>Alumiiniumvarraste tootmise t\u00f6\u00f6koda<\/h3>\n<p><img decoding=\"async\" src=\"\/wp-content\/uploads\/factory-02.webp\"\/><\/p>\n<p><img decoding=\"async\" src=\"\/wp-content\/uploads\/factory-03.webp\"\/><\/p>\n<h3>hallituse ladustamise ladu<\/h3>\n<p><img decoding=\"async\" src=\"\/wp-content\/uploads\/factory-04.webp\"\/><\/p>\n<h3>43 alumiiniumi ekstrusiooniliini (500-5500 tonni)<\/h3>\n<p><img decoding=\"async\" src=\"\/wp-content\/uploads\/factory-05.webp\"\/><\/p>\n<p><img decoding=\"async\" src=\"\/wp-content\/uploads\/factory-06.webp\"\/><\/p>\n<p><img decoding=\"async\" src=\"\/wp-content\/uploads\/factory-07.webp\"\/><\/p>\n<h3>Pulberv\u00e4rvimise t\u00f6\u00f6koda<\/h3>\n<p><img decoding=\"async\" src=\"\/wp-content\/uploads\/factory-09.webp\"\/><\/p>\n<h3>Anodiseerimise t\u00f6\u00f6koda<\/h3>\n<p><img decoding=\"async\" src=\"\/wp-content\/uploads\/factory-10.webp\"\/><\/p>\n<h3>S\u00fcgavt\u00f6\u00f6tlemise t\u00f6\u00f6tuba<\/h3>\n<p><img decoding=\"async\" src=\"\/wp-content\/uploads\/factory-11.webp\"\/><\/p>\n<h3>CNC-t\u00e4ppist\u00f6\u00f6tlemise t\u00f6\u00f6koda<\/h3>\n<p><img decoding=\"async\" src=\"\/wp-content\/uploads\/factory-11.5.webp\"\/><\/p>\n<h3>Valmistoodete ja ekspordi ladu<\/h3>\n<p><img decoding=\"async\" src=\"\/wp-content\/uploads\/factory-12.webp\"\/><\/p>\n<p><img decoding=\"async\" src=\"\/wp-content\/uploads\/factory-13.webp\"\/><\/p>\n<p><img decoding=\"async\" src=\"\/wp-content\/uploads\/factory-14.webp\"\/><\/p>\n<h2>KKK<\/h2>\n<p><p><b>1.Custom viimistlus alumiiniumist ekstrusiooniprofiilide valmistamine ja CNC-t\u00f6\u00f6tlemine: Millised on alumiiniumi ekstrusiooniprofiilide eelised?<\/b><\/p>\n<p>Kohandatud alumiiniumprofiilid pakuvad kohandatud lahendusi, mis vastavad konkreetsetele disainin\u00f5uetele ja tagavad optimaalse j\u00f5udluse mitmesuguste rakenduste jaoks.<br \/>\n<\/p><br \/>\n<br \/>\n<p><b>2.Kuidas CNC-t\u00f6\u00f6tlus parandab alumiiniumprofiilide kvaliteeti?<\/b><\/p>\n<p>CNC-t\u00f6\u00f6tlus v\u00f5imaldab t\u00e4pseid l\u00f5ikeid, tihedaid tolerantse ja kvaliteetset viimistlust, tagades, et alumiiniumprofiilid vastavad t\u00e4psetele kestvuse ja funktsionaalsuse spetsifikatsioonidele.<br \/>\n<\/p><br \/>\n<br \/>\n<p><b>3.Kas ma saan valida oma alumiiniumprofiilide jaoks konkreetseid viimistlusv\u00f5imalusi?<\/b><\/p>\n<p>Jah, me pakume mitmesuguseid viimistlusv\u00f5imalusi, sealhulgas anodeerimist, pulberv\u00e4rvimist ja muud, et parandada alumiiniumprofiilide v\u00e4limust, korrosioonikindlust ja \u00fcldist kvaliteeti.<br \/>\n<\/p><br \/>\n<br \/>\n<p><b>4.Millised t\u00f6\u00f6stusharud saavad kasu alumiiniumist ekstrusiooniprofiilide valmistamisest?<\/b><\/p>\n<p>Sellised t\u00f6\u00f6stusharud nagu autot\u00f6\u00f6stus, lennundus, ehitus, elektroonika ja t\u00f6\u00f6tlev t\u00f6\u00f6stus saavad kasu alumiiniumprofiilide mitmek\u00fclgsusest, tugevusest ja t\u00e4psusest.<br \/>\n<\/p><br \/>\n<br \/>\n<p><b>5.Kuidas parandab anodeerimine alumiiniumist ekstrusiooniprofiile?<\/b><\/p>\n<p>Anodeerimine parandab alumiiniumi korrosioonikindlust, pinna k\u00f5vadust ja v\u00e4limust, muutes profiilid vastupidavamaks ja sobivamaks v\u00e4litingimustes v\u00f5i karmides tingimustes kasutamiseks.<br \/>\n<\/p><br \/>\n<br \/>\n<p><b>6.Milline on alumiiniumprofiilide valmistamise aeg?<\/b><\/p>\n<p>Meie t\u00f5husad tootmis- ja t\u00f6\u00f6tlemisprotsessid tagavad kiire valmimisaja, v\u00f5imaldades \u00f5igeaegset tarnimist isegi alumiiniumist pressimisprojektide puhul.<br \/>\n<\/p><br \/>\n<br \/>\n<p><b>7.Kuidas tagab CNC-t\u00f6\u00f6tlemine alumiiniumprofiilide valmistamisel t\u00e4psuse?<\/b><\/p>\n<p>CNC-t\u00f6\u00f6tlemine tagab suure t\u00e4psuse, kasutades arvutiga juhitavaid t\u00f6\u00f6riistu, mille tulemuseks on alumiiniumprofiilide \u00fchetaolised m\u00f5\u00f5tmed, tihedad tolerantsid ja suurep\u00e4rane kvaliteet.<br \/>\n<\/p><br \/>\n<br \/>\n<p><b>8.Kas alumiiniumist pressprofiilid on kuluefektiivsed suuremahuliseks tootmiseks?<\/b><\/p>\n<p>Jah, alumiiniumist pressprofiilid on kuluefektiivsed suuremahuliseks tootmiseks, pakkudes head tasakaalu materjalikulude, tugevuse ja mitmek\u00fclgsuse vahel erinevates rakendustes.<br \/>\n<\/p><br \/><\/p>","protected":false},"featured_media":8557,"template":"","categories":[68],"class_list":["post-8558","product","type-product","status-publish","has-post-thumbnail","hentry","category-cnc-machining-aluminum-profile"],"meta_box":{"hilight_text_group":{"product_hilight_text":"<li>Custom aluminum extrusion profiles tailored to meet specific design and industrial requirements.<\/li>\r\r\n<li>Precision CNC machining ensures tight tolerances and high-quality finishes for custom profiles.<\/li>\r\r\n<li>Flexible finishing options, including anodizing, powder coating, and more, to enhance durability and aesthetics.<\/li>\r\r\n<li>Efficient production process for fast turnaround times and cost-effective fabrication solutions.<\/li>\r\r\n<li>Ideal for a wide range of industries, including automotive, aerospace, construction, and electronics.<\/li>","product_chanpin_blog":"<ul>\r\r\n<li><a href=\"https:\/\/sinoextrud.com\/t-slot-v-slot-differences\/\" target=\"_blank\">t slot vs v slot<\/a><\/li>\r\r\n<li><a href=\"https:\/\/sinoextrud.com\/what-is-4040-aluminium-extrud\/\" target=\"_blank\">4040 aluminium extrusion<\/a><\/li>\r\r\n<li><a href=\"https:\/\/sinoextrud.com\/what-is-4040-aluminium-extrud\/\" target=\"_blank\">aluminum extrusions for industrial racks<\/a><\/li>\r\r\n<li><a href=\"https:\/\/sinoextrud.com\/powder-coating-aluminium-process\/\" target=\"_blank\">powder coating aluminium<\/a><\/li>\r\r\n<li><a href=\"https:\/\/sinoextrud.com\/what-is-an-aluminium-strip-ceiling\/\" target=\"_blank\">aluminium strip ceiling<\/a><\/li>\r\r\n<li><a href=\"https:\/\/sinoextrud.com\/what-is-a-heat-sink\/\" target=\"_blank\">what is a heat sink<\/a><\/li>\r\r\n<\/ul>","product_chanpin_chanpin":"<li><a href=\"https:\/\/sinoextrud.com\/product\/small-aluminium-extrusions\/\" target=\"_blank\">Small Aluminium Extrusions<\/a><\/li>\r\n<li><a href=\"https:\/\/sinoextrud.com\/product\/cnc-industrial-aluminum-profiler\/\" target=\"_blank\">CNC Industrial Aluminum Profiler<\/a><\/li>\r\n<li><a href=\"https:\/\/sinoextrud.com\/product\/cnc-machine-for-aluminum-profiles\/\" target=\"_blank\">CNC Machine For Aluminum Profiles<\/a><\/li>\r\n<li><a href=\"https:\/\/sinoextrud.com\/product\/aluminum-enclosure-housing-and-shell\/\" target=\"_blank\">Aluminum Enclosure Housing And Shell<\/a><\/li>\r\n<li><a href=\"https:\/\/sinoextrud.com\/product\/custom-finishing-aluminum-extrusion-profile-fabrication-and-cnc-machining\/\" target=\"_blank\">Custom Finishing Aluminum Extrusion Profile Fabrication and CNC Machining<\/a><\/li>\r\n<li><a href=\"https:\/\/sinoextrud.com\/product\/special-aluminium-extrusions\/\" target=\"_blank\">Special Aluminium Extrusions<\/a><\/li>\r\n<li><a href=\"https:\/\/sinoextrud.com\/product\/cutting-aluminium-extrusion\/\" target=\"_blank\">Cutting Aluminium Extrusion<\/a><\/li>\r\n<li><a href=\"https:\/\/sinoextrud.com\/product\/cnc-machining-aluminum-profiles\/\" target=\"_blank\">CNC Machining Aluminum Profiles<\/a><\/li>\r\n<li><a href=\"https:\/\/sinoextrud.com\/product\/circular-aluminum-extrusions\/\" target=\"_blank\">Circular Aluminum Extrusions<\/a><\/li>\r\n<li><a href=\"https:\/\/sinoextrud.com\/product\/custom-cnc-machined-7075-aluminum-extrusion\/\" target=\"_blank\">Custom CNC Machined 7075 Aluminum Extrusion<\/a><\/li>\r\n<li><a href=\"https:\/\/sinoextrud.com\/product\/aluminium-tube\/\" target=\"_blank\">Aluminium Tube<\/a><\/li>"},"feature_list":[]},"_links":{"self":[{"href":"https:\/\/sinoextrud.com\/et\/wp-json\/wp\/v2\/product\/8558","targetHints":{"allow":["GET"]}}],"collection":[{"href":"https:\/\/sinoextrud.com\/et\/wp-json\/wp\/v2\/product"}],"about":[{"href":"https:\/\/sinoextrud.com\/et\/wp-json\/wp\/v2\/types\/product"}],"wp:featuredmedia":[{"embeddable":true,"href":"https:\/\/sinoextrud.com\/et\/wp-json\/wp\/v2\/media\/8557"}],"wp:attachment":[{"href":"https:\/\/sinoextrud.com\/et\/wp-json\/wp\/v2\/media?parent=8558"}],"wp:term":[{"taxonomy":"category","embeddable":true,"href":"https:\/\/sinoextrud.com\/et\/wp-json\/wp\/v2\/categories?post=8558"}],"curies":[{"name":"wp","href":"https:\/\/api.w.org\/{rel}","templated":true}]}}